{"id":4538,"date":"2024-09-11T07:35:41","date_gmt":"2024-09-11T07:35:41","guid":{"rendered":"https:\/\/agricultural-gear-boxes.com\/product\/5-stage-hydraulic-telescopic-cylinder-flatbed-tow-truck-hydraulic-cylinder\/"},"modified":"2024-09-11T07:35:42","modified_gmt":"2024-09-11T07:35:42","slug":"5-stage-hydraulic-telescopic-cylinder-flatbed-tow-truck-hydraulic-cylinder","status":"publish","type":"product","link":"https:\/\/agricultural-gear-boxes.com\/es\/product\/5-stage-hydraulic-telescopic-cylinder-flatbed-tow-truck-hydraulic-cylinder\/","title":{"rendered":"Cilindro hidr\u00e1ulico telesc\u00f3pico de 5 etapas para gr\u00faa de plataforma plana"},"content":{"rendered":"<p>Todo el contenido de esta p\u00e1gina proviene de Internet y el contenido solo se utiliza como referencia para la selecci\u00f3n de productos. Nuestros productos son piezas de repuesto en lugar de repuestos originales; no somos el titular de la marca registrada original del contenido. Nuestros productos solo son adecuados para repuestos posventa en lugar de repuestos originales. Nuestras piezas de repuesto pueden adaptarse perfectamente a las piezas de repuesto originales; si necesita comprar repuestos originales, comun\u00edquese con la f\u00e1brica original para comprar. Si necesita comprar repuestos originales, comun\u00edquese con el proveedor original para comprar.<\/p>\n<h2>Cilindro hidr\u00e1ulico telesc\u00f3pico de 5 etapas de alta calidad para gr\u00faa de plataforma plana<\/h2>\n<p>El cilindro hidr\u00e1ulico telesc\u00f3pico de 5 etapas para gr\u00faas de plataforma es un componente hidr\u00e1ulico de alta calidad dise\u00f1ado para brindar m\u00e1xima eficiencia operativa y durabilidad. Su importancia radica en su amplia gama de aplicaciones, desde maquinaria industrial hasta equipos agr\u00edcolas.<\/p>\n<p>Este cilindro hidr\u00e1ulico es adecuado para diversas industrias, incluidos talleres de reparaci\u00f3n de maquinaria, granjas, energ\u00eda y miner\u00eda, fabricaci\u00f3n de maquinaria y f\u00e1bricas. El cilindro se usa ampliamente en gr\u00faas de plataforma para operaciones de carga y descarga.<\/p>\n<p><img decoding=\"async\" src=\"https:\/\/img.jiansujichilun.com\/img\/hydrauliccylinders\/T_hydrauliccylinders-5.webp\" alt=\"Cilindro telesc\u00f3pico hidr\u00e1ulico de 5 etapas\" \/><\/p>\n<h3>Historia y clasificaci\u00f3n<\/h3>\n<p>El cilindro hidr\u00e1ulico es una unidad de potencia que convierte la energ\u00eda hidr\u00e1ulica en energ\u00eda mec\u00e1nica, realizando un trabajo a trav\u00e9s de un movimiento lineal. El cilindro telesc\u00f3pico hidr\u00e1ulico de 5 etapas es un tipo de cilindro hidr\u00e1ulico de m\u00faltiples etapas. Tiene cinco etapas de funcionamiento, cada una de las cuales proporciona una cantidad diferente de fuerza para diferentes tareas. Esto lo hace ideal para aplicaciones de servicio pesado, como gr\u00faas de plataforma.<\/p>\n<h3>Ventajas y materiales utilizables<\/h3>\n<p>Este cilindro hidr\u00e1ulico multietapa ofrece una eficiencia energ\u00e9tica superior, un alto rendimiento, una construcci\u00f3n robusta y seguridad. Su cuerpo de acero mejora su durabilidad, mientras que su estructura est\u00e1ndar garantiza la compatibilidad con la mayor\u00eda de las m\u00e1quinas. El cilindro est\u00e1 fabricado con materiales de alta calidad, como acero inoxidable, acero al carbono y aleaci\u00f3n de aluminio.<\/p>\n<h3>Instalaci\u00f3n, mantenimiento y reparaci\u00f3n<\/h3>\n<p>La instalaci\u00f3n del cilindro hidr\u00e1ulico requiere conocimientos y experiencia t\u00e9cnica. Es importante garantizar una alineaci\u00f3n adecuada, un montaje apropiado y valores de torsi\u00f3n correctos durante la instalaci\u00f3n. Es necesario realizar un mantenimiento e inspecci\u00f3n regulares para garantizar que el cilindro funcione correctamente y dure m\u00e1s. Las reparaciones deben ser realizadas por un profesional capacitado y con experiencia.<\/p>\n<h3>Reemplazo<\/h3>\n<p>Si necesita reemplazar el cilindro hidr\u00e1ulico, es importante asegurarse de que la pieza de repuesto coincida con la original en t\u00e9rminos de tama\u00f1o, forma y material. Nuestras piezas de repuesto pueden adaptarse perfectamente a las piezas de repuesto originales.<\/p>\n<h3>Otros productos<\/h3>\n<p>Adem\u00e1s de cilindros hidr\u00e1ulicos, tambi\u00e9n suministramos una variedad de engranajes de pl\u00e1stico para uso industrial, como cajas de engranajes agr\u00edcolas, ejes de salida de potencia, pi\u00f1ones, acoplamientos hidr\u00e1ulicos, reductores de tornillo sin fin, cremalleras, cadenas extra\u00edbles, poleas y cajas de engranajes planetarios, poleas de distribuci\u00f3n, bujes, etc.<\/p>\n<p><img decoding=\"async\" src=\"https:\/\/images.hzpt.com\/2024\/04\/unit-type-flexo-press-factory.webp\" alt=\"Otros productos\" \/><\/p>\n<h2>Preguntas frecuentes<\/h2>\n<p><b>P: \u00bfQu\u00e9 es un cilindro hidr\u00e1ulico?<\/b><\/p>\n<p>R: Un cilindro hidr\u00e1ulico es una unidad de potencia que convierte la energ\u00eda hidr\u00e1ulica en energ\u00eda mec\u00e1nica, realizando trabajo a trav\u00e9s de un movimiento lineal.<\/p>\n<p><b>P: \u00bfCu\u00e1les son los detalles t\u00e9cnicos del cilindro hidr\u00e1ulico?<\/b><\/p>\n<p>R: El di\u00e1metro interior var\u00eda de 2 a 6 pulgadas, el tama\u00f1o del v\u00e1stago var\u00eda de 1,125 a 4 pulgadas, el tama\u00f1o de la carrera var\u00eda de 4 a 100 pulgadas y el tama\u00f1o del pasador var\u00eda de 0,5 a 2 pulgadas. El cilindro es compatible con puertos G\/SAE\/NPT\/M.<\/p>\n<p><b>P: \u00bfCu\u00e1les son las ventajas del cilindro hidr\u00e1ulico?<\/b><\/p>\n<p>R: El cilindro hidr\u00e1ulico cuenta con una eficiencia energ\u00e9tica superior, alto rendimiento, construcci\u00f3n robusta y seguridad.<\/p>\n<p><b>P: \u00bfC\u00f3mo funciona el sistema hidr\u00e1ulico?<\/b><\/p>\n<p>A: The hydraulic system operates on the principle of Pascal&#8217;s law which states that pressure applied at one point in an enclosed fluid is transmitted equally in all directions.<\/p>\n<p><b>P: \u00bfCu\u00e1les son las aplicaciones del cilindro hidr\u00e1ulico?<\/b><\/p>\n<p>A: El cilindro hidr\u00e1ulico se utiliza ampliamente en gr\u00faas de plataforma para operaciones de carga y descarga. Tambi\u00e9n se utiliza en talleres de reparaci\u00f3n de maquinaria, granjas, operaciones de energ\u00eda y miner\u00eda e industrias de fabricaci\u00f3n de maquinaria.<\/p>","protected":false},"excerpt":{"rendered":"<p>All the content on this page comes from the Internet, and the content is only used as a reference for product selection. Our products are replacement parts rather than original spare parts; we are not the holder of the original trademark of the content. Our products are only suitable for after-sales replacement parts rather than [&hellip;]<\/p>","protected":false},"featured_media":4506,"template":"","meta":{"_et_pb_use_builder":"","_et_pb_old_content":"","_et_gb_content_width":""},"product_brand":[],"product_cat":[11327],"product_tag":[],"class_list":{"0":"post-4538","1":"product","2":"type-product","3":"status-publish","4":"has-post-thumbnail","6":"product_cat-telescopic-hydraulic-cylinder","8":"first","9":"instock","10":"shipping-taxable","11":"product-type-simple"},"_links":{"self":[{"href":"https:\/\/agricultural-gear-boxes.com\/es\/wp-json\/wp\/v2\/product\/4538","targetHints":{"allow":["GET"]}}],"collection":[{"href":"https:\/\/agricultural-gear-boxes.com\/es\/wp-json\/wp\/v2\/product"}],"about":[{"href":"https:\/\/agricultural-gear-boxes.com\/es\/wp-json\/wp\/v2\/types\/product"}],"wp:featuredmedia":[{"embeddable":true,"href":"https:\/\/agricultural-gear-boxes.com\/es\/wp-json\/wp\/v2\/media\/4506"}],"wp:attachment":[{"href":"https:\/\/agricultural-gear-boxes.com\/es\/wp-json\/wp\/v2\/media?parent=4538"}],"wp:term":[{"taxonomy":"product_brand","embeddable":true,"href":"https:\/\/agricultural-gear-boxes.com\/es\/wp-json\/wp\/v2\/product_brand?post=4538"},{"taxonomy":"product_cat","embeddable":true,"href":"https:\/\/agricultural-gear-boxes.com\/es\/wp-json\/wp\/v2\/product_cat?post=4538"},{"taxonomy":"product_tag","embeddable":true,"href":"https:\/\/agricultural-gear-boxes.com\/es\/wp-json\/wp\/v2\/product_tag?post=4538"}],"curies":[{"name":"wp","href":"https:\/\/api.w.org\/{rel}","templated":true}]}}