{"id":4542,"date":"2024-09-11T07:35:43","date_gmt":"2024-09-11T07:35:43","guid":{"rendered":"https:\/\/agricultural-gear-boxes.com\/product\/factory-customized-small-multi-stage-dump-truck-hydraulic-cylinder\/"},"modified":"2024-09-11T07:35:43","modified_gmt":"2024-09-11T07:35:43","slug":"factory-customized-small-multi-stage-dump-truck-hydraulic-cylinder","status":"publish","type":"product","link":"https:\/\/agricultural-gear-boxes.com\/es\/product\/factory-customized-small-multi-stage-dump-truck-hydraulic-cylinder\/","title":{"rendered":"Cilindro hidr\u00e1ulico para cami\u00f3n volquete multietapa peque\u00f1o personalizado de f\u00e1brica"},"content":{"rendered":"<p>Todo el contenido de esta p\u00e1gina proviene de Internet y se utiliza \u00fanicamente como referencia para la selecci\u00f3n de productos. Nuestros productos son piezas de repuesto y no piezas de repuesto originales. No somos los propietarios de la marca registrada original del contenido. Nuestras piezas de repuesto pueden adaptarse perfectamente a las piezas de repuesto originales. Si necesita comprar piezas de repuesto originales, comun\u00edquese con el proveedor original para realizar la compra.<\/p>\n<h2>Cilindro hidr\u00e1ulico para cami\u00f3n volquete multietapa peque\u00f1o personalizado de f\u00e1brica<\/h2>\n<p>Introducing our factory customized small multi stage dump truck hydraulic cylinder ?C a new and innovative product designed to meet the demanding needs of various industries such as machinery repair shops, farms, energy &#038; mining, machinery manufacturing, and machinery factories. This hydraulic cylinder is a standard product with a plunger cylinder structure and hydraulic power. It boasts a steel body for enhanced durability and a high max thrust of 3000.<\/p>\n<h2>Especificaciones del producto<\/h2>\n<p>Este cilindro hidr\u00e1ulico multietapa est\u00e1 dise\u00f1ado para un rendimiento \u00f3ptimo. Tiene un di\u00e1metro interior que var\u00eda de 2 a 6 pulgadas, un tama\u00f1o de v\u00e1stago de entre 1,125 y 4 pulgadas y un tama\u00f1o de carrera de entre 4 y 100 pulgadas. El tama\u00f1o del pasador var\u00eda de 0,5 a 2 pulgadas. El cilindro hidr\u00e1ulico est\u00e1 disponible en color negro y pesa 28 kg.<\/p>\n<table border=\"1\">\n  <img decoding=\"async\" src=\"https:\/\/img.jiansujichilun.com\/img\/hydrauliccylinders\/T_hydrauliccylinders-5.webp\" alt=\"Escenario de uso del cilindro hidr\u00e1ulico\" \/><\/p>\n<tr>\n<td><i>Tama\u00f1o del orificio<\/i><\/td>\n<td>2-6 pulgadas<\/td>\n<\/tr>\n<tr>\n<td><i>Tama\u00f1o de la varilla<\/i><\/td>\n<td>1,125-4 pulgadas<\/td>\n<\/tr>\n<tr>\n<td><i>Tama\u00f1o del trazo<\/i><\/td>\n<td>4-100 pulgadas<\/td>\n<\/tr>\n<tr>\n<td><i>Tama\u00f1o del pin<\/i><\/td>\n<td>0,5-2 pulgadas<\/td>\n<\/tr>\n<tr>\n<td><i>Puertos<\/i><\/td>\n<td>G\/SAE\/NPT\/M<\/td>\n<\/tr>\n<\/table>\n<h2>Escenarios de uso y beneficios<\/h2>\n<ul>\n<li>Escenarios de uso comunes:<\/li>\n<ul>\n<li>Talleres de reparaci\u00f3n de maquinaria<\/li>\n<li>Granjas<\/li>\n<li>Energy &#038; mining industries<\/li>\n<li>Fabricaci\u00f3n de maquinaria<\/li>\n<li>F\u00e1bricas de maquinaria<\/li>\n<\/ul>\n<li>Ventajas:<\/li>\n<ul>\n<li>Eficiencia energ\u00e9tica: Nuestro cilindro hidr\u00e1ulico est\u00e1 dise\u00f1ado para lograr la m\u00e1xima eficiencia, lo que se traduce en un importante ahorro de energ\u00eda.<\/li>\n<li>Alto rendimiento: con su alto empuje y tracci\u00f3n m\u00e1ximos, este cilindro hidr\u00e1ulico garantiza un rendimiento excepcional.<\/li>\n<li>Seguridad: El cilindro hidr\u00e1ulico cuenta con certificaci\u00f3n ISO9001:2000, lo que garantiza que cumple con los m\u00e1s altos est\u00e1ndares de seguridad.<\/li>\n<\/ul>\n<li>Materiales utilizables del producto:<\/li>\n<ul>\n<li>Cuerpo de acero para una mayor durabilidad.<\/li>\n<li>Sellos de alta calidad para prevenci\u00f3n de fugas<\/li>\n<li>Componentes dise\u00f1ados con precisi\u00f3n para un rendimiento \u00f3ptimo<\/li>\n<\/ul>\n<li>Instalaci\u00f3n, mantenimiento y reparaci\u00f3n:<\/li>\n<ul>\n<li>Installation: Follow the manufacturer&#8217;s instructions for proper installation of the hydraulic cylinder.<\/li>\n<li>Mantenimiento: Inspeccione y limpie peri\u00f3dicamente el cilindro hidr\u00e1ulico para garantizar un rendimiento \u00f3ptimo.<\/li>\n<li>Reparaci\u00f3n: En caso de cualquier da\u00f1o o mal funcionamiento, consulte a un profesional para reparar o reemplazar el cilindro hidr\u00e1ulico.<\/li>\n<\/ul>\n<li>Reemplazo de producto:<\/li>\n<ul>\n<li>If the hydraulic cylinder needs to be replaced, follow the manufacturer&#8217;s guidelines or consult a professional for assistance.<\/li>\n<\/ul>\n<\/ul>\n<h2>Acerca de nuestra empresa<\/h2>\n<p>Suministramos principalmente diversos engranajes de pl\u00e1stico para uso industrial, como cajas de engranajes agr\u00edcolas, ejes de salida de potencia, ruedas dentadas, acoplamientos hidr\u00e1ulicos, reductores de tornillo sin fin, cremalleras, cadenas desmontables, poleas y poleas, cajas de engranajes planetarios, poleas de distribuci\u00f3n, bujes, etc. Nuestros productos son de alta calidad, se ofrecen a precios preferenciales y est\u00e1n respaldados por servicios bien pensados. Damos la bienvenida a los clientes para personalizar con dibujos y muestras.<\/p>\n<p><img decoding=\"async\" src=\"https:\/\/images.hzpt.com\/2024\/04\/unit-type-flexo-press-factory.webp\" alt=\"Productos de la empresa\" \/><\/p>\n<h2>Preguntas frecuentes<\/h2>\n<p><strong>P: \u00bfCu\u00e1nto tiempo es el tiempo de entrega?<\/strong><br \/>R: Generalmente son entre 25 y 35 d\u00edas.<\/p>\n<p><strong>P: \u00bfOfrecen muestras? \u00bfSon gratuitas o tienen un costo adicional?<\/strong><br \/>A: Yes, we could offer the sample but it&#8217;s not free.<\/p>\n<p><strong>P: \u00bfPueden producir seg\u00fan las muestras?<\/strong><br \/>R: S\u00ed, podemos fabricar a partir de sus muestras o dibujos t\u00e9cnicos. Podemos fabricar los moldes y los accesorios.<\/p>\n<p><strong>P: \u00bfSus piezas de repuesto son compatibles con los repuestos originales?<\/strong><br \/>R: S\u00ed, nuestras piezas de repuesto pueden adaptarse perfectamente a las piezas de repuesto originales.<\/p>\n<p><strong>P: \u00bfC\u00f3mo puedo comunicarme con usted para consultas de compra?<\/strong><br \/>R: Para consultas de compra, cont\u00e1ctenos a trav\u00e9s de nuestro sitio web o correo electr\u00f3nico.<\/p>","protected":false},"excerpt":{"rendered":"<p>All the content on this page comes from the Internet and is only used as a reference for product selection. Our products are replacement parts rather than original spare parts. We are not the holder of the original trademark of the content. Our replacement parts can perfectly fit the original spare parts. If you need [&hellip;]<\/p>","protected":false},"featured_media":4506,"template":"","meta":{"_et_pb_use_builder":"","_et_pb_old_content":"","_et_gb_content_width":""},"product_brand":[],"product_cat":[11327],"product_tag":[],"class_list":{"0":"post-4542","1":"product","2":"type-product","3":"status-publish","4":"has-post-thumbnail","6":"product_cat-telescopic-hydraulic-cylinder","8":"first","9":"instock","10":"shipping-taxable","11":"product-type-simple"},"_links":{"self":[{"href":"https:\/\/agricultural-gear-boxes.com\/es\/wp-json\/wp\/v2\/product\/4542","targetHints":{"allow":["GET"]}}],"collection":[{"href":"https:\/\/agricultural-gear-boxes.com\/es\/wp-json\/wp\/v2\/product"}],"about":[{"href":"https:\/\/agricultural-gear-boxes.com\/es\/wp-json\/wp\/v2\/types\/product"}],"wp:featuredmedia":[{"embeddable":true,"href":"https:\/\/agricultural-gear-boxes.com\/es\/wp-json\/wp\/v2\/media\/4506"}],"wp:attachment":[{"href":"https:\/\/agricultural-gear-boxes.com\/es\/wp-json\/wp\/v2\/media?parent=4542"}],"wp:term":[{"taxonomy":"product_brand","embeddable":true,"href":"https:\/\/agricultural-gear-boxes.com\/es\/wp-json\/wp\/v2\/product_brand?post=4542"},{"taxonomy":"product_cat","embeddable":true,"href":"https:\/\/agricultural-gear-boxes.com\/es\/wp-json\/wp\/v2\/product_cat?post=4542"},{"taxonomy":"product_tag","embeddable":true,"href":"https:\/\/agricultural-gear-boxes.com\/es\/wp-json\/wp\/v2\/product_tag?post=4542"}],"curies":[{"name":"wp","href":"https:\/\/api.w.org\/{rel}","templated":true}]}}