{"id":4548,"date":"2024-09-11T07:35:44","date_gmt":"2024-09-11T07:35:44","guid":{"rendered":"https:\/\/agricultural-gear-boxes.com\/product\/factory-customized-double-acting-multistage-20-ton-hydraulic-cylinder-for-dump-truck\/"},"modified":"2024-09-11T07:35:45","modified_gmt":"2024-09-11T07:35:45","slug":"factory-customized-double-acting-multistage-20-ton-hydraulic-cylinder-for-dump-truck","status":"publish","type":"product","link":"https:\/\/agricultural-gear-boxes.com\/es\/product\/factory-customized-double-acting-multistage-20-ton-hydraulic-cylinder-for-dump-truck\/","title":{"rendered":"Cilindro hidr\u00e1ulico multietapa de doble efecto personalizado de f\u00e1brica de 20 toneladas para cami\u00f3n volquete"},"content":{"rendered":"<p>Todo el contenido de esta p\u00e1gina proviene de Internet y solo se utiliza como referencia para la selecci\u00f3n de productos. Nuestros productos son piezas de repuesto y no repuestos originales. No somos los propietarios de la marca registrada original del contenido. Nuestros productos solo son adecuados para repuestos posventa en lugar de repuestos originales. Nuestras piezas de repuesto pueden adaptarse perfectamente a las piezas de repuesto originales. Si necesita comprar repuestos originales, comun\u00edquese con la f\u00e1brica original para comprar. Si necesita comprar repuestos originales, comun\u00edquese con el proveedor original para comprar.<\/p>\n<p><h2>Cilindro hidr\u00e1ulico multietapa de doble efecto personalizado de f\u00e1brica de 20 toneladas para cami\u00f3n volquete<\/h2><\/p>\n<p>El cilindro hidr\u00e1ulico de 20 toneladas, multietapa y de doble efecto, personalizado en f\u00e1brica, es un componente revolucionario dise\u00f1ado y construido para talleres de reparaci\u00f3n de maquinaria, granjas, energ\u00eda, miner\u00eda e industrias de fabricaci\u00f3n de maquinaria. Est\u00e1 especialmente dise\u00f1ado para satisfacer las necesidades de operaci\u00f3n de maquinaria de alta potencia para diversas tareas de servicio pesado.<\/p>\n<p><img decoding=\"async\" src=\"https:\/\/img.jiansujichilun.com\/img\/hydrauliccylinders\/T_hydrauliccylinders-5.webp\" alt=\"Escenario de uso del cilindro hidr\u00e1ulico\" \/><\/p>\n<p><h3>Escenario de uso<\/h3><\/p>\n<p>Este cilindro hidr\u00e1ulico se utiliza habitualmente en camiones volquete para cargar y descargar materiales de manera eficiente. Proporciona la potencia necesaria para elevar y bajar la plataforma del cami\u00f3n, lo que lo convierte en un componente esencial en las industrias de la construcci\u00f3n, la miner\u00eda y el transporte.<\/p>\n<p><strong>Informaci\u00f3n adicional:<\/strong><\/p>\n<ul>\n<li><strong>Historial del producto:<\/strong> El cilindro hidr\u00e1ulico multietapa de doble efecto tiene una larga historia de uso exitoso en aplicaciones de servicio pesado, lo que demuestra su confiabilidad y durabilidad.<\/li>\n<li><strong>Clasificaci\u00f3n del producto:<\/strong> Este cilindro hidr\u00e1ulico entra en la categor\u00eda de componentes hidr\u00e1ulicos de alta potencia utilizados en maquinaria pesada.<\/li>\n<li><strong>Ventajas del producto:<\/strong> The cylinder&#8217;s multistage design allows it to deliver high power while maintaining efficiency and safety. It is energy-efficient, high-performing, and made from high-quality steel for long-term durability.<\/li>\n<li><strong>Materiales utilizables del producto:<\/strong> El cuerpo del cilindro est\u00e1 fabricado en acero, lo que garantiza robustez y resistencia a cargas pesadas y duras condiciones de trabajo.<\/li>\n<li><strong>Instalaci\u00f3n, mantenimiento y reparaci\u00f3n:<\/strong> Una instalaci\u00f3n adecuada y un mantenimiento regular son esenciales para un rendimiento \u00f3ptimo. Si es necesario realizar alguna reparaci\u00f3n, se recomienda consultar a un t\u00e9cnico profesional.<\/li>\n<li><strong>Reemplazo de producto:<\/strong> If a replacement is necessary, carefully follow the manufacturer&#8217;s instructions and consult an expert if needed.<\/li>\n<\/ul>\n<p><h3>Especificaciones t\u00e9cnicas<\/h3><\/p>\n<ul>\n<li><strong>Condici\u00f3n:<\/strong> Nuevo<\/li>\n<li><strong>Garant\u00eda:<\/strong> 1 a\u00f1o<\/li>\n<li><strong>Peso (KG):<\/strong> 27<\/li>\n<li><strong>Empuje m\u00e1ximo:<\/strong> 3000<\/li>\n<li><strong>Tracci\u00f3n m\u00e1xima:<\/strong> 20 toneladas<\/li>\n<li><strong>Est\u00e1ndar o no est\u00e1ndar:<\/strong> Est\u00e1ndar<\/li>\n<li><strong>Material del cuerpo:<\/strong> Acero<\/li>\n<\/ul>\n<p><strong>Dimensiones del producto:<\/strong><\/p>\n<table border=\"1\">\n<tr>\n<td>Tama\u00f1o del orificio<\/td>\n<td>2-6 pulgadas<\/td>\n<\/tr>\n<tr>\n<td>Tama\u00f1o de la varilla<\/td>\n<td>1,125-4 pulgadas<\/td>\n<\/tr>\n<tr>\n<td>Tama\u00f1o del trazo<\/td>\n<td>4-100 pulgadas<\/td>\n<\/tr>\n<tr>\n<td>Tama\u00f1o del pin<\/td>\n<td>0,5-2 pulgadas<\/td>\n<\/tr>\n<\/table>\n<p><h2>Ever-power: su socio confiable<\/h2><\/p>\n<p>Fundada en 2006, Ever-power es un proveedor y fabricante de confianza de componentes hidr\u00e1ulicos de alta calidad. Nos especializamos en proporcionar diversas piezas de repuesto para maquinaria industrial, incluidos engranajes de pl\u00e1stico, cajas de engranajes agr\u00edcolas, ejes de salida de potencia, ruedas dentadas, acoplamientos hidr\u00e1ulicos, reductores de engranajes helicoidales, cremalleras, cadenas extra\u00edbles, poleas, cajas de engranajes planetarios, poleas de distribuci\u00f3n y bujes. Nuestros productos son conocidos por su excelente calidad, precios competitivos y un servicio excepcional.<\/p>\n<p><img decoding=\"async\" src=\"https:\/\/images.hzpt.com\/2024\/04\/unit-type-flexo-press-factory.webp\" alt=\"Productos de potencia permanente\" \/><\/p>\n<p>Invitamos a nuestros clientes a personalizar sus pedidos con dibujos y muestras. \u00a1Cont\u00e1ctenos hoy para todas sus necesidades de componentes hidr\u00e1ulicos!<\/p>\n<p><h2>Preguntas frecuentes<\/h2><\/p>\n<p><q>\u00bfEs usted una empresa comercial o un fabricante?<\/q><\/p>\n<p>Somos un fabricante.<\/p>\n<p><q>\u00bfCu\u00e1nto tiempo es su tiempo de entrega?<\/q><\/p>\n<p>Generalmente son entre 25 y 35 d\u00edas.<\/p>\n<p><q>\u00bfProporcion\u00e1is muestras?<\/q><\/p>\n<p>S\u00ed, podr\u00edamos ofrecer la muestra, pero no es gratis.<\/p>\n<p><q>\u00bfQu\u00e9 industrias pueden utilizar este cilindro hidr\u00e1ulico?<\/q><\/p>\n<p>Este cilindro hidr\u00e1ulico es adecuado para talleres de reparaci\u00f3n de maquinaria, granjas, industrias energ\u00e9ticas y mineras y fabricaci\u00f3n de maquinaria.<\/p>\n<p><q>\u00bfEl cilindro hidr\u00e1ulico es compatible con otras m\u00e1quinas de trabajo pesado?<\/q><\/p>\n<p>S\u00ed, este cilindro hidr\u00e1ulico se puede utilizar en diversas m\u00e1quinas de trabajo pesado que requieren un cilindro hidr\u00e1ulico multietapa de doble acci\u00f3n.<\/p>","protected":false},"excerpt":{"rendered":"<p>All the content on this page comes from the internet and is only used as a reference for product selection. Our products are replacement parts rather than original spare parts. We are not the holder of the original trademark of the content. Our products are only suitable for after-sales replacement parts rather than original spare [&hellip;]<\/p>","protected":false},"featured_media":4516,"template":"","meta":{"_et_pb_use_builder":"","_et_pb_old_content":"","_et_gb_content_width":""},"product_brand":[],"product_cat":[11327],"product_tag":[],"class_list":{"0":"post-4548","1":"product","2":"type-product","3":"status-publish","4":"has-post-thumbnail","6":"product_cat-telescopic-hydraulic-cylinder","8":"first","9":"instock","10":"shipping-taxable","11":"product-type-simple"},"_links":{"self":[{"href":"https:\/\/agricultural-gear-boxes.com\/es\/wp-json\/wp\/v2\/product\/4548","targetHints":{"allow":["GET"]}}],"collection":[{"href":"https:\/\/agricultural-gear-boxes.com\/es\/wp-json\/wp\/v2\/product"}],"about":[{"href":"https:\/\/agricultural-gear-boxes.com\/es\/wp-json\/wp\/v2\/types\/product"}],"wp:featuredmedia":[{"embeddable":true,"href":"https:\/\/agricultural-gear-boxes.com\/es\/wp-json\/wp\/v2\/media\/4516"}],"wp:attachment":[{"href":"https:\/\/agricultural-gear-boxes.com\/es\/wp-json\/wp\/v2\/media?parent=4548"}],"wp:term":[{"taxonomy":"product_brand","embeddable":true,"href":"https:\/\/agricultural-gear-boxes.com\/es\/wp-json\/wp\/v2\/product_brand?post=4548"},{"taxonomy":"product_cat","embeddable":true,"href":"https:\/\/agricultural-gear-boxes.com\/es\/wp-json\/wp\/v2\/product_cat?post=4548"},{"taxonomy":"product_tag","embeddable":true,"href":"https:\/\/agricultural-gear-boxes.com\/es\/wp-json\/wp\/v2\/product_tag?post=4548"}],"curies":[{"name":"wp","href":"https:\/\/api.w.org\/{rel}","templated":true}]}}