{"id":4555,"date":"2024-09-11T07:35:47","date_gmt":"2024-09-11T07:35:47","guid":{"rendered":"https:\/\/agricultural-gear-boxes.com\/product\/factory-direct-sale-2-stage-double-acting-telescopic-hydraulic-cylinder\/"},"modified":"2024-09-11T07:35:48","modified_gmt":"2024-09-11T07:35:48","slug":"factory-direct-sale-2-stage-double-acting-telescopic-hydraulic-cylinder","status":"publish","type":"product","link":"https:\/\/agricultural-gear-boxes.com\/es\/product\/factory-direct-sale-2-stage-double-acting-telescopic-hydraulic-cylinder\/","title":{"rendered":"Venta directa de f\u00e1brica Cilindro hidr\u00e1ulico telesc\u00f3pico de doble efecto de 2 etapas"},"content":{"rendered":"<p><!DOCTYPE html><br \/>\n<html lang=\"en\"><br \/>\n<head><br \/>\n<meta charset=\"UTF-8\"><br \/>\n<title>Venta directa de f\u00e1brica Cilindro hidr\u00e1ulico telesc\u00f3pico de doble efecto de 2 etapas<\/title><br \/>\n<\/head><br \/>\n<body><\/p>\n<h2>Descripci\u00f3n general del producto<\/h2>\n<p>Descargo de responsabilidad: El siguiente contenido proviene de Internet y se proporciona solo con fines de referencia. Nuestros productos son piezas de repuesto y no piezas de repuesto originales. No somos los propietarios de la marca registrada original del contenido. Nuestras piezas de repuesto se adaptan perfectamente a las piezas de repuesto originales. Si necesita comprar piezas de repuesto originales, comun\u00edquese con la f\u00e1brica o el proveedor original.<\/p>\n<p>Introducing the Factory Direct Sale 2 Stage Double Acting Telescopic Hydraulic Cylinder &#8211; the ultimate solution for all your high-pressure needs in various industries such as machinery repair shops, farms, energy &#038; mining, machinery manufacturing, and more. This hydraulic cylinder comes with a 1-year warranty and is designed to deliver optimum performance under extreme conditions.<\/p>\n<h2>Especificaciones del producto<\/h2>\n<table border=\"1\">\n<tr>\n<td><strong>Tama\u00f1o del orificio<\/strong><\/td>\n<td>2-6 pulgadas<\/td>\n<\/tr>\n<tr>\n<td><strong>Tama\u00f1o de la varilla<\/strong><\/td>\n<td>1,125-4 pulgadas<\/td>\n<\/tr>\n<tr>\n<td><strong>Tama\u00f1o del trazo<\/strong><\/td>\n<td>4-100 pulgadas<\/td>\n<\/tr>\n<tr>\n<td><strong>Tama\u00f1o del pin<\/strong><\/td>\n<td>0,5-2 pulgadas<\/td>\n<\/tr>\n<tr>\n<td><strong>Puertos<\/strong><\/td>\n<td>G\/SAE\/NPT\/M<\/td>\n<\/tr>\n<\/table>\n<h2>Caracter\u00edsticas y beneficios<\/h2>\n<ul>\n<li><strong>Eficiencia:<\/strong> Este cilindro hidr\u00e1ulico est\u00e1 dise\u00f1ado para una alta eficiencia, garantizando un rendimiento \u00f3ptimo en cualquier condici\u00f3n.<\/li>\n<li><strong>Ahorro de energ\u00eda:<\/strong> Funciona con potencia m\u00ednima, ahorrando as\u00ed energ\u00eda.<\/li>\n<p><img decoding=\"async\" src=\"https:\/\/www.ever-power.net\/wp-content\/uploads\/2023\/11\/telescopic-hydraulic-cylinder-12.webp\" alt=\"Cilindro hidr\u00e1ulico telesc\u00f3pico\" \/><\/p>\n<li><strong>Seguridad:<\/strong> La seguridad es nuestra m\u00e1xima prioridad. El equipo est\u00e1 dise\u00f1ado para funcionar de forma segura incluso en condiciones de alta presi\u00f3n.<\/li>\n<\/ul>\n<h2>Sistema hidr\u00e1ulico y su principio de funcionamiento<\/h2>\n<p>El sistema hidr\u00e1ulico funciona seg\u00fan el principio de presi\u00f3n de fluido. Un cambio de presi\u00f3n en cualquier punto de un fluido encerrado se transmite sin modificaci\u00f3n a todos los puntos del fluido. Esto permite que el cilindro hidr\u00e1ulico realice su tarea de manera eficiente.<\/p>\n<h2>Aplicaciones<\/h2>\n<p>The hydraulic cylinder is widely used across various industries such as machinery repair shops, farms, energy &#038; mining, machinery manufacturing, and more.<\/p>\n<h2>Experimente nuestra f\u00e1brica de realidad virtual<\/h2>\n<p>Te invitamos a realizar un recorrido virtual por nuestra f\u00e1brica. Haz clic <a href=\"https:\/\/v.holoworld.com.cn\/v\/virtualbuy.html?id=78a76263-47ab-485f-b978-0dafacfb4096\" target=\"_blank\" rel=\"noopener\">aqu\u00ed<\/a> para comenzar su recorrido.<\/p>\n<h2>Cilindros hidr\u00e1ulicos y grupos electr\u00f3genos<\/h2>\n<p>El cilindro hidr\u00e1ulico y la unidad de potencia son partes indispensables del sistema hidr\u00e1ulico. Su sinergia garantiza la amplia aplicaci\u00f3n de la tecnolog\u00eda hidr\u00e1ulica en el campo industrial, proporcionando potencia confiable y soporte de control para diversos equipos mec\u00e1nicos y de ingenier\u00eda. El cilindro hidr\u00e1ulico, como actuador, es responsable de convertir la energ\u00eda hidr\u00e1ulica en movimiento mec\u00e1nico, convirtiendo la presi\u00f3n en fuerza, mientras que la unidad de potencia es el n\u00facleo que proporciona la energ\u00eda y las se\u00f1ales de control requeridas por el sistema hidr\u00e1ulico. La coordinaci\u00f3n y cooperaci\u00f3n entre los dos hacen que el sistema hidr\u00e1ulico funcione con normalidad.<\/p>\n<p>Tambi\u00e9n disponemos de unidades de potencia para la venta en Ever-power.<\/p>\n<h2>Acerca de Ever-power<\/h2>\n<p>Fundada en 2006, Ever-power es un fabricante y exportador l\u00edder de cilindros hidr\u00e1ulicos. Tenemos una gran reputaci\u00f3n entre nuestros clientes en todo el mundo por nuestros productos de calidad superior y nuestros excelentes servicios.<\/p>\n<p><img decoding=\"async\" src=\"https:\/\/images.hzpt.com\/2024\/04\/unit-type-flexo-press-factory.webp\" alt=\"Productos de la empresa\" \/><\/p>\n<p>Suministramos principalmente diversos engranajes de pl\u00e1stico para uso industrial, como cajas de engranajes agr\u00edcolas, ejes de salida de potencia, ruedas dentadas, acoplamientos hidr\u00e1ulicos, reductores de tornillo sin fin, cremalleras, cadenas desmontables, poleas, cajas de engranajes planetarios, poleas de distribuci\u00f3n, bujes y m\u00e1s. Nuestros productos son conocidos por su alta calidad, precios competitivos y servicios bien pensados. Tambi\u00e9n ofrecemos servicios de personalizaci\u00f3n basados en dibujos y muestras.<\/p>\n<h2>Preguntas frecuentes<\/h2>\n<p><strong>P: \u00bfEs usted una empresa comercial o un fabricante?<\/strong><br \/>\nA: Somos un fabricante.<\/p>\n<p><strong>P: \u00bfCu\u00e1nto tiempo dura el env\u00edo?<\/strong><br \/>\nR: Generalmente son entre 25 y 35 d\u00edas.<\/p>\n<p><strong>P: \u00bfOfrecen muestras? \u00bfSon gratuitas o tienen un coste adicional?<\/strong><br \/>\nA: Yes, we could offer the sample but it&#8217;s not free.<\/p>\n<p><strong>P: \u00bfC\u00f3mo puedo comprar sus repuestos originales?<\/strong><br \/>\nR: Para obtener repuestos originales, comun\u00edquese con la f\u00e1brica o el proveedor original correspondiente.<\/p>\n<p><strong>P: \u00bfC\u00f3mo instalo, mantengo y reparo el cilindro hidr\u00e1ulico?<\/strong><br \/>\nR: Para obtener instrucciones de instalaci\u00f3n, mantenimiento y reparaci\u00f3n, consulte el manual del producto proporcionado con el cilindro hidr\u00e1ulico o consulte a nuestro equipo de soporte t\u00e9cnico.<\/p>\n<p><img decoding=\"async\" src=\"https:\/\/www.ever-power.net\/wp-content\/uploads\/2023\/11\/telescopic-hydraulic-cylinder-7.webp\" alt=\"Cilindro hidr\u00e1ulico telesc\u00f3pico\" \/><\/p>\n<p>Explora nuestra gama de <a href=\"https:\/\/www.ever-power.net\/product-category\/hydraulic-system\/hydraulic-cylinder\/\" target=\"_blank\" rel=\"noopener\"><b>Cilindros hidr\u00e1ulicos<\/b><\/a> \u00a1y cont\u00e1ctanos para realizar una compra hoy!<\/p>\n<h2>Otros negocios de productos<\/h2>\n<p>Adem\u00e1s de cilindros hidr\u00e1ulicos, ofrecemos una amplia gama de productos industriales. Nuestra l\u00ednea de productos incluye cajas de engranajes agr\u00edcolas, ejes de salida de potencia, ruedas dentadas, acoplamientos hidr\u00e1ulicos, reductores de engranajes helicoidales, cremalleras, cadenas desmontables, poleas, cajas de engranajes planetarios, poleas de distribuci\u00f3n, bujes y m\u00e1s. Nos enorgullecemos de ofrecer productos de alta calidad, precios competitivos y un excelente servicio al cliente. Invitamos a los clientes a personalizar los productos en funci\u00f3n de sus requisitos espec\u00edficos, ya sean dibujos o muestras.<\/p>\n<p><img decoding=\"async\" src=\"https:\/\/images.hzpt.com\/2024\/04\/unit-type-flexo-press-factory.webp\" alt=\"Productos de la empresa\" \/><\/p>\n<h2>Preguntas y respuestas<\/h2>\n<p><strong>P: \u00bfQu\u00e9 industrias pueden beneficiarse del cilindro hidr\u00e1ulico telesc\u00f3pico de doble efecto de 2 etapas de venta directa de f\u00e1brica?<\/strong><br \/>\nA: The hydraulic cylinder is suitable for various industries including machinery repair shops, farms, energy &#038; mining, and machinery manufacturing.<\/p>\n<p><strong>P: \u00bfPuede el cilindro hidr\u00e1ulico ahorrar energ\u00eda?<\/strong><br \/>\nR: S\u00ed, el cilindro hidr\u00e1ulico funciona con una potencia m\u00ednima, lo que se traduce en ahorro de energ\u00eda.<\/p>\n<p><strong>P: \u00bfC\u00f3mo funciona el sistema hidr\u00e1ulico?<\/strong><br \/>\nR: El sistema hidr\u00e1ulico depende de la presi\u00f3n del fluido para transmitir fuerza y realizar tareas mec\u00e1nicas.<\/p>\n<p><strong>P: \u00bfPuedo hacer un recorrido virtual por su f\u00e1brica?<\/strong><br \/>\nA: S\u00ed, ofrecemos un recorrido virtual por nuestra f\u00e1brica. Haga clic aqu\u00ed <a href=\"https:\/\/v.holoworld.com.cn\/v\/virtualbuy.html?id=78a76263-47ab-485f-b978-0dafacfb4096\" target=\"_blank\" rel=\"noopener\">aqu\u00ed<\/a> para iniciar el recorrido.<\/p>\n<p><strong>P: \u00bfOfrecen servicios de personalizaci\u00f3n para sus productos?<\/strong><br \/>\nA: Yes, we provide customization services based on drawings and samples to meet customers&#8217; specific requirements.<\/p>\n<p><\/body><br \/>\n<\/html><\/p>","protected":false},"excerpt":{"rendered":"<p>Factory Direct Sale 2 Stage Double Acting Telescopic Hydraulic Cylinder Product Overview Disclaimer: The following content is sourced from the internet and is provided for reference purposes only. Our products are replacement parts and not original spare parts. We are not the holder of the original trademark of the content. Our replacement parts perfectly fit [&hellip;]<\/p>","protected":false},"featured_media":4522,"template":"","meta":{"_et_pb_use_builder":"","_et_pb_old_content":"","_et_gb_content_width":""},"product_brand":[],"product_cat":[11327],"product_tag":[],"class_list":{"0":"post-4555","1":"product","2":"type-product","3":"status-publish","4":"has-post-thumbnail","6":"product_cat-telescopic-hydraulic-cylinder","8":"first","9":"instock","10":"shipping-taxable","11":"product-type-simple"},"_links":{"self":[{"href":"https:\/\/agricultural-gear-boxes.com\/es\/wp-json\/wp\/v2\/product\/4555","targetHints":{"allow":["GET"]}}],"collection":[{"href":"https:\/\/agricultural-gear-boxes.com\/es\/wp-json\/wp\/v2\/product"}],"about":[{"href":"https:\/\/agricultural-gear-boxes.com\/es\/wp-json\/wp\/v2\/types\/product"}],"wp:featuredmedia":[{"embeddable":true,"href":"https:\/\/agricultural-gear-boxes.com\/es\/wp-json\/wp\/v2\/media\/4522"}],"wp:attachment":[{"href":"https:\/\/agricultural-gear-boxes.com\/es\/wp-json\/wp\/v2\/media?parent=4555"}],"wp:term":[{"taxonomy":"product_brand","embeddable":true,"href":"https:\/\/agricultural-gear-boxes.com\/es\/wp-json\/wp\/v2\/product_brand?post=4555"},{"taxonomy":"product_cat","embeddable":true,"href":"https:\/\/agricultural-gear-boxes.com\/es\/wp-json\/wp\/v2\/product_cat?post=4555"},{"taxonomy":"product_tag","embeddable":true,"href":"https:\/\/agricultural-gear-boxes.com\/es\/wp-json\/wp\/v2\/product_tag?post=4555"}],"curies":[{"name":"wp","href":"https:\/\/api.w.org\/{rel}","templated":true}]}}