{"id":4556,"date":"2024-09-11T07:35:48","date_gmt":"2024-09-11T07:35:48","guid":{"rendered":"https:\/\/agricultural-gear-boxes.com\/product\/factory-direct-sale-hydraulic-telescope-cylinder-dump-truck-multistage-hydraulic-cylinder\/"},"modified":"2024-09-11T07:35:48","modified_gmt":"2024-09-11T07:35:48","slug":"factory-direct-sale-hydraulic-telescope-cylinder-dump-truck-multistage-hydraulic-cylinder","status":"publish","type":"product","link":"https:\/\/agricultural-gear-boxes.com\/es\/product\/factory-direct-sale-hydraulic-telescope-cylinder-dump-truck-multistage-hydraulic-cylinder\/","title":{"rendered":"Venta directa de f\u00e1brica Cilindro telesc\u00f3pico hidr\u00e1ulico Cami\u00f3n volquete Cilindro hidr\u00e1ulico multietapa"},"content":{"rendered":"<p>Todo el contenido de esta p\u00e1gina proviene de Internet y el contenido solo se utiliza como referencia para la selecci\u00f3n de productos. Nuestros productos son piezas de repuesto en lugar de repuestos originales; no somos el titular de la marca registrada original del contenido. Nuestros productos solo son adecuados para repuestos posventa en lugar de repuestos originales. Nuestras piezas de repuesto pueden adaptarse perfectamente a las piezas de repuesto originales; si necesita comprar repuestos originales, comun\u00edquese con la f\u00e1brica original para comprar. Si necesita comprar repuestos originales, comun\u00edquese con el proveedor original para comprar.<\/p>\n<p><h2>Venta directa de f\u00e1brica Cilindro telesc\u00f3pico hidr\u00e1ulico Cami\u00f3n volquete Cilindro hidr\u00e1ulico multietapa<\/h2><\/p>\n<p>El cilindro hidr\u00e1ulico multietapa para cami\u00f3n volquete con cilindro telesc\u00f3pico hidr\u00e1ulico es un dispositivo vers\u00e1til y robusto que ofrece un excelente rendimiento, eficiencia y durabilidad. Est\u00e1 dise\u00f1ado con una meticulosa atenci\u00f3n a los detalles, lo que garantiza un rendimiento \u00f3ptimo y una confiabilidad a largo plazo. Su dise\u00f1o \u00fanico y su construcci\u00f3n robusta lo convierten en la opci\u00f3n ideal para aplicaciones industriales exigentes.<\/p>\n<p>This hydraulic cylinder is widely used in machinery repair shops, farms, energy &#038; mining, and machinery manufacturing. It plays a critical role in the operation of heavy-duty machinery and equipment in these industries. The cylinder&#8217;s common usage scenarios include dump trucks, excavators, bulldozers, and loaders. It can also be applied to hydraulic presses, hydraulic jacks, and hydraulic lifts.<\/p>\n<p><img decoding=\"async\" src=\"https:\/\/img.jiansujichilun.com\/img\/hydrauliccylinders\/T_hydrauliccylinders-5.webp\" alt=\"Escenario de uso del cilindro hidr\u00e1ulico\" \/><\/p>\n<p>El cilindro hidr\u00e1ulico tiene una larga historia y se puede dividir en cilindros de simple efecto, cilindros de doble efecto, cilindros telesc\u00f3picos y cilindros rotativos seg\u00fan sus caracter\u00edsticas estructurales. El cilindro hidr\u00e1ulico multietapa es un tipo de cilindro telesc\u00f3pico que puede lograr una carrera larga con una longitud de retracci\u00f3n corta. Tiene las ventajas de un tama\u00f1o peque\u00f1o, alta resistencia y buen rendimiento de sellado.<\/p>\n<p>El cilindro hidr\u00e1ulico suele estar hecho de acero de alta resistencia, aleaci\u00f3n de aluminio o lat\u00f3n. Para garantizar el mejor rendimiento, es esencial instalar, mantener y reparar el cilindro hidr\u00e1ulico correctamente. La instalaci\u00f3n del cilindro hidr\u00e1ulico debe ser realizada por un profesional y el sistema hidr\u00e1ulico debe lavarse antes de la instalaci\u00f3n para eliminar las impurezas. El mantenimiento regular puede prolongar la vida \u00fatil del cilindro hidr\u00e1ulico y el cilindro debe revisarse peri\u00f3dicamente para detectar fugas de aceite y desgaste. En caso de da\u00f1o, el cilindro puede reemplazarse desatornillando la culata y sacando el v\u00e1stago del pist\u00f3n da\u00f1ado.<\/p>\n<p><h3>Ventajas del cilindro hidr\u00e1ulico<\/h3><\/p>\n<ul>\n<li>Eficiencia energ\u00e9tica superior<\/li>\n<li>Rendimiento alto<\/li>\n<li>M\u00e1xima seguridad<\/li>\n<li>Tama\u00f1o peque\u00f1o<\/li>\n<li>Alta resistencia<\/li>\n<li>Buen rendimiento de sellado.<\/li>\n<\/ul>\n<p>Si busca cilindros hidr\u00e1ulicos de alta calidad, Ever-power est\u00e1 aqu\u00ed para ayudarlo. Ofrecemos una amplia gama de cilindros hidr\u00e1ulicos que satisfacen todas sus necesidades industriales. Nuestros productos est\u00e1n fabricados con materiales de primera calidad y se someten a rigurosos procedimientos de control de calidad para garantizar la mejor calidad. Tambi\u00e9n ofrecemos unidades de potencia a la venta.<\/p>\n<p><img decoding=\"async\" src=\"https:\/\/www.ever-power.net\/wp-content\/uploads\/2023\/11\/hydraulic-cylinder-workshop-2.webp\" alt=\"Taller de cilindros hidr\u00e1ulicos\" \/><\/p>\n<p>Adem\u00e1s de los cilindros hidr\u00e1ulicos, suministramos principalmente diversos engranajes de pl\u00e1stico para uso industrial, como cajas de engranajes agr\u00edcolas, ejes de salida de potencia, ruedas dentadas, acoplamientos hidr\u00e1ulicos, reductores de engranajes helicoidales, cremalleras, cadenas desmontables, poleas y poleas, cajas de engranajes planetarios, poleas de distribuci\u00f3n, bujes, etc. Nuestros productos son de alta calidad y ofrecemos precios preferenciales y servicios bien pensados. Damos la bienvenida a los clientes para personalizar con dibujos y muestras.<\/p>\n<p><img decoding=\"async\" src=\"https:\/\/images.hzpt.com\/2024\/04\/unit-type-flexo-press-factory.webp\" alt=\"Otros productos\" \/><\/p>\n<p><h2>Preguntas frecuentes<\/h2><\/p>\n<p><b>P: \u00bfQu\u00e9 es un cilindro hidr\u00e1ulico?<\/b><br \/>R: Un cilindro hidr\u00e1ulico es un actuador mec\u00e1nico que convierte la energ\u00eda hidr\u00e1ulica en energ\u00eda mec\u00e1nica para producir movimiento lineal.<\/p>\n<p><b>P: \u00bfCu\u00e1les son las ventajas de un cilindro hidr\u00e1ulico?<\/b><br \/>R: Las ventajas de un cilindro hidr\u00e1ulico son una eficiencia energ\u00e9tica superior, un alto rendimiento y una seguridad m\u00e1xima. Es de tama\u00f1o peque\u00f1o, muy resistente y tiene un buen rendimiento de sellado.<\/p>\n<p><b>P: \u00bfCu\u00e1les son los escenarios de uso comunes de un cilindro hidr\u00e1ulico?<\/b><br \/>R: Los escenarios de uso comunes de un cilindro hidr\u00e1ulico incluyen camiones volquete, excavadoras, topadoras, cargadoras, prensas hidr\u00e1ulicas, gatos hidr\u00e1ulicos y elevadores hidr\u00e1ulicos.<\/p>\n<p><b>P: \u00bfDe qu\u00e9 materiales est\u00e1n hechos los cilindros hidr\u00e1ulicos?<\/b><br \/>R: Los cilindros hidr\u00e1ulicos generalmente est\u00e1n hechos de acero de alta resistencia, aleaci\u00f3n de aluminio o lat\u00f3n.<\/p>\n<p><b>P: \u00bfC\u00f3mo debo instalar, mantener y reparar un cilindro hidr\u00e1ulico?<\/b><br \/>A: La instalaci\u00f3n del cilindro hidr\u00e1ulico debe ser realizada por un profesional y el sistema hidr\u00e1ulico debe ser enjuagado antes de la instalaci\u00f3n para eliminar las impurezas. El mantenimiento regular puede prolongar la vida \u00fatil del cilindro hidr\u00e1ulico y el cilindro debe revisarse peri\u00f3dicamente para detectar fugas de aceite y desgaste. En caso de da\u00f1o, el cilindro puede reemplazarse desatornillando la culata y sacando el v\u00e1stago del pist\u00f3n da\u00f1ado.<\/p>","protected":false},"excerpt":{"rendered":"<p>All the content on this page comes from the Internet, and the content is only used as a reference for product selection. Our products are replacement parts rather than original spare parts; we are not the holder of the original trademark of the content. Our products are only suitable for after-sales replacement parts rather than [&hellip;]<\/p>","protected":false},"featured_media":4506,"template":"","meta":{"_et_pb_use_builder":"","_et_pb_old_content":"","_et_gb_content_width":""},"product_brand":[],"product_cat":[11327],"product_tag":[],"class_list":{"0":"post-4556","1":"product","2":"type-product","3":"status-publish","4":"has-post-thumbnail","6":"product_cat-telescopic-hydraulic-cylinder","8":"first","9":"instock","10":"shipping-taxable","11":"product-type-simple"},"_links":{"self":[{"href":"https:\/\/agricultural-gear-boxes.com\/es\/wp-json\/wp\/v2\/product\/4556","targetHints":{"allow":["GET"]}}],"collection":[{"href":"https:\/\/agricultural-gear-boxes.com\/es\/wp-json\/wp\/v2\/product"}],"about":[{"href":"https:\/\/agricultural-gear-boxes.com\/es\/wp-json\/wp\/v2\/types\/product"}],"wp:featuredmedia":[{"embeddable":true,"href":"https:\/\/agricultural-gear-boxes.com\/es\/wp-json\/wp\/v2\/media\/4506"}],"wp:attachment":[{"href":"https:\/\/agricultural-gear-boxes.com\/es\/wp-json\/wp\/v2\/media?parent=4556"}],"wp:term":[{"taxonomy":"product_brand","embeddable":true,"href":"https:\/\/agricultural-gear-boxes.com\/es\/wp-json\/wp\/v2\/product_brand?post=4556"},{"taxonomy":"product_cat","embeddable":true,"href":"https:\/\/agricultural-gear-boxes.com\/es\/wp-json\/wp\/v2\/product_cat?post=4556"},{"taxonomy":"product_tag","embeddable":true,"href":"https:\/\/agricultural-gear-boxes.com\/es\/wp-json\/wp\/v2\/product_tag?post=4556"}],"curies":[{"name":"wp","href":"https:\/\/api.w.org\/{rel}","templated":true}]}}