{"id":4564,"date":"2024-09-11T07:35:53","date_gmt":"2024-09-11T07:35:53","guid":{"rendered":"https:\/\/agricultural-gear-boxes.com\/product\/factory-direct-sale-4-stage-flatbed-tow-truck-hydraulic-cylinder\/"},"modified":"2024-09-11T07:35:53","modified_gmt":"2024-09-11T07:35:53","slug":"factory-direct-sale-4-stage-flatbed-tow-truck-hydraulic-cylinder","status":"publish","type":"product","link":"https:\/\/agricultural-gear-boxes.com\/es\/product\/factory-direct-sale-4-stage-flatbed-tow-truck-hydraulic-cylinder\/","title":{"rendered":"Venta directa de f\u00e1brica de cilindro hidr\u00e1ulico para gr\u00faa de plataforma plana de 4 etapas"},"content":{"rendered":"<p><!DOCTYPE html><br \/>\n<html><br \/>\n<head><br \/>\n\t<title>Venta directa de f\u00e1brica de cilindro hidr\u00e1ulico para gr\u00faa de plataforma plana de 4 etapas<\/title><br \/>\n<\/head><br \/>\n<body><\/p>\n<h1>Descargo de responsabilidad<\/h1>\n<p>Todo el contenido de esta p\u00e1gina proviene de Internet y el contenido solo se utiliza como referencia para la selecci\u00f3n de productos. Nuestros productos son piezas de repuesto en lugar de repuestos originales; no somos los propietarios de la marca registrada original del contenido. Nuestros productos solo son adecuados para repuestos posventa en lugar de repuestos originales. Nuestras piezas de repuesto pueden adaptarse perfectamente a las piezas de repuesto originales; si necesita comprar repuestos originales, comun\u00edquese con la f\u00e1brica original para comprar. Si necesita comprar repuestos originales, comun\u00edquese con el proveedor original para comprar.<\/p>\n<h2>Haga que su maquinaria funcione sin problemas con nuestro cilindro hidr\u00e1ulico de 4 etapas para gr\u00faas de plataforma plana<\/h2>\n<p>El cilindro hidr\u00e1ulico de 4 etapas para gr\u00faas de plataforma es un elemento indispensable para los operadores de maquinaria que requieren potencia, control y confiabilidad incomparables. Nuestro cilindro hidr\u00e1ulico ofrece un rendimiento eficiente y que ahorra energ\u00eda, lo que lo convierte en una incorporaci\u00f3n vers\u00e1til para su equipo de maquinaria. El cuerpo de acero de gran durabilidad y la certificaci\u00f3n ISO9001:2000 garantizan la seguridad y la confiabilidad, mientras que la estructura est\u00e1ndar con un cilindro de \u00e9mbolo y un potente funcionamiento hidr\u00e1ulico lo convierten en un componente valioso para su maquinaria.<\/p>\n<p>Nuestro cilindro hidr\u00e1ulico tiene diversas aplicaciones y es perfecto para situaciones como gr\u00faas de plataforma, camiones volquete, remolques y maquinaria pesada. El cilindro de alta calidad puede soportar los rigores de las duras condiciones clim\u00e1ticas, cargas pesadas y desgaste constante.<\/p>\n<p>\t<img decoding=\"async\" src=\"https:\/\/img.jiansujichilun.com\/img\/hydrauliccylinders\/T_hydrauliccylinders-5.webp\" alt=\"Cilindro hidr\u00e1ulico para gr\u00faa de plataforma plana\" \/><\/p>\n<h3>Las ventajas del cilindro hidr\u00e1ulico de 4 etapas para gr\u00faas de plataforma plana<\/h3>\n<ul>\n<li>Ahorro de energ\u00eda y rendimiento eficiente<\/li>\n<li>Altamente duradero con un cuerpo de acero robusto.<\/li>\n<li>Seguridad y fiabilidad con certificaci\u00f3n ISO9001:2000<\/li>\n<li>Estructura est\u00e1ndar con un cilindro de \u00e9mbolo.<\/li>\n<li>Potente funcionamiento hidr\u00e1ulico<\/li>\n<li>Funcionamiento suave con m\u00ednimo ruido.<\/li>\n<li>F\u00e1cil instalaci\u00f3n y mantenimiento<\/li>\n<\/ul>\n<h3>Historial y clasificaci\u00f3n del producto<\/h3>\n<p>Los cilindros hidr\u00e1ulicos son un tipo de actuador mec\u00e1nico que se utiliza para proporcionar una fuerza unidireccional a trav\u00e9s de un recorrido unidireccional. Nuestro cilindro hidr\u00e1ulico de 4 etapas para gr\u00faas de plataforma es un cilindro hidr\u00e1ulico telesc\u00f3pico que cuenta con cuatro etapas o secciones, lo que le permite extenderse a longitudes m\u00e1s largas mientras mantiene su resistencia y estabilidad. Esto permite la elevaci\u00f3n y el transporte efectivos de cargas pesadas con facilidad. El cilindro hidr\u00e1ulico se puede clasificar como un cilindro de doble efecto y v\u00e1stago simple, lo que significa que puede aplicar fuerza en ambas direcciones de movimiento.<\/p>\n<h3>Materiales utilizables del producto<\/h3>\n<p>Nuestro cilindro hidr\u00e1ulico est\u00e1 fabricado en acero de alta calidad con acabado cromado. El v\u00e1stago del cilindro est\u00e1 fabricado en acero al carbono de alta resistencia, mientras que el pist\u00f3n est\u00e1 fabricado en hierro fundido. Los sellos est\u00e1n hechos de caucho u otros materiales de alto rendimiento, lo que garantiza que el cilindro permanezca libre de fugas y funcione de manera \u00f3ptima durante per\u00edodos prolongados.<\/p>\n<h3>Instalaci\u00f3n, mantenimiento y reparaci\u00f3n<\/h3>\n<p>The installation of the hydraulic cylinder is relatively straightforward. However, it is essential to follow the manufacturer&#8217;s instructions carefully to avoid any damage to the cylinder or machinery. Routine maintenance is essential to ensure the optimal performance of the hydraulic cylinder. This includes checking the hydraulic fluid levels, replacing the seals, and lubricating the moving parts. If repairs are necessary, it is recommended to have a professional hydraulic technician perform the repairs to ensure that the cylinder is reassembled correctly.<\/p>\n<h2>Otros productos ofrecidos por nuestra empresa<\/h2>\n<p>Adem\u00e1s de nuestros cilindros hidr\u00e1ulicos, nuestra empresa tambi\u00e9n ofrece una amplia gama de engranajes de pl\u00e1stico para uso industrial, incluidas cajas de engranajes agr\u00edcolas, ejes de salida de potencia, ruedas dentadas, acoplamientos hidr\u00e1ulicos, reductores de engranajes helicoidales, cremalleras, cadenas desmontables, poleas y poleas, cajas de engranajes planetarios, poleas de distribuci\u00f3n, bujes y m\u00e1s. Nos enorgullecemos de nuestros productos de alta calidad, precios competitivos y excelente servicio al cliente. Los clientes pueden personalizar nuestros productos con dibujos o muestras para satisfacer sus necesidades \u00fanicas.<\/p>\n<p>\t<img decoding=\"async\" src=\"https:\/\/images.hzpt.com\/2024\/04\/unit-type-flexo-press-factory.webp\" alt=\"Productos industriales\" \/><\/p>\n<h2>Preguntas frecuentes<\/h2>\n<ol>\n<li>\n\t\t\t<b>P: \u00bfQu\u00e9 es un cilindro hidr\u00e1ulico?<\/b><br \/>\n\t\t\tR: Un cilindro hidr\u00e1ulico es un tipo de actuador mec\u00e1nico que se utiliza para proporcionar una fuerza unidireccional a trav\u00e9s de una carrera unidireccional.\n\t\t<\/li>\n<li>\n\t\t\t<b>P: \u00bfDe qu\u00e9 est\u00e1 hecho el cilindro hidr\u00e1ulico de gr\u00faa de plataforma plana de 4 etapas?<\/b><br \/>\n\t\t\tA: Nuestro cilindro hidr\u00e1ulico est\u00e1 fabricado en acero de alta calidad con acabado cromado. El v\u00e1stago del cilindro est\u00e1 fabricado en acero al carbono de alta resistencia, mientras que el pist\u00f3n est\u00e1 fabricado en hierro fundido.\n\t\t<\/li>\n<li>\n\t\t\t<b>P: \u00bfCu\u00e1l es la ventaja de utilizar un cilindro hidr\u00e1ulico?<\/b><br \/>\n\t\t\tA: Los cilindros hidr\u00e1ulicos ofrecen una potencia y un control incomparables, lo que los convierte en un componente valioso para los equipos de maquinaria. Tambi\u00e9n son muy duraderos y ofrecen un rendimiento eficiente y que ahorra energ\u00eda.\n\t\t<\/li>\n<li>\n\t\t\t<b>P: \u00bfC\u00f3mo instalo el cilindro hidr\u00e1ulico?<\/b><br \/>\n\t\t\tA: The installation of the hydraulic cylinder is relatively straightforward. However, it is essential to follow the manufacturer&#8217;s instructions carefully to avoid any damage to the cylinder or machinery.\n\t\t<\/li>\n<li>\n\t\t\t<b>P: \u00bfQu\u00e9 otros productos ofrece su empresa?<\/b><br \/>\n\t\t\tR: Adem\u00e1s de cilindros hidr\u00e1ulicos, nuestra empresa tambi\u00e9n ofrece una amplia gama de engranajes de pl\u00e1stico para uso industrial, incluyendo cajas de engranajes agr\u00edcolas, ejes de salida de potencia, pi\u00f1ones, acoplamientos hidr\u00e1ulicos, reductores de tornillo sin fin, cremalleras, cadenas extra\u00edbles, poleas y poleas, cajas de engranajes planetarios, poleas de distribuci\u00f3n, bujes y m\u00e1s.\n\t\t<\/li>\n<\/ol>\n<p><\/body><br \/>\n<\/html><\/p>","protected":false},"excerpt":{"rendered":"<p>Factory Direct Sale 4 Stage Flatbed Tow Truck Hydraulic Cylinder Disclaimer All the content on this page comes from the internet, and the content is only used as a reference for product selection. Our products are replacement parts rather than original spare parts; we are not the holder of the original trademark of the content. [&hellip;]<\/p>","protected":false},"featured_media":4563,"template":"","meta":{"_et_pb_use_builder":"","_et_pb_old_content":"","_et_gb_content_width":""},"product_brand":[],"product_cat":[11327],"product_tag":[],"class_list":{"0":"post-4564","1":"product","2":"type-product","3":"status-publish","4":"has-post-thumbnail","6":"product_cat-telescopic-hydraulic-cylinder","8":"first","9":"instock","10":"shipping-taxable","11":"product-type-simple"},"_links":{"self":[{"href":"https:\/\/agricultural-gear-boxes.com\/es\/wp-json\/wp\/v2\/product\/4564","targetHints":{"allow":["GET"]}}],"collection":[{"href":"https:\/\/agricultural-gear-boxes.com\/es\/wp-json\/wp\/v2\/product"}],"about":[{"href":"https:\/\/agricultural-gear-boxes.com\/es\/wp-json\/wp\/v2\/types\/product"}],"wp:featuredmedia":[{"embeddable":true,"href":"https:\/\/agricultural-gear-boxes.com\/es\/wp-json\/wp\/v2\/media\/4563"}],"wp:attachment":[{"href":"https:\/\/agricultural-gear-boxes.com\/es\/wp-json\/wp\/v2\/media?parent=4564"}],"wp:term":[{"taxonomy":"product_brand","embeddable":true,"href":"https:\/\/agricultural-gear-boxes.com\/es\/wp-json\/wp\/v2\/product_brand?post=4564"},{"taxonomy":"product_cat","embeddable":true,"href":"https:\/\/agricultural-gear-boxes.com\/es\/wp-json\/wp\/v2\/product_cat?post=4564"},{"taxonomy":"product_tag","embeddable":true,"href":"https:\/\/agricultural-gear-boxes.com\/es\/wp-json\/wp\/v2\/product_tag?post=4564"}],"curies":[{"name":"wp","href":"https:\/\/api.w.org\/{rel}","templated":true}]}}