{"id":4568,"date":"2024-09-11T07:35:55","date_gmt":"2024-09-11T07:35:55","guid":{"rendered":"https:\/\/agricultural-gear-boxes.com\/product\/factory-price-multi-stage-flatbed-tow-truck-hydraulic-cylinder\/"},"modified":"2024-09-11T07:35:56","modified_gmt":"2024-09-11T07:35:56","slug":"factory-price-multi-stage-flatbed-tow-truck-hydraulic-cylinder","status":"publish","type":"product","link":"https:\/\/agricultural-gear-boxes.com\/es\/product\/factory-price-multi-stage-flatbed-tow-truck-hydraulic-cylinder\/","title":{"rendered":"Cilindro hidr\u00e1ulico para gr\u00faa de plataforma plana de varias etapas a precio de f\u00e1brica"},"content":{"rendered":"<p>Todo el contenido de esta p\u00e1gina proviene de Internet y el contenido solo se utiliza como referencia para la selecci\u00f3n de productos. Nuestros productos son piezas de repuesto en lugar de repuestos originales; no somos los propietarios de la marca registrada original del contenido. Nuestros productos solo son adecuados para repuestos posventa en lugar de repuestos originales. Nuestras piezas de repuesto pueden adaptarse perfectamente a las piezas de repuesto originales; si necesita comprar repuestos originales, comun\u00edquese con la f\u00e1brica original para comprar. Si necesita comprar repuestos originales, comun\u00edquese con el proveedor original para comprar.<\/p>\n<p><h2>Presentamos el cilindro hidr\u00e1ulico para gr\u00faa de plataforma plana de m\u00faltiples etapas a precio de f\u00e1brica<\/h2><\/p>\n<p>Nuestro cilindro hidr\u00e1ulico para gr\u00faa de plataforma multietapa a precio de f\u00e1brica es un producto de \u00faltima generaci\u00f3n, est\u00e1ndar y de nuevo dise\u00f1o que es perfecto para diversas industrias aplicables, como talleres de reparaci\u00f3n de maquinaria, granjas, energ\u00eda y miner\u00eda, fabricaci\u00f3n de maquinaria y f\u00e1bricas. <\/p>\n<p>Este cilindro hidr\u00e1ulico est\u00e1 fabricado con un cuerpo de acero resistente, lo que lo hace duradero y confiable. Est\u00e1 dise\u00f1ado para proporcionar un empuje y una tracci\u00f3n m\u00e1ximos de 3000 y 20 toneladas, respectivamente. Nuestro cilindro hidr\u00e1ulico es multietapa, lo que lo hace vers\u00e1til para diversas aplicaciones. Est\u00e1 certificado con ISO9001:2000, lo que garantiza los m\u00e1s altos est\u00e1ndares de calidad.<\/p>\n<p><h3>Escenarios de uso<\/h3><\/p>\n<p>Nuestro cilindro hidr\u00e1ulico se usa ampliamente en aplicaciones que requieren alta fuerza y movimiento lineal, lo que lo hace muy adecuado para su uso en talleres de reparaci\u00f3n de maquinaria, granjas, industrias energ\u00e9ticas y mineras, fabricaci\u00f3n de maquinaria y f\u00e1bricas. <\/p>\n<p><img decoding=\"async\" src=\"https:\/\/img.jiansujichilun.com\/img\/hydrauliccylinders\/T_hydrauliccylinders-5.webp\" alt=\"Cilindro hidr\u00e1ulico\" \/><\/p>\n<p><h3>Historial y clasificaci\u00f3n del producto<\/h3><\/p>\n<p>Los cilindros hidr\u00e1ulicos se han utilizado desde los primeros a\u00f1os de la Revoluci\u00f3n Industrial y desde entonces han evolucionado hasta convertirse en varios tipos con diferentes aplicaciones. Nuestro cilindro hidr\u00e1ulico es un cilindro hidr\u00e1ulico de m\u00faltiples etapas para gr\u00faas de plataforma plana que es perfecto para diversas industrias.<\/p>\n<p><h3>Ventajas y descripci\u00f3n del material<\/h3><\/p>\n<p>Nuestro cilindro hidr\u00e1ulico es de alto rendimiento, de bajo consumo energ\u00e9tico y de seguridad garantizada. Est\u00e1 fabricado con un cuerpo de acero resistente, lo que lo hace duradero y confiable.<\/p>\n<p><h3>Instalaci\u00f3n, mantenimiento, reparaci\u00f3n y reemplazo<\/h3><\/p>\n<p>Nuestro cilindro hidr\u00e1ulico es f\u00e1cil de instalar y mantener. Para garantizar un rendimiento \u00f3ptimo, se recomienda un mantenimiento regular. En caso de da\u00f1os, nuestras piezas de repuesto pueden adaptarse perfectamente a las piezas de repuesto originales, lo que hace que el reemplazo sea f\u00e1cil y sin complicaciones.<\/p>\n<p><h2>Otros negocios de productos<\/h2><\/p>\n<p>Adem\u00e1s de cilindros hidr\u00e1ulicos, tambi\u00e9n suministramos diversos engranajes de pl\u00e1stico para uso industrial, como cajas de cambios agr\u00edcolas, ejes de salida de potencia, pi\u00f1ones, acoplamientos hidr\u00e1ulicos, reductores de tornillo sin fin, cremalleras, cadenas desmontables, poleas y poleas, reductores planetarios, poleas de distribuci\u00f3n, bujes, etc.<\/p>\n<p><img decoding=\"async\" src=\"https:\/\/images.hzpt.com\/2024\/04\/unit-type-flexo-press-factory.webp\" alt=\"Negocio de productos\" \/><\/p>\n<p><h2>Preguntas frecuentes<\/h2><\/p>\n<p><strong>P: \u00bfQu\u00e9 es un cilindro hidr\u00e1ulico?<\/strong><\/p>\n<p>R: Un cilindro hidr\u00e1ulico es un actuador mec\u00e1nico que se utiliza para proporcionar fuerza unidireccional a trav\u00e9s de una carrera unidireccional.<\/p>\n<p><strong>P: \u00bfCu\u00e1les son las ventajas de utilizar un cilindro hidr\u00e1ulico?<\/strong><\/p>\n<p>R: Los cilindros hidr\u00e1ulicos son energ\u00e9ticamente eficientes, de alto rendimiento y seguros, lo que los hace muy adecuados para diversas industrias.<\/p>\n<p><strong>P: \u00bfC\u00f3mo instalo un cilindro hidr\u00e1ulico?<\/strong><\/p>\n<p>R: Nuestro cilindro hidr\u00e1ulico es f\u00e1cil de instalar y mantener. Para obtener un rendimiento \u00f3ptimo, siga nuestra gu\u00eda de instalaci\u00f3n.<\/p>\n<p><strong>P: \u00bfC\u00f3mo mantengo y reparo un cilindro hidr\u00e1ulico?<\/strong><\/p>\n<p>A: Se recomienda realizar un mantenimiento regular para garantizar un rendimiento \u00f3ptimo. En caso de da\u00f1os, nuestras piezas de repuesto pueden adaptarse perfectamente a las piezas de repuesto originales, lo que hace que el reemplazo sea f\u00e1cil y sin complicaciones.<\/p>\n<p><strong>P: \u00bfPuedo personalizar mi cilindro hidr\u00e1ulico?<\/strong><\/p>\n<p>R: S\u00ed, invitamos a los clientes a personalizar su cilindro hidr\u00e1ulico con dibujos y muestras.<\/p>","protected":false},"excerpt":{"rendered":"<p>All the content on this page comes from the internet, and the content is only used as a reference for product selection. Our products are replacement parts rather than original spare parts; we are not the holder of the original trademark of the content. Our products are only suitable for after-sales replacement parts rather than [&hellip;]<\/p>","protected":false},"featured_media":4567,"template":"","meta":{"_et_pb_use_builder":"","_et_pb_old_content":"","_et_gb_content_width":""},"product_brand":[],"product_cat":[11327],"product_tag":[],"class_list":{"0":"post-4568","1":"product","2":"type-product","3":"status-publish","4":"has-post-thumbnail","6":"product_cat-telescopic-hydraulic-cylinder","8":"first","9":"instock","10":"shipping-taxable","11":"product-type-simple"},"_links":{"self":[{"href":"https:\/\/agricultural-gear-boxes.com\/es\/wp-json\/wp\/v2\/product\/4568","targetHints":{"allow":["GET"]}}],"collection":[{"href":"https:\/\/agricultural-gear-boxes.com\/es\/wp-json\/wp\/v2\/product"}],"about":[{"href":"https:\/\/agricultural-gear-boxes.com\/es\/wp-json\/wp\/v2\/types\/product"}],"wp:featuredmedia":[{"embeddable":true,"href":"https:\/\/agricultural-gear-boxes.com\/es\/wp-json\/wp\/v2\/media\/4567"}],"wp:attachment":[{"href":"https:\/\/agricultural-gear-boxes.com\/es\/wp-json\/wp\/v2\/media?parent=4568"}],"wp:term":[{"taxonomy":"product_brand","embeddable":true,"href":"https:\/\/agricultural-gear-boxes.com\/es\/wp-json\/wp\/v2\/product_brand?post=4568"},{"taxonomy":"product_cat","embeddable":true,"href":"https:\/\/agricultural-gear-boxes.com\/es\/wp-json\/wp\/v2\/product_cat?post=4568"},{"taxonomy":"product_tag","embeddable":true,"href":"https:\/\/agricultural-gear-boxes.com\/es\/wp-json\/wp\/v2\/product_tag?post=4568"}],"curies":[{"name":"wp","href":"https:\/\/api.w.org\/{rel}","templated":true}]}}