{"id":4570,"date":"2024-09-11T07:35:57","date_gmt":"2024-09-11T07:35:57","guid":{"rendered":"https:\/\/agricultural-gear-boxes.com\/product\/hot-sale-5-stage-tow-truck-hydraulic-cylinder-for-sale\/"},"modified":"2024-09-11T07:35:57","modified_gmt":"2024-09-11T07:35:57","slug":"hot-sale-5-stage-tow-truck-hydraulic-cylinder-for-sale","status":"publish","type":"product","link":"https:\/\/agricultural-gear-boxes.com\/es\/product\/hot-sale-5-stage-tow-truck-hydraulic-cylinder-for-sale\/","title":{"rendered":"Venta caliente de cilindro hidr\u00e1ulico para gr\u00faa de 5 etapas"},"content":{"rendered":"<p><html><\/p>\n<h2>Venta caliente de cilindro hidr\u00e1ulico para gr\u00faa de 5 etapas<\/h2>\n<p>Todo el contenido de esta p\u00e1gina proviene de Internet y solo se utiliza como referencia para la selecci\u00f3n de productos. Nuestros productos son piezas de repuesto y no repuestos originales; no somos los propietarios de la marca registrada original del contenido. Nuestros productos solo son adecuados para repuestos posventa en lugar de repuestos originales. Nuestras piezas de repuesto pueden adaptarse perfectamente a las piezas de repuesto originales; si necesita comprar repuestos originales, comun\u00edquese con la f\u00e1brica original para comprar. Si necesita comprar repuestos originales, comun\u00edquese con el proveedor original para comprar.<\/p>\n<h2>Presentamos nuestro cilindro hidr\u00e1ulico de 5 etapas para gr\u00faas de primera l\u00ednea<\/h2>\n<p>Our 5 Stage Tow Truck Hydraulic Cylinder is a premium product designed for maximum efficiency and durability. This hydraulic cylinder is perfect for various industries including machinery repair shops, farms, energy &#038; mining, machinery manufacturing, and machinery factories. Its robust design, high-quality materials, and state-of-the-art hydraulic power make it an indispensable tool for any heavy-duty task. <\/p>\n<h3>Escenario de uso<\/h3>\n<p><img decoding=\"async\" src=\"https:\/\/img.jiansujichilun.com\/img\/hydrauliccylinders\/T_hydrauliccylinders-5.webp\" alt=\"Cilindro hidr\u00e1ulico de gr\u00faa de 5 etapas\" \/><\/p>\n<ul>\n<li>Talleres de reparaci\u00f3n de maquinaria<\/li>\n<li>Granjas<\/li>\n<li>Energy &#038; mining<\/li>\n<li>Fabricaci\u00f3n de maquinaria<\/li>\n<li>F\u00e1bricas de maquinaria<\/li>\n<\/ul>\n<p>Nuestro cilindro hidr\u00e1ulico de 5 etapas para gr\u00faas se puede utilizar en una amplia gama de aplicaciones. Proporciona potencia confiable y soporte de control para diversos equipos mec\u00e1nicos y de ingenier\u00eda. Su dise\u00f1o de ahorro de energ\u00eda permite una alta eficiencia, mientras que sus caracter\u00edsticas de seguridad brindan tranquilidad durante la operaci\u00f3n. <\/p>\n<h3>Historial del producto<\/h3>\n<p>The history of hydraulic cylinders dates back to the early 20th century when they were first used in the construction of the world&#8217;s tallest building, the Empire State Building. Hydraulic cylinders have come a long way since then and are now an indispensable tool for heavy-duty tasks in various industries.<\/p>\n<h3>Clasificaci\u00f3n de productos<\/h3>\n<p>Nuestro cilindro hidr\u00e1ulico de 5 etapas para gr\u00faas es un tipo de cilindro hidr\u00e1ulico telesc\u00f3pico. Utiliza una serie de tubos de diferentes di\u00e1metros para producir la fuerza requerida. <\/p>\n<h3>Ventajas del producto<\/h3>\n<ul>\n<li>Alta eficiencia<\/li>\n<li>Dise\u00f1o de ahorro de energ\u00eda<\/li>\n<li>Caracter\u00edsticas de seguridad<\/li>\n<li>Sistema hidr\u00e1ulico optimizado y principio de funcionamiento para un m\u00e1ximo rendimiento y fiabilidad.<\/li>\n<li>Larga vida \u00fatil gracias al material del cuerpo de acero duradero y de alta calidad.<\/li>\n<\/ul>\n<h3>Materiales utilizables del producto<\/h3>\n<p>Nuestro cilindro hidr\u00e1ulico de gr\u00faa de 5 etapas est\u00e1 hecho de acero de alta calidad, lo que garantiza una larga vida \u00fatil y un excelente rendimiento. <\/p>\n<h3>Instalaci\u00f3n, mantenimiento y reparaci\u00f3n<\/h3>\n<p>La instalaci\u00f3n, el mantenimiento y la reparaci\u00f3n de nuestro cilindro hidr\u00e1ulico de 5 etapas para gr\u00faas deben ser realizados por profesionales calificados. Es necesario un mantenimiento regular para garantizar un rendimiento \u00f3ptimo y prolongar la vida \u00fatil del cilindro hidr\u00e1ulico. <\/p>\n<h3>Reemplazo de producto<\/h3>\n<p>Si necesita reemplazar nuestro cilindro hidr\u00e1ulico de gr\u00faa de 5 etapas, comun\u00edquese con nosotros para obtener una pieza de repuesto compatible.<\/p>\n<h2>Acerca de nuestra empresa<\/h2>\n<p>Suministramos principalmente diversos engranajes de pl\u00e1stico para uso industrial, como cajas de engranajes agr\u00edcolas, ejes de salida de potencia, pi\u00f1ones, acoplamientos hidr\u00e1ulicos, reductores de tornillo sin fin, cremalleras, cadenas extra\u00edbles, poleas y poleas, cajas de engranajes planetarios, poleas de distribuci\u00f3n, bujes, etc. Nuestros productos de alta calidad, excelentes servicios y precios competitivos nos han ganado un nombre de buena reputaci\u00f3n entre los clientes de todo el mundo. <\/p>\n<p><img decoding=\"async\" src=\"https:\/\/images.hzpt.com\/2024\/04\/unit-type-flexo-press-factory.webp\" alt=\"Productos de la empresa\" \/><\/p>\n<h2>Preguntas frecuentes<\/h2>\n<ul>\n<li><b>P: \u00bfEs usted una empresa comercial o un fabricante?<\/b><br \/>\n    A: Somos una f\u00e1brica.<\/li>\n<li><b>P: \u00bfCu\u00e1nto tiempo dura el env\u00edo?<\/b><br \/>\n    R: Generalmente son entre 25 y 35 d\u00edas.<\/li>\n<li><b>P: \u00bfOfrecen muestras? \u00bfSon gratuitas o tienen un costo adicional?<\/b><br \/>\n    A: Yes, we could offer the sample but it&#8217;s not free.<\/li>\n<li><b>P: \u00bfC\u00f3mo puedo comprar sus productos?<\/b><br \/>\n    A: P\u00f3ngase en contacto con nosotros para realizar la compra. Tambi\u00e9n puede personalizarlo con dibujos o muestras.<\/li>\n<li><b>P: \u00bfCu\u00e1l es el per\u00edodo de garant\u00eda de sus productos?<\/b><br \/>\n    R: El per\u00edodo de garant\u00eda de nuestros componentes principales, incluidos los cojinetes y el cilindro hidr\u00e1ulico, es de 1 a\u00f1o.<\/li>\n<\/ul>\n<p><\/html><\/p>","protected":false},"excerpt":{"rendered":"<p>Hot Sale 5 Stage Tow Truck Hydraulic Cylinder for Sale All content on this page is from the Internet and is only used as a reference for product selection. Our products are replacement parts rather than original spare parts; we are not the holder of the original trademark of the content. Our products are only [&hellip;]<\/p>","protected":false},"featured_media":4569,"template":"","meta":{"_et_pb_use_builder":"","_et_pb_old_content":"","_et_gb_content_width":""},"product_brand":[],"product_cat":[11327],"product_tag":[],"class_list":{"0":"post-4570","1":"product","2":"type-product","3":"status-publish","4":"has-post-thumbnail","6":"product_cat-telescopic-hydraulic-cylinder","8":"first","9":"instock","10":"shipping-taxable","11":"product-type-simple"},"_links":{"self":[{"href":"https:\/\/agricultural-gear-boxes.com\/es\/wp-json\/wp\/v2\/product\/4570","targetHints":{"allow":["GET"]}}],"collection":[{"href":"https:\/\/agricultural-gear-boxes.com\/es\/wp-json\/wp\/v2\/product"}],"about":[{"href":"https:\/\/agricultural-gear-boxes.com\/es\/wp-json\/wp\/v2\/types\/product"}],"wp:featuredmedia":[{"embeddable":true,"href":"https:\/\/agricultural-gear-boxes.com\/es\/wp-json\/wp\/v2\/media\/4569"}],"wp:attachment":[{"href":"https:\/\/agricultural-gear-boxes.com\/es\/wp-json\/wp\/v2\/media?parent=4570"}],"wp:term":[{"taxonomy":"product_brand","embeddable":true,"href":"https:\/\/agricultural-gear-boxes.com\/es\/wp-json\/wp\/v2\/product_brand?post=4570"},{"taxonomy":"product_cat","embeddable":true,"href":"https:\/\/agricultural-gear-boxes.com\/es\/wp-json\/wp\/v2\/product_cat?post=4570"},{"taxonomy":"product_tag","embeddable":true,"href":"https:\/\/agricultural-gear-boxes.com\/es\/wp-json\/wp\/v2\/product_tag?post=4570"}],"curies":[{"name":"wp","href":"https:\/\/api.w.org\/{rel}","templated":true}]}}