{"id":4578,"date":"2024-09-11T07:36:01","date_gmt":"2024-09-11T07:36:01","guid":{"rendered":"https:\/\/agricultural-gear-boxes.com\/product\/factory-direct-sale-telescopic-double-acting-dump-truck-hydraulic-cylinder\/"},"modified":"2024-09-11T07:36:02","modified_gmt":"2024-09-11T07:36:02","slug":"factory-direct-sale-telescopic-double-acting-dump-truck-hydraulic-cylinder","status":"publish","type":"product","link":"https:\/\/agricultural-gear-boxes.com\/es\/product\/factory-direct-sale-telescopic-double-acting-dump-truck-hydraulic-cylinder\/","title":{"rendered":"Venta directa de f\u00e1brica de cilindro hidr\u00e1ulico de cami\u00f3n volquete telesc\u00f3pico de doble efecto"},"content":{"rendered":"<p>Todo el contenido de esta p\u00e1gina procede de Internet y se utiliza \u00fanicamente como referencia para la selecci\u00f3n de productos. Nuestros productos son piezas de repuesto y no piezas de repuesto originales. No somos los propietarios de la marca registrada original del contenido. Nuestras piezas de repuesto pueden adaptarse perfectamente a las piezas de repuesto originales, pero si necesita comprar piezas de repuesto originales, p\u00f3ngase en contacto con el proveedor original para realizar la compra.<\/p>\n<p><h2>Cilindro hidr\u00e1ulico de doble efecto para volquetes telesc\u00f3picos: caracter\u00edsticas, historia, ventajas y m\u00e1s<\/h2><\/p>\n<p>The Telescopic Double Acting Dump Truck Hydraulic Cylinder is a versatile and indispensable tool in various industries such as machinery repair shops, farms, energy &#038; mining, machinery manufacturing, and machinery factories. It is designed to provide a high level of efficiency, energy-saving, and safety in operations. It is commonly used to move heavy loads, such as those found in dump trucks.<\/p>\n<p>Este cilindro hidr\u00e1ulico se encuentra en estado nuevo y cuenta con una garant\u00eda de 1 a\u00f1o. Pesa 23 kg y es un cilindro hidr\u00e1ulico de varias etapas. Su tracci\u00f3n m\u00e1xima es de 20 toneladas y est\u00e1 certificado seg\u00fan la norma ISO9001:2000. Las especificaciones t\u00e9cnicas incluyen un di\u00e1metro interior de 2 a 6 pulgadas, un tama\u00f1o de v\u00e1stago de 1,125 a 4 pulgadas, un tama\u00f1o de carrera de 4 a 100 pulgadas, un tama\u00f1o de pasador de 0,5 a 2 pulgadas y puertos G\/SAE\/NPT\/M.<\/p>\n<p>Una de las caracter\u00edsticas \u00fanicas de este producto es su ahorro de energ\u00eda, alta eficiencia y caracter\u00edsticas de seguridad. Est\u00e1 dise\u00f1ado para aplicaciones vers\u00e1tiles y un rendimiento \u00f3ptimo. Est\u00e1 fabricado con materiales de alta calidad y se somete a estrictas medidas de control de calidad para garantizar un rendimiento superior y una larga vida \u00fatil.<\/p>\n<p>El cilindro hidr\u00e1ulico de doble efecto para camiones volquete telesc\u00f3picos se puede fabricar con diversos materiales, como aluminio, acero al carbono y acero inoxidable. La elecci\u00f3n del material depende de la aplicaci\u00f3n y del entorno en el que se utilizar\u00e1 el cilindro. El cilindro hidr\u00e1ulico se puede instalar en posici\u00f3n horizontal o vertical, seg\u00fan la aplicaci\u00f3n.<\/p>\n<p>To maintain the hydraulic cylinder, it is important to perform regular maintenance and inspections. This includes checking the seals, cleaning the cylinder, and replacing any worn or damaged parts. If the hydraulic cylinder needs to be replaced, it is important to follow the manufacturer&#8217;s instructions carefully to ensure proper installation.<\/p>\n<p>Con el paso de los a\u00f1os, los cilindros hidr\u00e1ulicos han evolucionado para satisfacer las necesidades cambiantes de la industria. El primer cilindro hidr\u00e1ulico se invent\u00f3 a principios del siglo XIX y se utiliz\u00f3 en la construcci\u00f3n de los muelles de Londres. Desde entonces, los cilindros hidr\u00e1ulicos se han convertido en un componente esencial en muchas industrias, proporcionando potencia confiable y soporte de control para diversos equipos mec\u00e1nicos y de ingenier\u00eda.<\/p>\n<p><h3>Preguntas frecuentes<\/h3><\/p>\n<p><b>P: \u00bfQu\u00e9 industrias utilizan com\u00fanmente el cilindro hidr\u00e1ulico de cami\u00f3n volquete telesc\u00f3pico de doble acci\u00f3n?<\/b><br \/>\nA: This cylinder is commonly used in machinery repair shops, farms, energy &#038; mining, machinery manufacturing, and machinery factories.<\/p>\n<p><b>P: \u00bfDe qu\u00e9 materiales puede estar hecho el cilindro hidr\u00e1ulico?<\/b><br \/>\nR: El cilindro hidr\u00e1ulico puede estar hecho de diversos materiales, entre ellos aluminio, acero al carbono y acero inoxidable. La elecci\u00f3n del material depende de la aplicaci\u00f3n y del entorno en el que se utilizar\u00e1 el cilindro.<\/p>\n<p><b>P: \u00bfC\u00f3mo realizo el mantenimiento del cilindro hidr\u00e1ulico?<\/b><br \/>\nR: Para mantener el cilindro hidr\u00e1ulico, es importante realizar tareas de mantenimiento e inspecci\u00f3n peri\u00f3dicas. Esto incluye revisar los sellos, limpiar el cilindro y reemplazar las piezas desgastadas o da\u00f1adas.<\/p>\n<p><b>P: \u00bfC\u00f3mo instalo el cilindro hidr\u00e1ulico?<\/b><br \/>\nA: If the hydraulic cylinder needs to be replaced, it is important to follow the manufacturer&#8217;s instructions carefully to ensure proper installation.<\/p>\n<p><b>P: \u00bfQu\u00e9 otros productos ofrece su empresa?<\/b><br \/>\nA: Suministramos principalmente diversos engranajes de pl\u00e1stico para uso industrial, como cajas de engranajes agr\u00edcolas, ejes de salida de potencia, pi\u00f1ones, acoplamientos hidr\u00e1ulicos, reductores de tornillo sin fin, cremalleras, cadenas extra\u00edbles, poleas y poleas, cajas de engranajes planetarios, poleas de distribuci\u00f3n, bujes, etc.<\/p>\n<p><img decoding=\"async\" src=\"https:\/\/images.hzpt.com\/2024\/04\/unit-type-flexo-press-factory.webp\" alt=\"Engranajes de pl\u00e1stico para uso industrial\" \/><\/p>","protected":false},"excerpt":{"rendered":"<p>All content on this page is sourced from the Internet and is only used as a reference for product selection. Our products are replacement parts rather than original spare parts. We are not the holder of the original trademark of the content. Our replacement parts can perfectly fit the original spare parts, but if you [&hellip;]<\/p>","protected":false},"featured_media":4577,"template":"","meta":{"_et_pb_use_builder":"","_et_pb_old_content":"","_et_gb_content_width":""},"product_brand":[],"product_cat":[11327],"product_tag":[],"class_list":{"0":"post-4578","1":"product","2":"type-product","3":"status-publish","4":"has-post-thumbnail","6":"product_cat-telescopic-hydraulic-cylinder","8":"first","9":"instock","10":"shipping-taxable","11":"product-type-simple"},"_links":{"self":[{"href":"https:\/\/agricultural-gear-boxes.com\/es\/wp-json\/wp\/v2\/product\/4578","targetHints":{"allow":["GET"]}}],"collection":[{"href":"https:\/\/agricultural-gear-boxes.com\/es\/wp-json\/wp\/v2\/product"}],"about":[{"href":"https:\/\/agricultural-gear-boxes.com\/es\/wp-json\/wp\/v2\/types\/product"}],"wp:featuredmedia":[{"embeddable":true,"href":"https:\/\/agricultural-gear-boxes.com\/es\/wp-json\/wp\/v2\/media\/4577"}],"wp:attachment":[{"href":"https:\/\/agricultural-gear-boxes.com\/es\/wp-json\/wp\/v2\/media?parent=4578"}],"wp:term":[{"taxonomy":"product_brand","embeddable":true,"href":"https:\/\/agricultural-gear-boxes.com\/es\/wp-json\/wp\/v2\/product_brand?post=4578"},{"taxonomy":"product_cat","embeddable":true,"href":"https:\/\/agricultural-gear-boxes.com\/es\/wp-json\/wp\/v2\/product_cat?post=4578"},{"taxonomy":"product_tag","embeddable":true,"href":"https:\/\/agricultural-gear-boxes.com\/es\/wp-json\/wp\/v2\/product_tag?post=4578"}],"curies":[{"name":"wp","href":"https:\/\/api.w.org\/{rel}","templated":true}]}}