{"id":4586,"date":"2024-09-11T07:36:06","date_gmt":"2024-09-11T07:36:06","guid":{"rendered":"https:\/\/agricultural-gear-boxes.com\/product\/hot-sale-3-stage-trailer-hydraulic-telescopic-cylinder\/"},"modified":"2024-09-11T07:36:07","modified_gmt":"2024-09-11T07:36:07","slug":"hot-sale-3-stage-trailer-hydraulic-telescopic-cylinder","status":"publish","type":"product","link":"https:\/\/agricultural-gear-boxes.com\/es\/product\/hot-sale-3-stage-trailer-hydraulic-telescopic-cylinder\/","title":{"rendered":"Venta caliente de cilindro telesc\u00f3pico hidr\u00e1ulico de 3 etapas para remolque"},"content":{"rendered":"<p>Todo el contenido de esta p\u00e1gina proviene de Internet y el contenido solo se utiliza como referencia para la selecci\u00f3n de productos. Nuestros productos son piezas de repuesto en lugar de repuestos originales; no somos el titular de la marca registrada original del contenido. Nuestros productos solo son adecuados para repuestos posventa en lugar de repuestos originales. Nuestras piezas de repuesto pueden adaptarse perfectamente a las piezas de repuesto originales; si necesita comprar repuestos originales, comun\u00edquese con la f\u00e1brica original para comprar. Si necesita comprar repuestos originales, comun\u00edquese con el proveedor original para comprar.<\/p>\n<p><h2>Hot Sale 3 Stage Trailer Hydraulic Telescopic Cylinder &#8211; Perfect Replacement Part for Your Needs<\/h2><\/p>\n<p>Los cilindros hidr\u00e1ulicos y las unidades de potencia son componentes esenciales en los sistemas hidr\u00e1ulicos, y nuestro cilindro telesc\u00f3pico hidr\u00e1ulico de 3 etapas para remolque de gran oferta es la pieza de repuesto perfecta para las necesidades de su maquinaria. Con un cuerpo de acero de alta calidad y un empuje m\u00e1ximo de 3000, este cilindro hidr\u00e1ulico multietapa est\u00e1 dise\u00f1ado para potencia hidr\u00e1ulica y cuenta con una tracci\u00f3n m\u00e1xima de 20 toneladas. El tama\u00f1o del orificio var\u00eda de 2 a 6 pulgadas, con un tama\u00f1o de varilla que var\u00eda de 1,125 a 4 pulgadas. El tama\u00f1o de la carrera comienza desde 4 pulgadas y se extiende hasta 100 pulgadas, con un tama\u00f1o de pasador de 0,5 a 2 pulgadas. El cilindro hidr\u00e1ulico viene en un elegante color negro, con la certificaci\u00f3n ISO9001: 2000.<\/p>\n<p>Este cilindro hidr\u00e1ulico es aplicable a talleres de reparaci\u00f3n de maquinaria, granjas, energ\u00eda y miner\u00eda, fabricaci\u00f3n de maquinaria y f\u00e1bricas de maquinaria. Es perfecto para diversos equipos de ingenier\u00eda y mec\u00e1nicos, como maquinaria de construcci\u00f3n y agr\u00edcola. El cilindro telesc\u00f3pico hidr\u00e1ulico para remolque de 3 etapas de gran venta puede convertir la energ\u00eda hidr\u00e1ulica en movimiento mec\u00e1nico, convirtiendo la presi\u00f3n en fuerza. Fabricado con materiales de alta calidad, este cilindro hidr\u00e1ulico ahorra energ\u00eda, es eficiente y seguro de usar. <\/p>\n<p><img decoding=\"async\" src=\"https:\/\/img.jiansujichilun.com\/img\/hydrauliccylinders\/T_hydrauliccylinders-5.webp\" alt=\"Escenario de uso del cilindro hidr\u00e1ulico\" \/><\/p>\n<p><h3>Historia del producto, clasificaci\u00f3n y ventajas<\/h3><\/p>\n<p>Los cilindros hidr\u00e1ulicos se han utilizado desde finales del siglo XVIII y siguen siendo esenciales en la maquinaria moderna. El cilindro telesc\u00f3pico hidr\u00e1ulico de 3 etapas para remolques de Hot Sale es un cilindro hidr\u00e1ulico de m\u00faltiples etapas que proporciona un importante soporte de potencia y control para varios equipos mec\u00e1nicos y de ingenier\u00eda. Nuestro cilindro est\u00e1 hecho de materiales de alta calidad, como acero, y ha sido sometido a varias pruebas para garantizar su durabilidad y un uso duradero. El cilindro telesc\u00f3pico hidr\u00e1ulico de 3 etapas para remolques de Hot Sale es una pieza de repuesto perfecta para las necesidades de su maquinaria y est\u00e1 disponible a un precio competitivo.<\/p>\n<p>Nuestro cilindro telesc\u00f3pico hidr\u00e1ulico de 3 etapas para remolques de gran venta ahorra energ\u00eda, es eficiente y seguro de usar. Est\u00e1 equipado con caracter\u00edsticas \u00fanicas que lo distinguen del resto. Nuestro cilindro hidr\u00e1ulico est\u00e1 dise\u00f1ado para brindar un rendimiento \u00f3ptimo en maquinaria y equipo, y puede convertir la energ\u00eda hidr\u00e1ulica en movimiento mec\u00e1nico con facilidad. <\/p>\n<p><h3>Materiales utilizables del producto, instalaci\u00f3n, mantenimiento, reparaci\u00f3n y reemplazo<\/h3><\/p>\n<p>El cilindro telesc\u00f3pico hidr\u00e1ulico para remolque de 3 etapas de Hot Sale est\u00e1 fabricado con materiales de alta calidad, como acero, para garantizar un uso duradero. Es f\u00e1cil de instalar y se puede mantener con un m\u00ednimo esfuerzo. Si se necesitan reparaciones, recomendamos buscar la ayuda de un profesional para asegurarse de que el cilindro hidr\u00e1ulico est\u00e9 fijado correctamente. Si necesita reemplazar el cilindro, ofrecemos una amplia gama de cilindros hidr\u00e1ulicos y unidades de potencia para todas sus necesidades de maquinaria. <\/p>\n<p><h2>Otros negocios de productos de nuestra empresa<\/h2><\/p>\n<p>Adem\u00e1s de nuestro cilindro telesc\u00f3pico hidr\u00e1ulico de 3 etapas para remolque de venta caliente, tambi\u00e9n ofrecemos varios engranajes de pl\u00e1stico para uso industrial, como cajas de engranajes agr\u00edcolas, ejes de salida de potencia, pi\u00f1ones, acoplamientos hidr\u00e1ulicos, reductores de tornillo sin fin, cremalleras, cadenas extra\u00edbles, poleas, poleas, cajas de engranajes planetarios, poleas de distribuci\u00f3n, bujes, etc. Nuestros productos son de la m\u00e1s alta calidad, est\u00e1n disponibles a un precio competitivo y se pueden personalizar con dibujos o muestras seg\u00fan sus necesidades. <\/p>\n<p><img decoding=\"async\" src=\"https:\/\/images.hzpt.com\/2024\/04\/unit-type-flexo-press-factory.webp\" alt=\"Otros negocios de productos de nuestra empresa\" \/><\/p>\n<p><h2>Preguntas frecuentes<\/h2><\/p>\n<p><q>1. \u00bfCu\u00e1l es la garant\u00eda de este cilindro hidr\u00e1ulico?<\/q><br \/>\n<a>1. Este cilindro hidr\u00e1ulico viene con una garant\u00eda de 1 a\u00f1o.<\/a><\/p>\n<p><q>2. \u00bfCu\u00e1l es el empuje m\u00e1ximo de este cilindro hidr\u00e1ulico?<\/q><br \/>\n<a>2. El empuje m\u00e1ximo de este cilindro hidr\u00e1ulico es de 3000.<\/a><\/p>\n<p><q>3. \u00bfA qu\u00e9 industrias se aplica este cilindro hidr\u00e1ulico?<\/q><br \/>\n<a>3. Este cilindro hidr\u00e1ulico es aplicable a talleres de reparaci\u00f3n de maquinaria, granjas, energ\u00eda y miner\u00eda, fabricaci\u00f3n de maquinaria y f\u00e1bricas de maquinaria.<\/a><\/p>\n<p><q>4. \u00bfCu\u00e1les son las ventajas de utilizar el cilindro telesc\u00f3pico hidr\u00e1ulico para remolque de 3 etapas de venta caliente?<\/q><br \/>\n<a>4. El cilindro telesc\u00f3pico hidr\u00e1ulico de 3 etapas para remolques de gran venta ahorra energ\u00eda, es eficiente y seguro de usar. Est\u00e1 equipado con caracter\u00edsticas \u00fanicas que lo distinguen del resto. Nuestro cilindro hidr\u00e1ulico est\u00e1 dise\u00f1ado para brindar un rendimiento \u00f3ptimo en maquinaria y equipo, y puede convertir la energ\u00eda hidr\u00e1ulica en movimiento mec\u00e1nico con facilidad.<\/a><\/p>\n<p><q>5. \u00bfC\u00f3mo puedo reemplazar el cilindro hidr\u00e1ulico?<\/q><br \/>\n<a>5. Si necesita reemplazar el cilindro telesc\u00f3pico hidr\u00e1ulico de 3 etapas del remolque de venta caliente, ofrecemos una amplia gama de cilindros hidr\u00e1ulicos y unidades de potencia para todas sus necesidades de maquinaria.<\/a><\/p>","protected":false},"excerpt":{"rendered":"<p>All the content on this page comes from the Internet, and the content is only used as a reference for product selection. Our products are replacement parts rather than original spare parts; we are not the holder of the original trademark of the content. Our products are only suitable for after-sales replacement parts rather than [&hellip;]<\/p>","protected":false},"featured_media":4585,"template":"","meta":{"_et_pb_use_builder":"","_et_pb_old_content":"","_et_gb_content_width":""},"product_brand":[],"product_cat":[11327],"product_tag":[],"class_list":{"0":"post-4586","1":"product","2":"type-product","3":"status-publish","4":"has-post-thumbnail","6":"product_cat-telescopic-hydraulic-cylinder","8":"first","9":"instock","10":"shipping-taxable","11":"product-type-simple"},"_links":{"self":[{"href":"https:\/\/agricultural-gear-boxes.com\/es\/wp-json\/wp\/v2\/product\/4586","targetHints":{"allow":["GET"]}}],"collection":[{"href":"https:\/\/agricultural-gear-boxes.com\/es\/wp-json\/wp\/v2\/product"}],"about":[{"href":"https:\/\/agricultural-gear-boxes.com\/es\/wp-json\/wp\/v2\/types\/product"}],"wp:featuredmedia":[{"embeddable":true,"href":"https:\/\/agricultural-gear-boxes.com\/es\/wp-json\/wp\/v2\/media\/4585"}],"wp:attachment":[{"href":"https:\/\/agricultural-gear-boxes.com\/es\/wp-json\/wp\/v2\/media?parent=4586"}],"wp:term":[{"taxonomy":"product_brand","embeddable":true,"href":"https:\/\/agricultural-gear-boxes.com\/es\/wp-json\/wp\/v2\/product_brand?post=4586"},{"taxonomy":"product_cat","embeddable":true,"href":"https:\/\/agricultural-gear-boxes.com\/es\/wp-json\/wp\/v2\/product_cat?post=4586"},{"taxonomy":"product_tag","embeddable":true,"href":"https:\/\/agricultural-gear-boxes.com\/es\/wp-json\/wp\/v2\/product_tag?post=4586"}],"curies":[{"name":"wp","href":"https:\/\/api.w.org\/{rel}","templated":true}]}}