{"id":4590,"date":"2024-09-11T07:36:11","date_gmt":"2024-09-11T07:36:11","guid":{"rendered":"https:\/\/agricultural-gear-boxes.com\/product\/quality-manufacturing-4-stage-telescopic-hydraulic-cylinder-for-dump-trailer\/"},"modified":"2024-09-11T07:36:11","modified_gmt":"2024-09-11T07:36:11","slug":"quality-manufacturing-4-stage-telescopic-hydraulic-cylinder-for-dump-trailer","status":"publish","type":"product","link":"https:\/\/agricultural-gear-boxes.com\/es\/product\/quality-manufacturing-4-stage-telescopic-hydraulic-cylinder-for-dump-trailer\/","title":{"rendered":"Cilindro hidr\u00e1ulico telesc\u00f3pico de 4 etapas de fabricaci\u00f3n de calidad para remolque volquete"},"content":{"rendered":"<p>Todo el contenido de esta p\u00e1gina proviene de Internet y se utiliza \u00fanicamente como referencia para la selecci\u00f3n de productos. Nuestros productos son piezas de repuesto y no piezas de repuesto originales. No somos los propietarios de la marca registrada original del contenido. Nuestras piezas de repuesto pueden adaptarse perfectamente a las piezas de repuesto originales. Si necesita comprar piezas de repuesto originales, comun\u00edquese con el proveedor original.<\/p>\n<p><h2>Cilindro hidr\u00e1ulico telesc\u00f3pico de 4 etapas de fabricaci\u00f3n de calidad para remolque volquete<\/h2><\/p>\n<p>Nuestro cilindro hidr\u00e1ulico telesc\u00f3pico de 4 etapas de fabricaci\u00f3n de calidad para remolque de volteo es una pieza de repuesto de alta calidad que es perfecta para su uso en talleres de reparaci\u00f3n de maquinaria, granjas, energ\u00eda y miner\u00eda, fabricaci\u00f3n de maquinaria y f\u00e1bricas de maquinaria. Este cilindro hidr\u00e1ulico cuenta con caracter\u00edsticas de ahorro de energ\u00eda, alta eficiencia y seguridad. Est\u00e1 dise\u00f1ado para brindar un servicio confiable y duradero en aplicaciones industriales rigurosas.<\/p>\n<p><img decoding=\"async\" src=\"https:\/\/img.jiansujichilun.com\/img\/hydrauliccylinders\/T_hydrauliccylinders-5.webp\" alt=\"Escenario de uso\" \/><\/p>\n<h3>Aplicaciones<\/h3>\n<p>Nuestro cilindro hidr\u00e1ulico est\u00e1 dise\u00f1ado para usarse en una variedad de industrias, incluidos talleres de reparaci\u00f3n de maquinaria, granjas, energ\u00eda y miner\u00eda, fabricaci\u00f3n de maquinaria y f\u00e1bricas de maquinaria. Es perfecto para operaciones de servicio pesado debido a su robustez y durabilidad.<\/p>\n<h3>Ventajas<\/h3>\n<ul>\n<li>Ahorro de energ\u00eda<\/li>\n<li>Alta eficiencia<\/li>\n<li>Caracter\u00edsticas de seguridad<\/li>\n<li>Material del cuerpo de acero robusto y duradero.<\/li>\n<li>Estructura del cilindro de \u00e9mbolo est\u00e1ndar<\/li>\n<li>Energ\u00eda hidr\u00e1ulica<\/li>\n<li>Empuje m\u00e1ximo: 3000<\/li>\n<li>Tracci\u00f3n m\u00e1xima: 20 toneladas<\/li>\n<li>Certificaci\u00f3n ISO9001:2000<\/li>\n<li>Tama\u00f1o del orificio: 2-6 pulgadas<\/li>\n<li>Tama\u00f1o de la varilla: 1,125-4 pulgadas<\/li>\n<li>Tama\u00f1o del trazo: 4-100 pulgadas<\/li>\n<li>Tama\u00f1o del pin: 0,5-2 pulgadas<\/li>\n<li>Color: Negro<\/li>\n<\/ul>\n<h3>Materiales del producto<\/h3>\n<p>Nuestro cilindro hidr\u00e1ulico telesc\u00f3pico de 4 etapas de fabricaci\u00f3n de calidad para remolque volquete est\u00e1 hecho de material de cuerpo de acero de alta calidad, lo que garantiza que pueda soportar los rigores de las operaciones de servicio pesado.<\/p>\n<h3>Instalaci\u00f3n, mantenimiento y reparaci\u00f3n<\/h3>\n<p>Installing, maintaining, and repairing our hydraulic cylinder is easy and straightforward. We recommend that you follow the manufacturer&#8217;s instructions to ensure proper installation and maintenance. If you encounter any issues, please contact our customer service team for assistance.<\/p>\n<h3>Reemplazo<\/h3>\n<p>Nuestras piezas de repuesto pueden adaptarse perfectamente a las piezas de repuesto originales. Si necesita reemplazar alguna pieza, aseg\u00farese de elegir la pieza de repuesto correcta para su equipo. Si necesita ayuda, comun\u00edquese con nuestro equipo de atenci\u00f3n al cliente para obtener ayuda.<\/p>\n<h3>Historia y clasificaci\u00f3n<\/h3>\n<p>Los cilindros hidr\u00e1ulicos se han utilizado durante muchos a\u00f1os en diversas industrias. Se clasifican en funci\u00f3n de su estructura, funci\u00f3n y aplicaci\u00f3n. Nuestro cilindro hidr\u00e1ulico telesc\u00f3pico de 4 etapas de fabricaci\u00f3n de calidad para remolque volquete es una estructura de cilindro de \u00e9mbolo est\u00e1ndar que proporciona potencia hidr\u00e1ulica para mover cargas en aplicaciones de servicio pesado.<\/p>\n<h3>Preguntas frecuentes<\/h3>\n<ol>\n<li><strong>P: \u00bfCu\u00e1l es la garant\u00eda de su cilindro hidr\u00e1ulico?<\/strong><br \/>\n    R: Nuestro cilindro hidr\u00e1ulico viene con una garant\u00eda de 1 a\u00f1o.<\/li>\n<li><strong>P: \u00bfCu\u00e1les son los materiales utilizables para su cilindro hidr\u00e1ulico?<\/strong><br \/>\n    A: Nuestro cilindro hidr\u00e1ulico telesc\u00f3pico de 4 etapas de fabricaci\u00f3n de calidad para remolque volquete est\u00e1 hecho de material de cuerpo de acero de alta calidad.<\/li>\n<li><strong>P: \u00bfC\u00f3mo s\u00e9 qu\u00e9 pieza de repuesto elegir?<\/strong><br \/>\n    R: Aseg\u00farese de elegir la pieza de repuesto correcta para su equipo. Si necesita ayuda, comun\u00edquese con nuestro equipo de atenci\u00f3n al cliente para obtener ayuda.<\/li>\n<li><strong>P: \u00bfOfrecen unidades de potencia para la venta?<\/strong><br \/>\n    R: S\u00ed, tambi\u00e9n ofrecemos unidades de potencia para la venta.<\/li>\n<li><strong>P: \u00bfPuedo personalizar mi pedido?<\/strong><br \/>\n    R: S\u00ed, invitamos a los clientes a personalizar con dibujos o muestras.<\/li>\n<\/ol>\n<p>Suministramos principalmente diversos engranajes de pl\u00e1stico para uso industrial, como cajas de engranajes agr\u00edcolas, ejes de salida de potencia, ruedas dentadas, acoplamientos hidr\u00e1ulicos, reductores de tornillo sin fin, cremalleras, cadenas desmontables, poleas y poleas, cajas de engranajes planetarios, poleas de distribuci\u00f3n, bujes, etc. Ofrecemos productos de alta calidad, precios competitivos y un excelente servicio al cliente. Comun\u00edquese con nosotros para comprar.<\/p>\n<p><img decoding=\"async\" src=\"https:\/\/images.hzpt.com\/2024\/04\/unit-type-flexo-press-factory.webp\" alt=\"Otros negocios de productos\" \/><\/p>","protected":false},"excerpt":{"rendered":"<p>All of the content on this page comes from the Internet and is only used as a reference for product selection. Our products are replacement parts rather than original spare parts. We are not the holder of the original trademark of the content. Our replacement parts can perfectly fit the original spare parts. If you [&hellip;]<\/p>","protected":false},"featured_media":4589,"template":"","meta":{"_et_pb_use_builder":"","_et_pb_old_content":"","_et_gb_content_width":""},"product_brand":[],"product_cat":[11327],"product_tag":[],"class_list":{"0":"post-4590","1":"product","2":"type-product","3":"status-publish","4":"has-post-thumbnail","6":"product_cat-telescopic-hydraulic-cylinder","8":"first","9":"instock","10":"shipping-taxable","11":"product-type-simple"},"_links":{"self":[{"href":"https:\/\/agricultural-gear-boxes.com\/es\/wp-json\/wp\/v2\/product\/4590","targetHints":{"allow":["GET"]}}],"collection":[{"href":"https:\/\/agricultural-gear-boxes.com\/es\/wp-json\/wp\/v2\/product"}],"about":[{"href":"https:\/\/agricultural-gear-boxes.com\/es\/wp-json\/wp\/v2\/types\/product"}],"wp:featuredmedia":[{"embeddable":true,"href":"https:\/\/agricultural-gear-boxes.com\/es\/wp-json\/wp\/v2\/media\/4589"}],"wp:attachment":[{"href":"https:\/\/agricultural-gear-boxes.com\/es\/wp-json\/wp\/v2\/media?parent=4590"}],"wp:term":[{"taxonomy":"product_brand","embeddable":true,"href":"https:\/\/agricultural-gear-boxes.com\/es\/wp-json\/wp\/v2\/product_brand?post=4590"},{"taxonomy":"product_cat","embeddable":true,"href":"https:\/\/agricultural-gear-boxes.com\/es\/wp-json\/wp\/v2\/product_cat?post=4590"},{"taxonomy":"product_tag","embeddable":true,"href":"https:\/\/agricultural-gear-boxes.com\/es\/wp-json\/wp\/v2\/product_tag?post=4590"}],"curies":[{"name":"wp","href":"https:\/\/api.w.org\/{rel}","templated":true}]}}