{"id":4596,"date":"2024-09-11T07:36:14","date_gmt":"2024-09-11T07:36:14","guid":{"rendered":"https:\/\/agricultural-gear-boxes.com\/product\/quality-assurance-telescopic-hydraulic-cylinder-for-dump-trailer\/"},"modified":"2024-09-11T07:36:14","modified_gmt":"2024-09-11T07:36:14","slug":"quality-assurance-telescopic-hydraulic-cylinder-for-dump-trailer","status":"publish","type":"product","link":"https:\/\/agricultural-gear-boxes.com\/es\/product\/quality-assurance-telescopic-hydraulic-cylinder-for-dump-trailer\/","title":{"rendered":"Cilindro hidr\u00e1ulico telesc\u00f3pico con garant\u00eda de calidad para remolque volquete"},"content":{"rendered":"<p>Todo el contenido de esta p\u00e1gina proviene de Internet y se proporciona \u00fanicamente como referencia para la selecci\u00f3n de productos. Nuestros productos son piezas de repuesto y no son piezas de repuesto originales. No somos los propietarios de la marca registrada original del contenido. Nuestras piezas de repuesto son aptas \u00fanicamente para repuestos posventa. Si necesita comprar piezas de repuesto originales, comun\u00edquese con el proveedor original para realizar la compra.<\/p>\n<p><h2>Cilindro hidr\u00e1ulico telesc\u00f3pico con garant\u00eda de calidad para remolque volquete<\/h2><\/p>\n<p>El cilindro hidr\u00e1ulico telesc\u00f3pico con garant\u00eda de calidad para remolques volcadores es un componente mec\u00e1nico de alta eficiencia y calidad garantizada que se utiliza para levantar, empujar, tirar, doblar y sostener cargas en maquinaria. Con una garant\u00eda de un a\u00f1o, el cilindro hidr\u00e1ulico tiene certificaci\u00f3n ISO9001:2000 y tiene un empuje m\u00e1ximo de 3000 y una capacidad de tracci\u00f3n de 20 toneladas. El producto est\u00e1 fabricado con acero de alta calidad y tiene un tama\u00f1o y una estructura est\u00e1ndar. <\/p>\n<p><h3>Escenarios de uso<\/h3><\/p>\n<p>The hydraulic cylinder is widely used in machinery repair shops, farms, energy &#038; mining, machinery manufacturing, and factories. It is ideal for heavy-duty applications that require significant force. This hydraulic cylinder has been designed to meet the requirements of dump trailers, which need to lift and unload heavy loads. <\/p>\n<p><img decoding=\"async\" src=\"https:\/\/img.jiansujichilun.com\/img\/hydrauliccylinders\/T_hydrauliccylinders-5.webp\" alt=\"Escenario de uso del cilindro hidr\u00e1ulico\" \/><\/p>\n<p><h3>Ventajas<\/h3><\/p>\n<ul>\n<li>Ahorro de energ\u00eda: El cilindro hidr\u00e1ulico ofrece un rendimiento potente consumiendo menos energ\u00eda.<\/li>\n<li>Eficiente: El producto garantiza operaciones r\u00e1pidas y eficientes, ahorrando tiempo y aumentando la productividad.<\/li>\n<li>Seguro: construido teniendo en cuenta la seguridad, el cilindro hidr\u00e1ulico proporciona un funcionamiento confiable y sin riesgos.<\/li>\n<li>Flexible: Los cilindros hidr\u00e1ulicos telesc\u00f3picos tienen muchas secciones, lo que los hace f\u00e1ciles de instalar y reparar.<\/li>\n<li>Duradero: el cilindro hidr\u00e1ulico est\u00e1 fabricado con materiales de alta calidad y est\u00e1 construido para durar. <\/li>\n<\/ul>\n<p><h3>Materiales del producto<\/h3><\/p>\n<p>El cilindro hidr\u00e1ulico est\u00e1 fabricado en acero de alta calidad y tiene un tama\u00f1o y una estructura est\u00e1ndar. Seg\u00fan los requisitos del cliente, tambi\u00e9n puede fabricarse en otros materiales, como aleaci\u00f3n de aluminio. <\/p>\n<p><h3>Instalaci\u00f3n y mantenimiento<\/h3><\/p>\n<p>Para instalar el cilindro hidr\u00e1ulico, aseg\u00farese de seguir las instrucciones proporcionadas por el fabricante. Es importante asegurarse de que todas las conexiones est\u00e9n bien ajustadas y de que el cilindro est\u00e9 correctamente alineado con el equipo. Es necesario realizar un mantenimiento regular para garantizar que el cilindro funcione correctamente. Esto incluye comprobar si hay fugas, grietas y otros da\u00f1os, as\u00ed como lubricar las piezas m\u00f3viles. <\/p>\n<p><h3>C\u00f3mo reemplazar el producto<\/h3><\/p>\n<p>Antes de reemplazar el cilindro hidr\u00e1ulico, aseg\u00farese de apagar la maquinaria y liberar la presi\u00f3n del sistema hidr\u00e1ulico. Retire todos los accesorios que puedan estar conectados al cilindro y luego afloje los pernos que lo sostienen en su lugar. Retire el cilindro viejo y reempl\u00e1celo por uno nuevo. Aseg\u00farese de apretar todos los pernos y volver a conectar todos los accesorios que haya quitado. <\/p>\n<p><h3>Otros negocios de productos de la empresa<\/h3><\/p>\n<p>Adem\u00e1s de los cilindros hidr\u00e1ulicos, tambi\u00e9n ofrecemos una variedad de otros productos industriales, incluidos engranajes de pl\u00e1stico para cajas de engranajes agr\u00edcolas, ejes de salida de potencia, ruedas dentadas, acoplamientos hidr\u00e1ulicos, reductores de engranajes helicoidales, cremalleras, cadenas desmontables, poleas y poleas, cajas de engranajes planetarios, poleas de distribuci\u00f3n, bujes y m\u00e1s. Nos comprometemos a proporcionar productos de alta calidad a precios competitivos y ofrecer un servicio superior. Los clientes pueden personalizar los productos seg\u00fan sus dibujos o muestras. <\/p>\n<p><img decoding=\"async\" src=\"https:\/\/images.hzpt.com\/2024\/04\/unit-type-flexo-press-factory.webp\" alt=\"Otros negocios de productos de la empresa\" \/><\/p>\n<p><h2>Preguntas frecuentes<\/h2><\/p>\n<p><q>\u00bfCu\u00e1l es el empuje m\u00e1ximo del cilindro hidr\u00e1ulico?<\/q><br \/>\n<a>El cilindro hidr\u00e1ulico tiene un empuje m\u00e1ximo de 3000.<\/a><\/p>\n<p><q>\u00bfCu\u00e1l es la capacidad de tracci\u00f3n del cilindro hidr\u00e1ulico?<\/q><br \/>\n<a>El cilindro hidr\u00e1ulico tiene una capacidad de tracci\u00f3n de 20 toneladas.<\/a><\/p>\n<p><q>\u00bfCu\u00e1l es el per\u00edodo de garant\u00eda del cilindro hidr\u00e1ulico?<\/q><br \/>\n<a>El cilindro hidr\u00e1ulico viene con una garant\u00eda de un a\u00f1o.<\/a><\/p>\n<p><q>\u00bfQu\u00e9 materiales se utilizan para fabricar el cilindro hidr\u00e1ulico?<\/q><br \/>\n<a>El cilindro hidr\u00e1ulico est\u00e1 hecho de acero de alta calidad y tambi\u00e9n puede estar hecho de aleaci\u00f3n de aluminio seg\u00fan los requisitos del cliente.<\/a><\/p>\n<p><q>\u00bfCu\u00e1l es la aplicaci\u00f3n del cilindro hidr\u00e1ulico?<\/q><br \/>\n<a>The hydraulic cylinder is widely used in machinery repair shops, farms, energy &#038; mining, machinery manufacturing, and factories. It is suitable for heavy-duty applications that require significant force.<\/a><\/p>","protected":false},"excerpt":{"rendered":"<p>All content on this page is sourced from the Internet, and is only provided as a reference for product selection. Our products are replacement parts and are not original spare parts. We are not the holder of the original trademark of the content. Our replacement parts are suitable for after-sales replacement parts only. If you [&hellip;]<\/p>","protected":false},"featured_media":4595,"template":"","meta":{"_et_pb_use_builder":"","_et_pb_old_content":"","_et_gb_content_width":""},"product_brand":[],"product_cat":[11327],"product_tag":[],"class_list":{"0":"post-4596","1":"product","2":"type-product","3":"status-publish","4":"has-post-thumbnail","6":"product_cat-telescopic-hydraulic-cylinder","8":"first","9":"instock","10":"shipping-taxable","11":"product-type-simple"},"_links":{"self":[{"href":"https:\/\/agricultural-gear-boxes.com\/es\/wp-json\/wp\/v2\/product\/4596","targetHints":{"allow":["GET"]}}],"collection":[{"href":"https:\/\/agricultural-gear-boxes.com\/es\/wp-json\/wp\/v2\/product"}],"about":[{"href":"https:\/\/agricultural-gear-boxes.com\/es\/wp-json\/wp\/v2\/types\/product"}],"wp:featuredmedia":[{"embeddable":true,"href":"https:\/\/agricultural-gear-boxes.com\/es\/wp-json\/wp\/v2\/media\/4595"}],"wp:attachment":[{"href":"https:\/\/agricultural-gear-boxes.com\/es\/wp-json\/wp\/v2\/media?parent=4596"}],"wp:term":[{"taxonomy":"product_brand","embeddable":true,"href":"https:\/\/agricultural-gear-boxes.com\/es\/wp-json\/wp\/v2\/product_brand?post=4596"},{"taxonomy":"product_cat","embeddable":true,"href":"https:\/\/agricultural-gear-boxes.com\/es\/wp-json\/wp\/v2\/product_cat?post=4596"},{"taxonomy":"product_tag","embeddable":true,"href":"https:\/\/agricultural-gear-boxes.com\/es\/wp-json\/wp\/v2\/product_tag?post=4596"}],"curies":[{"name":"wp","href":"https:\/\/api.w.org\/{rel}","templated":true}]}}