{"id":4598,"date":"2024-09-11T07:36:15","date_gmt":"2024-09-11T07:36:15","guid":{"rendered":"https:\/\/agricultural-gear-boxes.com\/product\/hot-sale-5-stage-hydraulic-telescopic-cylinder-for-dump-trailer\/"},"modified":"2024-09-11T07:36:16","modified_gmt":"2024-09-11T07:36:16","slug":"hot-sale-5-stage-hydraulic-telescopic-cylinder-for-dump-trailer","status":"publish","type":"product","link":"https:\/\/agricultural-gear-boxes.com\/es\/product\/hot-sale-5-stage-hydraulic-telescopic-cylinder-for-dump-trailer\/","title":{"rendered":"Venta caliente Cilindro telesc\u00f3pico hidr\u00e1ulico de 5 etapas para remolque volquete"},"content":{"rendered":"<p><!DOCTYPE html><br \/>\n<html><br \/>\n<body><\/p>\n<h2>Todo el contenido de esta p\u00e1gina proviene de Internet.<\/h2>\n<p>The Hot Sale 5 Stage Hydraulic Telescopic Cylinder for Dump Trailer is a state-of-the-art, multi-stage hydraulic cylinder, designed to deliver high performance in diverse industries such as machinery repair shops, farms, energy &#038; mining, machinery manufacturing, and machinery factories.<\/p>\n<p><img decoding=\"async\" src=\"https:\/\/img.jiansujichilun.com\/img\/hydrauliccylinders\/T_hydrauliccylinders-5.webp\" alt=\"Escenario de uso del cilindro hidr\u00e1ulico\" \/><\/p>\n<h2>Introducci\u00f3n<\/h2>\n<p>El cilindro telesc\u00f3pico hidr\u00e1ulico de 5 etapas de gran venta para remolques volcadores es una pieza de repuesto de alta calidad que ofrece un rendimiento superior en varias industrias. Nuestros cilindros hidr\u00e1ulicos est\u00e1n dise\u00f1ados para ser compatibles con varios remolques volcadores, proporcionando la potencia necesaria para operaciones eficientes del veh\u00edculo. El cilindro hidr\u00e1ulico presenta una estructura de cilindro de \u00e9mbolo que es accionado por hidr\u00e1ulica y tiene un material de cuerpo hecho de acero. Con un empuje m\u00e1ximo de 3000 y una capacidad m\u00e1xima de tracci\u00f3n de peso de 20 toneladas, este cilindro hidr\u00e1ulico es la pieza de repuesto perfecta para remolques volcadores. El cilindro est\u00e1 disponible en negro y viene con un tama\u00f1o de orificio de 2 a 6 pulgadas, un tama\u00f1o de varilla de 1,125 a 4 pulgadas, un tama\u00f1o de carrera de 4 a 100 pulgadas y un tama\u00f1o de pasador de 0,5 a 2 pulgadas. <\/p>\n<h3>Escenario de uso<\/h3>\n<p>Este cilindro hidr\u00e1ulico se utiliza ampliamente en remolques de volteo, ya que proporciona la potencia necesaria para elevar y bajar la plataforma del remolque para una carga y descarga eficientes. Tambi\u00e9n es adecuado para otras maquinarias que requieren una pieza de repuesto de cilindro hidr\u00e1ulico con especificaciones similares.<\/p>\n<p><img decoding=\"async\" src=\"https:\/\/img.jiansujichilun.com\/img\/hydrauliccylinders\/T_hydrauliccylinders-5.webp\" alt=\"Escenario de uso del cilindro hidr\u00e1ulico\" \/><\/p>\n<h3>Historial del producto<\/h3>\n<p>El cilindro hidr\u00e1ulico existe desde principios del siglo XIX. Desde entonces, ha evolucionado hasta contar con m\u00faltiples etapas, lo que lo hace m\u00e1s eficiente en diversas aplicaciones industriales. El cilindro telesc\u00f3pico hidr\u00e1ulico de 5 etapas de gran venta para remolque volquete es un ejemplo perfecto de esta evoluci\u00f3n.<\/p>\n<h3>Clasificaci\u00f3n de productos<\/h3>\n<ul>\n<li>Cilindro hidr\u00e1ulico de simple efecto<\/li>\n<li>Cilindro hidr\u00e1ulico de doble efecto<\/li>\n<li>Cilindro hidr\u00e1ulico telesc\u00f3pico<\/li>\n<li>Cilindro hidr\u00e1ulico de \u00e9mbolo<\/li>\n<\/ul>\n<h3>Ventajas y materiales utilizables del producto<\/h3>\n<ul>\n<li>Eficiencia energ\u00e9tica<\/li>\n<li>Rendimiento alto<\/li>\n<li>Seguridad<\/li>\n<li>Durabilidad<\/li>\n<li>El cuerpo del cilindro est\u00e1 hecho de acero de alta calidad, lo que garantiza una excelente tenacidad y durabilidad.<\/li>\n<li>La estructura del cilindro del \u00e9mbolo hace que el cilindro hidr\u00e1ulico sea altamente eficiente.<\/li>\n<li>El cilindro hidr\u00e1ulico presenta un acabado negro que es resistente a la corrosi\u00f3n y duradero.<\/li>\n<\/ul>\n<h3>Instalaci\u00f3n, mantenimiento y reparaci\u00f3n<\/h3>\n<ul>\n<li>El cilindro hidr\u00e1ulico debe ser instalado por un profesional.<\/li>\n<li>Un mantenimiento adecuado garantizar\u00e1 la longevidad y la eficiencia del cilindro hidr\u00e1ulico.<\/li>\n<li>El cilindro hidr\u00e1ulico puede ser reparado por un profesional si funciona mal o necesita ser reemplazado.<\/li>\n<\/ul>\n<h3>C\u00f3mo reemplazar el producto<\/h3>\n<ul>\n<li>Retire el cilindro hidr\u00e1ulico viejo del remolque volquete.<\/li>\n<li>Instale el nuevo cilindro hidr\u00e1ulico en su lugar.<\/li>\n<li>Conecte las l\u00edneas hidr\u00e1ulicas al nuevo cilindro.<\/li>\n<li>Pruebe el nuevo cilindro hidr\u00e1ulico para verificar su correcto funcionamiento.<\/li>\n<\/ul>\n<h2>Otros productos<\/h2>\n<p>Ofrecemos diversos engranajes de pl\u00e1stico para uso industrial, como cajas de engranajes agr\u00edcolas, ejes de salida de potencia, ruedas dentadas, acoplamientos hidr\u00e1ulicos, reductores de tornillo sin fin, cremalleras, cadenas desmontables, poleas y poleas, cajas de engranajes planetarios, poleas de distribuci\u00f3n, bujes, etc. Nuestros productos de alta calidad, precios competitivos y servicios bien pensados han recibido un alto reconocimiento en la industria. Invitamos a los clientes a personalizar sus productos con dibujos y muestras.<\/p>\n<p><img decoding=\"async\" src=\"https:\/\/images.hzpt.com\/2024\/04\/unit-type-flexo-press-factory.webp\" alt=\"Otros productos\" \/><\/p>\n<h2>Preguntas frecuentes<\/h2>\n<h3>P: \u00bfSus cilindros hidr\u00e1ulicos son repuestos originales?<\/h3>\n<p>R: No, nuestros cilindros hidr\u00e1ulicos son piezas de repuesto y no repuestos originales.<\/p>\n<h3>P: \u00bfSus piezas de repuesto son compatibles con los repuestos originales?<\/h3>\n<p>R: Nuestras piezas de repuesto pueden adaptarse perfectamente a los repuestos originales.<\/p>\n<h3>P: \u00bfC\u00f3mo puedo saber si su cilindro hidr\u00e1ulico es compatible con mi remolque volquete?<\/h3>\n<p>R: Puede consultar las especificaciones de su remolque volquete y compararlas con las especificaciones de nuestro cilindro hidr\u00e1ulico.<\/p>\n<h3>P: \u00bfC\u00f3mo instalo su cilindro hidr\u00e1ulico?<\/h3>\n<p>R: El cilindro hidr\u00e1ulico debe ser instalado por un profesional.<\/p>\n<h3>P: \u00bfC\u00f3mo realizo el mantenimiento de su cilindro hidr\u00e1ulico?<\/h3>\n<p>R: Un mantenimiento adecuado garantizar\u00e1 la longevidad y la eficiencia del cilindro hidr\u00e1ulico.<\/p>\n<p><\/body><br \/>\n<\/html><\/p>","protected":false},"excerpt":{"rendered":"<p>All content on this page comes from the Internet The Hot Sale 5 Stage Hydraulic Telescopic Cylinder for Dump Trailer is a state-of-the-art, multi-stage hydraulic cylinder, designed to deliver high performance in diverse industries such as machinery repair shops, farms, energy &#038; mining, machinery manufacturing, and machinery factories. Introduction The Hot Sale 5 Stage Hydraulic [&hellip;]<\/p>","protected":false},"featured_media":4597,"template":"","meta":{"_et_pb_use_builder":"","_et_pb_old_content":"","_et_gb_content_width":""},"product_brand":[],"product_cat":[11327],"product_tag":[],"class_list":{"0":"post-4598","1":"product","2":"type-product","3":"status-publish","4":"has-post-thumbnail","6":"product_cat-telescopic-hydraulic-cylinder","8":"first","9":"instock","10":"shipping-taxable","11":"product-type-simple"},"_links":{"self":[{"href":"https:\/\/agricultural-gear-boxes.com\/es\/wp-json\/wp\/v2\/product\/4598","targetHints":{"allow":["GET"]}}],"collection":[{"href":"https:\/\/agricultural-gear-boxes.com\/es\/wp-json\/wp\/v2\/product"}],"about":[{"href":"https:\/\/agricultural-gear-boxes.com\/es\/wp-json\/wp\/v2\/types\/product"}],"wp:featuredmedia":[{"embeddable":true,"href":"https:\/\/agricultural-gear-boxes.com\/es\/wp-json\/wp\/v2\/media\/4597"}],"wp:attachment":[{"href":"https:\/\/agricultural-gear-boxes.com\/es\/wp-json\/wp\/v2\/media?parent=4598"}],"wp:term":[{"taxonomy":"product_brand","embeddable":true,"href":"https:\/\/agricultural-gear-boxes.com\/es\/wp-json\/wp\/v2\/product_brand?post=4598"},{"taxonomy":"product_cat","embeddable":true,"href":"https:\/\/agricultural-gear-boxes.com\/es\/wp-json\/wp\/v2\/product_cat?post=4598"},{"taxonomy":"product_tag","embeddable":true,"href":"https:\/\/agricultural-gear-boxes.com\/es\/wp-json\/wp\/v2\/product_tag?post=4598"}],"curies":[{"name":"wp","href":"https:\/\/api.w.org\/{rel}","templated":true}]}}