{"id":4602,"date":"2024-09-11T07:36:19","date_gmt":"2024-09-11T07:36:19","guid":{"rendered":"https:\/\/agricultural-gear-boxes.com\/product\/high-quality-mini-stainless-steel-telescopic-hydraulic-cylinder\/"},"modified":"2024-09-11T07:36:19","modified_gmt":"2024-09-11T07:36:19","slug":"high-quality-mini-stainless-steel-telescopic-hydraulic-cylinder","status":"publish","type":"product","link":"https:\/\/agricultural-gear-boxes.com\/es\/product\/high-quality-mini-stainless-steel-telescopic-hydraulic-cylinder\/","title":{"rendered":"Cilindro hidr\u00e1ulico telesc\u00f3pico de acero inoxidable de alta calidad"},"content":{"rendered":"<p>Todo el contenido de esta p\u00e1gina proviene de Internet y se utiliza \u00fanicamente como referencia para la selecci\u00f3n de productos. Nuestros productos son piezas de repuesto y no piezas de repuesto originales; no somos los propietarios de la marca original. Nuestras piezas de repuesto pueden adaptarse perfectamente a las piezas de repuesto originales. Si necesita comprar piezas de repuesto originales, comun\u00edquese con el proveedor original para realizar la compra.<\/p>\n<p><h2>Cilindro hidr\u00e1ulico telesc\u00f3pico de acero inoxidable de alta calidad<\/h2><\/p>\n<p>Nuestro mini cilindro hidr\u00e1ulico telesc\u00f3pico de acero inoxidable de alta calidad es un producto confiable y eficiente adecuado para una variedad de industrias, como talleres de reparaci\u00f3n de maquinaria, granjas, energ\u00eda, miner\u00eda, fabricaci\u00f3n de maquinaria y maquinaria de f\u00e1brica. Este cilindro hidr\u00e1ulico es est\u00e1ndar, de m\u00faltiples etapas y tiene una estructura de cilindro de \u00e9mbolo. Est\u00e1 impulsado por fuerza hidr\u00e1ulica, tiene un cuerpo de acero resistente, un empuje m\u00e1ximo de 3000 y una capacidad de tracci\u00f3n de 20 toneladas. Con un tama\u00f1o de orificio que var\u00eda de 2 a 6 pulgadas, un tama\u00f1o de varilla de 1,125 a 4 pulgadas, un tama\u00f1o de carrera de 4 a 100 pulgadas y un tama\u00f1o de pasador de 0,5 a 2 pulgadas, se puede utilizar en una amplia gama de aplicaciones, desde equipos de construcci\u00f3n hasta maquinaria de fabricaci\u00f3n y m\u00e1s. <\/p>\n<p><img decoding=\"async\" src=\"https:\/\/img.jiansujichilun.com\/img\/hydrauliccylinders\/T_hydrauliccylinders-5.webp\" alt=\"Cilindro hidr\u00e1ulico telesc\u00f3pico\" \/><\/p>\n<p><h3>Historia<\/h3><br \/>\nEl cilindro hidr\u00e1ulico fue inventado en 1795 por el inventor brit\u00e1nico Joseph Bramah. Desde entonces, los cilindros hidr\u00e1ulicos se han convertido en un componente esencial de muchas m\u00e1quinas industriales. El mini cilindro hidr\u00e1ulico telesc\u00f3pico de acero inoxidable es un cilindro hidr\u00e1ulico moderno y avanzado que tiene la ventaja de ser energ\u00e9ticamente eficiente, de alto rendimiento, seguro y confiable.<\/p>\n<p><h3>Clasificaci\u00f3n<\/h3><br \/>\nExisten muchos tipos diferentes de cilindros hidr\u00e1ulicos, incluidos los cilindros telesc\u00f3picos, de simple efecto, de doble efecto y de \u00e9mbolo. El mini cilindro hidr\u00e1ulico telesc\u00f3pico de acero inoxidable pertenece a la categor\u00eda de cilindros telesc\u00f3picos.<\/p>\n<p><h3>Ventajas<\/h3><br \/>\nNuestro mini cilindro hidr\u00e1ulico telesc\u00f3pico de acero inoxidable tiene muchas ventajas, como alta resistencia, movimiento de precisi\u00f3n y larga vida \u00fatil. Tambi\u00e9n es resistente al desgaste, la corrosi\u00f3n y las temperaturas extremas, lo que lo hace adecuado para su uso en entornos hostiles.<\/p>\n<p><h3>Materiales utilizables del producto<\/h3><br \/>\nEl mini cilindro hidr\u00e1ulico telesc\u00f3pico de acero inoxidable est\u00e1 hecho de acero inoxidable de alta calidad, que es conocido por su resistencia, durabilidad y resistencia a la corrosi\u00f3n.<\/p>\n<p><h3>Instalaci\u00f3n, mantenimiento y reparaci\u00f3n<\/h3><br \/>\nLa instalaci\u00f3n, el mantenimiento y la reparaci\u00f3n adecuados de los cilindros hidr\u00e1ulicos son cruciales para su rendimiento y longevidad. Antes de la instalaci\u00f3n, aseg\u00farese de que el cilindro hidr\u00e1ulico est\u00e9 limpio y libre de contaminantes. Durante el mantenimiento, controle el nivel de l\u00edquido hidr\u00e1ulico, inspeccione los sellos para detectar desgaste y limpie el cilindro con regularidad. Para reparar el cilindro hidr\u00e1ulico, es recomendable buscar la ayuda de un profesional.<\/p>\n<p><h3>Reemplazo<\/h3><br \/>\nSi el cilindro hidr\u00e1ulico est\u00e1 da\u00f1ado o desgastado, es imprescindible sustituirlo por una pieza de repuesto de alta calidad que encaje perfectamente con la pieza de repuesto original. Nuestro mini cilindro hidr\u00e1ulico telesc\u00f3pico de acero inoxidable puede ser una pieza de repuesto adecuada.<\/p>\n<p><img decoding=\"async\" src=\"https:\/\/images.hzpt.com\/2024\/04\/unit-type-flexo-press-factory.webp\" alt=\"Productos de la empresa\" \/><\/p>\n<p>En nuestra empresa, suministramos una amplia gama de productos industriales, como cajas de engranajes agr\u00edcolas, ejes de salida de potencia, ruedas dentadas, acoplamientos hidr\u00e1ulicos, reductores de tornillo sin fin, cremalleras, cadenas desmontables, poleas y poleas, cajas de engranajes planetarios, poleas de distribuci\u00f3n y bujes. Ofrecemos productos de alta calidad, precios preferenciales y servicios bien pensados, y damos la bienvenida a los clientes para que personalicen sus productos con dibujos y muestras.<\/p>\n<p><h2>Preguntas frecuentes<\/h2><\/p>\n<p><b>P: \u00bfQu\u00e9 es un cilindro hidr\u00e1ulico?<\/b><br \/>R: Un cilindro hidr\u00e1ulico es un actuador mec\u00e1nico que se utiliza para proporcionar fuerza unidireccional a trav\u00e9s de una carrera unidireccional.<\/p>\n<p><b>P: \u00bfCu\u00e1les son las ventajas de un mini cilindro hidr\u00e1ulico telesc\u00f3pico de acero inoxidable?<\/b><br \/>R: Las ventajas de nuestro mini cilindro hidr\u00e1ulico telesc\u00f3pico de acero inoxidable son alta resistencia, movimiento de precisi\u00f3n, larga vida \u00fatil, resistencia al desgaste, resistencia a la corrosi\u00f3n y resistencia a temperaturas extremas.<\/p>\n<p><b>P: \u00bfCu\u00e1l es el tama\u00f1o del orificio del mini cilindro hidr\u00e1ulico telesc\u00f3pico de acero inoxidable?<\/b><br \/>R: El tama\u00f1o del orificio var\u00eda entre 2 y 6 pulgadas.<\/p>\n<p><b>P: \u00bfCu\u00e1l es el tama\u00f1o de la carrera del mini cilindro hidr\u00e1ulico telesc\u00f3pico de acero inoxidable?<\/b><br \/>R: El tama\u00f1o del trazo var\u00eda entre 4 y 100 pulgadas.<\/p>\n<p><b>P: \u00bfQu\u00e9 materiales se utilizan para fabricar el mini cilindro hidr\u00e1ulico telesc\u00f3pico de acero inoxidable?<\/b><br \/>R: El mini cilindro hidr\u00e1ulico telesc\u00f3pico de acero inoxidable est\u00e1 hecho de acero inoxidable de alta calidad.<\/p>","protected":false},"excerpt":{"rendered":"<p>All content on this page comes from the Internet and is only used as a reference for product selection. Our products are replacement parts rather than original spare parts; we are not the holder of the original trademark. Our replacement parts can perfectly fit the original spare parts. If you need to purchase original spare [&hellip;]<\/p>","protected":false},"featured_media":4601,"template":"","meta":{"_et_pb_use_builder":"","_et_pb_old_content":"","_et_gb_content_width":""},"product_brand":[],"product_cat":[11327],"product_tag":[],"class_list":{"0":"post-4602","1":"product","2":"type-product","3":"status-publish","4":"has-post-thumbnail","6":"product_cat-telescopic-hydraulic-cylinder","8":"first","9":"instock","10":"shipping-taxable","11":"product-type-simple"},"_links":{"self":[{"href":"https:\/\/agricultural-gear-boxes.com\/es\/wp-json\/wp\/v2\/product\/4602","targetHints":{"allow":["GET"]}}],"collection":[{"href":"https:\/\/agricultural-gear-boxes.com\/es\/wp-json\/wp\/v2\/product"}],"about":[{"href":"https:\/\/agricultural-gear-boxes.com\/es\/wp-json\/wp\/v2\/types\/product"}],"wp:featuredmedia":[{"embeddable":true,"href":"https:\/\/agricultural-gear-boxes.com\/es\/wp-json\/wp\/v2\/media\/4601"}],"wp:attachment":[{"href":"https:\/\/agricultural-gear-boxes.com\/es\/wp-json\/wp\/v2\/media?parent=4602"}],"wp:term":[{"taxonomy":"product_brand","embeddable":true,"href":"https:\/\/agricultural-gear-boxes.com\/es\/wp-json\/wp\/v2\/product_brand?post=4602"},{"taxonomy":"product_cat","embeddable":true,"href":"https:\/\/agricultural-gear-boxes.com\/es\/wp-json\/wp\/v2\/product_cat?post=4602"},{"taxonomy":"product_tag","embeddable":true,"href":"https:\/\/agricultural-gear-boxes.com\/es\/wp-json\/wp\/v2\/product_tag?post=4602"}],"curies":[{"name":"wp","href":"https:\/\/api.w.org\/{rel}","templated":true}]}}