{"id":4614,"date":"2024-09-11T07:36:27","date_gmt":"2024-09-11T07:36:27","guid":{"rendered":"https:\/\/agricultural-gear-boxes.com\/product\/cost-effective-telescopic-dump-truck-hydraulic-cylinder-for-sale\/"},"modified":"2024-09-11T07:36:27","modified_gmt":"2024-09-11T07:36:27","slug":"cost-effective-telescopic-dump-truck-hydraulic-cylinder-for-sale","status":"publish","type":"product","link":"https:\/\/agricultural-gear-boxes.com\/es\/product\/cost-effective-telescopic-dump-truck-hydraulic-cylinder-for-sale\/","title":{"rendered":"Cilindro hidr\u00e1ulico para cami\u00f3n volquete telesc\u00f3pico rentable a la venta"},"content":{"rendered":"<p>Todo el contenido de esta p\u00e1gina proviene de internet y se utiliza \u00fanicamente como referencia para la selecci\u00f3n de productos. Nuestros productos son piezas de repuesto, no repuestos originales, y no somos los titulares de la marca registrada original del contenido. Nuestras piezas de repuesto son compatibles con las originales, pero si necesita comprar repuestos originales, p\u00f3ngase en contacto con el proveedor original.<\/p>\n<p><h2>Cilindro hidr\u00e1ulico para cami\u00f3n volquete telesc\u00f3pico: eficiente y confiable<\/h2><\/p>\n<p>Los cilindros hidr\u00e1ulicos para camiones volquete telesc\u00f3picos son herramientas esenciales para talleres de reparaci\u00f3n de maquinaria, granjas, operaciones de energ\u00eda y miner\u00eda, y f\u00e1bricas. Su versatilidad, fiabilidad y rendimiento los convierten en un componente indispensable en diversas industrias. Este cilindro hidr\u00e1ulico transforma la potencia hidr\u00e1ulica en fuerza mec\u00e1nica, ofreciendo una soluci\u00f3n rentable y energ\u00e9ticamente eficiente. Es esencial para elevar, empujar, tirar o doblar cargas, lo que permite realizar tareas con facilidad y precisi\u00f3n.<\/p>\n<p><img decoding=\"async\" src=\"https:\/\/img.jiansujichilun.com\/img\/hydrauliccylinders\/T_hydrauliccylinders-5.webp\" alt=\"Cilindro hidr\u00e1ulico para cami\u00f3n volquete telesc\u00f3pico\" \/><\/p>\n<p><h3>Historial y clasificaci\u00f3n del producto<\/h3><\/p>\n<p>El cilindro hidr\u00e1ulico para camiones volquete telesc\u00f3pico es un tipo de cilindro hidr\u00e1ulico que se basa principalmente en la presi\u00f3n hidr\u00e1ulica para generar fuerza y movimiento. Se utiliza en diversas industrias para levantar, empujar, jalar o doblar cargas. Estos cilindros est\u00e1n fabricados con materiales duraderos como el acero y vienen en diferentes tama\u00f1os, como di\u00e1metro interior de 2 a 6 pulgadas, v\u00e1stago de 1,125 a 4 pulgadas, carrera de 4 a 100 pulgadas y pasador de 0,5 a 2 pulgadas. Tienen un empuje m\u00e1ximo de 3000 y una fuerza de tiro m\u00e1xima de 20 toneladas, y est\u00e1n disponibles en estructuras est\u00e1ndar y configuraciones multietapa.<\/p>\n<p><h3>Ventajas y materiales<\/h3><\/p>\n<ul>\n<li><b>Ahorro de energ\u00eda:<\/b> El cilindro funciona con energ\u00eda hidr\u00e1ulica, ofreciendo una soluci\u00f3n eficiente y ecol\u00f3gica.<\/li>\n<li><b>Rendimiento alto:<\/b> Con su dise\u00f1o robusto y materiales superiores, nuestro cilindro hidr\u00e1ulico garantiza un excelente rendimiento y longevidad.<\/li>\n<li><b>Seguridad:<\/b> Su estructura est\u00e1ndar y componentes de alta calidad garantizan operaciones seguras y confiables.<\/li>\n<\/ul>\n<p>Estos cilindros hidr\u00e1ulicos est\u00e1n fabricados con acero resistente y est\u00e1n dise\u00f1ados para durar. Sus componentes de alta calidad y estructuras est\u00e1ndar garantizan un funcionamiento seguro y fiable. Est\u00e1n disponibles en diversos materiales, como acero al carbono, acero inoxidable y aluminio, seg\u00fan sus necesidades espec\u00edficas.<\/p>\n<p><h3>Instalaci\u00f3n, mantenimiento y reparaci\u00f3n<\/h3><\/p>\n<p>La instalaci\u00f3n, el mantenimiento y la reparaci\u00f3n adecuados son esenciales para la longevidad y el rendimiento \u00f3ptimo de los cilindros hidr\u00e1ulicos. Para instalar el cilindro, siga atentamente las instrucciones del fabricante. Aseg\u00farese de realizar el mantenimiento del cilindro regularmente, comprobando si presenta fugas, grietas u otros da\u00f1os, y reemplace cualquier pieza da\u00f1ada inmediatamente. Si experimenta alg\u00fan problema con el cilindro, consulte con un profesional antes de intentar repararlo para evitar da\u00f1os mayores.<\/p>\n<p><h3>Reemplazo<\/h3><\/p>\n<p>Si necesita reemplazar el cilindro hidr\u00e1ulico de su cami\u00f3n volquete telesc\u00f3pico, aseg\u00farese de elegir un proveedor confiable y de buena reputaci\u00f3n. Nuestras piezas de repuesto son compatibles con las originales, pero si necesita comprarlas, contacte con el proveedor original.<\/p>\n<p><h3>Aplicaciones<\/h3><\/p>\n<p>Los cilindros hidr\u00e1ulicos para camiones volquete telesc\u00f3picos se utilizan ampliamente en talleres de reparaci\u00f3n de maquinaria, granjas, operaciones de energ\u00eda y miner\u00eda, fabricaci\u00f3n de maquinaria y f\u00e1bricas. Son ideales para elevar cargas pesadas, doblar materiales o realizar otras tareas exigentes. Estos cilindros proporcionan una fuerza potente y controlada para diversas aplicaciones y son una herramienta indispensable en diversas industrias.<\/p>\n<p><h3>Otros negocios de productos<\/h3><\/p>\n<p>Adem\u00e1s de cilindros hidr\u00e1ulicos para camiones volquete telesc\u00f3picos, tambi\u00e9n suministramos diversos engranajes de pl\u00e1stico para uso industrial, como cajas de engranajes agr\u00edcolas, ejes de salida, ruedas dentadas, acoplamientos hidr\u00e1ulicos, reductores de tornillo sin fin, cremalleras, cadenas desmontables, poleas, reductores planetarios, poleas de distribuci\u00f3n, bujes, etc. Ofrecemos productos de alta calidad a precios preferenciales y un servicio atento. Invitamos a nuestros clientes a personalizar sus productos con planos y muestras.<\/p>\n<p><img decoding=\"async\" src=\"https:\/\/images.hzpt.com\/2024\/04\/unit-type-flexo-press-factory.webp\" alt=\"Engranajes de pl\u00e1stico para uso industrial\" \/><\/p>\n<p><h2>Preguntas frecuentes<\/h2><\/p>\n<p><b>P:<\/b> \u00bfEstos cilindros hidr\u00e1ulicos son repuestos originales?<\/p>\n<p><b>A:<\/b> No, son piezas de repuesto.<\/p>\n<p><b>P:<\/b> \u00bfCu\u00e1les son los materiales utilizados para estos cilindros hidr\u00e1ulicos?<\/p>\n<p><b>A:<\/b> Estos cilindros est\u00e1n hechos de materiales duraderos como el acero y est\u00e1n disponibles en varios materiales como acero al carbono, acero inoxidable y aluminio, seg\u00fan sus necesidades espec\u00edficas.<\/p>\n<p><b>P:<\/b> \u00bfSe pueden reparar estos cilindros hidr\u00e1ulicos?<\/p>\n<p><b>A:<\/b> S\u00ed, se pueden reparar, pero es imprescindible consultar con un profesional antes de intentar repararlas para evitar causar da\u00f1os mayores.<\/p>\n<p><b>P:<\/b> \u00bfC\u00f3mo mantengo estos cilindros hidr\u00e1ulicos?<\/p>\n<p><b>A:<\/b> Para mantener el cilindro, verifique que no haya fugas, grietas u otros da\u00f1os y reemplace inmediatamente cualquier pieza da\u00f1ada. <\/p>\n<p><b>P:<\/b> \u00bfPuedo personalizar estos cilindros hidr\u00e1ulicos?<\/p>\n<p><b>A:<\/b> S\u00ed, invitamos a los clientes a personalizar con dibujos y muestras.<\/p>","protected":false},"excerpt":{"rendered":"<p>All the content on this page comes from the internet, and it is only used as a reference for product selection. Our products are replacement parts rather than original spare parts, and we are not the holder of the original trademark of the content. Our replacement parts can perfectly fit the original spare parts, but [&hellip;]<\/p>","protected":false},"featured_media":4613,"template":"","meta":{"_et_pb_use_builder":"","_et_pb_old_content":"","_et_gb_content_width":""},"product_brand":[],"product_cat":[11327],"product_tag":[],"class_list":{"0":"post-4614","1":"product","2":"type-product","3":"status-publish","4":"has-post-thumbnail","6":"product_cat-telescopic-hydraulic-cylinder","8":"first","9":"instock","10":"shipping-taxable","11":"product-type-simple"},"_links":{"self":[{"href":"https:\/\/agricultural-gear-boxes.com\/es\/wp-json\/wp\/v2\/product\/4614","targetHints":{"allow":["GET"]}}],"collection":[{"href":"https:\/\/agricultural-gear-boxes.com\/es\/wp-json\/wp\/v2\/product"}],"about":[{"href":"https:\/\/agricultural-gear-boxes.com\/es\/wp-json\/wp\/v2\/types\/product"}],"wp:featuredmedia":[{"embeddable":true,"href":"https:\/\/agricultural-gear-boxes.com\/es\/wp-json\/wp\/v2\/media\/4613"}],"wp:attachment":[{"href":"https:\/\/agricultural-gear-boxes.com\/es\/wp-json\/wp\/v2\/media?parent=4614"}],"wp:term":[{"taxonomy":"product_brand","embeddable":true,"href":"https:\/\/agricultural-gear-boxes.com\/es\/wp-json\/wp\/v2\/product_brand?post=4614"},{"taxonomy":"product_cat","embeddable":true,"href":"https:\/\/agricultural-gear-boxes.com\/es\/wp-json\/wp\/v2\/product_cat?post=4614"},{"taxonomy":"product_tag","embeddable":true,"href":"https:\/\/agricultural-gear-boxes.com\/es\/wp-json\/wp\/v2\/product_tag?post=4614"}],"curies":[{"name":"wp","href":"https:\/\/api.w.org\/{rel}","templated":true}]}}