{"id":4618,"date":"2024-09-11T07:36:31","date_gmt":"2024-09-11T07:36:31","guid":{"rendered":"https:\/\/agricultural-gear-boxes.com\/product\/factory-direct-sale-20-ton-dump-truck-hoist-hydraulic-cylinder\/"},"modified":"2024-09-11T07:36:31","modified_gmt":"2024-09-11T07:36:31","slug":"factory-direct-sale-20-ton-dump-truck-hoist-hydraulic-cylinder","status":"publish","type":"product","link":"https:\/\/agricultural-gear-boxes.com\/es\/product\/factory-direct-sale-20-ton-dump-truck-hoist-hydraulic-cylinder\/","title":{"rendered":"Venta directa de f\u00e1brica de cilindro hidr\u00e1ulico de elevaci\u00f3n de cami\u00f3n volquete de 20 toneladas"},"content":{"rendered":"<p>Toda la informaci\u00f3n de esta p\u00e1gina procede de Internet y se utiliza \u00fanicamente como referencia para la selecci\u00f3n de productos. Nuestros productos son piezas de repuesto y no piezas de repuesto originales. No somos los propietarios de la marca registrada original del contenido. Nuestras piezas de repuesto pueden adaptarse perfectamente a las piezas de repuesto originales. Si necesita comprar piezas de repuesto originales, p\u00f3ngase en contacto con el proveedor original para realizar la compra.<\/p>\n<p><h2>Cilindro hidr\u00e1ulico de elevaci\u00f3n para cami\u00f3n volquete de 20 toneladas reci\u00e9n lanzado<\/h2><\/p>\n<p>The 20 Ton Dump Truck Hoist Hydraulic Cylinder is a newly launched product designed and manufactured by Ever-power. The hydraulic cylinder is a standard, plunger-style multistage cylinder that serves as a critical component in various industries such as machinery repair shops, farms, energy &#038; mining operations, and machinery manufacturing. Its maximum pull capacity is 20 tons. <\/p>\n<p><h3>Escenarios de uso del cilindro hidr\u00e1ulico de elevaci\u00f3n de cami\u00f3n volquete de 20 toneladas<\/h3><\/p>\n<p>This hydraulic cylinder is versatile and suitable for various applications such as dump trucks, excavators, and other heavy machinery. It can withstand extreme conditions, ensuring longevity and reliability. The cylinder&#8217;s energy efficiency ensures minimal energy loss during operation, making it an ideal choice for those who value eco-friendliness. <\/p>\n<p><img decoding=\"async\" src=\"https:\/\/img.jiansujichilun.com\/img\/hydrauliccylinders\/T_hydrauliccylinders-5.webp\" alt=\"Cami\u00f3n volquete que utiliza cilindro hidr\u00e1ulico\"><\/p>\n<p><h3>Ventajas del producto<\/h3><\/p>\n<ul>\n<li>Construido con acero robusto, lo que lo hace muy duradero.<\/li>\n<li>Cumple con los est\u00e1ndares de certificaci\u00f3n ISO9001:2000, lo que garantiza un funcionamiento seguro.<\/li>\n<li>Dise\u00f1ado para una m\u00e1xima eficiencia, garantizando una m\u00ednima p\u00e9rdida de energ\u00eda durante el funcionamiento.<\/li>\n<li>Puede adaptarse perfectamente a las piezas de repuesto originales.<\/li>\n<li>Personalizable con dibujos o muestras.<\/li>\n<\/ul>\n<p><h3>Especificaciones t\u00e9cnicas<\/h3><\/p>\n<p><table border=\"1\"><br \/>\n  <tr><td colspan=\"1\" rowspan=\"1\"><i>Tama\u00f1o del orificio<\/i><\/td><td colspan=\"1\" rowspan=\"1\">2-6 pulgadas<\/td><\/tr><br \/>\n  <tr><td colspan=\"1\" rowspan=\"1\"><i>Tama\u00f1o de la varilla<\/i><\/td><td colspan=\"1\" rowspan=\"1\">1,125-4 pulgadas<\/td><\/tr><br \/>\n  <tr><td colspan=\"1\" rowspan=\"1\"><i>Tama\u00f1o del trazo<\/i><\/td><td colspan=\"1\" rowspan=\"1\">4-100 pulgadas<\/td><\/tr><br \/>\n  <tr><td colspan=\"1\" rowspan=\"1\"><i>Tama\u00f1o del pin<\/i><\/td><td colspan=\"1\" rowspan=\"1\">0,5-2 pulgadas<\/td><\/tr><br \/>\n  <tr><td colspan=\"1\" rowspan=\"1\"><i>Puertos<\/i><\/td><td colspan=\"1\" rowspan=\"1\">G\/SAE\/NPT\/M<\/td><\/tr><br \/>\n<\/table> <\/p>\n<p><h3>Instalaci\u00f3n, mantenimiento y reparaci\u00f3n<\/h3><\/p>\n<p>Este cilindro hidr\u00e1ulico es f\u00e1cil de instalar, mantener y reparar. Para instalarlo, simplemente siga las instrucciones incluidas para garantizar un montaje adecuado. Para realizar el mantenimiento y la reparaci\u00f3n, controle peri\u00f3dicamente que no haya fugas, limpie el cilindro y reemplace las piezas desgastadas o da\u00f1adas. <\/p>\n<p><h3>Materiales del producto<\/h3><\/p>\n<p>This hydraulic cylinder is made with high-quality steel, ensuring durability and reliability. The cylinder&#8217;s body material is steel and is colored black to further add to its robustness. <\/p>\n<p><h3>Historia y clasificaci\u00f3n<\/h3><\/p>\n<p>Los cilindros hidr\u00e1ulicos se han utilizado durante siglos para convertir la potencia de los fluidos en fuerza y movimiento mec\u00e1nicos lineales. Se pueden clasificar seg\u00fan su dise\u00f1o, modo de funcionamiento y aplicaci\u00f3n. El cilindro hidr\u00e1ulico de elevaci\u00f3n de camiones volquete de 20 toneladas es un cilindro multietapa est\u00e1ndar de tipo \u00e9mbolo que genera enormes cantidades de fuerza con solo peque\u00f1os ajustes en la presi\u00f3n del fluido.<\/p>\n<p><h3>C\u00f3mo reemplazar<\/h3><\/p>\n<p>To replace this hydraulic cylinder, simply follow the manufacturer&#8217;s instructions for removal and installation. It is important to ensure that the new cylinder is the correct size and type for the machinery it will be used in. <\/p>\n<p><h2>Ever-power&#8217;s Other Product Businesses<\/h2><\/p>\n<p>Ever-power tambi\u00e9n suministra diversos engranajes de pl\u00e1stico para uso industrial, como cajas de engranajes agr\u00edcolas, ejes de salida de potencia, ruedas dentadas, acoplamientos hidr\u00e1ulicos, reductores de tornillo sin fin, cremalleras, cadenas desmontables, poleas y poleas, cajas de engranajes planetarios, poleas de distribuci\u00f3n y bujes. Ofrecemos productos de alta calidad, precios competitivos y un servicio al cliente superior. Damos la bienvenida a los clientes a personalizar con dibujos o muestras. <\/p>\n<p><img decoding=\"async\" src=\"https:\/\/images.hzpt.com\/2024\/04\/unit-type-flexo-press-factory.webp\" alt=\"Otros negocios de productos de Ever-power\"><\/p>\n<p><h2>Preguntas frecuentes<\/h2><\/p>\n<p><font>P: \u00bfCu\u00e1nto tiempo es el tiempo de entrega?<\/font><br \/>\n<font>R: El plazo de entrega general es de 25 a 35 d\u00edas.<\/font><\/p>\n<p><font>P: \u00bfOfrecen muestras?<\/font><br \/>\n<font>R: S\u00ed, ofrecemos muestras, pero no son gratuitas.<\/font><\/p>\n<p><font>P: \u00bfPueden producir seg\u00fan las muestras?<\/font><br \/>\n<font>R: S\u00ed, podemos fabricar a partir de sus muestras o dibujos t\u00e9cnicos. Podemos fabricar los moldes y los accesorios.<\/font><\/p>\n<p><font>P: \u00bfCu\u00e1les son las especificaciones t\u00e9cnicas del cilindro hidr\u00e1ulico?<\/font><br \/>\n<font>R: El cilindro hidr\u00e1ulico tiene un tama\u00f1o de orificio de 2 a 6 pulgadas, un tama\u00f1o de varilla de 1,125 a 4 pulgadas, un tama\u00f1o de carrera de 4 a 100 pulgadas, un tama\u00f1o de pasador de 0,5 a 2 pulgadas y puertos de G\/SAE\/NPT\/M.<\/font><\/p>\n<p><font>P: \u00bfCu\u00e1l es la capacidad m\u00e1xima de tracci\u00f3n del cilindro hidr\u00e1ulico?<\/font><br \/>\n<font>R: La capacidad m\u00e1xima de tracci\u00f3n del cilindro hidr\u00e1ulico es de 20 toneladas.<\/font><\/p>","protected":false},"excerpt":{"rendered":"<p>All information on this page comes from the Internet and is only used as a reference for product selection. Our products are replacement parts rather than original spare parts. We are not the holder of the original trademark of the content. Our replacement parts can perfectly fit the original spare parts. If you need to [&hellip;]<\/p>","protected":false},"featured_media":4617,"template":"","meta":{"_et_pb_use_builder":"","_et_pb_old_content":"","_et_gb_content_width":""},"product_brand":[],"product_cat":[11327],"product_tag":[],"class_list":{"0":"post-4618","1":"product","2":"type-product","3":"status-publish","4":"has-post-thumbnail","6":"product_cat-telescopic-hydraulic-cylinder","8":"first","9":"instock","10":"shipping-taxable","11":"product-type-simple"},"_links":{"self":[{"href":"https:\/\/agricultural-gear-boxes.com\/es\/wp-json\/wp\/v2\/product\/4618","targetHints":{"allow":["GET"]}}],"collection":[{"href":"https:\/\/agricultural-gear-boxes.com\/es\/wp-json\/wp\/v2\/product"}],"about":[{"href":"https:\/\/agricultural-gear-boxes.com\/es\/wp-json\/wp\/v2\/types\/product"}],"wp:featuredmedia":[{"embeddable":true,"href":"https:\/\/agricultural-gear-boxes.com\/es\/wp-json\/wp\/v2\/media\/4617"}],"wp:attachment":[{"href":"https:\/\/agricultural-gear-boxes.com\/es\/wp-json\/wp\/v2\/media?parent=4618"}],"wp:term":[{"taxonomy":"product_brand","embeddable":true,"href":"https:\/\/agricultural-gear-boxes.com\/es\/wp-json\/wp\/v2\/product_brand?post=4618"},{"taxonomy":"product_cat","embeddable":true,"href":"https:\/\/agricultural-gear-boxes.com\/es\/wp-json\/wp\/v2\/product_cat?post=4618"},{"taxonomy":"product_tag","embeddable":true,"href":"https:\/\/agricultural-gear-boxes.com\/es\/wp-json\/wp\/v2\/product_tag?post=4618"}],"curies":[{"name":"wp","href":"https:\/\/api.w.org\/{rel}","templated":true}]}}