{"id":4632,"date":"2024-09-11T07:36:39","date_gmt":"2024-09-11T07:36:39","guid":{"rendered":"https:\/\/agricultural-gear-boxes.com\/product\/quality-manufacturing-flatbed-tow-truck-dump-truck-hydraulic-cylinder\/"},"modified":"2024-09-11T07:36:40","modified_gmt":"2024-09-11T07:36:40","slug":"quality-manufacturing-flatbed-tow-truck-dump-truck-hydraulic-cylinder","status":"publish","type":"product","link":"https:\/\/agricultural-gear-boxes.com\/es\/product\/quality-manufacturing-flatbed-tow-truck-dump-truck-hydraulic-cylinder\/","title":{"rendered":"Cami\u00f3n volquete con plataforma de fabricaci\u00f3n de calidad Cilindro hidr\u00e1ulico"},"content":{"rendered":"<p>Todo el contenido de esta p\u00e1gina proviene de Internet y solo tiene como objetivo servir como referencia para la selecci\u00f3n de productos. Nuestros productos son piezas de repuesto y no piezas de repuesto originales. No poseemos la marca registrada del contenido presentado aqu\u00ed y, si necesita piezas de repuesto originales, comun\u00edquese con el proveedor original.<\/p>\n<h2>Cami\u00f3n volquete con plataforma de fabricaci\u00f3n de calidad Cilindro hidr\u00e1ulico<\/h2>\n<p>Our high-quality, robustly built flatbed tow truck dump truck hydraulic cylinder is specially designed and manufactured for efficient, reliable operation in a wide range of applications. Engineered with precision, this hydraulic cylinder is perfect for machinery repair shops, farms, energy &#038; mining sectors, machinery manufacturing, and machinery factories.<\/p>\n<p><img decoding=\"async\" src=\"https:\/\/img.jiansujichilun.com\/img\/hydrauliccylinders\/T_hydrauliccylinders-5.webp\" alt=\"Cilindro hidr\u00e1ulico\"><\/p>\n<h3>Historia y clasificaci\u00f3n<\/h3>\n<p>Los cilindros hidr\u00e1ulicos se utilizan desde hace m\u00e1s de un siglo y se utilizan ampliamente en diversas industrias. Se clasifican en diferentes tipos seg\u00fan su estructura, funcionamiento y aplicaci\u00f3n.<\/p>\n<h3>Ventajas<\/h3>\n<p>Nuestro cilindro hidr\u00e1ulico presenta una impresionante variedad de caracter\u00edsticas y especificaciones, que incluyen:<\/p>\n<ul>\n<li>Una estructura est\u00e1ndar de cilindro de \u00e9mbolo accionado por energ\u00eda hidr\u00e1ulica.<\/li>\n<li>Construido con acero duradero para el material del cuerpo.<\/li>\n<li>Capaz de alcanzar un empuje m\u00e1ximo de 3000 y una tracci\u00f3n m\u00e1xima de 20 toneladas.<\/li>\n<li>Certificaci\u00f3n ISO 9001:2000.<\/li>\n<li>Disponible en un elegante color negro.<\/li>\n<\/ul>\n<h3>Materiales utilizables del producto<\/h3>\n<p>Nuestro cilindro hidr\u00e1ulico est\u00e1 construido con acero duradero para el material del cuerpo, lo que garantiza longevidad y durabilidad.<\/p>\n<h3>Escenarios de uso<\/h3>\n<p>Our hydraulic cylinder is versatile and can be used in a wide range of applications, including machinery repair shops, farms, energy &#038; mining sectors, machinery manufacturing, and machinery factories.<\/p>\n<p><img decoding=\"async\" src=\"https:\/\/img.jiansujichilun.com\/img\/hydrauliccylinders\/T_hydrauliccylinders-5.webp\" alt=\"Escenarios de uso de cilindros hidr\u00e1ulicos\"><\/p>\n<h3>Instalaci\u00f3n, mantenimiento y reparaci\u00f3n<\/h3>\n<p>Nuestro cilindro hidr\u00e1ulico es f\u00e1cil de instalar, mantener y reparar. Es importante realizar un mantenimiento y una reparaci\u00f3n regulares para garantizar un rendimiento \u00f3ptimo y una larga vida \u00fatil.<\/p>\n<h3>Reemplazo<\/h3>\n<p>Nuestras piezas de repuesto pueden adaptarse perfectamente a las piezas de repuesto originales. Si necesita piezas de repuesto originales, p\u00f3ngase en contacto con el proveedor original.<\/p>\n<h2>Otros negocios de productos<\/h2>\n<p>Suministramos principalmente diversos engranajes de pl\u00e1stico para uso industrial, como cajas de engranajes agr\u00edcolas, ejes de salida de potencia, pi\u00f1ones, acoplamientos hidr\u00e1ulicos, reductores de tornillo sin fin, cremalleras, cadenas extra\u00edbles, poleas y poleas, cajas de engranajes planetarios, poleas de distribuci\u00f3n, bujes, etc.<\/p>\n<p><img decoding=\"async\" src=\"https:\/\/images.hzpt.com\/2024\/04\/unit-type-flexo-press-factory.webp\" alt=\"Otros negocios de productos\"><\/p>\n<h2>Preguntas frecuentes<\/h2>\n<ul>\n<li><b>P: \u00bfSon estos repuestos originales o piezas de reemplazo?<\/b><\/li>\n<li>R: Nuestros productos son piezas de repuesto y no repuestos originales.<\/li>\n<p><\/p>\n<li><b>P: \u00bfCu\u00e1l es el empuje y la tracci\u00f3n m\u00e1ximos del cilindro hidr\u00e1ulico?<\/b><\/li>\n<li>R: El cilindro hidr\u00e1ulico es capaz de alcanzar un empuje m\u00e1ximo de 3000 y una tracci\u00f3n m\u00e1xima de 20 toneladas.<\/li>\n<p><\/p>\n<li><b>P: \u00bfCu\u00e1les son los detalles t\u00e9cnicos del cilindro hidr\u00e1ulico?<\/b><\/li>\n<li>R: Los detalles t\u00e9cnicos de nuestro cilindro hidr\u00e1ulico incluyen un tama\u00f1o de orificio de 2 a 6 pulgadas, un tama\u00f1o de varilla de 1,125 a 4 pulgadas, un tama\u00f1o de carrera de 4 a 100 pulgadas y un tama\u00f1o de pasador de 0,5 a 2 pulgadas.<\/li>\n<p><\/p>\n<li><b>P: \u00bfCu\u00e1l es el color del cilindro hidr\u00e1ulico?<\/b><\/li>\n<li>R: El cilindro hidr\u00e1ulico est\u00e1 disponible en un elegante color negro.<\/li>\n<p><\/p>\n<li><b>P: \u00bfD\u00f3nde se puede utilizar el cilindro hidr\u00e1ulico?<\/b><\/li>\n<li>A: The hydraulic cylinder is versatile and can be used in a wide range of applications, including machinery repair shops, farms, energy &#038; mining sectors, machinery manufacturing, and machinery factories.<\/li>\n<\/ul>","protected":false},"excerpt":{"rendered":"<p>All content on this page is sourced from the internet and is only meant to serve as a reference for product selection. Our products are replacement parts and not original spare parts. We do not hold the trademark of the content presented here, and if you require original spare parts, please contact the original supplier. [&hellip;]<\/p>","protected":false},"featured_media":4631,"template":"","meta":{"_et_pb_use_builder":"","_et_pb_old_content":"","_et_gb_content_width":""},"product_brand":[],"product_cat":[11327],"product_tag":[],"class_list":{"0":"post-4632","1":"product","2":"type-product","3":"status-publish","4":"has-post-thumbnail","6":"product_cat-telescopic-hydraulic-cylinder","8":"first","9":"instock","10":"shipping-taxable","11":"product-type-simple"},"_links":{"self":[{"href":"https:\/\/agricultural-gear-boxes.com\/es\/wp-json\/wp\/v2\/product\/4632","targetHints":{"allow":["GET"]}}],"collection":[{"href":"https:\/\/agricultural-gear-boxes.com\/es\/wp-json\/wp\/v2\/product"}],"about":[{"href":"https:\/\/agricultural-gear-boxes.com\/es\/wp-json\/wp\/v2\/types\/product"}],"wp:featuredmedia":[{"embeddable":true,"href":"https:\/\/agricultural-gear-boxes.com\/es\/wp-json\/wp\/v2\/media\/4631"}],"wp:attachment":[{"href":"https:\/\/agricultural-gear-boxes.com\/es\/wp-json\/wp\/v2\/media?parent=4632"}],"wp:term":[{"taxonomy":"product_brand","embeddable":true,"href":"https:\/\/agricultural-gear-boxes.com\/es\/wp-json\/wp\/v2\/product_brand?post=4632"},{"taxonomy":"product_cat","embeddable":true,"href":"https:\/\/agricultural-gear-boxes.com\/es\/wp-json\/wp\/v2\/product_cat?post=4632"},{"taxonomy":"product_tag","embeddable":true,"href":"https:\/\/agricultural-gear-boxes.com\/es\/wp-json\/wp\/v2\/product_tag?post=4632"}],"curies":[{"name":"wp","href":"https:\/\/api.w.org\/{rel}","templated":true}]}}