{"id":4646,"date":"2024-09-11T07:36:48","date_gmt":"2024-09-11T07:36:48","guid":{"rendered":"https:\/\/agricultural-gear-boxes.com\/product\/professional-craftsmanship-small-hydraulic-cylinder-dump-truck-hydraulic-hoist-cylinder\/"},"modified":"2024-09-11T07:36:49","modified_gmt":"2024-09-11T07:36:49","slug":"professional-craftsmanship-small-hydraulic-cylinder-dump-truck-hydraulic-hoist-cylinder","status":"publish","type":"product","link":"https:\/\/agricultural-gear-boxes.com\/es\/product\/professional-craftsmanship-small-hydraulic-cylinder-dump-truck-hydraulic-hoist-cylinder\/","title":{"rendered":"Cilindro hidr\u00e1ulico de elevaci\u00f3n para cami\u00f3n volquete de peque\u00f1o tama\u00f1o y artesan\u00eda profesional"},"content":{"rendered":"<p>Todo el contenido de esta p\u00e1gina proviene de internet y se utiliza \u00fanicamente como referencia para la selecci\u00f3n de productos. Tenga en cuenta que nuestros productos son piezas de repuesto y no son originales, y no somos los titulares de la marca registrada original del contenido. Nuestras piezas de repuesto son compatibles con las originales. Si necesita comprar piezas de repuesto originales, p\u00f3ngase en contacto con el proveedor original.<\/p>\n<h2>Cilindro hidr\u00e1ulico de alta calidad para camiones volquete<\/h2>\n<p>Nuestro cilindro hidr\u00e1ulico est\u00e1 dise\u00f1ado para cumplir con los m\u00e1s altos est\u00e1ndares y proporcionar un funcionamiento eficiente y confiable en diversas industrias. Es ideal para camiones volquete, talleres de reparaci\u00f3n de maquinaria, granjas, energ\u00eda y miner\u00eda, fabricaci\u00f3n de maquinaria y f\u00e1bricas de maquinaria. Nuestro cilindro hidr\u00e1ulico es una herramienta esencial que ofrece una soluci\u00f3n eficiente y confiable para todas sus necesidades hidr\u00e1ulicas.<\/p>\n<p><img decoding=\"async\" src=\"https:\/\/img.jiansujichilun.com\/img\/hydrauliccylinders\/T_hydrauliccylinders-5.webp\" alt=\"Cilindro hidr\u00e1ulico de cami\u00f3n volquete\"><\/p>\n<h3>Historial y clasificaci\u00f3n del producto<\/h3>\n<p>Los cilindros hidr\u00e1ulicos existen desde hace m\u00e1s de un siglo y han evolucionado continuamente para ser m\u00e1s eficientes y fiables. El cilindro hidr\u00e1ulico que ofrecemos es de tama\u00f1o peque\u00f1o, dise\u00f1ado para camiones volquete. Es un cilindro hidr\u00e1ulico de simple efecto con un empuje m\u00e1ximo de 3000 y una tracci\u00f3n m\u00e1xima de 20 toneladas, lo que lo convierte en una soluci\u00f3n fiable para sus necesidades hidr\u00e1ulicas.<\/p>\n<h3>Ventajas de nuestro cilindro hidr\u00e1ulico<\/h3>\n<ul>\n<li>Eficiencia energ\u00e9tica<\/li>\n<li>Rendimiento alto<\/li>\n<li>Seguridad<\/li>\n<li>Dise\u00f1ado con tecnolog\u00eda de \u00faltima generaci\u00f3n<\/li>\n<li>Se adhiere a los est\u00e1ndares de certificaci\u00f3n ISO9001:2000<\/li>\n<\/ul>\n<h3>Materiales utilizables del producto<\/h3>\n<p>Nuestro cilindro hidr\u00e1ulico est\u00e1 fabricado con materiales de alta calidad que garantizan su larga vida \u00fatil. El cuerpo del cilindro es de acero, mientras que el pist\u00f3n es de acero cromado, lo que lo hace resistente al desgaste. Las juntas son de caucho de nitrilo, que ofrece una excelente resistencia al aceite y otros fluidos.<\/p>\n<h3>C\u00f3mo instalar, mantener y reparar el producto<\/h3>\n<p>La instalaci\u00f3n de nuestro cilindro hidr\u00e1ulico es sencilla. Sin embargo, le recomendamos contratar a un profesional para que lo instale correctamente. Un mantenimiento adecuado es crucial para garantizar la longevidad del cilindro hidr\u00e1ulico. Le recomendamos inspeccionarlo regularmente y reemplazar cualquier pieza desgastada lo antes posible. Si necesita reparar el cilindro hidr\u00e1ulico, le recomendamos que contrate a un profesional.<\/p>\n<h3>C\u00f3mo reemplazar el producto<\/h3>\n<p>Si necesita reemplazar el cilindro hidr\u00e1ulico, le recomendamos comprar nuestras piezas de repuesto. Estas piezas se adaptan perfectamente a las originales, garantizando as\u00ed el correcto funcionamiento de su sistema hidr\u00e1ulico.<\/p>\n<h3>Escenarios de uso com\u00fan<\/h3>\n<p>Nuestro cilindro hidr\u00e1ulico se utiliza com\u00fanmente en equipos de construcci\u00f3n, maquinaria de fabricaci\u00f3n y maquinaria agr\u00edcola. Es una herramienta esencial para los camiones volquete, ya que acciona el mecanismo que eleva y baja la caja.<\/p>\n<p><img decoding=\"async\" src=\"https:\/\/images.hzpt.com\/2024\/04\/unit-type-flexo-press-factory.webp\" alt=\"Engranajes de pl\u00e1stico para uso industrial\"><\/p>\n<h2>Otras ofertas de productos<\/h2>\n<p>Adem\u00e1s de nuestros cilindros hidr\u00e1ulicos, suministramos diversos engranajes de pl\u00e1stico para uso industrial, como cajas de engranajes agr\u00edcolas, ejes de transmisi\u00f3n, ruedas dentadas, acoplamientos hidr\u00e1ulicos, reductores de tornillo sin fin, cremalleras, cadenas desmontables, poleas, poleas, reductores planetarios, poleas de distribuci\u00f3n, bujes, etc. Ofrecemos productos de alta calidad a precios preferenciales y un servicio atento. Invitamos a nuestros clientes a personalizar sus productos con planos y muestras.<\/p>\n<h2>Preguntas frecuentes<\/h2>\n<ol>\n<li>\n    <strong>P: \u00bfCu\u00e1nto dura el per\u00edodo de garant\u00eda de sus cilindros hidr\u00e1ulicos?<\/strong><br \/>\n    R: Ofrecemos una garant\u00eda de 1 a\u00f1o en nuestros cilindros hidr\u00e1ulicos.\n  <\/li>\n<li>\n    <strong>P: \u00bfCu\u00e1l es el peso del cilindro hidr\u00e1ulico?<\/strong><br \/>\n    R: El peso de nuestro cilindro hidr\u00e1ulico es de 23 KG.\n  <\/li>\n<li>\n    <strong>P: \u00bfSe puede personalizar su cilindro hidr\u00e1ulico?<\/strong><br \/>\n    R: S\u00ed, invitamos a los clientes a personalizar con dibujos o muestras.\n  <\/li>\n<li>\n    <strong>P: \u00bfC\u00f3mo instalo el cilindro hidr\u00e1ulico en mi cami\u00f3n volquete?<\/strong><br \/>\n    R: La instalaci\u00f3n de nuestro cilindro hidr\u00e1ulico es sencilla. Sin embargo, le recomendamos que contrate a un profesional para que la instale correctamente.\n  <\/li>\n<li>\n    <strong>P: \u00bfPuedo reparar el cilindro hidr\u00e1ulico yo mismo?<\/strong><br \/>\n    R: Le recomendamos que contrate a un profesional para que repare el cilindro hidr\u00e1ulico. Si necesita reemplazarlo, le recomendamos comprar nuestras piezas de repuesto.\n  <\/li>\n<\/ol>","protected":false},"excerpt":{"rendered":"<p>All content on this page is from the internet and is only used as a reference for product selection. Please note that our products are replacement parts rather than original spare parts, and we are not the holder of the original trademark of the content. Our replacement parts can perfectly fit the original spare parts. [&hellip;]<\/p>","protected":false},"featured_media":4645,"template":"","meta":{"_et_pb_use_builder":"","_et_pb_old_content":"","_et_gb_content_width":""},"product_brand":[],"product_cat":[11327],"product_tag":[],"class_list":{"0":"post-4646","1":"product","2":"type-product","3":"status-publish","4":"has-post-thumbnail","6":"product_cat-telescopic-hydraulic-cylinder","8":"first","9":"instock","10":"shipping-taxable","11":"product-type-simple"},"_links":{"self":[{"href":"https:\/\/agricultural-gear-boxes.com\/es\/wp-json\/wp\/v2\/product\/4646","targetHints":{"allow":["GET"]}}],"collection":[{"href":"https:\/\/agricultural-gear-boxes.com\/es\/wp-json\/wp\/v2\/product"}],"about":[{"href":"https:\/\/agricultural-gear-boxes.com\/es\/wp-json\/wp\/v2\/types\/product"}],"wp:featuredmedia":[{"embeddable":true,"href":"https:\/\/agricultural-gear-boxes.com\/es\/wp-json\/wp\/v2\/media\/4645"}],"wp:attachment":[{"href":"https:\/\/agricultural-gear-boxes.com\/es\/wp-json\/wp\/v2\/media?parent=4646"}],"wp:term":[{"taxonomy":"product_brand","embeddable":true,"href":"https:\/\/agricultural-gear-boxes.com\/es\/wp-json\/wp\/v2\/product_brand?post=4646"},{"taxonomy":"product_cat","embeddable":true,"href":"https:\/\/agricultural-gear-boxes.com\/es\/wp-json\/wp\/v2\/product_cat?post=4646"},{"taxonomy":"product_tag","embeddable":true,"href":"https:\/\/agricultural-gear-boxes.com\/es\/wp-json\/wp\/v2\/product_tag?post=4646"}],"curies":[{"name":"wp","href":"https:\/\/api.w.org\/{rel}","templated":true}]}}