{"id":4657,"date":"2024-09-11T07:36:58","date_gmt":"2024-09-11T07:36:58","guid":{"rendered":"https:\/\/agricultural-gear-boxes.com\/product\/telescopic-multi-stages-tipper-truck-hydraulic-cylinder-from-ever-power\/"},"modified":"2024-09-11T07:36:58","modified_gmt":"2024-09-11T07:36:58","slug":"telescopic-multi-stages-tipper-truck-hydraulic-cylinder-from-ever-power","status":"publish","type":"product","link":"https:\/\/agricultural-gear-boxes.com\/es\/product\/telescopic-multi-stages-tipper-truck-hydraulic-cylinder-from-ever-power\/","title":{"rendered":"Cilindro hidr\u00e1ulico para cami\u00f3n volquete telesc\u00f3pico de varias etapas de Ever-power"},"content":{"rendered":"<p>Todo el contenido de esta p\u00e1gina procede de Internet y est\u00e1 destinado \u00fanicamente a servir de referencia para la selecci\u00f3n de piezas de repuesto. Nuestros productos son piezas de repuesto y no piezas de repuesto originales. No somos los propietarios de la marca registrada original mencionada en el contenido. Nuestras piezas de repuesto est\u00e1n dise\u00f1adas para adaptarse perfectamente a las piezas de repuesto originales. Si necesita comprar piezas de repuesto originales, p\u00f3ngase en contacto con el proveedor original. <\/p>\n<h2>Cilindro hidr\u00e1ulico para cami\u00f3n volquete telesc\u00f3pico de varias etapas<\/h2>\n<p>El cilindro hidr\u00e1ulico para volquetes telesc\u00f3picos de varias etapas de Ever-power es un producto innovador y confiable dise\u00f1ado para mejorar la eficiencia en una variedad de industrias. Ya sea que trabaje en plantas de fabricaci\u00f3n, talleres de reparaci\u00f3n de maquinaria, granjas o en los sectores de energ\u00eda y miner\u00eda, este cilindro hidr\u00e1ulico seguramente satisfar\u00e1 sus necesidades.<\/p>\n<h3>Caracter\u00edsticas del producto:<\/h3>\n<p>\u2013 Fabricado en acero de alta calidad para mayor durabilidad y longevidad.<br \/>\n\u2013 Empuje m\u00e1ximo de 3000 y tracci\u00f3n m\u00e1xima de 600, lo que proporciona un rendimiento potente<br \/>\n\u2013 Certificaci\u00f3n ISO9001:2000, garantizando la calidad y el cumplimiento de los est\u00e1ndares internacionales<\/p>\n<p><img decoding=\"async\" src=\"https:\/\/img.jiansujichilun.com\/img\/hydrauliccylinders\/T_hydrauliccylinders-5.webp\" alt=\"Cilindro hidr\u00e1ulico telesc\u00f3pico\" \/><\/p>\n<h3>Especificaciones t\u00e9cnicas:<\/h3>\n<p>Las especificaciones t\u00e9cnicas detalladas del cilindro hidr\u00e1ulico del cami\u00f3n volquete telesc\u00f3pico de m\u00faltiples etapas son las siguientes:<\/p>\n<table border=\"1\">\n<tbody>\n<tr>\n<td>Tama\u00f1o del orificio de salida<\/td>\n<td rowspan=\"5\">Podemos dise\u00f1ar un cilindro hidr\u00e1ulico para usted seg\u00fan su solicitud.<\/td>\n<\/tr>\n<tr>\n<td>Capacidad<\/td>\n<\/tr>\n<tr>\n<td>Tama\u00f1o del trazo<\/td>\n<\/tr>\n<tr>\n<td>Tama\u00f1o del pin<\/td>\n<\/tr>\n<tr>\n<td>Puertos<\/td>\n<\/tr>\n<\/tbody>\n<\/table>\n<h3>Ventajas:<\/h3>\n<p>\u2013 Ahorro de energ\u00eda: utiliza aceite como fluido para un uso eficiente de la energ\u00eda.<br \/>\n\u2013 Altamente eficiente: ofrece una alta potencia de salida sin la necesidad de un motor grande.<br \/>\n\u2013 Seguro: la amplia gama de di\u00e1metros de cilindros garantiza un funcionamiento seguro en diversas aplicaciones.<\/p>\n<p><img decoding=\"async\" src=\"https:\/\/img.jiansujichilun.com\/img\/hydrauliccylinders\/T_hydrauliccylinders-5.webp\" alt=\"Cilindro hidr\u00e1ulico telesc\u00f3pico\" \/><\/p>\n<h3>El sistema hidr\u00e1ulico y principio de funcionamiento:<\/h3>\n<p>El sistema hidr\u00e1ulico funciona seg\u00fan el principio de presi\u00f3n de fluidos, y el cilindro hidr\u00e1ulico desempe\u00f1a un papel crucial en la conversi\u00f3n de energ\u00eda hidr\u00e1ulica en movimiento mec\u00e1nico. Esta fuerza ejercida por el pist\u00f3n sobre el cilindro facilita diversas operaciones industriales y agr\u00edcolas.<\/p>\n<h3>Aplicaciones:<\/h3>\n<p>El cilindro hidr\u00e1ulico telesc\u00f3pico de varias etapas para camiones volquete se utiliza ampliamente en industrias como la construcci\u00f3n, la fabricaci\u00f3n, la reparaci\u00f3n de maquinaria, la energ\u00eda y la miner\u00eda. Es especialmente adecuado para camiones volquete y aplicaciones de varias etapas.<\/p>\n<h3>Historial y clasificaci\u00f3n del producto:<\/h3>\n<p>\u2013 Historia: El desarrollo de los cilindros hidr\u00e1ulicos se remonta a principios del siglo XIX, con avances continuos que condujeron a la creaci\u00f3n de cilindros telesc\u00f3picos multietapa.<br \/>\n\u2013 Clasificaci\u00f3n: Los cilindros telesc\u00f3picos multietapa se clasifican seg\u00fan su dise\u00f1o, longitud de carrera y capacidad de carga.<\/p>\n<h3>Ventajas y materiales utilizables:<\/h3>\n<p>\u2013 Ventajas: Los cilindros telesc\u00f3picos multietapa ofrecen un dise\u00f1o compacto, una gran capacidad de carga y un control preciso. Adem\u00e1s, son resistentes al desgaste y a la corrosi\u00f3n.<br \/>\n\u2013 Materiales utilizables: Estos cilindros com\u00fanmente est\u00e1n hechos de acero, lo que les proporciona resistencia y durabilidad.<\/p>\n<h3>Instalaci\u00f3n, mantenimiento, reparaci\u00f3n y reemplazo:<\/h3>\n<p>\u2013 Instalaci\u00f3n: La instalaci\u00f3n correcta del cilindro hidr\u00e1ulico es fundamental para un rendimiento \u00f3ptimo. Siga las instrucciones del fabricante y aseg\u00farese de que todas las conexiones est\u00e9n seguras.<br \/>\n\u2013 Mantenimiento: El mantenimiento regular, que incluye la verificaci\u00f3n de los niveles de l\u00edquido, la inspecci\u00f3n de los sellos y la limpieza, es esencial para prolongar la vida \u00fatil del cilindro.<br \/>\n\u2013 Reparaci\u00f3n: En caso de cualquier da\u00f1o o mal funcionamiento, se recomienda consultar a un profesional para su reparaci\u00f3n para garantizar la seguridad y eficacia.<br \/>\n\u2013 Reemplazo: Al reemplazar el cilindro hidr\u00e1ulico, aseg\u00farese de la compatibilidad con el sistema existente y siga las instrucciones del fabricante.<\/p>\n<p>Otros productos que ofrece nuestra empresa incluyen diversos engranajes de pl\u00e1stico para uso industrial, como cajas de engranajes agr\u00edcolas, ejes de salida de potencia, ruedas dentadas, acoplamientos hidr\u00e1ulicos, reductores de tornillo sin fin, cremalleras, cadenas desmontables, poleas y poleas, cajas de engranajes planetarios, poleas de distribuci\u00f3n y bujes. Nos enorgullecemos de ofrecer productos de alta calidad, precios competitivos y servicios superiores. Damos la bienvenida a los clientes para personalizar sus productos con dibujos y muestras.<\/p>\n<p><img decoding=\"async\" src=\"https:\/\/images.hzpt.com\/2024\/04\/unit-type-flexo-press-factory.webp\" alt=\"Otros productos\" \/><\/p>\n<h2>Preguntas frecuentes:<\/h2>\n<ol>\n<li>P: \u00bfCu\u00e1l es el per\u00edodo de garant\u00eda del cilindro hidr\u00e1ulico?<\/li>\n<p>R: El per\u00edodo de garant\u00eda es de 1 a\u00f1o.<\/p>\n<li>P: \u00bfPuedo personalizar el cilindro hidr\u00e1ulico?<\/li>\n<p>R: S\u00ed, podemos dise\u00f1ar el cilindro hidr\u00e1ulico seg\u00fan sus requisitos.<\/p>\n<li>P: \u00bfCu\u00e1l es el empuje m\u00e1ximo del cilindro hidr\u00e1ulico?<\/li>\n<p>A: El empuje m\u00e1ximo del cilindro hidr\u00e1ulico es de 3000.<\/p>\n<li>P: \u00bfC\u00f3mo realizo el mantenimiento del cilindro hidr\u00e1ulico?<\/li>\n<p>R: El mantenimiento regular, que incluye la verificaci\u00f3n de los niveles de l\u00edquido, la inspecci\u00f3n de los sellos y la limpieza, es esencial para un rendimiento y una longevidad \u00f3ptimos.<\/p>\n<li>P: \u00bfPuedo reemplazar el cilindro hidr\u00e1ulico yo mismo?<\/li>\n<p>R: Se recomienda consultar a un profesional para el reemplazo para garantizar la compatibilidad y la seguridad.<\/p>\n<\/ol>","protected":false},"excerpt":{"rendered":"<p>All content on this page is sourced from the internet and is intended for reference only in the selection of replacement parts. Our products are replacement parts and not original spare parts. We are not the holder of the original trademark mentioned in the content. Our replacement parts are designed to perfectly fit the original [&hellip;]<\/p>","protected":false},"featured_media":4656,"template":"","meta":{"_et_pb_use_builder":"","_et_pb_old_content":"","_et_gb_content_width":""},"product_brand":[],"product_cat":[11327],"product_tag":[],"class_list":{"0":"post-4657","1":"product","2":"type-product","3":"status-publish","4":"has-post-thumbnail","6":"product_cat-telescopic-hydraulic-cylinder","8":"first","9":"instock","10":"shipping-taxable","11":"product-type-simple"},"_links":{"self":[{"href":"https:\/\/agricultural-gear-boxes.com\/es\/wp-json\/wp\/v2\/product\/4657","targetHints":{"allow":["GET"]}}],"collection":[{"href":"https:\/\/agricultural-gear-boxes.com\/es\/wp-json\/wp\/v2\/product"}],"about":[{"href":"https:\/\/agricultural-gear-boxes.com\/es\/wp-json\/wp\/v2\/types\/product"}],"wp:featuredmedia":[{"embeddable":true,"href":"https:\/\/agricultural-gear-boxes.com\/es\/wp-json\/wp\/v2\/media\/4656"}],"wp:attachment":[{"href":"https:\/\/agricultural-gear-boxes.com\/es\/wp-json\/wp\/v2\/media?parent=4657"}],"wp:term":[{"taxonomy":"product_brand","embeddable":true,"href":"https:\/\/agricultural-gear-boxes.com\/es\/wp-json\/wp\/v2\/product_brand?post=4657"},{"taxonomy":"product_cat","embeddable":true,"href":"https:\/\/agricultural-gear-boxes.com\/es\/wp-json\/wp\/v2\/product_cat?post=4657"},{"taxonomy":"product_tag","embeddable":true,"href":"https:\/\/agricultural-gear-boxes.com\/es\/wp-json\/wp\/v2\/product_tag?post=4657"}],"curies":[{"name":"wp","href":"https:\/\/api.w.org\/{rel}","templated":true}]}}