{"id":4665,"date":"2024-09-11T07:37:13","date_gmt":"2024-09-11T07:37:13","guid":{"rendered":"https:\/\/agricultural-gear-boxes.com\/product\/3ton-high-quality-telescopic-for-trailer-hydraulic-cylinders-from-ever-power\/"},"modified":"2024-09-11T07:37:13","modified_gmt":"2024-09-11T07:37:13","slug":"3ton-high-quality-telescopic-for-trailer-hydraulic-cylinders-from-ever-power","status":"publish","type":"product","link":"https:\/\/agricultural-gear-boxes.com\/es\/product\/3ton-high-quality-telescopic-for-trailer-hydraulic-cylinders-from-ever-power\/","title":{"rendered":"Cilindros hidr\u00e1ulicos telesc\u00f3picos de 3 toneladas para remolques de alta calidad de Ever-power"},"content":{"rendered":"<p>Todo el contenido de esta p\u00e1gina proviene de Internet y solo se utiliza como referencia para la selecci\u00f3n de productos. Nuestros productos son piezas de repuesto y no repuestos originales, y no somos los propietarios de la marca registrada original del contenido. Nuestros productos solo son adecuados para repuestos posventa y no repuestos originales. Nuestras piezas de repuesto pueden adaptarse perfectamente a las piezas de repuesto originales. Si necesita comprar repuestos originales, comun\u00edquese con el proveedor original para comprar.<\/p>\n<p><h2>Cilindros hidr\u00e1ulicos telesc\u00f3picos de 3 toneladas para remolques de alta calidad de Ever-power<\/h2><\/p>\n<p>Los cilindros hidr\u00e1ulicos telesc\u00f3picos de alta calidad de 3 toneladas para remolques de Ever-power est\u00e1n dise\u00f1ados para diversas aplicaciones industriales. Est\u00e1n fabricados con acero de alta calidad y dise\u00f1ados para soportar un uso intensivo. Los cilindros hidr\u00e1ulicos son sistemas de potencia de cilindros de pist\u00f3n no est\u00e1ndar y son adecuados para m\u00faltiples aplicaciones. <\/p>\n<p><img decoding=\"async\" src=\"https:\/\/img.jiansujichilun.com\/img\/hydrauliccylinders\/T_hydrauliccylinders-5.webp\" alt=\"Cilindros hidr\u00e1ulicos telesc\u00f3picos de 3 toneladas para remolques de alta calidad de Ever-power\" \/><\/p>\n<p><h3>Historial del producto<\/h3><\/p>\n<p>Los cilindros hidr\u00e1ulicos se han utilizado durante cientos de a\u00f1os y su uso en la industria contin\u00faa evolucionando. Los cilindros hidr\u00e1ulicos telesc\u00f3picos de alta calidad de 3 toneladas para remolques Ever-power son un nuevo sistema de potencia de cilindro de pist\u00f3n no est\u00e1ndar dise\u00f1ado para satisfacer diversas necesidades industriales.<\/p>\n<p><h3>Clasificaci\u00f3n de productos<\/h3><\/p>\n<p>Los cilindros hidr\u00e1ulicos telesc\u00f3picos de alta calidad Ever-power de 3 toneladas para remolques se clasifican en funci\u00f3n de su capacidad m\u00e1xima de empuje y tracci\u00f3n. Los cilindros hidr\u00e1ulicos ofrecen un empuje m\u00e1ximo de 3000 y una tracci\u00f3n m\u00e1xima de 600. El tama\u00f1o del orificio se puede personalizar seg\u00fan sus requisitos. El di\u00e1metro del cilindro var\u00eda de 20 a 250 mm, lo que lo hace vers\u00e1til para diversas aplicaciones.<\/p>\n<p><h3>Ventajas del producto<\/h3><\/p>\n<ul>\n<li>Eficiencia energ\u00e9tica.<\/li>\n<li>Altamente eficaz.<\/li>\n<li>Seguro para su uso.<\/li>\n<\/ul>\n<p><h3>Materiales utilizables del producto<\/h3><\/p>\n<p>El material del cuerpo de los cilindros hidr\u00e1ulicos telesc\u00f3picos de alta calidad para remolques Ever-power de 3 toneladas est\u00e1 hecho de acero resistente y el fluido utilizado es aceite. Los puertos est\u00e1n disponibles en G\/SAE\/NPT\/M.<\/p>\n<p><h3>Instalaci\u00f3n, mantenimiento y reparaci\u00f3n de productos<\/h3><\/p>\n<p>Los cilindros hidr\u00e1ulicos telesc\u00f3picos de alta calidad Ever-power de 3 toneladas para remolques deben ser instalados por un profesional y se requiere un mantenimiento regular para garantizar un rendimiento confiable y eficiente. Los cilindros hidr\u00e1ulicos vienen con una garant\u00eda de un a\u00f1o y est\u00e1n certificados seg\u00fan la norma ISO9001:2000. Si necesita reemplazar el producto, comun\u00edquese con un profesional para garantizar una instalaci\u00f3n y un mantenimiento adecuados.<\/p>\n<p><h3>Escenarios de uso com\u00fan<\/h3><\/p>\n<p>Los cilindros hidr\u00e1ulicos telesc\u00f3picos de alta calidad de 3 toneladas para remolques Ever-power son ideales para su uso en plantas de fabricaci\u00f3n, talleres de reparaci\u00f3n de maquinaria, granjas, industrias de energ\u00eda y miner\u00eda, entre otros. Estos cilindros hidr\u00e1ulicos se pueden utilizar en diversas m\u00e1quinas y brindan un rendimiento confiable y eficiente.<\/p>\n<p><img decoding=\"async\" src=\"https:\/\/images.hzpt.com\/2024\/04\/unit-type-flexo-press-factory.webp\" alt=\"Engranajes de pl\u00e1stico para uso industrial\" \/><\/p>\n<p>Suministramos principalmente diversos engranajes de pl\u00e1stico para uso industrial, como cajas de engranajes agr\u00edcolas, ejes de salida de potencia, ruedas dentadas, acoplamientos hidr\u00e1ulicos, reductores de tornillo sin fin, cremalleras, cadenas desmontables, poleas y poleas, cajas de engranajes planetarios, poleas de distribuci\u00f3n, bujes, etc. Nuestros productos de alta calidad, excelente servicio y precios competitivos nos convierten en l\u00edderes en la industria. Damos la bienvenida a los clientes a personalizar su pedido con dibujos o muestras.<\/p>\n<p><h2>Preguntas frecuentes<\/h2><\/p>\n<p><q>\u00bfCu\u00e1l es la capacidad m\u00e1xima de empuje y tracci\u00f3n de los cilindros hidr\u00e1ulicos telesc\u00f3picos de alta calidad Ever-power de 3 toneladas para remolques?<\/q><br \/>\n<a>Los cilindros hidr\u00e1ulicos ofrecen un empuje m\u00e1ximo de 3000 y una tracci\u00f3n m\u00e1xima de 600.<\/a><\/p>\n<p><q>\u00bfEl tama\u00f1o del orificio es personalizable?<\/q><br \/>\n<a>S\u00ed, el tama\u00f1o del orificio se puede personalizar seg\u00fan sus requisitos.<\/a><\/p>\n<p><q>\u00bfCu\u00e1l es el per\u00edodo de garant\u00eda de los cilindros hidr\u00e1ulicos telesc\u00f3picos de alta calidad Ever-power de 3 toneladas para remolques?<\/q><br \/>\n<a>Los cilindros hidr\u00e1ulicos vienen con una garant\u00eda de un a\u00f1o.<\/a><\/p>\n<p><q>\u00bfCu\u00e1les son los puertos disponibles para los cilindros hidr\u00e1ulicos telesc\u00f3picos de alta calidad Ever-power de 3 toneladas para remolques?<\/q><br \/>\n<a>Los puertos est\u00e1n disponibles en G\/SAE\/NPT\/M.<\/a><\/p>\n<p><q>\u00bfLos cilindros hidr\u00e1ulicos telesc\u00f3picos de alta calidad Ever-power de 3 toneladas para remolques est\u00e1n certificados?<\/q><br \/>\n<a>S\u00ed, est\u00e1n certificados bajo ISO9001:2000.<\/a><\/p>","protected":false},"excerpt":{"rendered":"<p>All the content on this page is from the internet and is only used as a reference for product selection. Our products are replacement parts rather than original spare parts, and we are not the holder of the original trademark of the content. Our products are only suitable for after-sales replacement parts rather than original [&hellip;]<\/p>","protected":false},"featured_media":4664,"template":"","meta":{"_et_pb_use_builder":"","_et_pb_old_content":"","_et_gb_content_width":""},"product_brand":[],"product_cat":[11327],"product_tag":[],"class_list":{"0":"post-4665","1":"product","2":"type-product","3":"status-publish","4":"has-post-thumbnail","6":"product_cat-telescopic-hydraulic-cylinder","8":"first","9":"instock","10":"shipping-taxable","11":"product-type-simple"},"_links":{"self":[{"href":"https:\/\/agricultural-gear-boxes.com\/es\/wp-json\/wp\/v2\/product\/4665","targetHints":{"allow":["GET"]}}],"collection":[{"href":"https:\/\/agricultural-gear-boxes.com\/es\/wp-json\/wp\/v2\/product"}],"about":[{"href":"https:\/\/agricultural-gear-boxes.com\/es\/wp-json\/wp\/v2\/types\/product"}],"wp:featuredmedia":[{"embeddable":true,"href":"https:\/\/agricultural-gear-boxes.com\/es\/wp-json\/wp\/v2\/media\/4664"}],"wp:attachment":[{"href":"https:\/\/agricultural-gear-boxes.com\/es\/wp-json\/wp\/v2\/media?parent=4665"}],"wp:term":[{"taxonomy":"product_brand","embeddable":true,"href":"https:\/\/agricultural-gear-boxes.com\/es\/wp-json\/wp\/v2\/product_brand?post=4665"},{"taxonomy":"product_cat","embeddable":true,"href":"https:\/\/agricultural-gear-boxes.com\/es\/wp-json\/wp\/v2\/product_cat?post=4665"},{"taxonomy":"product_tag","embeddable":true,"href":"https:\/\/agricultural-gear-boxes.com\/es\/wp-json\/wp\/v2\/product_tag?post=4665"}],"curies":[{"name":"wp","href":"https:\/\/api.w.org\/{rel}","templated":true}]}}