{"id":4671,"date":"2024-09-11T07:37:16","date_gmt":"2024-09-11T07:37:16","guid":{"rendered":"https:\/\/agricultural-gear-boxes.com\/product\/small-telescopic-hydraulic-cylinder-with-long-stroke-for-dump-truck\/"},"modified":"2024-09-11T07:37:17","modified_gmt":"2024-09-11T07:37:17","slug":"small-telescopic-hydraulic-cylinder-with-long-stroke-for-dump-truck","status":"publish","type":"product","link":"https:\/\/agricultural-gear-boxes.com\/es\/product\/small-telescopic-hydraulic-cylinder-with-long-stroke-for-dump-truck\/","title":{"rendered":"Cilindro hidr\u00e1ulico telesc\u00f3pico peque\u00f1o con carrera larga para cami\u00f3n volquete"},"content":{"rendered":"<p>Todo el contenido de esta p\u00e1gina proviene de Internet y se utiliza \u00fanicamente como referencia para la selecci\u00f3n de productos. Nuestros productos son piezas de repuesto y no piezas de repuesto originales. No somos los propietarios de la marca registrada original del contenido. Nuestras piezas de repuesto pueden adaptarse perfectamente a las piezas de repuesto originales. Si necesita comprar piezas de repuesto originales, comun\u00edquese con el proveedor original para realizar la compra.<\/p>\n<h2>Cilindro hidr\u00e1ulico telesc\u00f3pico peque\u00f1o con carrera larga para cami\u00f3n volquete<\/h2>\n<p>Presentamos nuestro peque\u00f1o cilindro hidr\u00e1ulico telesc\u00f3pico de carrera larga, especialmente dise\u00f1ado para camiones volquete. Este producto es perfecto para industrias relacionadas con la energ\u00eda y la miner\u00eda, granjas, talleres de reparaci\u00f3n de maquinaria y plantas de fabricaci\u00f3n. Nuestro producto es nuevo y viene con una garant\u00eda de un a\u00f1o.<\/p>\n<h3>Escenario de uso del producto<\/h3>\n<p>Nuestro cilindro hidr\u00e1ulico est\u00e1 dise\u00f1ado para usarse en camiones volquete, pero tambi\u00e9n se puede utilizar en otras aplicaciones, como plantas de fabricaci\u00f3n, talleres de reparaci\u00f3n de maquinaria, granjas e industrias de energ\u00eda y miner\u00eda. El cilindro es una estructura de cilindro digital est\u00e1ndar, hecho de acero y accionado por sistema hidr\u00e1ulico. Pesa 12 kg, proporciona un empuje m\u00e1ximo de 3000 y tiene una tracci\u00f3n m\u00e1xima de 20 toneladas. El producto tambi\u00e9n cuenta con puertos G\/SAE\/NPT\/M y tiene un tama\u00f1o de orificio de 2 a 6 pulgadas, un tama\u00f1o de v\u00e1stago de 1,125 a 4 pulgadas y un tama\u00f1o de carrera de 6 a 48 pulgadas. Est\u00e1 disponible en color negro. <\/p>\n<p>![Escenario de uso del cilindro hidr\u00e1ulico](https:\/\/img.jiansujichilun.com\/img\/hydrauliccylinders\/T_hydrauliccylinders-5.webp)<\/p>\n<h3>Historial del producto<\/h3>\n<p>Los cilindros hidr\u00e1ulicos se utilizaron por primera vez en el siglo XIX para accionar gr\u00faas y otras m\u00e1quinas pesadas. Con el paso de los a\u00f1os, los sistemas hidr\u00e1ulicos se volvieron m\u00e1s avanzados y los cilindros hidr\u00e1ulicos se utilizaron en m\u00e1s aplicaciones. Hoy en d\u00eda, los cilindros hidr\u00e1ulicos se utilizan com\u00fanmente en equipos de construcci\u00f3n, maquinaria de fabricaci\u00f3n y veh\u00edculos de transporte.<\/p>\n<h3>Clasificaci\u00f3n de productos<\/h3>\n<p>Los cilindros hidr\u00e1ulicos se pueden clasificar seg\u00fan su funci\u00f3n, el tipo de fluido hidr\u00e1ulico utilizado y la presi\u00f3n de funcionamiento. Funcionalmente, los cilindros hidr\u00e1ulicos pueden ser de simple efecto o de doble efecto. Los cilindros de simple efecto utilizan presi\u00f3n hidr\u00e1ulica para extender el v\u00e1stago del pist\u00f3n, mientras que un resorte u otra fuerza externa lo retrae. Los cilindros de doble efecto utilizan presi\u00f3n hidr\u00e1ulica para extender y retraer el v\u00e1stago del pist\u00f3n.<\/p>\n<h3>Ventajas del producto<\/h3>\n<p>Nuestro cilindro hidr\u00e1ulico es energ\u00e9ticamente eficiente, altamente eficiente y seguro. Proporciona potencia confiable y soporte de control para diversos equipos mec\u00e1nicos y de ingenier\u00eda.<\/p>\n<h3>Materiales utilizables del producto<\/h3>\n<p>Nuestro cuerpo de cilindro hidr\u00e1ulico est\u00e1 hecho de acero y est\u00e1 alimentado por fluido hidr\u00e1ulico.<\/p>\n<h3>C\u00f3mo instalar, mantener y reparar el producto<\/h3>\n<p>La instalaci\u00f3n, el mantenimiento y la reparaci\u00f3n de nuestro cilindro hidr\u00e1ulico requieren conocimientos t\u00e9cnicos y de sistemas hidr\u00e1ulicos. Es fundamental seguir las instrucciones del fabricante al instalar, mantener o reparar el cilindro hidr\u00e1ulico. Es necesario realizar un mantenimiento regular para mantener el cilindro hidr\u00e1ulico en buenas condiciones de funcionamiento y evitar aver\u00edas.<\/p>\n<h3>C\u00f3mo reemplazar el producto<\/h3>\n<p>Al reemplazar nuestro cilindro hidr\u00e1ulico, es esencial comprar una pieza de repuesto que sea compatible con la pieza de repuesto original. Nuestras piezas de repuesto pueden adaptarse perfectamente a las piezas de repuesto originales. Si necesita comprar piezas de repuesto originales, comun\u00edquese con el proveedor original para realizar la compra.<\/p>\n<h2>Acerca de nuestros otros negocios de productos<\/h2>\n<p>Adem\u00e1s de los cilindros hidr\u00e1ulicos, tambi\u00e9n suministramos varios engranajes de pl\u00e1stico para uso industrial, como cajas de engranajes agr\u00edcolas, ejes de salida de potencia, ruedas dentadas, acoplamientos hidr\u00e1ulicos, reductores de tornillo sin fin, cremalleras, cadenas desmontables, poleas y poleas, cajas de engranajes planetarios, poleas de distribuci\u00f3n, bujes y m\u00e1s. Ofrecemos productos de alta calidad, precios preferenciales y servicios bien pensados. Damos la bienvenida a los clientes para personalizar con dibujos y muestras.<\/p>\n<p>![Otros negocios de productos](https:\/\/images.hzpt.com\/2024\/04\/unit-type-flexo-press-factory.webp)<\/p>\n<h2>Preguntas frecuentes<\/h2>\n<ul>\n<li><strong>P: \u00bfEs usted una empresa comercial o un fabricante?<\/strong><br \/>A: Somos un fabricante.<\/li>\n<li><strong>P: \u00bfCu\u00e1nto tiempo dura el env\u00edo?<\/strong><br \/>R: Generalmente tarda entre 25 y 35 d\u00edas.<\/li>\n<li><strong>P: \u00bfOfrecen muestras? \u00bfSon gratuitas o tienen un costo adicional?<\/strong><br \/>R: S\u00ed, podr\u00edamos ofrecer la muestra, pero no es gratis.<\/li>\n<li><strong>P: \u00bfCu\u00e1l es el empuje m\u00e1ximo que puede proporcionar el cilindro hidr\u00e1ulico?<\/strong><br \/>R: El empuje m\u00e1ximo que puede proporcionar es de 3000.<\/li>\n<li><strong>P: \u00bfCu\u00e1l es el peso del cilindro hidr\u00e1ulico?<\/strong><br \/>A: El cilindro hidr\u00e1ulico pesa 12 kg.<\/li>\n<\/ul>","protected":false},"excerpt":{"rendered":"<p>All the content on this page comes from the Internet and is only used as a reference for product selection. Our products are replacement parts rather than original spare parts. We are not the holder of the original trademark of the content. Our replacement parts can perfectly fit the original spare parts. If you need [&hellip;]<\/p>","protected":false},"featured_media":4670,"template":"","meta":{"_et_pb_use_builder":"","_et_pb_old_content":"","_et_gb_content_width":""},"product_brand":[],"product_cat":[11327],"product_tag":[],"class_list":{"0":"post-4671","1":"product","2":"type-product","3":"status-publish","4":"has-post-thumbnail","6":"product_cat-telescopic-hydraulic-cylinder","8":"first","9":"instock","10":"shipping-taxable","11":"product-type-simple"},"_links":{"self":[{"href":"https:\/\/agricultural-gear-boxes.com\/es\/wp-json\/wp\/v2\/product\/4671","targetHints":{"allow":["GET"]}}],"collection":[{"href":"https:\/\/agricultural-gear-boxes.com\/es\/wp-json\/wp\/v2\/product"}],"about":[{"href":"https:\/\/agricultural-gear-boxes.com\/es\/wp-json\/wp\/v2\/types\/product"}],"wp:featuredmedia":[{"embeddable":true,"href":"https:\/\/agricultural-gear-boxes.com\/es\/wp-json\/wp\/v2\/media\/4670"}],"wp:attachment":[{"href":"https:\/\/agricultural-gear-boxes.com\/es\/wp-json\/wp\/v2\/media?parent=4671"}],"wp:term":[{"taxonomy":"product_brand","embeddable":true,"href":"https:\/\/agricultural-gear-boxes.com\/es\/wp-json\/wp\/v2\/product_brand?post=4671"},{"taxonomy":"product_cat","embeddable":true,"href":"https:\/\/agricultural-gear-boxes.com\/es\/wp-json\/wp\/v2\/product_cat?post=4671"},{"taxonomy":"product_tag","embeddable":true,"href":"https:\/\/agricultural-gear-boxes.com\/es\/wp-json\/wp\/v2\/product_tag?post=4671"}],"curies":[{"name":"wp","href":"https:\/\/api.w.org\/{rel}","templated":true}]}}