{"id":6058,"date":"2024-10-30T06:26:44","date_gmt":"2024-10-30T06:26:44","guid":{"rendered":"https:\/\/agricultural-gear-boxes.com\/product\/yellow-covering-driveshaft-steel-05b-800mm-pto-shaft-spline-yoke-1-3-8-z6\/"},"modified":"2024-10-30T06:26:44","modified_gmt":"2024-10-30T06:26:44","slug":"yellow-covering-driveshaft-steel-05b-800mm-pto-shaft-spline-yoke-1-3-8-z6","status":"publish","type":"product","link":"https:\/\/agricultural-gear-boxes.com\/es\/product\/yellow-covering-driveshaft-steel-05b-800mm-pto-shaft-spline-yoke-1-3-8-z6\/","title":{"rendered":"Eje de transmisi\u00f3n con cubierta amarilla de acero 05B de 800 mm, horquilla estriada para eje de TDF de 1 3\/8\u201d Z6"},"content":{"rendered":"<h2>Eje de transmisi\u00f3n con cubierta amarilla de acero 05B de 800 mm, horquilla estriada para eje de TDF de 1 3\/8\u201d Z6<\/h2>\n<p>The Yellow Covering Driveshaft Steel 05B 800mm PTO Shaft Spline Yoke 1 3\/8&#8221; Z6 is a new, high-quality product designed for power transmission in tractors and farm implements. With its durable steel construction and yellow covering, it offers reliable performance in various applications.<\/p>\n<h3>Aplicaciones comunes<\/h3>\n<p>The Yellow Covering Driveshaft Steel 05B 800mm PTO Shaft Spline Yoke 1 3\/8&#8221; Z6 is widely used in the following industries:<\/p>\n<ul>\n<li>Hoteles<\/li>\n<li>Tiendas de ropa<\/li>\n<li>Tiendas de materiales de construcci\u00f3n<\/li>\n<li>Planta de fabricaci\u00f3n<\/li>\n<li>Talleres de reparaci\u00f3n de maquinaria<\/li>\n<li>Food &#038; Beverage Factory<\/li>\n<li>Granjas<\/li>\n<li>Restaurante<\/li>\n<li>Uso dom\u00e9stico<\/li>\n<li>Minorista<\/li>\n<li>Tienda de comida<\/li>\n<li>Imprentas<\/li>\n<li>Obras de construcci\u00f3n<\/li>\n<li>Energy &#038; Mining<\/li>\n<li>Food &#038; Beverage Shops<\/li>\n<li>Otro<\/li>\n<\/ul>\n<p>Es adecuado para una variedad de tractores e implementos de tractor, lo que lo convierte en una soluci\u00f3n vers\u00e1til para las necesidades de transmisi\u00f3n de potencia.<\/p>\n<p><img decoding=\"async\" src=\"https:\/\/images.hzpt.com\/2023\/06\/xe4ye4bO-PTO-Shaft-Common-Applications.webp\" alt=\"Eje de transmisi\u00f3n con cubierta amarilla\" \/><\/p>\n<h3>Caracter\u00edsticas y beneficios<\/h3>\n<ul>\n<li>Yugo forjado para mayor resistencia y durabilidad.<\/li>\n<li>Certificaci\u00f3n CE, ISO y TS para garant\u00eda de calidad.<\/li>\n<li>Construcci\u00f3n de tubo estirado en fr\u00edo para un rendimiento \u00f3ptimo<\/li>\n<li>Embalaje personalizado para un transporte seguro<\/li>\n<li>Pulverizaci\u00f3n amarilla para un atractivo visual<\/li>\n<li>Tubos triangulares para mayor estabilidad.<\/li>\n<li>1 a\u00f1o de garant\u00eda para su tranquilidad<\/li>\n<\/ul>\n<h3>Instalaci\u00f3n, mantenimiento y reparaci\u00f3n<\/h3>\n<p>The Yellow Covering Driveshaft Steel 05B 800mm PTO Shaft Spline Yoke 1 3\/8&#8221; Z6 is easy to install and requires regular maintenance to ensure optimal performance. It is recommended to follow the manufacturer&#8217;s guidelines for maintenance procedures. In case of repair or replacement, it is advisable to consult a professional technician.<\/p>\n<h3>Especificaciones del producto<\/h3>\n<ul>\n<li>Model Number: 05B-800 MM 1 3\/8&#8221; Z6 with Yellow Cover<\/li>\n<li>Function: Drive Shaft Parts &#038; Power Transmission<\/li>\n<li>Use: Kinds of Tractors &#038; Farm Implements<\/li>\n<li>Marca: EP<\/li>\n<li>Tipo de yugo: Pasador de empuje doble, Pasadores de perno, Pasadores partidos, Pasador de empuje, Liberaci\u00f3n r\u00e1pida, Fijaci\u00f3n de bola, Collar, etc.<\/li>\n<li>Procesamiento del yugo: forjado<\/li>\n<li>Cubierta de pl\u00e1stico: YW, BW, YS, BS, etc.<\/li>\n<li>Color: Verde, Naranja, Amarillo, Negro, etc.<\/li>\n<li>Serie: T1-T10, L1-L6, S6-S10, 10HP-150HP con SA, RA, SB, SFF, WA, CV, etc.<\/li>\n<li>Tipo de tubo: Lim\u00f3n, Triangular, Estrella, Cuadrado, Hexagonal, Estriado, Especial, etc.<\/li>\n<li>Procesamiento de tubo: estirado en fr\u00edo<\/li>\n<li>Spline Type: 1 1\/8&#8243; Z6, 1 3\/8&#8243; Z6, 1 3\/8&#8243; Z21, 1 3\/4&#8243; Z20, 1 3\/4&#8243; Z6, 8-38*32*6, 8-42*36*7, 8-48*42*8, etc<\/li>\n<li>Lugar de origen: Hangzhou, China (Continental)<\/li>\n<\/ul>\n<h2>Other Products by Our Company &#8211; EVER-POWER GROUP Co., Ltd.<\/h2>\n<p>En EVER-POWER GROUP Co., Ltd., ofrecemos una amplia gama de engranajes y accesorios pl\u00e1sticos industriales para satisfacer diversas necesidades. Nuestra l\u00ednea de productos incluye:<\/p>\n<ul>\n<li>Cajas de cambios agr\u00edcolas<\/li>\n<li>Ejes de salida de potencia<\/li>\n<li>Pi\u00f1ones<\/li>\n<li>Acoplamientos hidr\u00e1ulicos<\/li>\n<li>Reductores de engranajes helicoidales<\/li>\n<li>Cremalleras<\/li>\n<li>Cadenas extra\u00edbles<\/li>\n<li>Poleas y poleas<\/li>\n<li>Cajas de engranajes planetarios<\/li>\n<li>Poleas de distribuci\u00f3n<\/li>\n<li>Bujes<\/li>\n<\/ul>\n<p><img decoding=\"async\" src=\"https:\/\/images.ever-power.net\/2019\/07\/ep_ep_pto-shaft-4.webp\" alt=\"Otros productos\" \/><\/p>\n<p>Nos enorgullecemos de ofrecer productos de alta calidad, precios competitivos y un excelente servicio al cliente. Invitamos a los clientes a personalizar sus pedidos, proporcion\u00e1ndonos fotograf\u00edas y muestras para garantizar que se ajusten perfectamente a sus requisitos espec\u00edficos.<\/p>\n<h2>Preguntas frecuentes<\/h2>\n<h3>P: \u00bfSe puede utilizar este eje de transmisi\u00f3n en diferentes modelos de tractores?<\/h3>\n<p>A: Yes, the Yellow Covering Driveshaft Steel 05B 800mm PTO Shaft Spline Yoke 1 3\/8&#8221; Z6 is designed for compatibility with various tractors and farm implements.<\/p>\n<h3>P: \u00bfCon qu\u00e9 frecuencia debo realizar mantenimiento a este eje de transmisi\u00f3n?<\/h3>\n<p>A: Regular maintenance is recommended to ensure optimal performance. It is advisable to follow the manufacturer&#8217;s guidelines for maintenance intervals.<\/p>\n<h3>P: \u00bfEs complicado el proceso de instalaci\u00f3n?<\/h3>\n<p>A: No, the installation process for the Yellow Covering Driveshaft Steel 05B 800mm PTO Shaft Spline Yoke 1 3\/8&#8221; Z6 is relatively straightforward. However, it is always recommended to consult the product manual or seek professional assistance for proper installation.<\/p>\n<h3>P: \u00bfQu\u00e9 materiales se utilizan en la construcci\u00f3n de este eje de transmisi\u00f3n?<\/h3>\n<p>R: El eje de transmisi\u00f3n presenta una construcci\u00f3n de acero para lograr durabilidad y un rendimiento confiable.<\/p>\n<h3>P: \u00bfSe puede reemplazar f\u00e1cilmente este eje de transmisi\u00f3n si es necesario?<\/h3>\n<p>A: Yes, the Yellow Covering Driveshaft Steel 05B 800mm PTO Shaft Spline Yoke 1 3\/8&#8221; Z6 can be replaced if necessary. It is advisable to consult a professional technician for proper replacement procedures.<\/p>\n<p><em>Autor: lmc<\/em><\/p>\n<p style=\"color: red;\">Aviso legal: El contenido de esta p\u00e1gina proviene de Internet y se proporciona \u00fanicamente con fines de referencia. Nuestros productos son accesorios de posventa y no repuestos originales. No poseemos las marcas comerciales originales mencionadas en el contenido. Si bien nuestros accesorios est\u00e1n dise\u00f1ados para adaptarse perfectamente a los repuestos originales, si necesita repuestos originales, comun\u00edquese con el proveedor original correspondiente para comprarlos.<\/p>","protected":false},"excerpt":{"rendered":"<p>Yellow Covering Driveshaft Steel 05B 800mm PTO Shaft Spline Yoke 1 3\/8&#8221; Z6 The Yellow Covering Driveshaft Steel 05B 800mm PTO Shaft Spline Yoke 1 3\/8&#8221; Z6 is a new, high-quality product designed for power transmission in tractors and farm implements. With its durable steel construction and yellow covering, it offers reliable performance in various [&hellip;]<\/p>","protected":false},"featured_media":5924,"template":"","meta":{"_et_pb_use_builder":"","_et_pb_old_content":"","_et_gb_content_width":""},"product_brand":[],"product_cat":[11315],"product_tag":[],"class_list":{"0":"post-6058","1":"product","2":"type-product","3":"status-publish","4":"has-post-thumbnail","6":"product_cat-pto-shaft","8":"first","9":"instock","10":"shipping-taxable","11":"product-type-simple"},"_links":{"self":[{"href":"https:\/\/agricultural-gear-boxes.com\/es\/wp-json\/wp\/v2\/product\/6058","targetHints":{"allow":["GET"]}}],"collection":[{"href":"https:\/\/agricultural-gear-boxes.com\/es\/wp-json\/wp\/v2\/product"}],"about":[{"href":"https:\/\/agricultural-gear-boxes.com\/es\/wp-json\/wp\/v2\/types\/product"}],"wp:featuredmedia":[{"embeddable":true,"href":"https:\/\/agricultural-gear-boxes.com\/es\/wp-json\/wp\/v2\/media\/5924"}],"wp:attachment":[{"href":"https:\/\/agricultural-gear-boxes.com\/es\/wp-json\/wp\/v2\/media?parent=6058"}],"wp:term":[{"taxonomy":"product_brand","embeddable":true,"href":"https:\/\/agricultural-gear-boxes.com\/es\/wp-json\/wp\/v2\/product_brand?post=6058"},{"taxonomy":"product_cat","embeddable":true,"href":"https:\/\/agricultural-gear-boxes.com\/es\/wp-json\/wp\/v2\/product_cat?post=6058"},{"taxonomy":"product_tag","embeddable":true,"href":"https:\/\/agricultural-gear-boxes.com\/es\/wp-json\/wp\/v2\/product_tag?post=6058"}],"curies":[{"name":"wp","href":"https:\/\/api.w.org\/{rel}","templated":true}]}}