{"id":6059,"date":"2024-10-30T06:26:47","date_gmt":"2024-10-30T06:26:47","guid":{"rendered":"https:\/\/agricultural-gear-boxes.com\/product\/yellow-straight-safety-shield-tractor-attachments-and-implements-05b-800mm-pto-shaft-spline-yoke-z6\/"},"modified":"2024-10-30T06:26:47","modified_gmt":"2024-10-30T06:26:47","slug":"yellow-straight-safety-shield-tractor-attachments-and-implements-05b-800mm-pto-shaft-spline-yoke-z6","status":"publish","type":"product","link":"https:\/\/agricultural-gear-boxes.com\/es\/product\/yellow-straight-safety-shield-tractor-attachments-and-implements-05b-800mm-pto-shaft-spline-yoke-z6\/","title":{"rendered":"Accesorios y herramientas para tractores con escudo de seguridad recto amarillo 05B Horquilla estriada para eje de toma de fuerza de 800 mm Z6"},"content":{"rendered":"<h2>Accesorios y herramientas para tractores con escudo de seguridad recto amarillo 05B Horquilla estriada para eje de toma de fuerza de 800 mm Z6<\/h2>\n<p>Los accesorios y herramientas para tractores con protecci\u00f3n de seguridad recta amarilla 05B de 800 mm con horquilla estriada para eje de toma de fuerza Z6 son un componente crucial para tractores y otros implementos agr\u00edcolas. Estos ejes est\u00e1n dise\u00f1ados para la transmisi\u00f3n de potencia y son una parte esencial de la maquinaria que se utiliza en diversas industrias, como hoteles, tiendas de ropa, plantas de fabricaci\u00f3n, granjas y m\u00e1s.<\/p>\n<p>These PTO shafts have a weight of 10kg and are made with high-quality materials that are built to last. The processing of the yoke involves forging, while the tube is cold-drawn. The shaft comes with a CE, ISO, and TS certificate and has teeth measuring 13\/8&#8221; Z6. These tubes are triangle tubes, and the color of the product is yellow spraying. The package includes customized packing, and the port is either Shanghai or Ningbo.<\/p>\n<h3>Escenarios de uso<\/h3>\n<p>The Yellow Straight Safety Shield Tractor Attachments and Implements 05B 800mm PTO Shaft Spline Yoke Z6 are commonly used in various industries such as agriculture, construction, and mining. These shafts are used to transfer power from a tractor&#8217;s engine to its attached implement, making it a crucial component for a variety of tasks. They are also used in machinery repair shops, food and beverage factories, restaurants, and retail shops.<\/p>\n<p><img decoding=\"async\" src=\"https:\/\/images.hzpt.com\/2023\/06\/xe4ye4bO-PTO-Shaft-Common-Applications.webp\" alt=\"Aplicaciones comunes del eje de toma de fuerza\" \/><\/p>\n<h3>Ventajas de los accesorios y herramientas para tractores con escudo de seguridad recto amarillo 05B 800 mm Eje de toma de fuerza Yugo estriado Z6<\/h3>\n<ul>\n<li>Materiales de alta calidad fabricados para durar.<\/li>\n<li>Certificaci\u00f3n CE, ISO y TS<\/li>\n<li>Embalaje personalizado para una entrega segura.<\/li>\n<li>Tubos triangulares para mayor resistencia.<\/li>\n<li>Pulverizaci\u00f3n amarilla para mayor protecci\u00f3n contra los elementos.<\/li>\n<li>Teeth measuring 13\/8&#8221; Z6<\/li>\n<\/ul>\n<h3>Instalaci\u00f3n, mantenimiento y reparaci\u00f3n<\/h3>\n<p>La instalaci\u00f3n del eje de toma de fuerza con horquilla estriada Z6 de 800 mm y protecci\u00f3n de seguridad recta amarilla 05B para accesorios e implementos para tractores es un proceso sencillo. Es fundamental asegurarse de que todos los componentes est\u00e9n alineados correctamente para evitar da\u00f1os en el eje o en la maquinaria. El mantenimiento regular es esencial para mantener el eje en buenas condiciones. Se recomienda inspeccionar el eje para detectar posibles da\u00f1os despu\u00e9s de cada uso y lubricarlo con regularidad para evitar la oxidaci\u00f3n y la corrosi\u00f3n. En caso de que se produzcan da\u00f1os, se recomienda llevar el eje a un taller de reparaci\u00f3n certificado para su reparaci\u00f3n.<\/p>\n<h3>Otros productos<\/h3>\n<p>Adem\u00e1s de los accesorios y herramientas para tractores con escudo de seguridad recto amarillo 05B 800 mm PTO Shaft Spline Yoke Z6, ofrecemos varios otros engranajes pl\u00e1sticos industriales, como cajas de engranajes agr\u00edcolas, ejes de salida de potencia, ruedas dentadas, acoplamientos hidr\u00e1ulicos, reductores de engranajes helicoidales, cremalleras, cadenas extra\u00edbles, poleas y poleas, cajas de engranajes planetarios, poleas de distribuci\u00f3n, bujes, etc. Nuestros productos son de alta calidad, duraderos y tienen un precio competitivo. Tambi\u00e9n ofrecemos soluciones personalizadas para satisfacer las necesidades \u00fanicas de nuestros clientes.<\/p>\n<p><img decoding=\"async\" src=\"https:\/\/images.ever-power.net\/2019\/07\/ep_ep_pto-shaft-4.webp\" alt=\"Eje de toma de fuerza EP\" \/><\/p>\n<h2>Preguntas y respuestas<\/h2>\n<h3>1. \u00bfCu\u00e1l es la funci\u00f3n del yugo estriado del eje de la toma de fuerza Z6 de 800 mm con escudo de seguridad recto amarillo para accesorios e implementos de tractores 05B?<\/h3>\n<p>Respuesta: El yugo estriado del eje de toma de fuerza Z6 de 800 mm con escudo de seguridad recto amarillo para accesorios e implementos para tractores 05B est\u00e1 dise\u00f1ado para la transmisi\u00f3n de potencia y es una parte esencial de la maquinaria utilizada en diversas industrias, como la agricultura, la construcci\u00f3n y la miner\u00eda.<\/p>\n<h3>2. \u00bfCu\u00e1l es el peso del eje estriado del yugo Z6 del eje de toma de fuerza de 800 mm con escudo de seguridad recto amarillo para accesorios e implementos de tractor 05B?<\/h3>\n<p>Respuesta: El yugo estriado del eje de la toma de fuerza Z6 de 800 mm con escudo de seguridad recto amarillo para accesorios y herramientas para tractores 05B pesa 10 kg.<\/p>\n<h3>3. \u00bfCu\u00e1les son las ventajas del yugo estriado del eje de toma de fuerza Z6 de 800 mm con escudo de seguridad recto amarillo para accesorios e implementos de tractor 05B?<\/h3>\n<p>Respuesta: El yugo estriado para eje de toma de fuerza de 800 mm 05B Z6 de accesorios y herramientas para tractores con escudo de seguridad recto amarillo est\u00e1 fabricado con materiales de alta calidad que est\u00e1n dise\u00f1ados para durar. Tambi\u00e9n cuenta con las certificaciones CE, ISO y TS y viene con un embalaje personalizado para una entrega segura. Los tubos triangulares brindan mayor resistencia y el revestimiento amarillo protege contra los elementos.<\/p>\n<h3>4. \u00bfC\u00f3mo instalo y mantengo el yugo estriado del eje de la toma de fuerza Z6 de 800 mm con escudo de seguridad recto amarillo para accesorios e implementos para tractores 05B?<\/h3>\n<p>Respuesta: La instalaci\u00f3n del eje de toma de fuerza de 800 mm con protecci\u00f3n de seguridad recta amarilla 05B para accesorios e implementos de tractor es un proceso sencillo. Es fundamental asegurarse de que todos los componentes est\u00e9n alineados correctamente para evitar da\u00f1os en el eje o en la maquinaria. El mantenimiento regular es esencial para mantener el eje en buenas condiciones. Se recomienda inspeccionar el eje para detectar posibles da\u00f1os despu\u00e9s de cada uso y lubricarlo peri\u00f3dicamente para evitar la oxidaci\u00f3n y la corrosi\u00f3n.<\/p>\n<h3>5. \u00bfQu\u00e9 otros productos ofrece la empresa?<\/h3>\n<p>Respuesta: Adem\u00e1s de los accesorios y herramientas para tractores Yellow Straight Safety Shield 05B 800mm PTO Shaft Spline Yoke Z6, la empresa ofrece varios otros engranajes pl\u00e1sticos industriales como cajas de engranajes agr\u00edcolas, ejes de salida de potencia, pi\u00f1ones, acoplamientos hidr\u00e1ulicos, reductores de tornillo sin fin, cremalleras, cadenas extra\u00edbles, poleas y poleas, cajas de engranajes planetarios, poleas de distribuci\u00f3n, bujes, etc.<\/p>\n<p><strong><font color=\"red\">Descargo de responsabilidad: <\/font><\/strong>Todo el contenido de la p\u00e1gina proviene de Internet y el contenido solo se utiliza como referencia para la selecci\u00f3n de productos. Nuestros productos son accesorios y no repuestos originales; no somos los propietarios de la marca registrada original del contenido. Nuestros productos solo son adecuados para accesorios de posventa en lugar de repuestos originales. Nuestros accesorios pueden adaptarse perfectamente a los repuestos originales; si necesita comprar repuestos originales, comun\u00edquese con la f\u00e1brica original para comprarlos.<\/p>\n<p><strong>Autor:<\/strong> LMC-A<\/p>","protected":false},"excerpt":{"rendered":"<p>Yellow Straight Safety Shield Tractor Attachments and Implements 05B 800mm PTO Shaft Spline Yoke Z6 The Yellow Straight Safety Shield Tractor Attachments and Implements 05B 800mm PTO Shaft Spline Yoke Z6 are a crucial component for tractors and other farm implements. These shafts are designed for power transmission and are an essential part of machinery [&hellip;]<\/p>","protected":false},"featured_media":5926,"template":"","meta":{"_et_pb_use_builder":"","_et_pb_old_content":"","_et_gb_content_width":""},"product_brand":[],"product_cat":[11315],"product_tag":[],"class_list":{"0":"post-6059","1":"product","2":"type-product","3":"status-publish","4":"has-post-thumbnail","6":"product_cat-pto-shaft","8":"first","9":"instock","10":"shipping-taxable","11":"product-type-simple"},"_links":{"self":[{"href":"https:\/\/agricultural-gear-boxes.com\/es\/wp-json\/wp\/v2\/product\/6059","targetHints":{"allow":["GET"]}}],"collection":[{"href":"https:\/\/agricultural-gear-boxes.com\/es\/wp-json\/wp\/v2\/product"}],"about":[{"href":"https:\/\/agricultural-gear-boxes.com\/es\/wp-json\/wp\/v2\/types\/product"}],"wp:featuredmedia":[{"embeddable":true,"href":"https:\/\/agricultural-gear-boxes.com\/es\/wp-json\/wp\/v2\/media\/5926"}],"wp:attachment":[{"href":"https:\/\/agricultural-gear-boxes.com\/es\/wp-json\/wp\/v2\/media?parent=6059"}],"wp:term":[{"taxonomy":"product_brand","embeddable":true,"href":"https:\/\/agricultural-gear-boxes.com\/es\/wp-json\/wp\/v2\/product_brand?post=6059"},{"taxonomy":"product_cat","embeddable":true,"href":"https:\/\/agricultural-gear-boxes.com\/es\/wp-json\/wp\/v2\/product_cat?post=6059"},{"taxonomy":"product_tag","embeddable":true,"href":"https:\/\/agricultural-gear-boxes.com\/es\/wp-json\/wp\/v2\/product_tag?post=6059"}],"curies":[{"name":"wp","href":"https:\/\/api.w.org\/{rel}","templated":true}]}}