{"id":6060,"date":"2024-10-30T06:26:49","date_gmt":"2024-10-30T06:26:49","guid":{"rendered":"https:\/\/agricultural-gear-boxes.com\/product\/tractor-parts-pto-shaft-cover-05b-800mm-pto-shaft-triangular-tube-factory-directly-sale\/"},"modified":"2024-10-30T06:26:50","modified_gmt":"2024-10-30T06:26:50","slug":"tractor-parts-pto-shaft-cover-05b-800mm-pto-shaft-triangular-tube-factory-directly-sale","status":"publish","type":"product","link":"https:\/\/agricultural-gear-boxes.com\/es\/product\/tractor-parts-pto-shaft-cover-05b-800mm-pto-shaft-triangular-tube-factory-directly-sale\/","title":{"rendered":"Cubierta del eje de la toma de fuerza de piezas del tractor 05B Tubo triangular del eje de la toma de fuerza de 800 mm Venta directa de f\u00e1brica"},"content":{"rendered":"<h2>Piezas del tractor Cubierta del eje de la TDF 05B Tubo triangular del eje de la TDF de 800 mm<\/h2>\n<p>Cubierta del eje de la TDF de Tractor Parts 05B Tubo triangular para eje de la TDF de 800 mm es un producto de transmisi\u00f3n de potencia de alta calidad que se utiliza principalmente para tractores e implementos para tractores. Es un producto nuevo que viene con una garant\u00eda de 1 a\u00f1o y est\u00e1 disponible directamente de f\u00e1brica.<\/p>\n<h3>Escenario de uso<\/h3>\n<p>Este producto se utiliza ampliamente en diversas industrias, como hoteles, tiendas de ropa, tiendas de materiales de construcci\u00f3n, plantas de fabricaci\u00f3n, talleres de reparaci\u00f3n de maquinaria, f\u00e1bricas de alimentos y bebidas, granjas y muchas otras. Es ideal para tractores e implementos agr\u00edcolas y ofrece excelentes capacidades de transmisi\u00f3n de potencia. <\/p>\n<p><img decoding=\"async\" src=\"https:\/\/images.hzpt.com\/2023\/06\/xe4ye4bO-PTO-Shaft-Common-Applications.webp\"\/><\/p>\n<h3>Ventajas<\/h3>\n<p>This product has many advantages, such as its high-quality materials, which include CE, ISO, and TS certified cold-drawn tubes and forged yokes. The teeth are 13\/8&#8221; Z6, and the tubes are triangular. Additional advantages include its customized packing, yellow spraying color, and video technical support, online support, and spare parts services.<\/p>\n<h3>Clasificaci\u00f3n de productos<\/h3>\n<p>The product series includes T1-T10, L1-L6, S6-S10, and 10HP-150HP with SA, RA, SB, SFF, WA, CV, and many other types of joints. The spline types include 1 1\/8&#8243; Z6, 1 3\/8&#8243; Z6, 1 3\/8&#8243; Z21, 1 3\/4&#8243; Z20, 1 3\/4&#8243; Z6, 8-38*32*6, 8-42*36*7, and 8-48*42*8.<\/p>\n<h3>Materiales del producto<\/h3>\n<p>The product materials are high-quality and include cold-drawn tubes, forged yokes, and 13\/8&#8221; Z6 teeth. The product is made from high-quality materials to ensure its durability and longevity.<\/p>\n<h3>Instalaci\u00f3n, Mantenimiento y Reparaci\u00f3n<\/h3>\n<p>To install this product, follow the instructions carefully to ensure proper installation. Maintenance is recommended to extend the product&#8217;s lifespan, and repair services are available if needed.<\/p>\n<h2>Otros negocios de productos<\/h2>\n<p>Adem\u00e1s de la cubierta del eje de la toma de fuerza de las piezas del tractor 05B Tubo triangular del eje de la toma de fuerza de 800 mm, nuestra empresa suministra principalmente varios engranajes pl\u00e1sticos industriales, como cajas de cambios agr\u00edcolas, ejes de salida de potencia, ruedas dentadas, acoplamientos hidr\u00e1ulicos, reductores de engranajes helicoidales, cremalleras, cadenas extra\u00edbles, poleas y poleas, cajas de cambios planetarias, poleas de distribuci\u00f3n, bujes, etc. Nuestros productos son de alta calidad, est\u00e1n disponibles a precios preferenciales y vienen con servicios pensados. Damos la bienvenida a los clientes para que personalicen con im\u00e1genes y muestras.<\/p>\n<p><img decoding=\"async\" src=\"https:\/\/images.ever-power.net\/2019\/07\/ep_ep_pto-shaft-4.webp\"\/><\/p>\n<h2>Preguntas y respuestas<\/h2>\n<h3>Q1: \u00bfQu\u00e9 es la cubierta del eje de la TDF de Tractor Parts 05B Tubo triangular del eje de la TDF de 800 mm?<\/h3>\n<p>A1: Cubierta del eje de la toma de fuerza de piezas del tractor 05B El tubo triangular del eje de la toma de fuerza de 800 mm es un producto de transmisi\u00f3n de potencia de alta calidad que se utiliza principalmente para tractores e implementos para tractores.<\/p>\n<h3>P2: \u00bfCu\u00e1les son las ventajas de la cubierta del eje de la toma de fuerza de las piezas del tractor 05B tubo triangular del eje de la toma de fuerza de 800 mm?<\/h3>\n<p>A2: La cubierta del eje de la toma de fuerza de las piezas del tractor 05B El tubo triangular del eje de la toma de fuerza de 800 mm tiene muchas ventajas, como sus materiales de alta calidad, certificaci\u00f3n CE, ISO y TS, embalaje personalizado y color de pulverizaci\u00f3n amarillo.<\/p>\n<h3>P3: \u00bfCu\u00e1l es la clasificaci\u00f3n del producto de Tractor Parts PTO Shaft Cover 05B 800mm PTO Shaft Triangular Tube?<\/h3>\n<p>A3: La serie de productos incluye T1-T10, L1-L6, S6-S10 y 10HP-150HP con SA, RA, SB, SFF, WA, CV y muchos otros tipos de juntas.<\/p>\n<h3>P4: \u00bfCu\u00e1les son los materiales de producto disponibles de la cubierta del eje de la TDF de Tractor Parts 05B Tubo triangular del eje de la TDF de 800 mm?<\/h3>\n<p>A4: The available product materials are cold-drawn tubes, forged yokes, and 13\/8&#8221; Z6 teeth.<\/p>\n<h3>Q5: \u00bfC\u00f3mo instalo, mantengo y reparo la cubierta del eje de la toma de fuerza de Tractor Parts 05B Tubo triangular del eje de la toma de fuerza de 800 mm?<\/h3>\n<p>A5: To install this product, follow the instructions carefully to ensure proper installation. Maintenance is recommended to extend the product&#8217;s lifespan, and repair services are available if needed.<\/p>\n<p><\/p>\n<p style=\"color:red;\">Descargo de responsabilidad: Todo el contenido de la p\u00e1gina proviene de Internet y el contenido solo se utiliza como referencia para la selecci\u00f3n de productos. Nuestros productos son accesorios y no repuestos originales; no somos los propietarios de la marca registrada original del contenido. Nuestros productos solo son adecuados para accesorios de posventa en lugar de repuestos originales. Nuestros accesorios pueden adaptarse perfectamente a los repuestos originales; si necesita comprar repuestos originales, comun\u00edquese con la f\u00e1brica original para comprarlos.<\/p>\n<p>\nAutor: lmc<\/p>","protected":false},"excerpt":{"rendered":"<p>Tractor Parts PTO Shaft Cover 05B 800mm PTO Shaft Triangular Tube Tractor Parts PTO Shaft Cover 05B 800mm PTO Shaft Triangular Tube is a high-quality power transmission product primarily used for tractors and tractor implements. It is a new product that comes with a 1-year warranty and is available directly from the factory. Usage Scenario [&hellip;]<\/p>","protected":false},"featured_media":5928,"template":"","meta":{"_et_pb_use_builder":"","_et_pb_old_content":"","_et_gb_content_width":""},"product_brand":[],"product_cat":[11315],"product_tag":[],"class_list":{"0":"post-6060","1":"product","2":"type-product","3":"status-publish","4":"has-post-thumbnail","6":"product_cat-pto-shaft","8":"first","9":"instock","10":"shipping-taxable","11":"product-type-simple"},"_links":{"self":[{"href":"https:\/\/agricultural-gear-boxes.com\/es\/wp-json\/wp\/v2\/product\/6060","targetHints":{"allow":["GET"]}}],"collection":[{"href":"https:\/\/agricultural-gear-boxes.com\/es\/wp-json\/wp\/v2\/product"}],"about":[{"href":"https:\/\/agricultural-gear-boxes.com\/es\/wp-json\/wp\/v2\/types\/product"}],"wp:featuredmedia":[{"embeddable":true,"href":"https:\/\/agricultural-gear-boxes.com\/es\/wp-json\/wp\/v2\/media\/5928"}],"wp:attachment":[{"href":"https:\/\/agricultural-gear-boxes.com\/es\/wp-json\/wp\/v2\/media?parent=6060"}],"wp:term":[{"taxonomy":"product_brand","embeddable":true,"href":"https:\/\/agricultural-gear-boxes.com\/es\/wp-json\/wp\/v2\/product_brand?post=6060"},{"taxonomy":"product_cat","embeddable":true,"href":"https:\/\/agricultural-gear-boxes.com\/es\/wp-json\/wp\/v2\/product_cat?post=6060"},{"taxonomy":"product_tag","embeddable":true,"href":"https:\/\/agricultural-gear-boxes.com\/es\/wp-json\/wp\/v2\/product_tag?post=6060"}],"curies":[{"name":"wp","href":"https:\/\/api.w.org\/{rel}","templated":true}]}}