{"id":6065,"date":"2024-10-30T06:27:00","date_gmt":"2024-10-30T06:27:00","guid":{"rendered":"https:\/\/agricultural-gear-boxes.com\/product\/u-joint-drive-shaft-t1-800mm-agricultural-machinery-pto-shaft-agricultural-tractor-01b-push-pin-yoke-with-yellow-wave-cover\/"},"modified":"2024-10-30T06:27:01","modified_gmt":"2024-10-30T06:27:01","slug":"u-joint-drive-shaft-t1-800mm-agricultural-machinery-pto-shaft-agricultural-tractor-01b-push-pin-yoke-with-yellow-wave-cover","status":"publish","type":"product","link":"https:\/\/agricultural-gear-boxes.com\/es\/product\/u-joint-drive-shaft-t1-800mm-agricultural-machinery-pto-shaft-agricultural-tractor-01b-push-pin-yoke-with-yellow-wave-cover\/","title":{"rendered":"Eje de transmisi\u00f3n con junta universal T1 de 800 mm para maquinaria agr\u00edcola Eje de toma de fuerza para tractor agr\u00edcola 01B Pasador de empuje Yugo con cubierta de onda amarilla"},"content":{"rendered":"<h2> Eje de toma de fuerza para maquinaria agr\u00edcola T1 de 800 mm para tractores<\/h2>\n<p>El eje de transmisi\u00f3n de la TDF para maquinaria agr\u00edcola T1 800 mm 01B es un eje de transmisi\u00f3n en estado nuevo que es adecuado para varios tipos de tractores e implementos agr\u00edcolas. Tiene un tipo de horquilla de pasador de empuje doble, con pasadores de perno, pasadores partidos, pasador de empuje, liberaci\u00f3n r\u00e1pida, fijaci\u00f3n de bola, collar y otros tipos disponibles. El procesamiento de la horquilla es forjado, mientras que el tubo es estirado en fr\u00edo. El escudo es una cubierta ondulada negra y amarilla, y los tubos tienen forma triangular. El color del producto es amarillo y tiene una garant\u00eda de 1 a\u00f1o.<\/p>\n<p>Este tipo de eje PTO es ampliamente aplicable en diversas industrias como hoteles, tiendas de ropa, tiendas de materiales de construcci\u00f3n, plantas de fabricaci\u00f3n, talleres de reparaci\u00f3n de maquinaria, f\u00e1bricas de alimentos y bebidas, granjas, restaurantes, uso dom\u00e9stico, venta minorista, tiendas de alimentos, imprentas, obras de construcci\u00f3n, energ\u00eda y miner\u00eda, tiendas de alimentos y bebidas, y otros.<\/p>\n<p><img decoding=\"async\" src=\"https:\/\/images.hzpt.com\/2023\/06\/xe4ye4bO-PTO-Shaft-Common-Applications.webp\" alt=\"Aplicaciones comunes del eje de toma de fuerza\" \/><\/p>\n<h3>Escenarios de uso com\u00fan<\/h3>\n<p>El eje de toma de fuerza para maquinaria agr\u00edcola T1 de 800 mm se utiliza con frecuencia en tractores e implementos agr\u00edcolas, en particular en aplicaciones que requieren transmisi\u00f3n de potencia. Se utiliza habitualmente en la industria agr\u00edcola para equipos como arados, cultivadores y segadoras. Tambi\u00e9n se puede utilizar en otras industrias donde es necesaria la transmisi\u00f3n de potencia.<\/p>\n<h3>Ventajas<\/h3>\n<p>El eje de toma de fuerza para maquinaria agr\u00edcola T1 de 800 mm tiene varias ventajas. Est\u00e1 fabricado con materiales de alta calidad y est\u00e1 dise\u00f1ado para ser duradero y resistente. Tambi\u00e9n es f\u00e1cil de instalar y mantener. Es una forma confiable y eficiente de transmitir potencia entre m\u00e1quinas y equipos.<\/p>\n<h3>Materiales del producto<\/h3>\n<p>El eje de la TDF para maquinaria agr\u00edcola T1 de 800 mm est\u00e1 fabricado con materiales de alta calidad. El yugo est\u00e1 fabricado mediante forja, mientras que el tubo est\u00e1 estirado en fr\u00edo. El escudo es una cubierta ondulada negra y amarilla, y los tubos tienen forma triangular.<\/p>\n<h3>Instalaci\u00f3n, mantenimiento y reparaci\u00f3n<\/h3>\n<p>The T1 800mm Agricultural Machinery PTO Shaft is easy to install, maintain, and repair. Regular maintenance is essential to keep the shaft in good working condition. It is important to follow the manufacturer&#8217;s instructions for installation, maintenance, and repair.<\/p>\n<h3>Otros productos<\/h3>\n<p>Adem\u00e1s de ejes de toma de fuerza, suministramos varios engranajes pl\u00e1sticos industriales, como cajas de cambios agr\u00edcolas, ejes de salida de potencia, ruedas dentadas, acoplamientos hidr\u00e1ulicos, reductores de tornillo sin fin, cremalleras, cadenas desmontables, poleas y poleas, cajas de engranajes planetarios, poleas de distribuci\u00f3n, bujes, etc. Ofrecemos productos de alta calidad a precios preferenciales y brindamos servicios pensados. Invitamos a los clientes a personalizar sus pedidos con im\u00e1genes y muestras.<\/p>\n<p><img decoding=\"async\" src=\"https:\/\/images.ever-power.net\/2019\/07\/ep_ep_pto-shaft-4.webp\" alt=\"Eje de toma de fuerza\" \/><\/p>\n<h2>Preguntas y respuestas<\/h2>\n<ol>\n<li>\u00bfCu\u00e1l es el per\u00edodo de garant\u00eda del eje de toma de fuerza para maquinaria agr\u00edcola T1 800 mm?<\/li>\n<ul>\n<li>El per\u00edodo de garant\u00eda del eje de toma de fuerza para maquinaria agr\u00edcola T1 800 mm es de 1 a\u00f1o.<\/li>\n<\/ul>\n<li>\u00bfCu\u00e1les son los escenarios de uso comunes para el eje de toma de fuerza para maquinaria agr\u00edcola T1 de 800 mm?<\/li>\n<ul>\n<li>El eje de toma de fuerza para maquinaria agr\u00edcola T1 de 800 mm se utiliza con frecuencia en tractores e implementos agr\u00edcolas, en particular en aplicaciones que requieren transmisi\u00f3n de potencia. Se utiliza habitualmente en la industria agr\u00edcola para equipos como arados, cultivadores y segadoras. Tambi\u00e9n se puede utilizar en otras industrias donde es necesaria la transmisi\u00f3n de potencia.<\/li>\n<\/ul>\n<li>\u00bfDe qu\u00e9 materiales est\u00e1 hecho el eje de toma de fuerza para maquinaria agr\u00edcola T1 800 mm?<\/li>\n<ul>\n<li>El eje de la TDF para maquinaria agr\u00edcola T1 de 800 mm est\u00e1 fabricado con materiales de alta calidad. El yugo est\u00e1 fabricado mediante forja, mientras que el tubo est\u00e1 estirado en fr\u00edo. El escudo es una cubierta ondulada negra y amarilla, y los tubos tienen forma triangular.<\/li>\n<\/ul>\n<li>\u00bfCu\u00e1les son las ventajas del eje TDF para maquinaria agr\u00edcola T1 800mm?<\/li>\n<ul>\n<li>El eje de toma de fuerza para maquinaria agr\u00edcola T1 de 800 mm est\u00e1 fabricado con materiales de alta calidad y est\u00e1 dise\u00f1ado para ser duradero y resistente. Tambi\u00e9n es f\u00e1cil de instalar y mantener. Es una forma confiable y eficiente de transmitir potencia entre m\u00e1quinas y equipos.<\/li>\n<\/ul>\n<li>\u00bfQu\u00e9 otros productos ofrece la empresa?<\/li>\n<ul>\n<li>Adem\u00e1s de ejes de toma de fuerza, la empresa suministra diversos engranajes pl\u00e1sticos industriales, como cajas de cambios agr\u00edcolas, ejes de salida de potencia, pi\u00f1ones, acoplamientos hidr\u00e1ulicos, reductores de tornillo sin fin, cremalleras, cadenas desmontables, poleas y poleas, cajas de cambios planetarias, poleas de distribuci\u00f3n, bujes, etc.<\/li>\n<\/ul>\n<\/ol>\n<p style=\"color:red\">Descargo de responsabilidad: Todo el contenido de la p\u00e1gina proviene de Internet y el contenido solo se utiliza como referencia para la selecci\u00f3n de productos. Nuestros productos son accesorios y no repuestos originales; no somos los propietarios de la marca registrada original del contenido. Nuestros productos solo son adecuados para accesorios de posventa en lugar de repuestos originales. Nuestros accesorios pueden adaptarse perfectamente a los repuestos originales; si necesita comprar repuestos originales, comun\u00edquese con la f\u00e1brica original para comprarlos.<\/p>\n<p>Autor: lmc<\/p>","protected":false},"excerpt":{"rendered":"<p>T1 800mm Agricultural Machinery PTO Shaft for Tractors The T1 800mm Agricultural Machinery PTO Shaft agricultural tractor 01B is a new condition drive shaft that is suitable for various kinds of tractors and farm implements. It has a double push pin yoke type, with bolt pins, split pins, push pin, quick release, ball attachment, collar, [&hellip;]<\/p>","protected":false},"featured_media":5938,"template":"","meta":{"_et_pb_use_builder":"","_et_pb_old_content":"","_et_gb_content_width":""},"product_brand":[],"product_cat":[11315],"product_tag":[],"class_list":{"0":"post-6065","1":"product","2":"type-product","3":"status-publish","4":"has-post-thumbnail","6":"product_cat-pto-shaft","8":"first","9":"instock","10":"shipping-taxable","11":"product-type-simple"},"_links":{"self":[{"href":"https:\/\/agricultural-gear-boxes.com\/es\/wp-json\/wp\/v2\/product\/6065","targetHints":{"allow":["GET"]}}],"collection":[{"href":"https:\/\/agricultural-gear-boxes.com\/es\/wp-json\/wp\/v2\/product"}],"about":[{"href":"https:\/\/agricultural-gear-boxes.com\/es\/wp-json\/wp\/v2\/types\/product"}],"wp:featuredmedia":[{"embeddable":true,"href":"https:\/\/agricultural-gear-boxes.com\/es\/wp-json\/wp\/v2\/media\/5938"}],"wp:attachment":[{"href":"https:\/\/agricultural-gear-boxes.com\/es\/wp-json\/wp\/v2\/media?parent=6065"}],"wp:term":[{"taxonomy":"product_brand","embeddable":true,"href":"https:\/\/agricultural-gear-boxes.com\/es\/wp-json\/wp\/v2\/product_brand?post=6065"},{"taxonomy":"product_cat","embeddable":true,"href":"https:\/\/agricultural-gear-boxes.com\/es\/wp-json\/wp\/v2\/product_cat?post=6065"},{"taxonomy":"product_tag","embeddable":true,"href":"https:\/\/agricultural-gear-boxes.com\/es\/wp-json\/wp\/v2\/product_tag?post=6065"}],"curies":[{"name":"wp","href":"https:\/\/api.w.org\/{rel}","templated":true}]}}