{"id":6066,"date":"2024-10-30T06:27:03","date_gmt":"2024-10-30T06:27:03","guid":{"rendered":"https:\/\/agricultural-gear-boxes.com\/product\/t1-agricultural-tractors-universal-cross-joint-2254-agriculture-machinery-machine-parts-drive-pto-shaft-for-flail-mower-truck\/"},"modified":"2024-10-30T06:27:03","modified_gmt":"2024-10-30T06:27:03","slug":"t1-agricultural-tractors-universal-cross-joint-2254-agriculture-machinery-machine-parts-drive-pto-shaft-for-flail-mower-truck","status":"publish","type":"product","link":"https:\/\/agricultural-gear-boxes.com\/es\/product\/t1-agricultural-tractors-universal-cross-joint-2254-agriculture-machinery-machine-parts-drive-pto-shaft-for-flail-mower-truck\/","title":{"rendered":"T1 Tractores agr\u00edcolas Junta transversal universal 22*54 Maquinaria agr\u00edcola Piezas de maquinaria Eje de transmisi\u00f3n TDF para cami\u00f3n segadora de mayales"},"content":{"rendered":"<h2> Tractores agr\u00edcolas T1 Junta transversal universal 22*54 Maquinaria agr\u00edcola Piezas de la m\u00e1quina Eje de transmisi\u00f3n TDF<\/h2>\n<p>El eje de transmisi\u00f3n de la TDF para tractores agr\u00edcolas T1 con junta universal de 22 x 54 mm es confiable y duradero, ideal para una amplia variedad de aplicaciones. El producto cuenta con 1 a\u00f1o de garant\u00eda y es nuevo y se encuentra en excelentes condiciones.<\/p>\n<h3>Descripci\u00f3n del Producto<\/h3>\n<p>The T1 Agricultural Tractors Universal Cross Joint is a shaft that is used for transmitting power in various agricultural applications. The product is designed with a cross kit of 22*54 and teeth are 1 3\/8&#8221; Z6. The yoke is processed by forge and the tube is cold-drawn. The shield is black yellow wave cover and tubes are triangular tubes. The yoke is push pin 01B and color is yellow. The product comes with a CE, ISO, and TS certificate.<\/p>\n<h3>Escenarios de uso com\u00fan<\/h3>\n<p>The T1 Agricultural Tractors Universal Cross Joint is commonly used in hotels, garment shops, building material shops, manufacturing plants, machinery repair shops, food &#038; beverage factories, farms, restaurants, home use, retail, food shops, printing shops, construction works, energy &#038; mining, food &#038; beverage shops, and other industries. The product is used in a variety of machinery, including tractors and flail mowers. <\/p>\n<p><img decoding=\"async\" src=\"https:\/\/images.hzpt.com\/2023\/06\/xe4ye4bO-PTO-Shaft-Common-Applications.webp\" alt=\"Aplicaciones comunes del eje de toma de fuerza\" \/><\/p>\n<h3>Ventajas<\/h3>\n<ul>\n<li>El producto es duradero y confiable.<\/li>\n<li>Est\u00e1 dise\u00f1ado para adaptarse a una amplia gama de maquinaria agr\u00edcola.<\/li>\n<li>El eje es f\u00e1cil de instalar y mantener.<\/li>\n<li>El producto viene con una garant\u00eda de 1 a\u00f1o.<\/li>\n<li>El producto tiene certificado CE, ISO y TS.<\/li>\n<\/ul>\n<h3>Materiales de producto disponibles<\/h3>\n<p>La cruceta universal para tractores agr\u00edcolas T1 est\u00e1 fabricada con materiales de alta calidad, como yugo forjado y tubos estirados en fr\u00edo. El escudo es de color negro y amarillo, y los tubos son triangulares. El yugo es de pasador de presi\u00f3n 01B y es de color amarillo. <\/p>\n<h3>Instalaci\u00f3n, mantenimiento y reparaci\u00f3n<\/h3>\n<p>La cruceta universal para tractores agr\u00edcolas T1 es f\u00e1cil de instalar y mantener. Se recomienda realizar un mantenimiento regular para mantener el producto en buen estado. Si necesita reparaci\u00f3n, se recomienda llevarlo a un mec\u00e1nico profesional.<\/p>\n<h2>Otros productos ofrecidos por Ever-Power Group Co., Ltd.<\/h2>\n<p>Ever-Power Group Co., Ltd. ofrece una amplia gama de engranajes pl\u00e1sticos industriales, incluidas cajas de engranajes agr\u00edcolas, ejes de salida de potencia, pi\u00f1ones, acoplamientos hidr\u00e1ulicos, reductores de engranajes sin fin, cremalleras, cadenas extra\u00edbles, poleas y poleas, cajas de engranajes planetarios, poleas de distribuci\u00f3n, bujes y m\u00e1s. <\/p>\n<p><img decoding=\"async\" src=\"https:\/\/images.ever-power.net\/2019\/07\/ep_ep_pto-shaft-4.webp\" alt=\"Eje de toma de fuerza EP EP\" \/><\/p>\n<h2>Preguntas y respuestas<\/h2>\n<ol>\n<li>\u00bfPara qu\u00e9 se utiliza la cruceta universal de los tractores agr\u00edcolas T1?<\/li>\n<p>La junta transversal universal para tractores agr\u00edcolas T1 se utiliza para transmitir potencia en diversas aplicaciones agr\u00edcolas, incluidos tractores y segadoras de mayales.<\/p>\n<li>\u00bfDe qu\u00e9 materiales est\u00e1 hecho el producto?<\/li>\n<p>El producto est\u00e1 fabricado con materiales de alta calidad, incluyendo yugo forjado y tubos estirados en fr\u00edo. El blindaje es de color negro con una cubierta ondulada amarilla y los tubos son triangulares. El yugo es de pasador de empuje 01B y es de color amarillo.<\/p>\n<li>\u00bfCu\u00e1l es la garant\u00eda del producto?<\/li>\n<p>El producto viene con una garant\u00eda de 1 a\u00f1o.<\/p>\n<li>\u00bfPara qu\u00e9 industrias es adecuado el cruce universal para tractores agr\u00edcolas T1?<\/li>\n<p>The product is suitable for use in a wide range of industries, including hotels, garment shops, building material shops, manufacturing plants, machinery repair shops, food &#038; beverage factories, farms, restaurants, home use, retail, food shops, printing shops, construction works, energy &#038; mining, food &#038; beverage shops, and other industries.<\/p>\n<li>\u00bfQu\u00e9 otros productos ofrece Ever-Power Group Co., Ltd.?<\/li>\n<p>Ever-Power Group Co., Ltd. ofrece una amplia gama de engranajes pl\u00e1sticos industriales, incluidas cajas de engranajes agr\u00edcolas, ejes de salida de potencia, pi\u00f1ones, acoplamientos hidr\u00e1ulicos, reductores de engranajes sin fin, cremalleras, cadenas extra\u00edbles, poleas y poleas, cajas de engranajes planetarios, poleas de distribuci\u00f3n, bujes y m\u00e1s.<\/p>\n<\/ol>\n<p><em><\/p>\n<p style=\"color: red;\">Aviso legal: Todo el contenido de esta p\u00e1gina proviene de internet y solo sirve como referencia para la selecci\u00f3n de productos. Nuestros productos son accesorios y no repuestos originales; no somos los titulares de la marca registrada original del contenido. Nuestros productos solo son compatibles con accesorios de posventa, no con repuestos originales. Nuestros accesorios son compatibles con los repuestos originales; si necesita comprar repuestos originales, p\u00f3ngase en contacto con la f\u00e1brica original.<\/p>\n<p><\/em><\/p>\n<p>Autor: lmc<\/p>","protected":false},"excerpt":{"rendered":"<p>T1 Agricultural Tractors Universal Cross Joint 22*54 Agriculture Machinery Machine Parts Drive PTO Shaft The T1 Agricultural Tractors Universal Cross Joint 22*54 Agriculture Machinery Machine Parts Drive PTO Shaft is a reliable and durable shaft suitable for use in a wide variety of applications. The product comes with a 1-year warranty, and is brand new [&hellip;]<\/p>","protected":false},"featured_media":5940,"template":"","meta":{"_et_pb_use_builder":"","_et_pb_old_content":"","_et_gb_content_width":""},"product_brand":[],"product_cat":[11315],"product_tag":[],"class_list":{"0":"post-6066","1":"product","2":"type-product","3":"status-publish","4":"has-post-thumbnail","6":"product_cat-pto-shaft","8":"first","9":"instock","10":"shipping-taxable","11":"product-type-simple"},"_links":{"self":[{"href":"https:\/\/agricultural-gear-boxes.com\/es\/wp-json\/wp\/v2\/product\/6066","targetHints":{"allow":["GET"]}}],"collection":[{"href":"https:\/\/agricultural-gear-boxes.com\/es\/wp-json\/wp\/v2\/product"}],"about":[{"href":"https:\/\/agricultural-gear-boxes.com\/es\/wp-json\/wp\/v2\/types\/product"}],"wp:featuredmedia":[{"embeddable":true,"href":"https:\/\/agricultural-gear-boxes.com\/es\/wp-json\/wp\/v2\/media\/5940"}],"wp:attachment":[{"href":"https:\/\/agricultural-gear-boxes.com\/es\/wp-json\/wp\/v2\/media?parent=6066"}],"wp:term":[{"taxonomy":"product_brand","embeddable":true,"href":"https:\/\/agricultural-gear-boxes.com\/es\/wp-json\/wp\/v2\/product_brand?post=6066"},{"taxonomy":"product_cat","embeddable":true,"href":"https:\/\/agricultural-gear-boxes.com\/es\/wp-json\/wp\/v2\/product_cat?post=6066"},{"taxonomy":"product_tag","embeddable":true,"href":"https:\/\/agricultural-gear-boxes.com\/es\/wp-json\/wp\/v2\/product_tag?post=6066"}],"curies":[{"name":"wp","href":"https:\/\/api.w.org\/{rel}","templated":true}]}}