{"id":6085,"date":"2024-10-30T06:27:48","date_gmt":"2024-10-30T06:27:48","guid":{"rendered":"https:\/\/agricultural-gear-boxes.com\/product\/rotary-tillers-pto-shafts-flange-weld-yoke-triangular-steel-pipe-pto-shaft\/"},"modified":"2024-10-30T06:27:48","modified_gmt":"2024-10-30T06:27:48","slug":"rotary-tillers-pto-shafts-flange-weld-yoke-triangular-steel-pipe-pto-shaft","status":"publish","type":"product","link":"https:\/\/agricultural-gear-boxes.com\/es\/product\/rotary-tillers-pto-shafts-flange-weld-yoke-triangular-steel-pipe-pto-shaft\/","title":{"rendered":"Cultivadores rotativos Ejes TDF Brida Soldadura Yugo Tubo de acero triangular Eje TDF"},"content":{"rendered":"<h2>Eje de toma de fuerza para motocultores: gu\u00eda completa<\/h2>\n<p>El eje de la TDF de la cultivadora rotativa con brida soldada y yugo de tubo de acero triangular es un producto de alta calidad dise\u00f1ado para su uso en diversas industrias, como hoteles, tiendas de ropa, tiendas de materiales de construcci\u00f3n, plantas de fabricaci\u00f3n, talleres de reparaci\u00f3n de maquinaria, f\u00e1bricas de alimentos y bebidas, granjas, restaurantes, uso dom\u00e9stico, venta minorista, tiendas de alimentos, imprentas, obras de construcci\u00f3n, energ\u00eda y miner\u00eda, tiendas de alimentos y bebidas y otros campos relacionados. Este producto vers\u00e1til es ideal para su uso con tractores e implementos agr\u00edcolas, lo que lo convierte en una herramienta esencial para muchas aplicaciones agr\u00edcolas.<\/p>\n<p><img decoding=\"async\" src=\"https:\/\/images.hzpt.com\/2023\/06\/xe4ye4bO-PTO-Shaft-Common-Applications.webp\" alt=\"Imagen del eje de toma de fuerza de motocultores\"><\/p>\n<h3>Historial del producto<\/h3>\n<p>El eje de la toma de fuerza de las motoazadas se ha utilizado durante muchos a\u00f1os y ha experimentado mejoras significativas con el tiempo para hacerlo m\u00e1s eficiente y duradero. El dise\u00f1o actual cuenta con un eje de la toma de fuerza de tubo de acero triangular con yugo soldado con brida, que est\u00e1 forjado y estirado en fr\u00edo para garantizar el m\u00e1ximo rendimiento y confiabilidad.<\/p>\n<h3>Clasificaci\u00f3n de productos<\/h3>\n<p>Los ejes de toma de fuerza de las motoazadas se pueden clasificar seg\u00fan sus dientes, el procesamiento de la horquilla, el procesamiento del tubo, el kit transversal, los tubos, la horquilla y el color. El producto tambi\u00e9n viene con una gama completa de kits transversales y tubos personalizados para satisfacer los diferentes requisitos de los clientes. <\/p>\n<h3>Ventajas del producto<\/h3>\n<ul>\n<li>Material de alta calidad<\/li>\n<li>Excelente rendimiento<\/li>\n<li>Duradero y confiable<\/li>\n<li>F\u00e1cil de instalar, mantener y reparar.<\/li>\n<li>Gama completa de kits de cross y tubos personalizados<\/li>\n<\/ul>\n<h3>Materiales de producto disponibles<\/h3>\n<p>El eje de la toma de fuerza de las motoazadas est\u00e1 fabricado con materiales de alta calidad, como el acero, lo que garantiza la m\u00e1xima durabilidad y fiabilidad. El producto tambi\u00e9n est\u00e1 disponible en varios colores para adaptarse a las diferentes preferencias de los clientes.<\/p>\n<h3>\u00bfC\u00f3mo instalar, mantener y reparar el producto?<\/h3>\n<p>The rotary tillers PTO shaft is easy to install, maintain, and repair. It is advisable to follow the manufacturer&#8217;s instructions when installing the product to ensure maximum performance and reliability. The product should be regularly maintained to keep it in good working condition. When repairing the product, it is important to use genuine spare parts to ensure that the product retains its original performance and reliability.<\/p>\n<h3>\u00bfC\u00f3mo reemplazar el producto?<\/h3>\n<p>A la hora de sustituir el eje de la toma de fuerza de las motoazadas, es importante asegurarse de que el nuevo producto sea compatible con el sistema existente. Tambi\u00e9n es recomendable consultar al fabricante para obtener orientaci\u00f3n sobre c\u00f3mo sustituir el producto y asegurarse de que se haga correctamente. <\/p>\n<h2>Otros productos de nuestra empresa<\/h2>\n<p>En nuestra empresa, nos especializamos en el suministro de diversos engranajes pl\u00e1sticos industriales, como cajas de engranajes agr\u00edcolas, ejes de salida de potencia, ruedas dentadas, acoplamientos hidr\u00e1ulicos, reductores de tornillo sin fin, cremalleras, cadenas desmontables, poleas y poleas, cajas de engranajes planetarios, poleas de distribuci\u00f3n, bujes y otros productos relacionados. Nuestros productos son de alta calidad, est\u00e1n disponibles a un precio preferencial y cuentan con un atento servicio al cliente. Damos la bienvenida a los clientes para que personalicen sus productos con im\u00e1genes y muestras.<\/p>\n<p><img decoding=\"async\" src=\"https:\/\/images.ever-power.net\/2019\/07\/ep_ep_pto-shaft-4.webp\" alt=\"Otros productos de nuestra empresa\"><\/p>\n<h2>Preguntas y respuestas<\/h2>\n<h3>P1. \u00bfQu\u00e9 es el eje de toma de fuerza de una cultivadora rotativa?<\/h3>\n<p>A1. El eje de la toma de fuerza de una cultivadora rotativa es un producto de alta calidad dise\u00f1ado para su uso con tractores e implementos agr\u00edcolas. Es ideal para diversas aplicaciones agr\u00edcolas.<\/p>\n<h3>P2. \u00bfCu\u00e1les son las ventajas del eje de toma de fuerza de una cultivadora rotativa?<\/h3>\n<p>A2. El eje de la TDF de los cultivadores rotativos est\u00e1 hecho de material de alta calidad, tiene un rendimiento excelente, es duradero y confiable, y viene con una gama completa de kits transversales y tubos personalizados para satisfacer los diferentes requisitos de los clientes.<\/p>\n<h3>P3. \u00bfC\u00f3mo instalo el eje de la toma de fuerza de una cultivadora rotativa?<\/h3>\n<p>A3. When installing a rotary tillers PTO shaft, it is advisable to follow the manufacturer&#8217;s instructions to ensure maximum performance and reliability.<\/p>\n<h3>P4. \u00bfQu\u00e9 debo hacer al reparar el eje de la toma de fuerza de una cultivadora rotativa?<\/h3>\n<p>A4. Al reparar el eje de la toma de fuerza de una cultivadora rotativa, es importante utilizar repuestos originales para garantizar que el producto conserve su rendimiento y confiabilidad originales.<\/p>\n<h3>P5. \u00bfQu\u00e9 otros productos suministra su empresa?<\/h3>\n<p>A5. En nuestra empresa, nos especializamos en el suministro de diversos engranajes pl\u00e1sticos industriales, como cajas de engranajes agr\u00edcolas, ejes de salida de potencia, ruedas dentadas, acoplamientos hidr\u00e1ulicos, reductores de tornillo sin fin, cremalleras, cadenas desmontables, poleas y poleas, cajas de engranajes planetarios, poleas de distribuci\u00f3n, bujes y otros productos relacionados.<\/p>\n<p style=\"color:red;\">Descargo de responsabilidad: Todo el contenido de esta p\u00e1gina es solo para referencia y no sustituye el asesoramiento o la recomendaci\u00f3n profesional. Nuestros productos son accesorios y no repuestos originales; no somos los propietarios de la marca registrada original del contenido. Nuestros productos solo son adecuados para accesorios de posventa en lugar de repuestos originales. Nuestros accesorios pueden adaptarse perfectamente a los repuestos originales; si necesita comprar repuestos originales, comun\u00edquese con la f\u00e1brica original para comprarlos.<\/p>\n<p>Autor: lmc<\/p>","protected":false},"excerpt":{"rendered":"<p>Rotary Tillers PTO Shaft: A Comprehensive Guide The rotary tiller PTO shafts flange weld yoke triangular steel pipe PTO shaft is a high-quality product designed for use in various industries such as hotels, garment shops, building material shops, manufacturing plants, machinery repair shops, food &amp; beverage factories, farms, restaurants, home use, retail, food shops, printing [&hellip;]<\/p>","protected":false},"featured_media":5978,"template":"","meta":{"_et_pb_use_builder":"","_et_pb_old_content":"","_et_gb_content_width":""},"product_brand":[],"product_cat":[11315],"product_tag":[],"class_list":{"0":"post-6085","1":"product","2":"type-product","3":"status-publish","4":"has-post-thumbnail","6":"product_cat-pto-shaft","8":"first","9":"instock","10":"shipping-taxable","11":"product-type-simple"},"_links":{"self":[{"href":"https:\/\/agricultural-gear-boxes.com\/es\/wp-json\/wp\/v2\/product\/6085","targetHints":{"allow":["GET"]}}],"collection":[{"href":"https:\/\/agricultural-gear-boxes.com\/es\/wp-json\/wp\/v2\/product"}],"about":[{"href":"https:\/\/agricultural-gear-boxes.com\/es\/wp-json\/wp\/v2\/types\/product"}],"wp:featuredmedia":[{"embeddable":true,"href":"https:\/\/agricultural-gear-boxes.com\/es\/wp-json\/wp\/v2\/media\/5978"}],"wp:attachment":[{"href":"https:\/\/agricultural-gear-boxes.com\/es\/wp-json\/wp\/v2\/media?parent=6085"}],"wp:term":[{"taxonomy":"product_brand","embeddable":true,"href":"https:\/\/agricultural-gear-boxes.com\/es\/wp-json\/wp\/v2\/product_brand?post=6085"},{"taxonomy":"product_cat","embeddable":true,"href":"https:\/\/agricultural-gear-boxes.com\/es\/wp-json\/wp\/v2\/product_cat?post=6085"},{"taxonomy":"product_tag","embeddable":true,"href":"https:\/\/agricultural-gear-boxes.com\/es\/wp-json\/wp\/v2\/product_tag?post=6085"}],"curies":[{"name":"wp","href":"https:\/\/api.w.org\/{rel}","templated":true}]}}