{"id":6087,"date":"2024-10-30T06:27:53","date_gmt":"2024-10-30T06:27:53","guid":{"rendered":"https:\/\/agricultural-gear-boxes.com\/product\/customized-color-and-size-hexagonal-drive-shaft-pto-drive-shaft-orange-blue-cover-square-pto-shaft\/"},"modified":"2024-10-30T06:27:53","modified_gmt":"2024-10-30T06:27:53","slug":"customized-color-and-size-hexagonal-drive-shaft-pto-drive-shaft-orange-blue-cover-square-pto-shaft","status":"publish","type":"product","link":"https:\/\/agricultural-gear-boxes.com\/es\/product\/customized-color-and-size-hexagonal-drive-shaft-pto-drive-shaft-orange-blue-cover-square-pto-shaft\/","title":{"rendered":"Eje de transmisi\u00f3n hexagonal de color y tama\u00f1o personalizados Eje de transmisi\u00f3n PTO Cubierta naranja azul Eje de transmisi\u00f3n PTO cuadrado"},"content":{"rendered":"<h2>Eje de transmisi\u00f3n hexagonal de color y tama\u00f1o personalizados Eje de transmisi\u00f3n PTO<\/h2>\n<p>El eje de transmisi\u00f3n de la TDF hexagonal de tama\u00f1o y color personalizados es un producto duradero y de alta calidad dise\u00f1ado para tractores e implementos agr\u00edcolas. Est\u00e1 fabricado con precisi\u00f3n y atenci\u00f3n al detalle para garantizar un rendimiento \u00f3ptimo en diversas aplicaciones agr\u00edcolas.<\/p>\n<h3>Historial del producto<\/h3>\n<p>El eje de transmisi\u00f3n de la TDF con eje de transmisi\u00f3n hexagonal tiene una larga historia de uso en la industria agr\u00edcola. A lo largo de los a\u00f1os, ha experimentado mejoras y avances continuos para satisfacer las necesidades y los requisitos cambiantes de los agricultores y los profesionales agr\u00edcolas.<\/p>\n<h3>Clasificaci\u00f3n de productos<\/h3>\n<ul>\n<li>Tipo de eje: hexagonal<\/li>\n<li>Dientes: Todos los dientes<\/li>\n<li>Procesamiento del Yugo: Forja<\/li>\n<li>Procesamiento de tubo: estirado en fr\u00edo<\/li>\n<li>Kit Cross: Gama completa de kit Cross<\/li>\n<li>Tubos: Tubos personalizados<\/li>\n<li>Yugo: Yugo con pasador de empuje<\/li>\n<li>Color: Personalizado<\/li>\n<\/ul>\n<h3>Ventajas del producto<\/h3>\n<ul>\n<li>El material de alta calidad garantiza durabilidad y longevidad.<\/li>\n<li>Ingenier\u00eda de precisi\u00f3n para un rendimiento \u00f3ptimo<\/li>\n<li>Opciones de color y tama\u00f1o personalizables.<\/li>\n<li>Amplia gama de industrias aplicables<\/li>\n<li>Certificado con est\u00e1ndares CE, ISO y TS<\/li>\n<\/ul>\n<h3>Escenarios de uso com\u00fan<\/h3>\n<p>El eje de transmisi\u00f3n PTO con eje de transmisi\u00f3n hexagonal se puede utilizar en varios escenarios, entre ellos:<\/p>\n<ul>\n<li>Cosecha de cultivos en granjas<\/li>\n<li>Mantenimiento de maquinaria agr\u00edcola<\/li>\n<li>Manejo de maquinaria en obras de construcci\u00f3n<\/li>\n<li>Alimentaci\u00f3n de equipos en plantas de fabricaci\u00f3n<\/li>\n<li>Al servicio de la industria de alimentos y bebidas<\/li>\n<\/ul>\n<p><img decoding=\"async\" src=\"https:\/\/images.hzpt.com\/2023\/06\/xe4ye4bO-PTO-Shaft-Common-Applications.webp\" alt=\"Eje de transmisi\u00f3n hexagonal Eje de transmisi\u00f3n TDF Aplicaciones comunes\"><\/p>\n<h3>Instalaci\u00f3n, mantenimiento y reparaci\u00f3n<\/h3>\n<p>La instalaci\u00f3n, el mantenimiento y la reparaci\u00f3n del eje de transmisi\u00f3n de la TDF con eje hexagonal son sencillos. Siga estas pautas:<\/p>\n<ol>\n<li>Aseg\u00farese de una alineaci\u00f3n adecuada durante la instalaci\u00f3n<\/li>\n<li>Inspeccione peri\u00f3dicamente para detectar cualquier signo de desgaste o da\u00f1o.<\/li>\n<li>Mantenga el eje de transmisi\u00f3n correctamente lubricado<\/li>\n<li>Follow manufacturer&#8217;s instructions for repair or replacement<\/li>\n<\/ol>\n<h2>Otros negocios de productos de la empresa<\/h2>\n<p>Adem\u00e1s del eje de transmisi\u00f3n hexagonal para toma de fuerza, nuestra empresa ofrece una amplia gama de engranajes y componentes pl\u00e1sticos industriales. Nuestra l\u00ednea de productos incluye:<\/p>\n<ul>\n<li>Cajas de cambios agr\u00edcolas<\/li>\n<li>Ejes de salida de potencia<\/li>\n<li>Pi\u00f1ones<\/li>\n<li>Acoplamientos hidr\u00e1ulicos<\/li>\n<li>Reductores de engranajes helicoidales<\/li>\n<li>Cremalleras<\/li>\n<li>Cadenas extra\u00edbles<\/li>\n<li>Poleas y poleas<\/li>\n<li>Cajas de engranajes planetarios<\/li>\n<li>Poleas de distribuci\u00f3n<\/li>\n<li>Bujes<\/li>\n<\/ul>\n<p>Nos enorgullecemos de ofrecer productos de alta calidad a precios competitivos, acompa\u00f1ados de un excelente servicio al cliente. Los clientes pueden personalizar sus pedidos seg\u00fan sus necesidades espec\u00edficas y agradecemos sus consultas con fotograf\u00edas y muestras.<\/p>\n<p><img decoding=\"async\" src=\"https:\/\/images.ever-power.net\/2019\/07\/ep_ep_pto-shaft-4.webp\" alt=\"Engranajes pl\u00e1sticos industriales del grupo Ever-Power\"><\/p>\n<h2>Preguntas y respuestas<\/h2>\n<p><strong>1. \u00bfSe puede utilizar el eje de transmisi\u00f3n de la TDF con eje hexagonal en cualquier modelo de tractor?<\/strong><\/p>\n<p>S\u00ed, el eje de transmisi\u00f3n de la TDF con eje hexagonal est\u00e1 dise\u00f1ado para ser compatible con varios modelos de tractores. Sin embargo, se recomienda verificar las especificaciones y consultar con el fabricante para obtener una compatibilidad precisa.<\/p>\n<p><strong>2. \u00bfCu\u00e1les son las opciones de color disponibles para el eje de transmisi\u00f3n?<\/strong><\/p>\n<p>The color of the drive shaft can be customized according to the customer&#8217;s preference or specific requirements.<\/p>\n<p><strong>3. \u00bfC\u00f3mo puedo mantener el eje de transmisi\u00f3n para un rendimiento \u00f3ptimo?<\/strong><\/p>\n<p>To maintain optimal performance, regularly inspect the drive shaft for any signs of wear or damage. Keep it properly lubricated and follow the manufacturer&#8217;s maintenance guidelines.<\/p>\n<p><strong>4. \u00bfEl eje de transmisi\u00f3n es adecuado para aplicaciones de servicio pesado?<\/strong><\/p>\n<p>S\u00ed, el eje de transmisi\u00f3n est\u00e1 dise\u00f1ado para soportar aplicaciones pesadas y est\u00e1 fabricado con materiales de alta calidad para garantizar durabilidad y confiabilidad.<\/p>\n<p><strong>5. \u00bfPuedo reemplazar el eje de transmisi\u00f3n yo mismo?<\/strong><\/p>\n<p>Si bien es posible reemplazar el eje de transmisi\u00f3n usted mismo, se recomienda buscar asistencia profesional para garantizar una instalaci\u00f3n adecuada y evitar posibles da\u00f1os al equipo.<\/p>\n<p>\u2013 lmc<\/p>\n<p><font color=\"red\">Descargo de responsabilidad: Todo el contenido de esta p\u00e1gina proviene de Internet y se proporciona solo con fines de referencia. Nuestros productos son accesorios y no repuestos originales. No somos los propietarios de la marca registrada original mencionada en el contenido. Nuestros accesorios son adecuados para su uso en el mercado de repuestos. Si necesita repuestos originales, comun\u00edquese con la f\u00e1brica original para comprarlos.<\/font><\/p>","protected":false},"excerpt":{"rendered":"<p>Customized Color and Size Hexagonal Drive Shaft PTO Drive Shaft The customized color and size hexagonal drive shaft PTO drive shaft is a high-quality and durable product designed for tractors and farm implements. It is made with precision and attention to detail to ensure optimal performance in various agricultural applications. Product History The hexagonal drive [&hellip;]<\/p>","protected":false},"featured_media":5982,"template":"","meta":{"_et_pb_use_builder":"","_et_pb_old_content":"","_et_gb_content_width":""},"product_brand":[],"product_cat":[11315],"product_tag":[],"class_list":{"0":"post-6087","1":"product","2":"type-product","3":"status-publish","4":"has-post-thumbnail","6":"product_cat-pto-shaft","8":"first","9":"instock","10":"shipping-taxable","11":"product-type-simple"},"_links":{"self":[{"href":"https:\/\/agricultural-gear-boxes.com\/es\/wp-json\/wp\/v2\/product\/6087","targetHints":{"allow":["GET"]}}],"collection":[{"href":"https:\/\/agricultural-gear-boxes.com\/es\/wp-json\/wp\/v2\/product"}],"about":[{"href":"https:\/\/agricultural-gear-boxes.com\/es\/wp-json\/wp\/v2\/types\/product"}],"wp:featuredmedia":[{"embeddable":true,"href":"https:\/\/agricultural-gear-boxes.com\/es\/wp-json\/wp\/v2\/media\/5982"}],"wp:attachment":[{"href":"https:\/\/agricultural-gear-boxes.com\/es\/wp-json\/wp\/v2\/media?parent=6087"}],"wp:term":[{"taxonomy":"product_brand","embeddable":true,"href":"https:\/\/agricultural-gear-boxes.com\/es\/wp-json\/wp\/v2\/product_brand?post=6087"},{"taxonomy":"product_cat","embeddable":true,"href":"https:\/\/agricultural-gear-boxes.com\/es\/wp-json\/wp\/v2\/product_cat?post=6087"},{"taxonomy":"product_tag","embeddable":true,"href":"https:\/\/agricultural-gear-boxes.com\/es\/wp-json\/wp\/v2\/product_tag?post=6087"}],"curies":[{"name":"wp","href":"https:\/\/api.w.org\/{rel}","templated":true}]}}