{"id":6090,"date":"2024-10-30T06:28:00","date_gmt":"2024-10-30T06:28:00","guid":{"rendered":"https:\/\/agricultural-gear-boxes.com\/product\/high-hardness-kubota-pto-shafts-coupling-custom-tractor-yellow-steel-pto-drive-shaft\/"},"modified":"2024-10-30T06:28:00","modified_gmt":"2024-10-30T06:28:00","slug":"high-hardness-kubota-pto-shafts-coupling-custom-tractor-yellow-steel-pto-drive-shaft","status":"publish","type":"product","link":"https:\/\/agricultural-gear-boxes.com\/es\/product\/high-hardness-kubota-pto-shafts-coupling-custom-tractor-yellow-steel-pto-drive-shaft\/","title":{"rendered":"Acoplamiento de ejes de toma de fuerza Kubota de alta dureza, eje de transmisi\u00f3n de toma de fuerza de acero amarillo para tractor personalizado"},"content":{"rendered":"<h2>Acoplamiento de ejes de toma de fuerza Kubota de alta dureza Eje de transmisi\u00f3n de toma de fuerza de acero para tractor personalizado<\/h2>\n<p>El eje de transmisi\u00f3n de la toma de fuerza de acero personalizado para tractores Kubota de alta dureza es un producto confiable y duradero que se usa com\u00fanmente en una variedad de industrias. Est\u00e1 hecho de material de acero de alta calidad y tiene todos los dientes para garantizar la m\u00e1xima eficiencia para la aplicaci\u00f3n. El yugo est\u00e1 forjado y el tubo est\u00e1 estirado en fr\u00edo, lo que le da al eje mayor resistencia y durabilidad. El producto est\u00e1 certificado por CE, ISO y TS, lo que es un testimonio de su calidad y rendimiento.<\/p>\n<h3>Escenarios de uso com\u00fan<\/h3>\n<p>Este producto se utiliza habitualmente en hoteles, tiendas de ropa, tiendas de materiales de construcci\u00f3n, plantas de fabricaci\u00f3n, talleres de reparaci\u00f3n de maquinaria, f\u00e1bricas de alimentos y bebidas, granjas, restaurantes, uso dom\u00e9stico, venta minorista, tiendas de alimentos, imprentas, obras de construcci\u00f3n, energ\u00eda y miner\u00eda, tiendas de alimentos y bebidas y otras industrias. Es especialmente \u00fatil para cosechadoras.<\/p>\n<p><img decoding=\"async\" src=\"https:\/\/images.hzpt.com\/2023\/06\/xe4ye4bO-PTO-Shaft-Common-Applications.webp\" alt=\"Aplicaciones comunes del eje de toma de fuerza\" \/><\/p>\n<h3>Historial y clasificaci\u00f3n del producto<\/h3>\n<p>El eje de la toma de fuerza se introdujo por primera vez en la d\u00e9cada de 1930 como una forma de conectar la toma de fuerza de un tractor a una m\u00e1quina o implemento. Desde entonces, se ha convertido en un componente esencial de muchas m\u00e1quinas agr\u00edcolas e industriales. El eje de transmisi\u00f3n de la toma de fuerza de acero de alta dureza Kubota que acopla el eje de transmisi\u00f3n de la toma de fuerza del tractor personalizado es un tipo de eje de la toma de fuerza que est\u00e1 dise\u00f1ado para soportar altos niveles de estr\u00e9s y tensi\u00f3n.<\/p>\n<h3>Ventajas del producto<\/h3>\n<p>El eje de transmisi\u00f3n de la toma de fuerza de acero de tractor personalizado con acoplamiento de ejes de toma de fuerza Kubota de alta dureza tiene muchas ventajas, entre ellas, su alta dureza, durabilidad y eficiencia. Su horquilla forjada y su tubo estirado en fr\u00edo lo hacen resistente al desgaste, y su dise\u00f1o de todos los dientes garantiza la m\u00e1xima transmisi\u00f3n de potencia. El producto tambi\u00e9n es personalizable y se puede adaptar para satisfacer las necesidades espec\u00edficas de diferentes industrias y aplicaciones.<\/p>\n<h3>Materiales de producto disponibles<\/h3>\n<p>El eje de transmisi\u00f3n de la toma de fuerza de acero de alta dureza para tractores Kubota est\u00e1 hecho de acero de alta calidad. Otros materiales disponibles incluyen aluminio, bronce y acero inoxidable.<\/p>\n<h3>Instalaci\u00f3n, mantenimiento y reparaci\u00f3n<\/h3>\n<p>La instalaci\u00f3n de los ejes de transmisi\u00f3n de la toma de fuerza de acero de alta dureza Kubota para tractores personalizados debe ser realizada por un profesional para garantizar una alineaci\u00f3n y un funcionamiento adecuados. Se debe realizar un mantenimiento peri\u00f3dico para garantizar que el producto funcione correctamente. Esto incluye lubricar el eje e inspeccionarlo para detectar desgaste y da\u00f1os. Si se necesitan reparaciones, se deben realizar de inmediato para evitar m\u00e1s da\u00f1os y garantizar que el producto siga funcionando correctamente.<\/p>\n<h2>Otros productos<\/h2>\n<p>Adem\u00e1s de los ejes de toma de fuerza de Kubota de alta dureza que acoplan el eje de transmisi\u00f3n de toma de fuerza de acero del tractor personalizado, tambi\u00e9n suministramos varios engranajes pl\u00e1sticos industriales, como cajas de engranajes agr\u00edcolas, ejes de salida de potencia, pi\u00f1ones, acoplamientos hidr\u00e1ulicos, reductores de tornillo sin fin, cremalleras, cadenas extra\u00edbles, poleas y poleas, cajas de engranajes planetarios, poleas de distribuci\u00f3n, bujes, etc.<\/p>\n<p><img decoding=\"async\" src=\"https:\/\/images.ever-power.net\/2019\/07\/ep_ep_pto-shaft-4.webp\" alt=\"Eje de toma de fuerza\" \/><\/p>\n<h2>Preguntas y respuestas<\/h2>\n<h3>P: \u00bfQu\u00e9 industrias utilizan com\u00fanmente el acoplamiento de ejes TDF de acero para tractores personalizados de alta dureza Kubota?<\/h3>\n<p>A: El acoplamiento de ejes TDF de alta dureza Kubota para ejes de transmisi\u00f3n TDF de tractor personalizados de acero se usa com\u00fanmente en hoteles, tiendas de ropa, tiendas de materiales de construcci\u00f3n, plantas de fabricaci\u00f3n, talleres de reparaci\u00f3n de maquinaria, f\u00e1bricas de alimentos y bebidas, granjas, restaurantes, uso dom\u00e9stico, venta minorista, tiendas de alimentos, imprentas, obras de construcci\u00f3n, energ\u00eda y miner\u00eda, tiendas de alimentos y bebidas y otras industrias.<\/p>\n<h3>P: \u00bfDe qu\u00e9 materiales est\u00e1 hecho el acoplamiento de ejes PTO de acero para tractor personalizado de alta dureza Kubota?<\/h3>\n<p>A: El eje de transmisi\u00f3n de la toma de fuerza de acero de alta dureza para tractores Kubota est\u00e1 hecho de acero de alta calidad. Otros materiales disponibles incluyen aluminio, bronce y acero inoxidable.<\/p>\n<h3>P: \u00bfC\u00f3mo se debe instalar el acoplamiento de ejes TDF de acero personalizado para tractores Kubota de alta dureza?<\/h3>\n<p>A: La instalaci\u00f3n del acoplamiento de ejes TDF de acero personalizado para tractores Kubota de alta dureza debe ser realizada por un profesional para garantizar una alineaci\u00f3n y un funcionamiento adecuados.<\/p>\n<h3>P: \u00bfQu\u00e9 se debe hacer para el mantenimiento del acoplamiento de ejes de toma de fuerza de acero de tractor personalizado de alta dureza Kubota?<\/h3>\n<p>A: El mantenimiento del eje de transmisi\u00f3n de la toma de fuerza de acero de alta dureza de Kubota para tractores personalizados debe realizarse con regularidad para garantizar que el producto funcione correctamente. Esto incluye lubricar el eje e inspeccionarlo para detectar desgaste y da\u00f1os.<\/p>\n<h3>P: \u00bfQu\u00e9 otros productos ofrece la empresa?<\/h3>\n<p>A: Adem\u00e1s de los ejes de toma de fuerza de Kubota de alta dureza que acoplan el eje de transmisi\u00f3n de toma de fuerza de acero del tractor personalizado, tambi\u00e9n suministramos varios engranajes pl\u00e1sticos industriales, como cajas de engranajes agr\u00edcolas, ejes de salida de potencia, pi\u00f1ones, acoplamientos hidr\u00e1ulicos, reductores de tornillo sin fin, cremalleras, cadenas extra\u00edbles, poleas y poleas, cajas de engranajes planetarios, poleas de distribuci\u00f3n, bujes, etc.<\/p>\n<p>Autor: lmc <\/p>\n<div style=\"color:red\">Todo el contenido de la p\u00e1gina proviene de Internet y el contenido solo se utiliza como referencia para la selecci\u00f3n de productos. Nuestros productos son accesorios y no repuestos originales; no somos los propietarios de la marca registrada original del contenido. Nuestros productos solo son adecuados para accesorios de posventa en lugar de repuestos originales. Nuestros accesorios pueden adaptarse perfectamente a los repuestos originales; si necesita comprar repuestos originales, comun\u00edquese con la f\u00e1brica original para comprarlos.<\/div>","protected":false},"excerpt":{"rendered":"<p>High Hardness Kubota PTO Shafts Coupling Custom Tractor Steel PTO Drive Shaft The High Hardness Kubota PTO Shafts Coupling Custom Tractor Steel PTO Drive Shaft is a reliable and durable product that is commonly used in a variety of industries. It is made of high-quality steel material and has all teeth to ensure maximum efficiency [&hellip;]<\/p>","protected":false},"featured_media":5989,"template":"","meta":{"_et_pb_use_builder":"","_et_pb_old_content":"","_et_gb_content_width":""},"product_brand":[],"product_cat":[11315],"product_tag":[],"class_list":{"0":"post-6090","1":"product","2":"type-product","3":"status-publish","4":"has-post-thumbnail","6":"product_cat-pto-shaft","8":"first","9":"instock","10":"shipping-taxable","11":"product-type-simple"},"_links":{"self":[{"href":"https:\/\/agricultural-gear-boxes.com\/es\/wp-json\/wp\/v2\/product\/6090","targetHints":{"allow":["GET"]}}],"collection":[{"href":"https:\/\/agricultural-gear-boxes.com\/es\/wp-json\/wp\/v2\/product"}],"about":[{"href":"https:\/\/agricultural-gear-boxes.com\/es\/wp-json\/wp\/v2\/types\/product"}],"wp:featuredmedia":[{"embeddable":true,"href":"https:\/\/agricultural-gear-boxes.com\/es\/wp-json\/wp\/v2\/media\/5989"}],"wp:attachment":[{"href":"https:\/\/agricultural-gear-boxes.com\/es\/wp-json\/wp\/v2\/media?parent=6090"}],"wp:term":[{"taxonomy":"product_brand","embeddable":true,"href":"https:\/\/agricultural-gear-boxes.com\/es\/wp-json\/wp\/v2\/product_brand?post=6090"},{"taxonomy":"product_cat","embeddable":true,"href":"https:\/\/agricultural-gear-boxes.com\/es\/wp-json\/wp\/v2\/product_cat?post=6090"},{"taxonomy":"product_tag","embeddable":true,"href":"https:\/\/agricultural-gear-boxes.com\/es\/wp-json\/wp\/v2\/product_tag?post=6090"}],"curies":[{"name":"wp","href":"https:\/\/api.w.org\/{rel}","templated":true}]}}