{"id":6094,"date":"2024-10-30T06:28:12","date_gmt":"2024-10-30T06:28:12","guid":{"rendered":"https:\/\/agricultural-gear-boxes.com\/product\/agricultural-pto-shaft-with-clutch-4-shear-bolt-yokefriction-clutch-and-limiter-clutch-shaft\/"},"modified":"2024-10-30T06:28:13","modified_gmt":"2024-10-30T06:28:13","slug":"agricultural-pto-shaft-with-clutch-4-shear-bolt-yokefriction-clutch-and-limiter-clutch-shaft","status":"publish","type":"product","link":"https:\/\/agricultural-gear-boxes.com\/es\/product\/agricultural-pto-shaft-with-clutch-4-shear-bolt-yokefriction-clutch-and-limiter-clutch-shaft\/","title":{"rendered":"Eje de toma de fuerza agr\u00edcola con embrague, horquilla de 4 pernos de seguridad, embrague de fricci\u00f3n y eje de embrague limitador"},"content":{"rendered":"<h2>Eje de toma de fuerza agr\u00edcola con embrague y horquilla de 4 pernos de seguridad<\/h2>\n<p>El eje de la TDF agr\u00edcola con horquilla de embrague de 4 pernos de seguridad es un nuevo producto adecuado para tractores e implementos agr\u00edcolas. Est\u00e1 dise\u00f1ado para proporcionar una transmisi\u00f3n de potencia confiable para diversas aplicaciones agr\u00edcolas. Con su construcci\u00f3n robusta y materiales de alta calidad, este eje de la TDF est\u00e1 dise\u00f1ado para soportar las demandas del uso intensivo.<\/p>\n<h3>Caracter\u00edsticas del producto:<\/h3>\n<ul>\n<li>Condici\u00f3n: Nuevo<\/li>\n<li>Garant\u00eda: 1 a\u00f1o<\/li>\n<li>Tipo: Ejes<\/li>\n<li>Uso: Cosechadoras<\/li>\n<li>Nombre del producto: Eje de toma de fuerza agr\u00edcola con embrague y horquilla de 4 pernos de seguridad<\/li>\n<li>Dientes: Todos los dientes<\/li>\n<li>Procesamiento del Yugo: Forja<\/li>\n<li>Certificado: CE, ISO y TS<\/li>\n<li>Procesamiento de tubo: estirado en fr\u00edo<\/li>\n<li>Kit Cross: Gama completa de Kit Cross<\/li>\n<li>Tubos: Tubos personalizados<\/li>\n<li>Yugo: Yugo con pasador de empuje<\/li>\n<li>Color: Todos los colores<\/li>\n<li>Peso: 20 KG<\/li>\n<\/ul>\n<p><img decoding=\"async\" src=\"https:\/\/images.hzpt.com\/2023\/06\/xe4ye4bO-PTO-Shaft-Common-Applications.webp\" alt=\"Aplicaciones comunes del eje de toma de fuerza\"><\/p>\n<h3>Escenarios de uso comunes:<\/h3>\n<p>El eje de toma de fuerza agr\u00edcola con horquilla de 4 pernos de seguridad y embrague se utiliza ampliamente en diversas industrias, como hoteles, tiendas de ropa, tiendas de materiales de construcci\u00f3n, plantas de fabricaci\u00f3n, talleres de reparaci\u00f3n de maquinaria, f\u00e1bricas de alimentos y bebidas, granjas, restaurantes y m\u00e1s. Es ideal para aplicaciones donde se requiere transmisi\u00f3n de potencia, como en el funcionamiento de tractores e implementos agr\u00edcolas. El dise\u00f1o robusto y el rendimiento confiable de este eje de toma de fuerza lo hacen adecuado para tareas pesadas en el sector agr\u00edcola.<\/p>\n<p>Gracias a su naturaleza vers\u00e1til, este eje de toma de fuerza se puede utilizar en una amplia gama de maquinaria agr\u00edcola, incluidas cosechadoras, proporcionando una transmisi\u00f3n de potencia eficiente para una mejor productividad en el campo.<\/p>\n<h3>Ventajas del producto:<\/h3>\n<ul>\n<li>Construcci\u00f3n robusta y duradera.<\/li>\n<li>Materiales de alta calidad para un rendimiento duradero.<\/li>\n<li>F\u00e1cil de instalar y mantener.<\/li>\n<li>Eficiencia \u00f3ptima de transmisi\u00f3n de potencia<\/li>\n<li>Amplia gama de aplicaciones<\/li>\n<li>Fiable y confiable<\/li>\n<\/ul>\n<h3>Materiales del producto:<\/h3>\n<p>El eje de la TDF agr\u00edcola con horquilla de embrague de 4 pernos de seguridad est\u00e1 fabricado con materiales de alta calidad que garantizan su durabilidad y longevidad. La horquilla est\u00e1 forjada y el tubo est\u00e1 estirado en fr\u00edo, lo que proporciona resistencia y confiabilidad en entornos agr\u00edcolas exigentes.<\/p>\n<h3>Instalaci\u00f3n, mantenimiento y reparaci\u00f3n:<\/h3>\n<p>La instalaci\u00f3n del eje de la TDF agr\u00edcola con horquilla de 4 pernos de seguridad del embrague es un proceso sencillo. Simplemente siga las instrucciones proporcionadas para una instalaci\u00f3n adecuada. El mantenimiento regular es importante para garantizar un rendimiento \u00f3ptimo y la longevidad del eje de la TDF. Se recomienda la lubricaci\u00f3n de las piezas m\u00f3viles y las inspecciones peri\u00f3dicas para detectar desgaste.<\/p>\n<p>En caso de da\u00f1os o aver\u00edas, el eje de la toma de fuerza se puede reparar siguiendo los procedimientos de reparaci\u00f3n adecuados. Es fundamental utilizar piezas de repuesto originales y buscar asistencia profesional si es necesario.<\/p>\n<h3>Reemplazo de producto:<\/h3>\n<p>Si es necesario reemplazar el eje de la toma de fuerza agr\u00edcola con horquilla de 4 pernos de seguridad del embrague, es importante elegir una pieza de repuesto compatible. Aseg\u00farese de que el eje de repuesto cumpla con las especificaciones requeridas y sea adecuado para la aplicaci\u00f3n espec\u00edfica. Es posible que se requiera asistencia profesional para un reemplazo adecuado.<\/p>\n<p><img decoding=\"async\" src=\"https:\/\/images.ever-power.net\/2019\/07\/ep_ep_pto-shaft-4.webp\" alt=\"Imagen del eje de la toma de fuerza\"><\/p>\n<h2>Acerca de Ever-Power Group Co., Ltd.<\/h2>\n<p>Ever-Power Group Co., Ltd. es un proveedor l\u00edder de diversos engranajes y componentes pl\u00e1sticos industriales. Nuestra amplia gama de productos incluye cajas de engranajes agr\u00edcolas, ejes de salida de potencia, ruedas dentadas, acoplamientos hidr\u00e1ulicos, reductores de engranajes helicoidales, cremalleras, cadenas desmontables, poleas, cajas de engranajes planetarios, poleas de distribuci\u00f3n, bujes y m\u00e1s.<\/p>\n<p>Gracias a nuestro compromiso con la calidad, los precios competitivos y el excelente servicio al cliente, hemos ganado una gran reputaci\u00f3n en el mercado. Nuestros productos cuentan con la confianza de clientes de todo el mundo y estamos orgullosos de ser un proveedor OEM de primer nivel para muchas f\u00e1bricas de implementos agr\u00edcolas en el mercado nacional.<\/p>\n<p>We welcome customers to customize their products with us, providing pictures and samples for a personalized experience. At Ever-Power Group Co., Ltd., we strive to deliver high-quality products, offer competitive prices, and provide thoughtful services to meet our customers&#8217; needs.<\/p>\n<h2>Preguntas y respuestas:<\/h2>\n<h3>1. \u00bfCu\u00e1l es el per\u00edodo de garant\u00eda del eje de toma de fuerza agr\u00edcola con horquilla de 4 pernos de seguridad con embrague?<\/h3>\n<p>El per\u00edodo de garant\u00eda del eje de toma de fuerza agr\u00edcola con horquilla de embrague de 4 pernos de seguridad es de 1 a\u00f1o.<\/p>\n<h3>2. \u00bfCu\u00e1les son las ventajas de utilizar este eje TDF?<\/h3>\n<ul>\n<li>Construcci\u00f3n robusta y duradera para un rendimiento confiable.<\/li>\n<li>Materiales de alta calidad garantizan longevidad.<\/li>\n<li>F\u00e1cil instalaci\u00f3n y mantenimiento<\/li>\n<li>Eficiencia \u00f3ptima de transmisi\u00f3n de potencia<\/li>\n<li>Amplia gama de aplicaciones<\/li>\n<li>Confiable y seguro<\/li>\n<\/ul>\n<h3>3. \u00bfSe puede utilizar este eje de toma de fuerza en cosechadoras?<\/h3>\n<p>S\u00ed, el eje de toma de fuerza agr\u00edcola con horquilla de embrague de 4 pernos de seguridad est\u00e1 dise\u00f1ado para usarse en cosechadoras y otra maquinaria agr\u00edcola.<\/p>\n<h3>4. \u00bfC\u00f3mo debo realizar el mantenimiento del eje de la toma de fuerza?<\/h3>\n<p>El mantenimiento regular es importante para un rendimiento \u00f3ptimo. Lubrique las piezas m\u00f3viles y realice inspecciones peri\u00f3dicas para detectar desgaste. Siga las pautas de mantenimiento proporcionadas para obtener mejores resultados.<\/p>\n<h3>5. \u00bfD\u00f3nde puedo comprar el eje de toma de fuerza agr\u00edcola con horquilla de 4 pernos de seguridad con embrague?<\/h3>\n<p>Puede ponerse en contacto con Ever-Power Group Co., Ltd., el proveedor l\u00edder de este producto, para obtener informaci\u00f3n de compra y opciones de personalizaci\u00f3n.<\/p>\n<p style=\"color: red;\">Autor: lmc<\/p>\n<p style=\"color: red;\">Descargo de responsabilidad: Todo el contenido de esta p\u00e1gina proviene de Internet y se proporciona solo con fines de referencia. Nuestros productos son accesorios y no repuestos originales. No somos los propietarios de la marca registrada original del contenido. Nuestros accesorios pueden adaptarse perfectamente a los repuestos originales. Si necesita comprar repuestos originales, comun\u00edquese con la f\u00e1brica original para comprarlos.<\/p>","protected":false},"excerpt":{"rendered":"<p>Agricultural PTO Shaft with Clutch 4 Shear Bolt Yoke The agricultural PTO shaft with clutch 4 shear bolt yoke is a new product that is suitable for tractors and farm implements. It is designed to provide reliable power transmission for various agricultural applications. With its sturdy construction and high-quality materials, this PTO shaft is built [&hellip;]<\/p>","protected":false},"featured_media":5997,"template":"","meta":{"_et_pb_use_builder":"","_et_pb_old_content":"","_et_gb_content_width":""},"product_brand":[],"product_cat":[11315],"product_tag":[],"class_list":{"0":"post-6094","1":"product","2":"type-product","3":"status-publish","4":"has-post-thumbnail","6":"product_cat-pto-shaft","8":"first","9":"instock","10":"shipping-taxable","11":"product-type-simple"},"_links":{"self":[{"href":"https:\/\/agricultural-gear-boxes.com\/es\/wp-json\/wp\/v2\/product\/6094","targetHints":{"allow":["GET"]}}],"collection":[{"href":"https:\/\/agricultural-gear-boxes.com\/es\/wp-json\/wp\/v2\/product"}],"about":[{"href":"https:\/\/agricultural-gear-boxes.com\/es\/wp-json\/wp\/v2\/types\/product"}],"wp:featuredmedia":[{"embeddable":true,"href":"https:\/\/agricultural-gear-boxes.com\/es\/wp-json\/wp\/v2\/media\/5997"}],"wp:attachment":[{"href":"https:\/\/agricultural-gear-boxes.com\/es\/wp-json\/wp\/v2\/media?parent=6094"}],"wp:term":[{"taxonomy":"product_brand","embeddable":true,"href":"https:\/\/agricultural-gear-boxes.com\/es\/wp-json\/wp\/v2\/product_brand?post=6094"},{"taxonomy":"product_cat","embeddable":true,"href":"https:\/\/agricultural-gear-boxes.com\/es\/wp-json\/wp\/v2\/product_cat?post=6094"},{"taxonomy":"product_tag","embeddable":true,"href":"https:\/\/agricultural-gear-boxes.com\/es\/wp-json\/wp\/v2\/product_tag?post=6094"}],"curies":[{"name":"wp","href":"https:\/\/api.w.org\/{rel}","templated":true}]}}