{"id":6096,"date":"2024-10-30T06:28:17","date_gmt":"2024-10-30T06:28:17","guid":{"rendered":"https:\/\/agricultural-gear-boxes.com\/product\/kubota-machinery-parts-t7n-1140-05b05b-bniip-pto-shaft-safety-pto-shaft-cover-for-farm-implement\/"},"modified":"2024-10-30T06:28:17","modified_gmt":"2024-10-30T06:28:17","slug":"kubota-machinery-parts-t7n-1140-05b05b-bniip-pto-shaft-safety-pto-shaft-cover-for-farm-implement","status":"publish","type":"product","link":"https:\/\/agricultural-gear-boxes.com\/es\/product\/kubota-machinery-parts-t7n-1140-05b05b-bniip-pto-shaft-safety-pto-shaft-cover-for-farm-implement\/","title":{"rendered":"Piezas de maquinaria Kubota T7N 1140 05B05B BNIIP Cubierta de seguridad del eje de TDF para implementos agr\u00edcolas"},"content":{"rendered":"<h2>Seguridad del eje de la TDF Cubierta del eje de la TDF para implementos agr\u00edcolas<\/h2>\n<p>The PTO Shaft Safety PTO Shaft Cover for Farm Implement is a new product in the market with a 1-year warranty. It is a shaft that is applicable in various industries such as hotels, garment shops, manufacturing plants, food &#038; beverage factories, farms, restaurants, retail, printing shops, construction works, energy &#038; mining, and other industries. The shaft is made of steel material and has a weight of 15.6 KG.<\/p>\n<h3>Escenarios de uso<\/h3>\n<p>La cubierta de seguridad del eje de la TDF para implementos agr\u00edcolas se usa com\u00fanmente en tractores e implementos agr\u00edcolas. Es compatible con diferentes tipos de tractores e implementos agr\u00edcolas. El eje es esencial para transferir potencia del tractor al implemento agr\u00edcola.<\/p>\n<p><img decoding=\"async\" src=\"https:\/\/images.hzpt.com\/2023\/06\/xe4ye4bO-PTO-Shaft-Common-Applications.webp\" alt=\"Aplicaciones comunes del eje de toma de fuerza\" \/><\/p>\n<h3>Ventajas<\/h3>\n<ul>\n<li>El eje tiene certificado CE, ISO y TS.<\/li>\n<li>Tiene 1 a\u00f1o de garant\u00eda<\/li>\n<li>Compatible con diferentes tipos de tractores e implementos agr\u00edcolas.<\/li>\n<li>Est\u00e1 fabricado con materiales de alta calidad.<\/li>\n<li>Es f\u00e1cil de instalar y mantener.<\/li>\n<li>Tiene alta resistencia al desgaste.<\/li>\n<\/ul>\n<h3>Materiales del producto<\/h3>\n<p>La cubierta de seguridad del eje de la toma de fuerza para implementos agr\u00edcolas est\u00e1 hecha de acero. Los tubos son triangulares y el kit transversal es de 35 x 94. El yugo es un yugo con pasador de empuje 05B y el procesamiento del yugo es forjado. Adem\u00e1s, el procesamiento del tubo es estirado en fr\u00edo.<\/p>\n<h3>Instalaci\u00f3n, mantenimiento y reparaci\u00f3n<\/h3>\n<p>La cubierta de seguridad para eje de toma de fuerza para implementos agr\u00edcolas es f\u00e1cil de instalar y mantener. Es importante mantener el eje limpio y libre de suciedad y residuos. El usuario debe inspeccionar peri\u00f3dicamente el eje para detectar desgaste y reemplazarlo si es necesario. El eje debe engrasarse peri\u00f3dicamente para evitar la oxidaci\u00f3n y la corrosi\u00f3n.<\/p>\n<h2>Otros negocios de productos de la empresa<\/h2>\n<p>Suministramos principalmente diversos engranajes pl\u00e1sticos industriales, como cajas de engranajes agr\u00edcolas, ejes de salida de potencia, ruedas dentadas, acoplamientos hidr\u00e1ulicos, reductores de tornillo sin fin, cremalleras, cadenas desmontables, poleas y poleas, cajas de engranajes planetarios, poleas de distribuci\u00f3n, bujes, etc. Ofrecemos productos de alta calidad a precios preferenciales con servicios pensados. Los clientes pueden personalizar sus pedidos con im\u00e1genes y muestras.<\/p>\n<p><img decoding=\"async\" src=\"https:\/\/images.ever-power.net\/2019\/07\/ep_ep_pto-shaft-4.webp\" alt=\"Eje de toma de fuerza\" \/><\/p>\n<h2>Preguntas y respuestas<\/h2>\n<p>1. \u00bfCu\u00e1l es el peso de la cubierta de seguridad del eje de la toma de fuerza para implementos agr\u00edcolas?<br \/>\nRespuesta: El peso del eje es de 15,6 KG.<\/p>\n<p>2. \u00bfCu\u00e1l es el material utilizado para fabricar el eje?<br \/>\nRespuesta: El eje est\u00e1 hecho de material de acero.<\/p>\n<p>3. \u00bfEn qu\u00e9 industrias se aplica el eje?<br \/>\nAnswer: The shaft is applicable in various industries such as hotels, garment shops, manufacturing plants, food &#038; beverage factories, farms, restaurants, retail, printing shops, construction works, energy &#038; mining, and other industries.<\/p>\n<p>4. \u00bfCu\u00e1l es el per\u00edodo de garant\u00eda del eje?<br \/>\nRespuesta: El eje tiene 1 a\u00f1o de garant\u00eda.<\/p>\n<p>5. \u00bfCu\u00e1les son las ventajas de la cubierta de seguridad del eje de la toma de fuerza para implementos agr\u00edcolas?<br \/>\nRespuesta: Las ventajas del eje incluyen compatibilidad con diferentes tipos de tractores e implementos agr\u00edcolas, alta resistencia al desgaste, facilidad de instalaci\u00f3n y mantenimiento, un certificado CE, ISO y TS y materiales de fabricaci\u00f3n de alta calidad.<\/p>\n<p>Autor: lmc<\/p>\n<p style=\"color:red;\">Descargo de responsabilidad: Todo el contenido de la p\u00e1gina proviene de Internet y el contenido solo se utiliza como referencia para la selecci\u00f3n de productos. Nuestros productos son accesorios y no repuestos originales; no somos los propietarios de la marca registrada original del contenido. Nuestros productos solo son adecuados para accesorios de posventa en lugar de repuestos originales. Nuestros accesorios pueden adaptarse perfectamente a los repuestos originales; si necesita comprar repuestos originales, comun\u00edquese con la f\u00e1brica original para comprarlos.<\/p>","protected":false},"excerpt":{"rendered":"<p>PTO Shaft Safety PTO Shaft Cover for Farm Implement The PTO Shaft Safety PTO Shaft Cover for Farm Implement is a new product in the market with a 1-year warranty. It is a shaft that is applicable in various industries such as hotels, garment shops, manufacturing plants, food &#038; beverage factories, farms, restaurants, retail, printing [&hellip;]<\/p>","protected":false},"featured_media":6001,"template":"","meta":{"_et_pb_use_builder":"","_et_pb_old_content":"","_et_gb_content_width":""},"product_brand":[],"product_cat":[11315],"product_tag":[],"class_list":{"0":"post-6096","1":"product","2":"type-product","3":"status-publish","4":"has-post-thumbnail","6":"product_cat-pto-shaft","8":"first","9":"instock","10":"shipping-taxable","11":"product-type-simple"},"_links":{"self":[{"href":"https:\/\/agricultural-gear-boxes.com\/es\/wp-json\/wp\/v2\/product\/6096","targetHints":{"allow":["GET"]}}],"collection":[{"href":"https:\/\/agricultural-gear-boxes.com\/es\/wp-json\/wp\/v2\/product"}],"about":[{"href":"https:\/\/agricultural-gear-boxes.com\/es\/wp-json\/wp\/v2\/types\/product"}],"wp:featuredmedia":[{"embeddable":true,"href":"https:\/\/agricultural-gear-boxes.com\/es\/wp-json\/wp\/v2\/media\/6001"}],"wp:attachment":[{"href":"https:\/\/agricultural-gear-boxes.com\/es\/wp-json\/wp\/v2\/media?parent=6096"}],"wp:term":[{"taxonomy":"product_brand","embeddable":true,"href":"https:\/\/agricultural-gear-boxes.com\/es\/wp-json\/wp\/v2\/product_brand?post=6096"},{"taxonomy":"product_cat","embeddable":true,"href":"https:\/\/agricultural-gear-boxes.com\/es\/wp-json\/wp\/v2\/product_cat?post=6096"},{"taxonomy":"product_tag","embeddable":true,"href":"https:\/\/agricultural-gear-boxes.com\/es\/wp-json\/wp\/v2\/product_tag?post=6096"}],"curies":[{"name":"wp","href":"https:\/\/api.w.org\/{rel}","templated":true}]}}