{"id":6101,"date":"2024-10-30T06:28:27","date_gmt":"2024-10-30T06:28:27","guid":{"rendered":"https:\/\/agricultural-gear-boxes.com\/product\/pto-shaft-t4-1300-05b05b-yiiip-40hp-shaft-pto-for-farming-equipment-machine-parts\/"},"modified":"2024-10-30T06:28:28","modified_gmt":"2024-10-30T06:28:28","slug":"pto-shaft-t4-1300-05b05b-yiiip-40hp-shaft-pto-for-farming-equipment-machine-parts","status":"publish","type":"product","link":"https:\/\/agricultural-gear-boxes.com\/es\/product\/pto-shaft-t4-1300-05b05b-yiiip-40hp-shaft-pto-for-farming-equipment-machine-parts\/","title":{"rendered":"EJE DE TOMA DE FUERZA T4 1300 05B05B YIIIP Eje de toma de fuerza de 40 hp para piezas de maquinaria agr\u00edcola"},"content":{"rendered":"<h2>Eje de transmisi\u00f3n T4 1300 05B05B YIIIP 40hp Piezas para tractor Eje de transmisi\u00f3n<\/h2>\n<p>The PTO Shaft T4 1300 05B05B YIIIP 40hp Tractor Parts Transmission Shaft is a highly efficient power transmission component used in various agricultural implements, tractors, and other machinery. Made of high-quality steel, this shaft has a 1 3\/8&#8221; Z6 teeth size and a cross kit of 27*74.6. The yoke type of this shaft is 05B push pin yoke which is forged. It has CE, ISO, and TS certificates and is cold-drawn processed. It is easy to install, maintain, and repair.<\/p>\n<h3>Escenarios de uso com\u00fan<\/h3>\n<p>The PTO Shaft T4 1300 05B05B YIIIP 40hp Tractor Parts Transmission Shaft is commonly used in hotels, garment shops, building material shops, manufacturing plants, machinery repair shops, food &#038; beverage factories, farms, restaurants, homes, retail shops, printing shops, construction works, energy &#038; mining, food &#038; beverage shops, and other industries. It is perfect for use in tractors and farm implements.<\/p>\n<p><img decoding=\"async\" src=\"https:\/\/images.hzpt.com\/2023\/06\/xe4ye4bO-PTO-Shaft-Common-Applications.webp\" alt=\"Aplicaciones comunes del eje de toma de fuerza\" \/><\/p>\n<h3>Ventajas<\/h3>\n<ul>\n<li>Componente de transmisi\u00f3n de potencia de alta eficiencia.<\/li>\n<li>Fabricado en acero de alta calidad.<\/li>\n<li>Procesado estirado en fr\u00edo.<\/li>\n<li>F\u00e1cil de instalar, mantener y reparar.<\/li>\n<\/ul>\n<h3>Materiales del producto<\/h3>\n<p>The PTO Shaft T4 1300 05B05B YIIIP 40hp Tractor Parts Transmission Shaft is made of high-quality steel which makes it durable and long-lasting. The shaft has a 1 3\/8&#8221; Z6 teeth size and cross kit of 27*74.6. The yoke type of this shaft is 05B push pin yoke which is forged. It has CE, ISO, and TS certificates and is cold-drawn processed.<\/p>\n<h3>C\u00f3mo instalar, mantener y reparar el producto<\/h3>\n<ul>\n<li>Instalaci\u00f3n: El eje de transmisi\u00f3n del tractor T4 1300 05B05B YIIIP de 40 hp es f\u00e1cil de instalar y viene con instrucciones de instalaci\u00f3n. Es importante seguir las instrucciones cuidadosamente para asegurarse de que el eje est\u00e9 instalado correctamente.<\/li>\n<li>Mantenimiento: Es importante realizar un mantenimiento regular para mantener el eje de transmisi\u00f3n del eje de la toma de fuerza T4 1300 05B05B YIIIP 40hp Tractor Parts en buenas condiciones. Es importante limpiar y lubricar el eje para evitar la oxidaci\u00f3n y el desgaste.<\/li>\n<li>Reparaci\u00f3n: Si el eje de transmisi\u00f3n del eje de la toma de fuerza T4 1300 05B05B YIIIP 40hp Tractor Parts est\u00e1 da\u00f1ado, es importante repararlo lo antes posible. Se recomienda buscar ayuda profesional para reparar el eje.<\/li>\n<\/ul>\n<h3>Otros productos ofrecidos por la empresa<\/h3>\n<p>Suministramos principalmente diversos engranajes pl\u00e1sticos industriales, como cajas de engranajes agr\u00edcolas, ejes de salida de potencia, ruedas dentadas, acoplamientos hidr\u00e1ulicos, reductores de tornillo sin fin, cremalleras, cadenas desmontables, poleas y poleas, cajas de engranajes planetarios, poleas de distribuci\u00f3n, bujes, etc. Nuestra empresa ofrece productos de alta calidad, precios preferenciales y servicios bien pensados. Damos la bienvenida a los clientes para personalizar nuestros productos con im\u00e1genes y muestras.<\/p>\n<p><img decoding=\"async\" src=\"https:\/\/images.ever-power.net\/2019\/07\/ep_ep_pto-shaft-4.webp\" alt=\"Eje de toma de fuerza\" \/><\/p>\n<h2>Preguntas y respuestas<\/h2>\n<h3>P1. \u00bfCu\u00e1l es el material utilizado para fabricar el eje de transmisi\u00f3n del eje de la toma de fuerza T4 1300 05B05B YIIIP 40hp para tractores?<\/h3>\n<p>A. El eje de transmisi\u00f3n del eje PTO T4 1300 05B05B YIIIP 40hp Tractor Parts est\u00e1 hecho de acero de alta calidad que lo hace duradero y de larga duraci\u00f3n.<\/p>\n<h3>P2. \u00bfCu\u00e1l es el tipo de horquilla de este eje?<\/h3>\n<p>A. El tipo de yugo de este eje es el yugo de pasador de empuje 05B, que est\u00e1 forjado.<\/p>\n<h3>P3. \u00bfCu\u00e1l es el tama\u00f1o de los dientes de este eje?<\/h3>\n<p>A. The teeth size of this shaft is 1 3\/8&#8221; Z6.<\/p>\n<h3>P4. \u00bfQu\u00e9 industrias utilizan habitualmente el eje de transmisi\u00f3n del eje de toma de fuerza T4 1300 05B05B YIIIP 40hp para tractores?<\/h3>\n<p>A. The PTO Shaft T4 1300 05B05B YIIIP 40hp Tractor Parts Transmission Shaft is commonly used in hotels, garment shops, building material shops, manufacturing plants, machinery repair shops, food &#038; beverage factories, farms, restaurants, homes, retail shops, printing shops, construction works, energy &#038; mining, food &#038; beverage shops, and other industries.<\/p>\n<h3>Q5. \u00bfC\u00f3mo se procesa el eje de transmisi\u00f3n de las piezas del tractor T4 1300 05B05B YIIIP 40hp?<\/h3>\n<p>A. El eje de transmisi\u00f3n del eje de toma de fuerza T4 1300 05B05B YIIIP 40 hp para tractores se procesa mediante estirado en fr\u00edo.<\/p>\n<h4>Autor: lmc<\/h4>\n<p style=\"color:red;\">Todo el contenido de la p\u00e1gina proviene de Internet y el contenido solo se utiliza como referencia para la selecci\u00f3n de productos. Nuestros productos son accesorios y no repuestos originales; no somos los propietarios de la marca registrada original del contenido. Nuestros productos solo son adecuados para accesorios de posventa en lugar de repuestos originales. Nuestros accesorios pueden adaptarse perfectamente a los repuestos originales; si necesita comprar repuestos originales, comun\u00edquese con la f\u00e1brica original para comprarlos.<\/p>","protected":false},"excerpt":{"rendered":"<p>PTO Shaft T4 1300 05B05B YIIIP 40hp Tractor Parts Transmission Shaft The PTO Shaft T4 1300 05B05B YIIIP 40hp Tractor Parts Transmission Shaft is a highly efficient power transmission component used in various agricultural implements, tractors, and other machinery. Made of high-quality steel, this shaft has a 1 3\/8&#8221; Z6 teeth size and a cross [&hellip;]<\/p>","protected":false},"featured_media":6011,"template":"","meta":{"_et_pb_use_builder":"","_et_pb_old_content":"","_et_gb_content_width":""},"product_brand":[],"product_cat":[11315],"product_tag":[],"class_list":{"0":"post-6101","1":"product","2":"type-product","3":"status-publish","4":"has-post-thumbnail","6":"product_cat-pto-shaft","8":"first","9":"instock","10":"shipping-taxable","11":"product-type-simple"},"_links":{"self":[{"href":"https:\/\/agricultural-gear-boxes.com\/es\/wp-json\/wp\/v2\/product\/6101","targetHints":{"allow":["GET"]}}],"collection":[{"href":"https:\/\/agricultural-gear-boxes.com\/es\/wp-json\/wp\/v2\/product"}],"about":[{"href":"https:\/\/agricultural-gear-boxes.com\/es\/wp-json\/wp\/v2\/types\/product"}],"wp:featuredmedia":[{"embeddable":true,"href":"https:\/\/agricultural-gear-boxes.com\/es\/wp-json\/wp\/v2\/media\/6011"}],"wp:attachment":[{"href":"https:\/\/agricultural-gear-boxes.com\/es\/wp-json\/wp\/v2\/media?parent=6101"}],"wp:term":[{"taxonomy":"product_brand","embeddable":true,"href":"https:\/\/agricultural-gear-boxes.com\/es\/wp-json\/wp\/v2\/product_brand?post=6101"},{"taxonomy":"product_cat","embeddable":true,"href":"https:\/\/agricultural-gear-boxes.com\/es\/wp-json\/wp\/v2\/product_cat?post=6101"},{"taxonomy":"product_tag","embeddable":true,"href":"https:\/\/agricultural-gear-boxes.com\/es\/wp-json\/wp\/v2\/product_tag?post=6101"}],"curies":[{"name":"wp","href":"https:\/\/api.w.org\/{rel}","templated":true}]}}