{"id":6102,"date":"2024-10-30T06:28:30","date_gmt":"2024-10-30T06:28:30","guid":{"rendered":"https:\/\/agricultural-gear-boxes.com\/product\/customized-size-pto-shaft-t4-1300-05b05b-yiiip-40hp-tractor-parts-transmission-shaft-combine-harvester\/"},"modified":"2024-10-30T06:28:30","modified_gmt":"2024-10-30T06:28:30","slug":"customized-size-pto-shaft-t4-1300-05b05b-yiiip-40hp-tractor-parts-transmission-shaft-combine-harvester","status":"publish","type":"product","link":"https:\/\/agricultural-gear-boxes.com\/es\/product\/customized-size-pto-shaft-t4-1300-05b05b-yiiip-40hp-tractor-parts-transmission-shaft-combine-harvester\/","title":{"rendered":"Eje de transmisi\u00f3n de tama\u00f1o personalizado T4 1300 05B05B YIIIP 40 hp Piezas de tractor Eje de transmisi\u00f3n Cosechadora"},"content":{"rendered":"<h2>Eje de toma de fuerza de tama\u00f1o personalizado T4 1300 05B05B YIIIP 40 hp Piezas de tractor Eje de transmisi\u00f3n Cosechadora combinada<\/h2>\n<p>El eje de transmisi\u00f3n de piezas de tractor T4 1300 05B05B YIIIP de 40 hp con eje de toma de fuerza de tama\u00f1o personalizado para cosechadoras combinadas es un producto nuevo que ha ganado una gran reputaci\u00f3n en el mercado. Es aplicable para diversas industrias, como hoteles, tiendas de ropa, tiendas de materiales de construcci\u00f3n, plantas de fabricaci\u00f3n, talleres de reparaci\u00f3n de maquinaria, f\u00e1bricas de alimentos y bebidas, granjas, restaurantes, uso dom\u00e9stico, venta minorista, tiendas de alimentos, imprentas, obras de construcci\u00f3n, energ\u00eda y miner\u00eda, tiendas de alimentos y bebidas, y otros.<\/p>\n<p>The PTO Shaft T4 1300 05B05B YIIIP 40hp Tractor Parts Transmission Shaft combine harvester comes with a warranty of one year and weighs around 18 KG. The packaging of the product comes with a plastic bag, wooden case, and customized packaging according to customer&#8217;s request. It has a CE, ISO, and TS certificate, and the processing of the yoke is forged, while the tube is cold-drawn. The material used in the product is steel, and the tubes are triangular tubes. The cross kit is 27*74.6, and the yoke is 05B push pin yoke.<\/p>\n<p>The product has various usage scenarios such as tractors and farm implements and can be used for drive shaft parts and power transmission. The PTO Shaft T4 1300 05B05B YIIIP 40hp Tractor Parts Transmission Shaft combine harvester has teeth of 1 3\/8&#8221; Z6. The product&#8217;s history dates back to the early days of farming, where farmers used horses to pull equipment in the fields. As the demand for larger, more efficient equipment grew, the PTO Shaft T4 1300 05B05B YIIIP 40hp Tractor Parts Transmission Shaft combine harvester became a crucial part of the farming industry. <\/p>\n<p>The product has various classifications, such as Lemon, Triangular, Star, Square, Hexangular, Spline, and Special. The product&#8217;s advantages include high efficiency, durability, and cost-effectiveness. The PTO Shaft T4 1300 05B05B YIIIP 40hp Tractor Parts Transmission Shaft combine harvester can be installed easily and maintained with minimal effort. In case of damage or replacement, the product can be repaired or replaced easily. <\/p>\n<h3>Materiales de producto disponibles<\/h3>\n<ul>\n<li>Acero<\/li>\n<li>Aluminio<\/li>\n<li>Hierro fundido<\/li>\n<li>Lat\u00f3n<\/li>\n<li>Cobre<\/li>\n<\/ul>\n<h3>\u00bfC\u00f3mo instalar, mantener y reparar el producto?<\/h3>\n<p>The PTO Shaft T4 1300 05B05B YIIIP 40hp Tractor Parts Transmission Shaft combine harvester can be installed easily by following the manufacturer&#8217;s instructions. It can be maintained by periodically cleaning and lubricating the parts. In case of repair, it should be done by a professional to ensure the product&#8217;s durability and efficiency. <\/p>\n<p><img decoding=\"async\" src=\"https:\/\/images.hzpt.com\/2023\/06\/xe4ye4bO-PTO-Shaft-Common-Applications.webp\" alt=\"Aplicaciones comunes del eje de toma de fuerza\"><\/p>\n<h2>Otros negocios de productos<\/h2>\n<p>Suministramos principalmente diversos engranajes pl\u00e1sticos industriales, como cajas de engranajes agr\u00edcolas, ejes de salida de potencia, ruedas dentadas, acoplamientos hidr\u00e1ulicos, reductores de tornillo sin fin, cremalleras, cadenas desmontables, poleas y poleas, cajas de engranajes planetarios, poleas de distribuci\u00f3n, bujes, etc. Nuestros productos vienen con alta calidad, precios preferenciales y servicios pensados. Los clientes pueden personalizar sus productos con im\u00e1genes y muestras.<\/p>\n<p><img decoding=\"async\" src=\"https:\/\/images.ever-power.net\/2019\/07\/ep_ep_pto-shaft-4.webp\" alt=\"Eje de toma de fuerza\"><\/p>\n<h2>Preguntas y respuestas<\/h2>\n<h3>P: \u00bfQu\u00e9 industrias pueden utilizar el eje de transmisi\u00f3n del tractor T4 1300 05B05B YIIIP 40hp para cosechadora combinada?<\/h3>\n<p>A: El eje de transmisi\u00f3n del eje de toma de fuerza T4 1300 05B05B YIIIP 40 hp para tractores cosechadoras combinadas es aplicable para industrias como hoteles, tiendas de ropa, tiendas de materiales de construcci\u00f3n, plantas de fabricaci\u00f3n, talleres de reparaci\u00f3n de maquinaria, f\u00e1bricas de alimentos y bebidas, granjas, restaurantes, uso dom\u00e9stico, venta minorista, tiendas de alimentos, imprentas, obras de construcci\u00f3n, energ\u00eda y miner\u00eda, tiendas de alimentos y bebidas, y otros.<\/p>\n<h3>P: \u00bfCu\u00e1l es el per\u00edodo de garant\u00eda del eje de transmisi\u00f3n del eje de toma de fuerza T4 1300 05B05B YIIIP 40 hp para tractor cosechadora?<\/h3>\n<p>R: El per\u00edodo de garant\u00eda para el eje de transmisi\u00f3n del tractor PTO Shaft T4 1300 05B05B YIIIP 40hp para cosechadora es de un a\u00f1o.<\/p>\n<h3>P: \u00bfCu\u00e1l es el peso del eje de transmisi\u00f3n del eje de toma de fuerza T4 1300 05B05B YIIIP 40hp para tractor cosechadora?<\/h3>\n<p>A: El peso del eje de transmisi\u00f3n del tractor T4 1300 05B05B YIIIP 40hp de la cosechadora es de alrededor de 18 KG.<\/p>\n<h3>P: \u00bfCu\u00e1les son los materiales de producto disponibles para el eje de transmisi\u00f3n del eje de toma de fuerza T4 1300 05B05B YIIIP 40 hp para tractor cosechadora?<\/h3>\n<p>R: Los materiales de producto disponibles para el eje de transmisi\u00f3n del tractor T4 1300 05B05B YIIIP 40hp de la cosechadora incluyen acero, aluminio, hierro fundido, lat\u00f3n y cobre.<\/p>\n<h3>P: \u00bfCu\u00e1les son las ventajas del eje de transmisi\u00f3n del eje de toma de fuerza T4 1300 05B05B YIIIP 40hp para tractor cosechadora?<\/h3>\n<p>A: Las ventajas del eje de transmisi\u00f3n del tractor PTO T4 1300 05B05B YIIIP 40hp para cosechadora combinada son alta eficiencia, durabilidad y rentabilidad.<\/p>\n<h3>P: \u00bfC\u00f3mo puedo instalar, mantener y reparar el eje de transmisi\u00f3n del eje de toma de fuerza T4 1300 05B05B YIIIP 40hp para tractores cosechadoras?<\/h3>\n<p>A: The PTO Shaft T4 1300 05B05B YIIIP 40hp Tractor Parts Transmission Shaft combine harvester can be easily installed by following the manufacturer&#8217;s instructions. It can be maintained by periodically cleaning and lubricating the parts. In case of repair, it should be done by a professional to ensure the product&#8217;s durability and efficiency.<\/p>\n<p style=\"color:red;\">Todo el contenido de esta p\u00e1gina proviene de Internet y solo se utiliza como referencia para la selecci\u00f3n de productos. Nuestros productos son accesorios y no repuestos originales. No somos los propietarios de la marca registrada original del contenido. Nuestros productos solo son adecuados para accesorios de posventa y no repuestos originales. Nuestros accesorios pueden adaptarse perfectamente a los repuestos originales. Si necesita comprar repuestos originales, comun\u00edquese con la f\u00e1brica original para comprarlos.<\/p>\n<p>Autor: lmc<\/p>","protected":false},"excerpt":{"rendered":"<p>Customized Size PTO Shaft T4 1300 05B05B YIIIP 40hp Tractor Parts Transmission Shaft combine harvester The Customized Size PTO Shaft T4 1300 05B05B YIIIP 40hp Tractor Parts Transmission Shaft combine harvester is a new product that has gained great reputation in the market. It is applicable for various industries such as hotels, garment shops, building [&hellip;]<\/p>","protected":false},"featured_media":6013,"template":"","meta":{"_et_pb_use_builder":"","_et_pb_old_content":"","_et_gb_content_width":""},"product_brand":[],"product_cat":[11315],"product_tag":[],"class_list":{"0":"post-6102","1":"product","2":"type-product","3":"status-publish","4":"has-post-thumbnail","6":"product_cat-pto-shaft","8":"first","9":"instock","10":"shipping-taxable","11":"product-type-simple"},"_links":{"self":[{"href":"https:\/\/agricultural-gear-boxes.com\/es\/wp-json\/wp\/v2\/product\/6102","targetHints":{"allow":["GET"]}}],"collection":[{"href":"https:\/\/agricultural-gear-boxes.com\/es\/wp-json\/wp\/v2\/product"}],"about":[{"href":"https:\/\/agricultural-gear-boxes.com\/es\/wp-json\/wp\/v2\/types\/product"}],"wp:featuredmedia":[{"embeddable":true,"href":"https:\/\/agricultural-gear-boxes.com\/es\/wp-json\/wp\/v2\/media\/6013"}],"wp:attachment":[{"href":"https:\/\/agricultural-gear-boxes.com\/es\/wp-json\/wp\/v2\/media?parent=6102"}],"wp:term":[{"taxonomy":"product_brand","embeddable":true,"href":"https:\/\/agricultural-gear-boxes.com\/es\/wp-json\/wp\/v2\/product_brand?post=6102"},{"taxonomy":"product_cat","embeddable":true,"href":"https:\/\/agricultural-gear-boxes.com\/es\/wp-json\/wp\/v2\/product_cat?post=6102"},{"taxonomy":"product_tag","embeddable":true,"href":"https:\/\/agricultural-gear-boxes.com\/es\/wp-json\/wp\/v2\/product_tag?post=6102"}],"curies":[{"name":"wp","href":"https:\/\/api.w.org\/{rel}","templated":true}]}}