{"id":6122,"date":"2024-10-30T06:29:37","date_gmt":"2024-10-30T06:29:37","guid":{"rendered":"https:\/\/agricultural-gear-boxes.com\/product\/solar-drive-shaft-3948-zinc-small-drive-shaft-square-pto-shaft\/"},"modified":"2024-10-30T06:29:37","modified_gmt":"2024-10-30T06:29:37","slug":"solar-drive-shaft-3948-zinc-small-drive-shaft-square-pto-shaft","status":"publish","type":"product","link":"https:\/\/agricultural-gear-boxes.com\/es\/product\/solar-drive-shaft-3948-zinc-small-drive-shaft-square-pto-shaft\/","title":{"rendered":"Eje de transmisi\u00f3n solar 39*48 Eje de transmisi\u00f3n peque\u00f1o de zinc Eje de toma de fuerza cuadrado"},"content":{"rendered":"<h2>Eje de transmisi\u00f3n solar 39*48 Eje de transmisi\u00f3n peque\u00f1o de zinc Eje de toma de fuerza cuadrado<\/h2>\n<p>El eje de transmisi\u00f3n solar de 39 x 48, eje de transmisi\u00f3n peque\u00f1o de zinc, eje de toma de fuerza cuadrado es un dispositivo de transmisi\u00f3n de potencia de primera l\u00ednea. El eje est\u00e1 especialmente dise\u00f1ado para su uso en tractores e implementos agr\u00edcolas. Est\u00e1 hecho de materiales de alta calidad y viene en color plateado. El kit transversal es de 39 x 48 y el procesamiento del yugo es forjado. Este producto cuenta con las certificaciones CE, ISO y TS, lo que garantiza un rendimiento seguro y de alta calidad. El procesamiento del tubo es estirado en fr\u00edo y el kit transversal es una gama completa de kits transversales. Los tubos se personalizan, lo que facilita la adaptaci\u00f3n a sus necesidades espec\u00edficas.<\/p>\n<h3>Escenarios de uso<\/h3>\n<p>This product is widely used in hotels, garment shops, building material shops, manufacturing plants, machinery repair shops, food &#038; beverage factories, farms, restaurants, retail stores, construction works, energy &#038; mining, and other industries. The Solar Drive Shaft 39*48 Zinc Small Drive Shaft Square PTO Shaft is commonly used in the solar energy and textiles industries.<\/p>\n<p><img decoding=\"async\" src=\"https:\/\/images.hzpt.com\/2023\/06\/xe4ye4bO-PTO-Shaft-Common-Applications.webp\" alt=\"Escenarios de uso de ejes de transmisi\u00f3n solares\"><\/p>\n<h3>Ventajas<\/h3>\n<ul>\n<li>Materiales de alta calidad<\/li>\n<li>Certificaci\u00f3n CE, ISO y TS<\/li>\n<li>Tubos personalizados<\/li>\n<li>Gama completa de kit de cross<\/li>\n<li>F\u00e1cil de instalar, mantener y reparar.<\/li>\n<\/ul>\n<h3>Clasificaci\u00f3n de productos y materiales<\/h3>\n<p>El eje de transmisi\u00f3n solar de 39 x 48, eje de transmisi\u00f3n peque\u00f1o de zinc, eje de toma de fuerza cuadrado, es un tipo de eje que se utiliza en tractores e implementos agr\u00edcolas. Est\u00e1 fabricado con materiales de alta calidad, lo que garantiza su durabilidad y longevidad.<\/p>\n<h3>Instalaci\u00f3n, Mantenimiento y Reparaci\u00f3n<\/h3>\n<p>To install the Solar Drive Shaft 39*48 Zinc Small Drive Shaft Square PTO Shaft, simply follow the manufacturer&#8217;s instructions. It is important to maintain the shaft regularly to ensure its longevity. If the shaft needs to be repaired, it is recommended to take it to a professional mechanic.<\/p>\n<h2>Grupo Ever-Power Co., Ltd.<\/h2>\n<p>Ever-Power Group Co., Ltd. es un fabricante profesional de dispositivos de transmisi\u00f3n de potencia, incluidos ejes de toma de fuerza, ejes card\u00e1n industriales, ejes de transmisi\u00f3n para autom\u00f3viles, ejes de acoplamiento de juntas universales y juntas universales. Nuestros productos se utilizan ampliamente en diversas industrias y han ganado una gran reputaci\u00f3n entre los clientes de todo el mundo. Nos enorgullecemos de nuestros productos de alta calidad, precios competitivos y servicios bien pensados. Invitamos a los clientes a personalizar sus productos con im\u00e1genes y muestras.<\/p>\n<p><img decoding=\"async\" src=\"https:\/\/images.ever-power.net\/2019\/07\/ep_ep_pto-shaft-4.webp\" alt=\"Productos de Ever-Power Group Co., Ltd.\"><\/p>\n<h2>Preguntas y respuestas<\/h2>\n<h3>1. \u00bfPara qu\u00e9 se utiliza el eje de transmisi\u00f3n solar 39*48, eje de transmisi\u00f3n peque\u00f1o de zinc cuadrado, eje de toma de fuerza?<\/h3>\n<p>El eje de transmisi\u00f3n solar de 39 x 48, eje de transmisi\u00f3n peque\u00f1o de zinc, eje de toma de fuerza cuadrado, est\u00e1 especialmente dise\u00f1ado para su uso en tractores e implementos agr\u00edcolas. Se utiliza com\u00fanmente en las industrias de energ\u00eda solar y textiles.<\/p>\n<h3>2. \u00bfCu\u00e1les son las ventajas del eje de transmisi\u00f3n solar 39*48 eje de transmisi\u00f3n peque\u00f1o de zinc eje de toma de fuerza cuadrado?<\/h3>\n<p>El eje de transmisi\u00f3n solar de 39 x 48 de zinc, eje de transmisi\u00f3n peque\u00f1o, eje de toma de fuerza cuadrado, est\u00e1 fabricado con materiales de alta calidad, tiene certificaci\u00f3n CE, ISO y TS, tiene tubos personalizados y una gama completa de kits transversales. Tambi\u00e9n es f\u00e1cil de instalar, mantener y reparar.<\/p>\n<h3>3. \u00bfCu\u00e1l es el procesamiento del yugo y el tubo del eje de transmisi\u00f3n solar 39*48 Eje de transmisi\u00f3n peque\u00f1o de zinc Eje de toma de fuerza cuadrado?<\/h3>\n<p>El procesamiento del yugo es forjado y el procesamiento del tubo es estirado en fr\u00edo.<\/p>\n<h3>4. \u00bfQu\u00e9 tipo de productos fabrica Ever-Power Group Co., Ltd.?<\/h3>\n<p>Ever-Power Group Co., Ltd. fabrica dispositivos de transmisi\u00f3n de potencia, incluidos ejes de toma de fuerza, ejes card\u00e1n industriales, ejes de transmisi\u00f3n de autom\u00f3viles, ejes de acoplamiento de junta universal y juntas universales. <\/p>\n<h3>5. \u00bfCu\u00e1l es la misi\u00f3n de Ever-Power Group Co., Ltd.?<\/h3>\n<p>Ever-Power Group Co., Ltd. tiene como objetivo proporcionar productos de alta calidad, precios competitivos y servicios considerados a clientes de todo el mundo.<\/p>\n<p>Firmado: lmc<\/p>\n<p><font color=\"red\">Descargo de responsabilidad: Todo el contenido de la p\u00e1gina proviene de Internet y el contenido solo se utiliza como referencia para la selecci\u00f3n de productos. Nuestros productos son accesorios y no repuestos originales; no somos los propietarios de la marca registrada original del contenido. Nuestros productos solo son adecuados para accesorios de posventa en lugar de repuestos originales. Nuestros accesorios pueden adaptarse perfectamente a los repuestos originales; si necesita comprar repuestos originales, comun\u00edquese con la f\u00e1brica original para comprarlos.<\/font><\/p>","protected":false},"excerpt":{"rendered":"<p>Solar Drive Shaft 39*48 Zinc Small Drive Shaft Square PTO Shaft The Solar Drive Shaft 39*48 Zinc Small Drive Shaft Square PTO Shaft is a top-of-the-line power transmission device. The shaft is specially designed for use in tractors and farm implements. It is made from high-quality materials and comes in a silver color. The cross [&hellip;]<\/p>","protected":false},"featured_media":6121,"template":"","meta":{"_et_pb_use_builder":"","_et_pb_old_content":"","_et_gb_content_width":""},"product_brand":[],"product_cat":[11315],"product_tag":[],"class_list":{"0":"post-6122","1":"product","2":"type-product","3":"status-publish","4":"has-post-thumbnail","6":"product_cat-pto-shaft","8":"first","9":"instock","10":"shipping-taxable","11":"product-type-simple"},"_links":{"self":[{"href":"https:\/\/agricultural-gear-boxes.com\/es\/wp-json\/wp\/v2\/product\/6122","targetHints":{"allow":["GET"]}}],"collection":[{"href":"https:\/\/agricultural-gear-boxes.com\/es\/wp-json\/wp\/v2\/product"}],"about":[{"href":"https:\/\/agricultural-gear-boxes.com\/es\/wp-json\/wp\/v2\/types\/product"}],"wp:featuredmedia":[{"embeddable":true,"href":"https:\/\/agricultural-gear-boxes.com\/es\/wp-json\/wp\/v2\/media\/6121"}],"wp:attachment":[{"href":"https:\/\/agricultural-gear-boxes.com\/es\/wp-json\/wp\/v2\/media?parent=6122"}],"wp:term":[{"taxonomy":"product_brand","embeddable":true,"href":"https:\/\/agricultural-gear-boxes.com\/es\/wp-json\/wp\/v2\/product_brand?post=6122"},{"taxonomy":"product_cat","embeddable":true,"href":"https:\/\/agricultural-gear-boxes.com\/es\/wp-json\/wp\/v2\/product_cat?post=6122"},{"taxonomy":"product_tag","embeddable":true,"href":"https:\/\/agricultural-gear-boxes.com\/es\/wp-json\/wp\/v2\/product_tag?post=6122"}],"curies":[{"name":"wp","href":"https:\/\/api.w.org\/{rel}","templated":true}]}}