{"id":6126,"date":"2024-10-30T06:29:51","date_gmt":"2024-10-30T06:29:51","guid":{"rendered":"https:\/\/agricultural-gear-boxes.com\/product\/agricultural-spare-parts-t4-900-13b13b-biiip-rotavator-pto-shaft-tractor-yoke\/"},"modified":"2024-10-30T06:29:51","modified_gmt":"2024-10-30T06:29:51","slug":"agricultural-spare-parts-t4-900-13b13b-biiip-rotavator-pto-shaft-tractor-yoke","status":"publish","type":"product","link":"https:\/\/agricultural-gear-boxes.com\/es\/product\/agricultural-spare-parts-t4-900-13b13b-biiip-rotavator-pto-shaft-tractor-yoke\/","title":{"rendered":"Repuestos agr\u00edcolas T4 900 13B13B BIIIP eje de toma de fuerza del tractor del rotovator"},"content":{"rendered":"<h2> Repuestos agr\u00edcolas T4 900 13B13B BIIIP Eje de toma de fuerza para rotovator Horquilla de tractor <\/h2>\n<p>La horquilla estriada del eje de la toma de fuerza del rotavator T4 900 13G13G BIIIP con collar es una pieza de repuesto nueva y de alta calidad dise\u00f1ada para su uso con tractores e implementos agr\u00edcolas. Est\u00e1 fabricada con materiales duraderos y dise\u00f1ada para soportar los rigores del uso intensivo en una variedad de entornos. <\/p>\n<h3> Escenarios de uso com\u00fan <\/h3>\n<p>El yugo estriado del eje de toma de fuerza del rotavator T4 900 13G13G BIIIP con collar se utiliza com\u00fanmente en una amplia gama de industrias, incluidos hoteles, tiendas de ropa, tiendas de materiales de construcci\u00f3n, plantas de fabricaci\u00f3n, talleres de reparaci\u00f3n de maquinaria, f\u00e1bricas de alimentos y bebidas, granjas, restaurantes, uso dom\u00e9stico, tiendas minoristas, imprentas, obras de construcci\u00f3n, energ\u00eda y miner\u00eda, y otras industrias. <\/p>\n<p>This product is ideal for use with tractors and farm implements, particularly those used for heavy-duty tasks. It is often used in conjunction with other agricultural spare parts to enhance the efficiency and effectiveness of the equipment. The picture &#8220;https:\/\/images.hzpt.com\/2023\/06\/xe4ye4bO-PTO-Shaft-Common-Applications.webp&#8221; below shows some common usage scenarios for the T4 900 13G13G BIIIP Rotavator PTO Shaft Spline Yoke with Collar.<\/p>\n<h3> Ventajas <\/h3>\n<p>El eje estriado de la toma de fuerza del rotavator T4 900 13G13G BIIIP con collar ofrece una serie de ventajas con respecto a otras piezas de repuesto del mercado. Est\u00e1 fabricado con materiales de alta calidad, lo que lo hace duradero y resistente. El producto tambi\u00e9n es f\u00e1cil de instalar, mantener y reparar, lo que ayuda a reducir el tiempo de inactividad y aumentar la productividad. <\/p>\n<h3> Materiales disponibles <\/h3>\n<p>La horquilla estriada para eje de toma de fuerza con collar\u00edn para rotovator T4 900 13G13G BIIIP est\u00e1 fabricada con materiales duraderos y de alta calidad, como acero forjado. Est\u00e1 dise\u00f1ada para soportar un uso intensivo y es resistente al desgaste, lo que la convierte en una opci\u00f3n confiable y rentable para quienes buscan repuestos agr\u00edcolas de alta calidad.<\/p>\n<h3> Instalaci\u00f3n, mantenimiento y reparaci\u00f3n <\/h3>\n<p>The T4 900 13G13G BIIIP Rotavator PTO Shaft Spline Yoke with Collar is easy to install, maintain, and repair. It is important to follow the manufacturer&#8217;s instructions when installing the product to ensure that it is installed correctly and safely. Regular maintenance is also important to ensure that the product continues to function correctly and to extend its lifespan. In the event of a malfunction or breakdown, the product can be easily repaired using standard tools and replacement parts.<\/p>\n<h2> Presentaci\u00f3n de la empresa <\/h2>\n<p>Nuestra empresa, que suministra principalmente diversos engranajes pl\u00e1sticos industriales como cajas de engranajes agr\u00edcolas, ejes de salida de potencia, pi\u00f1ones, acoplamientos hidr\u00e1ulicos, reductores de tornillo sin fin, cremalleras, cadenas extra\u00edbles, poleas y poleas, cajas de engranajes planetarios, poleas de distribuci\u00f3n, bujes, etc., se compromete a proporcionar productos de alta calidad a precios preferenciales y con servicios pensados. <\/p>\n<p>We welcome customers to customize our products with pictures and samples. The picture &#8220;https:\/\/images.ever-power.net\/2019\/07\/ep_ep_pto-shaft-4.webp&#8221; below shows some of our other products.<\/p>\n<h2> Preguntas y respuestas <\/h2>\n<p>1. \u00bfQu\u00e9 es el eje estriado de la toma de fuerza del rotavator T4 900 13G13G BIIIP con collar?<\/p>\n<p>El yugo estriado del eje de toma de fuerza del rotavator T4 900 13G13G BIIIP con collar es una pieza de repuesto de alta calidad dise\u00f1ada para su uso con tractores e implementos agr\u00edcolas.<\/p>\n<p>2. \u00bfCu\u00e1les son algunos escenarios de uso comunes para este producto?<\/p>\n<p>El yugo estriado del eje de toma de fuerza del rotavator T4 900 13G13G BIIIP con collar se utiliza com\u00fanmente en una variedad de industrias, incluidas la agricultura, la fabricaci\u00f3n y la construcci\u00f3n.<\/p>\n<p>3. \u00bfCu\u00e1les son las ventajas de este producto?<\/p>\n<p>El eje de la toma de fuerza con collar\u00edn para rotovator T4 900 13G13G BIIIP est\u00e1 fabricado con materiales de alta calidad, lo que lo hace duradero y resistente. Tambi\u00e9n es f\u00e1cil de instalar, mantener y reparar, lo que ayuda a reducir el tiempo de inactividad y aumentar la productividad.<\/p>\n<p>4. \u00bfQu\u00e9 materiales se utilizan para fabricar este producto?<\/p>\n<p>El yugo estriado del eje de la TDF del rotavator T4 900 13G13G BIIIP con collar est\u00e1 fabricado con materiales duraderos y de alta calidad, como acero forjado.<\/p>\n<p>5. \u00bfC\u00f3mo se instala, mantiene y repara este producto?<\/p>\n<p>The T4 900 13G13G BIIIP Rotavator PTO Shaft Spline Yoke with Collar is easy to install, maintain, and repair. It is important to follow the manufacturer&#8217;s instructions when installing the product to ensure that it is installed correctly and safely. Regular maintenance is also important to ensure that the product continues to function correctly and to extend its lifespan. In the event of a malfunction or breakdown, the product can be easily repaired using standard tools and replacement parts.<\/p>\n<p>Autor: lmc<\/p>\n<p>Nota: Todo el contenido de esta p\u00e1gina proviene de Internet y solo se utiliza como referencia para la selecci\u00f3n de productos. Nuestros productos son accesorios y no repuestos originales; no somos los propietarios de la marca registrada original del contenido. Nuestros productos solo son adecuados para accesorios de posventa en lugar de repuestos originales. Nuestros accesorios pueden adaptarse perfectamente a los repuestos originales; si necesita comprar repuestos originales, comun\u00edquese con la f\u00e1brica original para comprarlos.<\/p>","protected":false},"excerpt":{"rendered":"<p>Agricultural Spare Parts T4 900 13B13B BIIIP Rotavator PTO Shaft Tractor Yoke The T4 900 13G13G BIIIP Rotavator PTO Shaft Spline Yoke with Collar is a new, high-quality spare part designed for use with tractors and farm implements. It is made from durable materials and is designed to withstand the rigors of heavy use in [&hellip;]<\/p>","protected":false},"featured_media":6125,"template":"","meta":{"_et_pb_use_builder":"","_et_pb_old_content":"","_et_gb_content_width":""},"product_brand":[],"product_cat":[11315],"product_tag":[],"class_list":{"0":"post-6126","1":"product","2":"type-product","3":"status-publish","4":"has-post-thumbnail","6":"product_cat-pto-shaft","8":"first","9":"instock","10":"shipping-taxable","11":"product-type-simple"},"_links":{"self":[{"href":"https:\/\/agricultural-gear-boxes.com\/es\/wp-json\/wp\/v2\/product\/6126","targetHints":{"allow":["GET"]}}],"collection":[{"href":"https:\/\/agricultural-gear-boxes.com\/es\/wp-json\/wp\/v2\/product"}],"about":[{"href":"https:\/\/agricultural-gear-boxes.com\/es\/wp-json\/wp\/v2\/types\/product"}],"wp:featuredmedia":[{"embeddable":true,"href":"https:\/\/agricultural-gear-boxes.com\/es\/wp-json\/wp\/v2\/media\/6125"}],"wp:attachment":[{"href":"https:\/\/agricultural-gear-boxes.com\/es\/wp-json\/wp\/v2\/media?parent=6126"}],"wp:term":[{"taxonomy":"product_brand","embeddable":true,"href":"https:\/\/agricultural-gear-boxes.com\/es\/wp-json\/wp\/v2\/product_brand?post=6126"},{"taxonomy":"product_cat","embeddable":true,"href":"https:\/\/agricultural-gear-boxes.com\/es\/wp-json\/wp\/v2\/product_cat?post=6126"},{"taxonomy":"product_tag","embeddable":true,"href":"https:\/\/agricultural-gear-boxes.com\/es\/wp-json\/wp\/v2\/product_tag?post=6126"}],"curies":[{"name":"wp","href":"https:\/\/api.w.org\/{rel}","templated":true}]}}