{"id":6130,"date":"2024-10-30T06:30:06","date_gmt":"2024-10-30T06:30:06","guid":{"rendered":"https:\/\/agricultural-gear-boxes.com\/product\/agricultural-machinery-parts-pto-shafts-series-4-shaft-1500-with-cover\/"},"modified":"2024-10-30T06:30:06","modified_gmt":"2024-10-30T06:30:06","slug":"agricultural-machinery-parts-pto-shafts-series-4-shaft-1500-with-cover","status":"publish","type":"product","link":"https:\/\/agricultural-gear-boxes.com\/es\/product\/agricultural-machinery-parts-pto-shafts-series-4-shaft-1500-with-cover\/","title":{"rendered":"Repuestos para maquinaria agr\u00edcola EJES TDF Serie 4 Eje 1500 con Tapa"},"content":{"rendered":"<h2> Repuestos para maquinaria agr\u00edcola Ejes TDF Serie 4 Eje 1500 con tapa<\/h2>\n<p>Our agricultural machinery parts PTO Shafts Series 4 Shaft 1500 with Cover are a high-quality and durable product used for tractors and farm implements. The product comes with teeth measuring 1 3\/8&#8221; Z6 and can handle a horse power of 35HP -53HP. The tubes are triangular and the cross kit measures 27*74.6. With CE, ISO and TS certificates, this product is guaranteed to have undergone cold-drawn tube processing and forge processing of yokes. The product is available in plastic bags, wooden cases, and can be customized according to customer requests. <\/p>\n<h3>Escenarios de uso<\/h3>\n<p>Nuestros ejes de toma de fuerza se utilizan com\u00fanmente en segadoras, motocultores, desbrozadoras, tractores y otros implementos agr\u00edcolas. El producto est\u00e1 dise\u00f1ado para un uso duradero y a largo plazo.<\/p>\n<p><img decoding=\"async\" src=\"https:\/\/images.hzpt.com\/2023\/06\/xe4ye4bO-PTO-Shaft-Common-Applications.webp\" alt=\"Aplicaciones comunes del eje de toma de fuerza\"><\/p>\n<h3>Ventajas<\/h3>\n<ul>\n<li>Producto duradero y de alta calidad.<\/li>\n<li>Tubos triangulares y forjado de yugos<\/li>\n<li>Certificaci\u00f3n CE, ISO y TS<\/li>\n<li>Personalizable seg\u00fan las peticiones del cliente.<\/li>\n<li>Se puede utilizar en diversos implementos agr\u00edcolas.<\/li>\n<\/ul>\n<h3>Materiales<\/h3>\n<p>Nuestros ejes PTO est\u00e1n fabricados con materiales de alta calidad dise\u00f1ados para brindar durabilidad y uso a largo plazo.<\/p>\n<h3>Instalaci\u00f3n, mantenimiento y reparaci\u00f3n<\/h3>\n<p>Instalaci\u00f3n:<\/p>\n<ol>\n<li>Alinee las estr\u00edas de los ejes del tractor y del implemento.<\/li>\n<li>Inserte el yugo del extremo del implemento en el eje y f\u00edjelo en su lugar con un pasador de retenci\u00f3n.<\/li>\n<li>Inserte el yugo del extremo del tractor en el eje y f\u00edjelo en su lugar con un pasador de retenci\u00f3n.<\/li>\n<li>Aseg\u00farese de que todos los dispositivos de bloqueo est\u00e9n bien fijados antes de su uso.<\/li>\n<\/ol>\n<p>Mantenimiento:<\/p>\n<ul>\n<li>Inspeccione el eje de la toma de fuerza antes de usarlo para detectar da\u00f1os o desgaste y reempl\u00e1celo si es necesario.<\/li>\n<li>Engrase los yugos antes de cada uso.<\/li>\n<li>Inspeccione y reemplace peri\u00f3dicamente los componentes da\u00f1ados o desgastados.<\/li>\n<li>Guarde el eje de la toma de fuerza en un lugar seco y protegido cuando no est\u00e9 en uso.<\/li>\n<\/ul>\n<p>Reparar:<\/p>\n<ul>\n<li>Reemplace cualquier componente da\u00f1ado o desgastado seg\u00fan sea necesario.<\/li>\n<li>Refer to the manufacturer&#8217;s instructions for specific repair procedures.<\/li>\n<\/ul>\n<p><img decoding=\"async\" src=\"https:\/\/images.ever-power.net\/2019\/07\/ep_ep_pto-shaft-4.webp\" alt=\"Eje de toma de fuerza 4\"><\/p>\n<h2>Otros negocios de productos<\/h2>\n<p>Adem\u00e1s de nuestras piezas para maquinaria agr\u00edcola, ejes de toma de fuerza serie 4, eje 1500 con cubierta, tambi\u00e9n suministramos diversos engranajes pl\u00e1sticos industriales, como cajas de cambios agr\u00edcolas, ejes de salida de potencia, ruedas dentadas, acoplamientos hidr\u00e1ulicos, reductores de tornillo sin fin, cremalleras, cadenas desmontables, poleas y poleas, cajas de cambios planetarias, poleas de distribuci\u00f3n, bujes, etc. Nuestros productos son de alta calidad, tienen precios competitivos y ofrecemos servicios bien pensados. Damos la bienvenida a los clientes para que personalicen con im\u00e1genes y muestras.<\/p>\n<h2>Preguntas y respuestas<\/h2>\n<p>1. \u00bfCu\u00e1l es la potencia m\u00e1xima que puede soportar el eje de la toma de fuerza?<\/p>\n<p>El eje de la toma de fuerza puede soportar una potencia de 35 HP a 53 HP.<\/p>\n<p>2. \u00bfQu\u00e9 forma tienen los tubos?<\/p>\n<p>Los tubos tienen forma triangular.<\/p>\n<p>3. \u00bfCu\u00e1les son las ventajas del eje PTO?<\/p>\n<p>El eje de la toma de fuerza es un producto duradero y de alta calidad que cuenta con las certificaciones CE, ISO y TS. Adem\u00e1s, se puede personalizar seg\u00fan las solicitudes de los clientes y se puede utilizar en diversos implementos agr\u00edcolas.<\/p>\n<p>4. \u00bfC\u00f3mo debo realizar el mantenimiento del eje de la toma de fuerza?<\/p>\n<p>Debe inspeccionar el eje de la toma de fuerza antes de usarlo para detectar da\u00f1os o desgaste y reemplazarlo si es necesario. Engrase las horquillas antes de cada uso e inspeccione y reemplace regularmente los componentes da\u00f1ados o desgastados. Guarde el eje de la toma de fuerza en un lugar seco y protegido cuando no est\u00e9 en uso.<\/p>\n<p>5. \u00bfQu\u00e9 otros productos suministra la empresa?<\/p>\n<p>La empresa suministra diversos engranajes pl\u00e1sticos industriales, como cajas de cambios agr\u00edcolas, ejes de salida de potencia, pi\u00f1ones, acoplamientos hidr\u00e1ulicos, reductores de tornillo sin fin, cremalleras, cadenas desmontables, poleas y poleas, cajas de cambios planetarias, poleas de distribuci\u00f3n, bujes, etc.<\/p>\n<p style=\"color:red;\">Descargo de responsabilidad: Todo el contenido de la p\u00e1gina proviene de Internet y el contenido solo se utiliza como referencia para la selecci\u00f3n de productos. Nuestros productos son accesorios y no repuestos originales; no somos los propietarios de la marca registrada original del contenido. Nuestros productos solo son adecuados para accesorios de posventa en lugar de repuestos originales. Nuestros accesorios pueden adaptarse perfectamente a los repuestos originales; si necesita comprar repuestos originales, comun\u00edquese con la f\u00e1brica original para comprarlos.<\/p>\n<p>Autor: lmc<\/p>","protected":false},"excerpt":{"rendered":"<p>Agricultural Machinery Parts PTO Shafts Series 4 Shaft 1500 with Cover Our agricultural machinery parts PTO Shafts Series 4 Shaft 1500 with Cover are a high-quality and durable product used for tractors and farm implements. The product comes with teeth measuring 1 3\/8&#8221; Z6 and can handle a horse power of 35HP -53HP. The tubes [&hellip;]<\/p>","protected":false},"featured_media":6129,"template":"","meta":{"_et_pb_use_builder":"","_et_pb_old_content":"","_et_gb_content_width":""},"product_brand":[],"product_cat":[11315],"product_tag":[],"class_list":{"0":"post-6130","1":"product","2":"type-product","3":"status-publish","4":"has-post-thumbnail","6":"product_cat-pto-shaft","8":"first","9":"instock","10":"shipping-taxable","11":"product-type-simple"},"_links":{"self":[{"href":"https:\/\/agricultural-gear-boxes.com\/es\/wp-json\/wp\/v2\/product\/6130","targetHints":{"allow":["GET"]}}],"collection":[{"href":"https:\/\/agricultural-gear-boxes.com\/es\/wp-json\/wp\/v2\/product"}],"about":[{"href":"https:\/\/agricultural-gear-boxes.com\/es\/wp-json\/wp\/v2\/types\/product"}],"wp:featuredmedia":[{"embeddable":true,"href":"https:\/\/agricultural-gear-boxes.com\/es\/wp-json\/wp\/v2\/media\/6129"}],"wp:attachment":[{"href":"https:\/\/agricultural-gear-boxes.com\/es\/wp-json\/wp\/v2\/media?parent=6130"}],"wp:term":[{"taxonomy":"product_brand","embeddable":true,"href":"https:\/\/agricultural-gear-boxes.com\/es\/wp-json\/wp\/v2\/product_brand?post=6130"},{"taxonomy":"product_cat","embeddable":true,"href":"https:\/\/agricultural-gear-boxes.com\/es\/wp-json\/wp\/v2\/product_cat?post=6130"},{"taxonomy":"product_tag","embeddable":true,"href":"https:\/\/agricultural-gear-boxes.com\/es\/wp-json\/wp\/v2\/product_tag?post=6130"}],"curies":[{"name":"wp","href":"https:\/\/api.w.org\/{rel}","templated":true}]}}