{"id":6142,"date":"2024-10-30T06:30:48","date_gmt":"2024-10-30T06:30:48","guid":{"rendered":"https:\/\/agricultural-gear-boxes.com\/product\/customized-pto-shaft-for-tractor-t4-1200-bip-round-yoke-triangular-yoke-with-collar\/"},"modified":"2024-10-30T06:30:48","modified_gmt":"2024-10-30T06:30:48","slug":"customized-pto-shaft-for-tractor-t4-1200-bip-round-yoke-triangular-yoke-with-collar","status":"publish","type":"product","link":"https:\/\/agricultural-gear-boxes.com\/es\/product\/customized-pto-shaft-for-tractor-t4-1200-bip-round-yoke-triangular-yoke-with-collar\/","title":{"rendered":"Eje de toma de fuerza personalizado para tractor T4 1200 BIP Yugo redondo Yugo triangular con collar"},"content":{"rendered":"<h2>Eje de toma de fuerza personalizado para tractor T4 1200 BIP Yugo redondo Yugo triangular con collar<\/h2>\n<p>El eje de transmisi\u00f3n personalizado para el tractor T4 1200 BIP es un producto nuevo y de alta calidad fabricado en acero. Est\u00e1 dise\u00f1ado con un yugo y un collar triangulares, recubiertos con PE para una mayor durabilidad. Con una capacidad de par de 3500, este eje de transmisi\u00f3n es adecuado para diversas aplicaciones de equipos industriales.<\/p>\n<h3>Caracter\u00edsticas del producto:<\/h3>\n<ul>\n<li>Material: acero<\/li>\n<li>Recubrimientos: PE<\/li>\n<li>Peso: 15 KG<\/li>\n<li>Color: Negro<\/li>\n<li>Kit de cruz: 18*47<\/li>\n<li>Tubo: Tubo estriado<\/li>\n<li>Yugos: Yugo triangular con cuello<\/li>\n<li>Calidad: Inspecci\u00f3n 100%<\/li>\n<li>Aplicaci\u00f3n: Equipos industriales<\/li>\n<li>Paquete: Cajas de madera<\/li>\n<li>Garant\u00eda: 1 a\u00f1o<\/li>\n<\/ul>\n<p><img decoding=\"async\" src=\"https:\/\/images.hzpt.com\/2023\/06\/xe4ye4bO-PTO-Shaft-Common-Applications.webp\" alt=\"Aplicaciones comunes del eje de toma de fuerza\"><\/p>\n<p>El eje de toma de fuerza personalizado para tractor T4 1200 BIP se utiliza com\u00fanmente en varias industrias, incluidos hoteles, tiendas de ropa, tiendas de materiales de construcci\u00f3n, plantas de fabricaci\u00f3n, talleres de reparaci\u00f3n de maquinaria, f\u00e1bricas de alimentos y bebidas, granjas, restaurantes, tiendas minoristas, imprentas, obras de construcci\u00f3n, sectores de energ\u00eda y miner\u00eda, tiendas de alimentos y bebidas, empresas de publicidad y m\u00e1s.<\/p>\n<p>It offers reliable power transmission and is suitable for different kinds of tractors and farm implements. The double push pin, bolt pins, split pins, quick release, and other yoke types provide versatile connection options. The shaft&#8217;s forging process ensures strength and durability, while the plastic cover adds further protection.<\/p>\n<p>El eje de la toma de fuerza se presenta en varias series, incluidas T1-T10, L1-L6, S6-S10 y 10HP-150HP, con diferentes tipos de horquilla y formas de tubo, como lim\u00f3n, triangular, estrella, cuadrado, hexagonal, estriado y dise\u00f1os especiales. El proceso de fabricaci\u00f3n de tubos estirados en fr\u00edo garantiza precisi\u00f3n y confiabilidad.<\/p>\n<p>With different spline types available, such as 1 1\/8&#8243; Z6, 1 3\/8&#8243; Z6, 1 3\/8&#8243; Z21, 1 3\/4&#8243; Z20, 1 3\/4&#8243; Z6, 8-38*32*6, 8-42*36*7, and 8-48*42*8, the PTO shaft can be customized to fit specific requirements.<\/p>\n<h3>Instalaci\u00f3n, mantenimiento y reparaci\u00f3n:<\/h3>\n<ul>\n<li>Installation: Follow the manufacturer&#8217;s instructions for proper installation of the PTO shaft.<\/li>\n<li>Mantenimiento: Inspeccione peri\u00f3dicamente el eje para detectar signos de desgaste o da\u00f1os. L\u00edmpielo y lubr\u00edquelo seg\u00fan lo recomendado por el fabricante.<\/li>\n<li>Reparaci\u00f3n: En caso de cualquier da\u00f1o o mal funcionamiento, consulte a un t\u00e9cnico profesional o al proveedor para su reparaci\u00f3n o reemplazo.<\/li>\n<\/ul>\n<p><img decoding=\"async\" src=\"https:\/\/images.ever-power.net\/2019\/07\/ep_ep_pto-shaft-4.webp\" alt=\"Eje de toma de fuerza\"><\/p>\n<h2>Otros productos ofrecidos por nuestra empresa<\/h2>\n<p>Somos un proveedor l\u00edder de diversos engranajes pl\u00e1sticos industriales, entre los que se incluyen cajas de engranajes agr\u00edcolas, ejes de salida de potencia, ruedas dentadas, acoplamientos hidr\u00e1ulicos, reductores de tornillo sin fin, cremalleras, cadenas desmontables, poleas, cajas de engranajes planetarios, poleas de distribuci\u00f3n y bujes. Nuestros productos de alta calidad son conocidos por su durabilidad y rendimiento superior.<\/p>\n<p><strong>Ofrecemos:<\/strong><\/p>\n<ul>\n<li>Productos de alta calidad<\/li>\n<li>Precios competitivos<\/li>\n<li>Servicios pensados<\/li>\n<\/ul>\n<p>Invitamos a los clientes a personalizar los productos seg\u00fan sus necesidades espec\u00edficas. No dude en contactarnos con fotograf\u00edas y muestras para obtener soluciones personalizadas.<\/p>\n<h2>Preguntas frecuentes<\/h2>\n<ol>\n<li>\n    <strong>\u00bfCu\u00e1l es el per\u00edodo de garant\u00eda del eje TDF?<\/strong><br \/>\n    El eje TDF viene con una garant\u00eda de 1 a\u00f1o.\n  <\/li>\n<li>\n    <strong>\u00bfEl eje TDF es adecuado para todo tipo de tractores?<\/strong><br \/>\n    S\u00ed, el eje de la TDF est\u00e1 dise\u00f1ado para ser compatible con varios tipos de tractores e implementos agr\u00edcolas.\n  <\/li>\n<li>\n    <strong>\u00bfCu\u00e1les son los tipos de yugo disponibles para el eje de la toma de fuerza?<\/strong><br \/>\n    Los tipos de yugo disponibles incluyen pasador de empuje doble, pasadores de perno, pasadores divididos, liberaci\u00f3n r\u00e1pida, fijaci\u00f3n de bola, collar y m\u00e1s.\n  <\/li>\n<li>\n    <strong>\u00bfC\u00f3mo debo instalar el eje de toma de fuerza?<\/strong><br \/>\n    It is recommended to follow the manufacturer&#8217;s installation instructions for proper installation of the PTO shaft.\n  <\/li>\n<li>\n    <strong>\u00bfD\u00f3nde puedo comprar repuestos originales?<\/strong><br \/>\n    Para obtener repuestos originales, comun\u00edquese con la f\u00e1brica o el proveedor original para realizar la compra.\n  <\/li>\n<\/ol>\n<p><em>Autor: lmc<\/em><\/p>\n<p><font color=\"red\">Aviso legal: El contenido de esta p\u00e1gina procede de Internet y se ofrece \u00fanicamente como referencia para la selecci\u00f3n de productos. Nuestros productos son accesorios y no piezas de repuesto originales. No somos los propietarios de la marca registrada original. Nuestros accesorios son aptos para su uso en el mercado de repuestos. Si necesita piezas de repuesto originales, p\u00f3ngase en contacto con la f\u00e1brica o el proveedor original.<\/font><\/p>","protected":false},"excerpt":{"rendered":"<p>Customized PTO Shaft for Tractor T4 1200 BIP Round Yoke Triangular Yoke with Collar The customized PTO shaft for tractor T4 1200 BIP is a new, high-quality product made of steel. It is designed with a triangular yoke and collar, coated with PE for added durability. With a torque capacity of 3500, this PTO shaft [&hellip;]<\/p>","protected":false},"featured_media":6141,"template":"","meta":{"_et_pb_use_builder":"","_et_pb_old_content":"","_et_gb_content_width":""},"product_brand":[],"product_cat":[11315],"product_tag":[],"class_list":{"0":"post-6142","1":"product","2":"type-product","3":"status-publish","4":"has-post-thumbnail","6":"product_cat-pto-shaft","8":"first","9":"instock","10":"shipping-taxable","11":"product-type-simple"},"_links":{"self":[{"href":"https:\/\/agricultural-gear-boxes.com\/es\/wp-json\/wp\/v2\/product\/6142","targetHints":{"allow":["GET"]}}],"collection":[{"href":"https:\/\/agricultural-gear-boxes.com\/es\/wp-json\/wp\/v2\/product"}],"about":[{"href":"https:\/\/agricultural-gear-boxes.com\/es\/wp-json\/wp\/v2\/types\/product"}],"wp:featuredmedia":[{"embeddable":true,"href":"https:\/\/agricultural-gear-boxes.com\/es\/wp-json\/wp\/v2\/media\/6141"}],"wp:attachment":[{"href":"https:\/\/agricultural-gear-boxes.com\/es\/wp-json\/wp\/v2\/media?parent=6142"}],"wp:term":[{"taxonomy":"product_brand","embeddable":true,"href":"https:\/\/agricultural-gear-boxes.com\/es\/wp-json\/wp\/v2\/product_brand?post=6142"},{"taxonomy":"product_cat","embeddable":true,"href":"https:\/\/agricultural-gear-boxes.com\/es\/wp-json\/wp\/v2\/product_cat?post=6142"},{"taxonomy":"product_tag","embeddable":true,"href":"https:\/\/agricultural-gear-boxes.com\/es\/wp-json\/wp\/v2\/product_tag?post=6142"}],"curies":[{"name":"wp","href":"https:\/\/api.w.org\/{rel}","templated":true}]}}