{"id":6154,"date":"2024-10-30T06:31:31","date_gmt":"2024-10-30T06:31:31","guid":{"rendered":"https:\/\/agricultural-gear-boxes.com\/product\/factory-direct-sale-customized-pto-shaft-for-tractor-t4-1200-bip-harvester-spare-parts\/"},"modified":"2024-10-30T06:31:31","modified_gmt":"2024-10-30T06:31:31","slug":"factory-direct-sale-customized-pto-shaft-for-tractor-t4-1200-bip-harvester-spare-parts","status":"publish","type":"product","link":"https:\/\/agricultural-gear-boxes.com\/es\/product\/factory-direct-sale-customized-pto-shaft-for-tractor-t4-1200-bip-harvester-spare-parts\/","title":{"rendered":"Venta directa de f\u00e1brica de eje de toma de fuerza personalizado para tractor T4 1200 BIP, repuestos para cosechadora"},"content":{"rendered":"<h2>Venta directa de f\u00e1brica de eje de toma de fuerza personalizado para tractor T4 1200 BIP, piezas de repuesto para cosechadora<\/h2>\n<p>El eje de toma de fuerza personalizado de venta directa de f\u00e1brica para tractor T4 1200 BIP es una pieza de transmisi\u00f3n agr\u00edcola de alta calidad. Est\u00e1 dise\u00f1ado para tractores e implementos agr\u00edcolas y proporciona una transmisi\u00f3n de potencia confiable. Con sus dientes de 6T y horquilla forjada, este eje de toma de fuerza garantiza durabilidad y un rendimiento \u00f3ptimo.<\/p>\n<h3>Especificaciones del producto:<\/h3>\n<ul>\n<li>Condici\u00f3n: Nuevo<\/li>\n<li>Garant\u00eda: 1 a\u00f1o<\/li>\n<li>Peso (KG): 20 KG<\/li>\n<li>Ubicaci\u00f3n de la sala de exposici\u00f3n: Ninguna<\/li>\n<li>V\u00eddeo de inspecci\u00f3n de salida: Provisto<\/li>\n<li>Informe de prueba de maquinaria: proporcionado<\/li>\n<li>Tipo de marketing: Nuevo producto 2020<\/li>\n<li>Tipo: Ejes<\/li>\n<li>Uso: Tractores<\/li>\n<li>Nombre del producto: Eje de toma de fuerza T4 1200 BIP para transmisi\u00f3n agr\u00edcola<\/li>\n<li>Uso: Tractores e implementos agr\u00edcolas<\/li>\n<li>Dientes: 6T<\/li>\n<li>Procesamiento del Yugo: Forja<\/li>\n<li>Certificado: CE, ISO y TS<\/li>\n<li>Procesamiento de tubo: estirado en fr\u00edo<\/li>\n<li>Material: acero<\/li>\n<li>Tubos: Tubos triangulares<\/li>\n<li>Kit de cruz: 27*74,6<\/li>\n<li>Yugo: Yugo estriado 13B con collar<\/li>\n<li>Packaging Details: Plastic bag+ Woodencase + According to Customer&#8217;s request<\/li>\n<li>Puerto: Shanghai o Ningbo<\/li>\n<\/ul>\n<table>\n<tr>\n<td colspan=\"1\" rowspan=\"1\">N\u00famero de modelo<\/td>\n<td colspan=\"1\" rowspan=\"1\">Eje de toma de fuerza T4 1200 BIP para transmisi\u00f3n de maquinaria agr\u00edcola<\/td>\n<\/tr>\n<tr>\n<td colspan=\"1\" rowspan=\"1\">Funci\u00f3n<\/td>\n<td colspan=\"1\" rowspan=\"1\">Drive Shaft Parts &#038; Power Transmission<\/td>\n<\/tr>\n<tr>\n<td colspan=\"1\" rowspan=\"1\">Usar<\/td>\n<td colspan=\"1\" rowspan=\"1\">Kinds of Tractors &#038; Farm Implements<\/td>\n<\/tr>\n<tr>\n<td colspan=\"1\" rowspan=\"1\">Nombre de marca<\/td>\n<td colspan=\"1\" rowspan=\"1\">PE<\/td>\n<\/tr>\n<tr>\n<td colspan=\"1\" rowspan=\"1\">Tipo de yugo<\/td>\n<td colspan=\"1\" rowspan=\"1\">Double push pin, Bolt pins, Split pins, Push pin, Quick release, Ball attachment, Collar&#8230;<\/td>\n<\/tr>\n<tr>\n<td colspan=\"1\" rowspan=\"1\">Procesamiento de Yugo<\/td>\n<td colspan=\"1\" rowspan=\"1\">Forja<\/td>\n<\/tr>\n<tr>\n<td colspan=\"1\" rowspan=\"1\">Cubierta de pl\u00e1stico<\/td>\n<td colspan=\"1\" rowspan=\"1\">YW; BW; YS; BS; Etc<\/td>\n<\/tr>\n<tr>\n<td colspan=\"1\" rowspan=\"1\">Color<\/td>\n<td colspan=\"1\" rowspan=\"1\">Verde; Naranja; Amarillo; Negro Etc.<\/td>\n<\/tr>\n<tr>\n<td colspan=\"1\" rowspan=\"1\">Serie<\/td>\n<td colspan=\"1\" rowspan=\"1\">T1-T10; L1-L6; S6-S10; 10HP-150HP con SA, RA, SB, SFF, WA, CV, etc.<\/td>\n<\/tr>\n<tr>\n<td colspan=\"1\" rowspan=\"1\">Tipo de tubo<\/td>\n<td colspan=\"1\" rowspan=\"1\">Lim\u00f3n, Triangular, Estrella, Cuadrado, Hexagonal, Spline, Especial, Etc.<\/td>\n<\/tr>\n<tr>\n<td colspan=\"1\" rowspan=\"1\">Procesamiento de tubos<\/td>\n<td colspan=\"1\" rowspan=\"1\">Dibujado en fr\u00edo<\/td>\n<\/tr>\n<tr>\n<td colspan=\"1\" rowspan=\"1\">Tipo de spline<\/td>\n<td colspan=\"1\" rowspan=\"1\">1 1\/8&#8243; Z6; 1 3\/8&#8243; Z6; 1 3\/4&#8243; Z6; 1 3\/8&#8243; Z21; 1 3\/4&#8243; Z20; 8-38*32*6 8-42*36*7; 8-48*42*8;<\/td>\n<\/tr>\n<tr>\n<td colspan=\"1\" rowspan=\"1\">Lugar de origen<\/td>\n<td colspan=\"1\" rowspan=\"1\">Hangzhou, China (Continental)<\/td>\n<\/tr>\n<\/table>\n<p><img decoding=\"async\" src=\"https:\/\/images.hzpt.com\/2023\/06\/xe4ye4bO-PTO-Shaft-Common-Applications.webp\" alt=\"Aplicaciones comunes del eje de toma de fuerza\"><\/p>\n<h3>Descripci\u00f3n del Producto:<\/h3>\n<p>El eje de toma de fuerza T4 1200 BIP para transmisi\u00f3n agr\u00edcola se utiliza ampliamente en diversas industrias, incluidos hoteles, tiendas de ropa, tiendas de materiales de construcci\u00f3n, plantas de fabricaci\u00f3n, talleres de reparaci\u00f3n de maquinaria, f\u00e1bricas de alimentos y bebidas, granjas, restaurantes y m\u00e1s. Est\u00e1 dise\u00f1ado espec\u00edficamente para tractores e implementos agr\u00edcolas, proporcionando una transmisi\u00f3n de potencia confiable.<\/p>\n<p>Este eje de toma de fuerza est\u00e1 fabricado con acero de alta calidad y cuenta con tubos triangulares, lo que garantiza resistencia y durabilidad. Los dientes de 6 dientes y el yugo forjado mejoran a\u00fan m\u00e1s su rendimiento. Con una garant\u00eda de 1 a\u00f1o, los clientes pueden tener la tranquilidad de saber que est\u00e1n invirtiendo en un producto confiable y duradero.<\/p>\n<h3>Escenarios de uso comunes:<\/h3>\n<ul>\n<li>Maquinaria agr\u00edcola<\/li>\n<li>Equipos de construcci\u00f3n<\/li>\n<li>Maquinaria industrial<\/li>\n<li>Maquinaria para c\u00e9sped y jard\u00edn<\/li>\n<li>Y m\u00e1s<\/li>\n<\/ul>\n<p><img decoding=\"async\" src=\"https:\/\/images.hzpt.com\/2023\/06\/xe4ye4bO-PTO-Shaft-Common-Applications.webp\" alt=\"Aplicaciones comunes del eje de toma de fuerza\"><\/p>\n<h3>Ventajas del producto:<\/h3>\n<ul>\n<li>Los materiales de alta calidad garantizan durabilidad y longevidad.<\/li>\n<li>Transmisi\u00f3n de potencia \u00f3ptima para diversas aplicaciones<\/li>\n<li>Dise\u00f1ado para soportar cargas pesadas y uso intenso.<\/li>\n<li>F\u00e1cil de instalar y mantener.<\/li>\n<li>Compatible con una amplia gama de tractores e implementos agr\u00edcolas.<\/li>\n<\/ul>\n<h3>Materiales de producto disponibles:<\/h3>\n<ul>\n<li>Acero<\/li>\n<li>Aluminio<\/li>\n<li>Hierro<\/li>\n<li>Y m\u00e1s<\/li>\n<\/ul>\n<h3>Instalaci\u00f3n, mantenimiento y reparaci\u00f3n:<\/h3>\n<p>The T4 1200 BIP PTO Shaft can be easily installed following the manufacturer&#8217;s instructions. Regular maintenance, including lubrication and inspection, ensures optimal performance and extends the product&#8217;s lifespan. In case of any damage or issues, it is recommended to consult a professional for proper repair or replacement.<\/p>\n<h3>Company&#8217;s Other Product Businesses:<\/h3>\n<p>Adem\u00e1s del eje de toma de fuerza T4 1200 BIP, nuestra empresa ofrece una amplia gama de engranajes pl\u00e1sticos industriales, cajas de engranajes agr\u00edcolas, ejes de salida de potencia, pi\u00f1ones, acoplamientos hidr\u00e1ulicos, reductores de tornillo sin fin, cremalleras, cadenas extra\u00edbles, poleas y poleas, cajas de engranajes planetarios, poleas de distribuci\u00f3n, bujes y m\u00e1s.<\/p>\n<p><img decoding=\"async\" src=\"https:\/\/images.ever-power.net\/2019\/07\/ep_ep_pto-shaft-4.webp\" alt=\"Otros productos de la empresa\"><\/p>\n<h3>Preguntas frecuentes (FAQ):<\/h3>\n<ol>\n<li><strong>P:<\/strong> \u00bfSus productos son forjados o fundidos?<\/li>\n<li><strong>A:<\/strong> Todos nuestros productos son forjados.<\/li>\n<li><strong>P:<\/strong> \u00bfTiene usted un certificado CE?<\/li>\n<li><strong>A:<\/strong> S\u00ed, tenemos certificados CE, TS\/16949, ISO9001.<\/li>\n<li><strong>P:<\/strong> What&#8217;s the horsepower range for the PTO shafts?<\/li>\n<li><strong>A:<\/strong><br \/>","protected":false},"excerpt":{"rendered":"<p>Factory Direct Sale Customized PTO Shaft for Tractor T4 1200 BIP Harvester Spare Parts The Factory Direct Sale Customized PTO Shaft for Tractor T4 1200 BIP is a high-quality agricultural transmission machine part. It is designed for tractors and farm implements, providing reliable power transmission. With its 6T teeth and forged yoke, this PTO shaft [&hellip;]<\/p>","protected":false},"featured_media":6153,"template":"","meta":{"_et_pb_use_builder":"","_et_pb_old_content":"","_et_gb_content_width":""},"product_brand":[],"product_cat":[11315],"product_tag":[],"class_list":{"0":"post-6154","1":"product","2":"type-product","3":"status-publish","4":"has-post-thumbnail","6":"product_cat-pto-shaft","8":"first","9":"instock","10":"shipping-taxable","11":"product-type-simple"},"_links":{"self":[{"href":"https:\/\/agricultural-gear-boxes.com\/es\/wp-json\/wp\/v2\/product\/6154","targetHints":{"allow":["GET"]}}],"collection":[{"href":"https:\/\/agricultural-gear-boxes.com\/es\/wp-json\/wp\/v2\/product"}],"about":[{"href":"https:\/\/agricultural-gear-boxes.com\/es\/wp-json\/wp\/v2\/types\/product"}],"wp:featuredmedia":[{"embeddable":true,"href":"https:\/\/agricultural-gear-boxes.com\/es\/wp-json\/wp\/v2\/media\/6153"}],"wp:attachment":[{"href":"https:\/\/agricultural-gear-boxes.com\/es\/wp-json\/wp\/v2\/media?parent=6154"}],"wp:term":[{"taxonomy":"product_brand","embeddable":true,"href":"https:\/\/agricultural-gear-boxes.com\/es\/wp-json\/wp\/v2\/product_brand?post=6154"},{"taxonomy":"product_cat","embeddable":true,"href":"https:\/\/agricultural-gear-boxes.com\/es\/wp-json\/wp\/v2\/product_cat?post=6154"},{"taxonomy":"product_tag","embeddable":true,"href":"https:\/\/agricultural-gear-boxes.com\/es\/wp-json\/wp\/v2\/product_tag?post=6154"}],"curies":[{"name":"wp","href":"https:\/\/api.w.org\/{rel}","templated":true}]}}