{"id":6156,"date":"2024-10-30T06:31:37","date_gmt":"2024-10-30T06:31:37","guid":{"rendered":"https:\/\/agricultural-gear-boxes.com\/product\/factory-price-t4-1200-bip-tractor-pto-shaft-for-agricultural-tractor-maize-harvesting-machine-tractor-parts\/"},"modified":"2024-10-30T06:31:38","modified_gmt":"2024-10-30T06:31:38","slug":"factory-price-t4-1200-bip-tractor-pto-shaft-for-agricultural-tractor-maize-harvesting-machine-tractor-parts","status":"publish","type":"product","link":"https:\/\/agricultural-gear-boxes.com\/es\/product\/factory-price-t4-1200-bip-tractor-pto-shaft-for-agricultural-tractor-maize-harvesting-machine-tractor-parts\/","title":{"rendered":"Precio de f\u00e1brica T4 1200 BIP eje de toma de fuerza del tractor para tractor agr\u00edcola m\u00e1quina cosechadora de ma\u00edz piezas del tractor"},"content":{"rendered":"<h2> Eje de toma de fuerza T4 1200 BIP para transmisi\u00f3n de maquinaria agr\u00edcola <\/h2>\n<p>El eje de toma de fuerza T4 1200 BIP es una m\u00e1quina de transmisi\u00f3n agr\u00edcola de nuevo desarrollo dise\u00f1ada para tractores e implementos agr\u00edcolas. Este producto est\u00e1 hecho de material de acero de alta calidad y su procesamiento del yugo es forjado, mientras que el procesamiento del tubo es estirado en fr\u00edo. Viene con un certificado CE, ISO y TS y tiene dientes con 6T. Con un peso de 20 KG, los tubos triangulares se utilizan para los tubos y el kit transversal es 27*74.6. El yugo es un yugo estriado 13B con un collar. <\/p>\n<h3> Escenarios de uso com\u00fan <\/h3>\n<p>El eje de toma de fuerza T4 1200 BIP para transmisi\u00f3n de maquinaria agr\u00edcola tiene una amplia gama de aplicaciones para granjas, plantas de fabricaci\u00f3n, talleres de reparaci\u00f3n de maquinaria, f\u00e1bricas de alimentos y bebidas, hoteles, tiendas de ropa, tiendas de materiales de construcci\u00f3n, restaurantes y otros establecimientos. Este producto se utiliza com\u00fanmente en tractores e implementos agr\u00edcolas para la cosecha de ma\u00edz y otras actividades agr\u00edcolas. <\/p>\n<p><img decoding=\"async\" src=\"https:\/\/images.hzpt.com\/2023\/06\/xe4ye4bO-PTO-Shaft-Common-Applications.webp\"\/><\/p>\n<h3> Ventajas <\/h3>\n<p>El eje de toma de fuerza T4 1200 BIP para transmisi\u00f3n de maquinaria agr\u00edcola tiene varias ventajas que lo distinguen de otros productos. Es duradero, confiable y puede soportar cargas pesadas. Es f\u00e1cil de instalar y su mantenimiento y reparaci\u00f3n son sencillos. Este producto tambi\u00e9n est\u00e1 disponible en diferentes materiales y los clientes pueden elegir seg\u00fan sus preferencias.<\/p>\n<h3> C\u00f3mo instalar, mantener y reparar <\/h3>\n<p>To install the T4 1200 BIP PTO shaft, follow the manufacturer&#8217;s instructions carefully. Regular maintenance is crucial to keep the product in top condition and to avoid any potential issues. When repairing the PTO shaft, it is important to inspect all parts for damage, replace any worn-out components, and reassemble the product correctly. <\/p>\n<h3> Otros productos <\/h3>\n<p>Ever-Power Group Co., Ltd. suministra diversos engranajes pl\u00e1sticos industriales como cajas de engranajes agr\u00edcolas, ejes de salida de potencia, pi\u00f1ones, acoplamientos hidr\u00e1ulicos, reductores de tornillo sin fin, cremalleras, cadenas extra\u00edbles, poleas y poleas, cajas de engranajes planetarios, poleas de distribuci\u00f3n, bujes, etc.<\/p>\n<p><img decoding=\"async\" src=\"https:\/\/images.ever-power.net\/2019\/07\/ep_ep_pto-shaft-4.webp\"\/><\/p>\n<h2> Preguntas frecuentes <\/h2>\n<p>1. \u00bfLos productos son forjados o fundidos?<br \/>\nTodos nuestros productos son forjados.<\/p>\n<p>2. \u00bfTiene usted un certificado CE?<br \/>\nS\u00ed, tenemos certificados CE, TS\/16949, ISO9001.<\/p>\n<p>3. What&#8217;s the horsepower of the PTO shaft available?<br \/>\nOfrecemos una gama completa de ejes TDF, que van desde 16 HP a 200 HP.<\/p>\n<p>4. \u00bfCu\u00e1ntas especificaciones estriadas tienes?<br \/>\nWe produce 1 1\/8&#8243;-Z6, 1 3\/8&#8243;-Z6, 1 3\/4&#8243;-Z6, 1 3\/8&#8243;- Z21, 1 3\/4&#8243;-Z20, 8X42X48X8, and 8X32X38X6 splines.<\/p>\n<p>5. \u00bfCu\u00e1les son sus condiciones de pago?<br \/>\nAceptamos T\/T, L\/C, D\/A, D\/P.<\/p>\n<p>Autor: lmc<\/p>\n<p>El contenido de esta p\u00e1gina proviene de Internet y solo se utiliza como referencia para la selecci\u00f3n de productos. Nuestros productos son accesorios y no repuestos originales; no somos los propietarios de la marca registrada original del contenido. Nuestros productos solo son adecuados para accesorios de posventa y no para repuestos originales. Nuestros accesorios pueden adaptarse perfectamente a los repuestos originales si necesita comprar repuestos originales. Comun\u00edquese con la f\u00e1brica original para realizar la compra.<\/p>","protected":false},"excerpt":{"rendered":"<p>T4 1200 BIP PTO Shaft for Agricultural Transmission Machine The T4 1200 BIP PTO shaft is a newly developed agricultural transmission machine designed for tractors and farm implements. This product is made of high-quality steel material, and its processing of the yoke is forged, while the processing of the tube is cold-drawn. It comes with [&hellip;]<\/p>","protected":false},"featured_media":6155,"template":"","meta":{"_et_pb_use_builder":"","_et_pb_old_content":"","_et_gb_content_width":""},"product_brand":[],"product_cat":[11315],"product_tag":[],"class_list":{"0":"post-6156","1":"product","2":"type-product","3":"status-publish","4":"has-post-thumbnail","6":"product_cat-pto-shaft","8":"first","9":"instock","10":"shipping-taxable","11":"product-type-simple"},"_links":{"self":[{"href":"https:\/\/agricultural-gear-boxes.com\/es\/wp-json\/wp\/v2\/product\/6156","targetHints":{"allow":["GET"]}}],"collection":[{"href":"https:\/\/agricultural-gear-boxes.com\/es\/wp-json\/wp\/v2\/product"}],"about":[{"href":"https:\/\/agricultural-gear-boxes.com\/es\/wp-json\/wp\/v2\/types\/product"}],"wp:featuredmedia":[{"embeddable":true,"href":"https:\/\/agricultural-gear-boxes.com\/es\/wp-json\/wp\/v2\/media\/6155"}],"wp:attachment":[{"href":"https:\/\/agricultural-gear-boxes.com\/es\/wp-json\/wp\/v2\/media?parent=6156"}],"wp:term":[{"taxonomy":"product_brand","embeddable":true,"href":"https:\/\/agricultural-gear-boxes.com\/es\/wp-json\/wp\/v2\/product_brand?post=6156"},{"taxonomy":"product_cat","embeddable":true,"href":"https:\/\/agricultural-gear-boxes.com\/es\/wp-json\/wp\/v2\/product_cat?post=6156"},{"taxonomy":"product_tag","embeddable":true,"href":"https:\/\/agricultural-gear-boxes.com\/es\/wp-json\/wp\/v2\/product_tag?post=6156"}],"curies":[{"name":"wp","href":"https:\/\/api.w.org\/{rel}","templated":true}]}}