{"id":6174,"date":"2024-10-30T06:32:39","date_gmt":"2024-10-30T06:32:39","guid":{"rendered":"https:\/\/agricultural-gear-boxes.com\/product\/pto-shaft-yoke-parts-for-agricultural-pto-shaft-with-ce-certificated\/"},"modified":"2024-10-30T06:32:39","modified_gmt":"2024-10-30T06:32:39","slug":"pto-shaft-yoke-parts-for-agricultural-pto-shaft-with-ce-certificated","status":"publish","type":"product","link":"https:\/\/agricultural-gear-boxes.com\/es\/product\/pto-shaft-yoke-parts-for-agricultural-pto-shaft-with-ce-certificated\/","title":{"rendered":"Piezas de horquilla de eje de toma de fuerza para eje de toma de fuerza agr\u00edcola con certificaci\u00f3n CE"},"content":{"rendered":"<h2>Piezas de horquilla de eje de toma de fuerza para eje de toma de fuerza agr\u00edcola con certificaci\u00f3n CE<\/h2>\n<p>Las piezas de horquilla del eje de la TDF para ejes de TDF agr\u00edcolas con certificaci\u00f3n CE son componentes esenciales que se utilizan en tractores e implementos agr\u00edcolas. Estas piezas est\u00e1n dise\u00f1adas para proporcionar una transmisi\u00f3n de potencia eficiente y est\u00e1n hechas de materiales de acero de alta calidad. Con una longitud de 900 mm, estas piezas de horquilla del eje son compatibles con varios tipos de cosechadoras.<\/p>\n<p>Estas piezas han sido certificadas con las certificaciones CE, ISO y TS, lo que garantiza su calidad y rendimiento. Los tubos utilizados en el eje son tubos triangulares estirados en fr\u00edo, lo que mejora a\u00fan m\u00e1s su durabilidad. El color de pulverizaci\u00f3n amarillo a\u00f1ade un toque visualmente atractivo a las piezas.<\/p>\n<h3>Especificaciones del producto<\/h3>\n<ul>\n<li>Condici\u00f3n: Nuevo<\/li>\n<li>Garant\u00eda: 1 a\u00f1o<\/li>\n<li>Applicable Industries: Farms, Construction works, Energy &#038; Mining<\/li>\n<li>Peso (KG): 12 KG<\/li>\n<li>Ubicaci\u00f3n de la sala de exposici\u00f3n: Ninguna<\/li>\n<li>V\u00eddeo de inspecci\u00f3n de salida: Provisto<\/li>\n<li>Informe de prueba de maquinaria: no disponible<\/li>\n<li>Tipo de marketing: Nuevo producto 2020<\/li>\n<li>Tipo: Ejes<\/li>\n<li>Uso: Cosechadoras<\/li>\n<li>Nombre del producto: Piezas de horquilla de eje de toma de fuerza para eje de toma de fuerza agr\u00edcola con certificaci\u00f3n CE<\/li>\n<li>Uso: Tractores e implementos agr\u00edcolas<\/li>\n<li>Procesamiento de tubo: estirado en fr\u00edo<\/li>\n<li>Material: acero<\/li>\n<li>Marca: EVER-POWER<\/li>\n<li>Tubos: Tubos triangulares<\/li>\n<li>Color: Pulverizaci\u00f3n amarilla<\/li>\n<li>Longitud: 900 mm<\/li>\n<li>OEM: Servicio OEM<\/li>\n<li>Packaging Details: Plastic bag+ Woodencase + According to Customer&#8217;s request<\/li>\n<li>Puerto: Shanghai o Ningbo<\/li>\n<\/ul>\n<table>\n<tr>\n<td>N\u00famero de modelo<\/td>\n<td>Piezas de horquilla para eje de toma de fuerza EVER-POWER de Zhejiang para eje de toma de fuerza agr\u00edcola con certificaci\u00f3n CE<\/td>\n<\/tr>\n<tr>\n<td>Funci\u00f3n<\/td>\n<td>Drive Shaft Parts &#038; Power Transmission<\/td>\n<\/tr>\n<tr>\n<td>Usar<\/td>\n<td>Kinds of Tractors &#038; Farm Implements<\/td>\n<\/tr>\n<tr>\n<td>Nombre de marca<\/td>\n<td>PE<\/td>\n<\/tr>\n<tr>\n<td>Tipo de yugo<\/td>\n<td>Double push pin, Bolt pins, Split pins, Push pin, Quick release, Ball attachment, Collar&#8230;<\/td>\n<\/tr>\n<tr>\n<td>Procesamiento de Yugo<\/td>\n<td>Forja<\/td>\n<\/tr>\n<tr>\n<td>Cubierta de pl\u00e1stico<\/td>\n<td>YW;BW;YS;BS;Etc<\/td>\n<\/tr>\n<tr>\n<td>Color<\/td>\n<td>Verde;Naranja;Amarillo;Negro Etc.<\/td>\n<\/tr>\n<tr>\n<td>Serie<\/td>\n<td>T1-T10; L1-L6; S6-S10; 10HP-150HP con SA, RA, SB, SFF, WA, CV, etc.<\/td>\n<\/tr>\n<tr>\n<td>Tipo de tubo<\/td>\n<td>Lim\u00f3n, Triangular, Estrella, Cuadrado, Hexagonal, Spline, Especial, Etc.<\/td>\n<\/tr>\n<tr>\n<td>Procesamiento de tubos<\/td>\n<td>Dibujado en fr\u00edo<\/td>\n<\/tr>\n<tr>\n<td>Tipo de spline<\/td>\n<td>1 1\/8&#8243; Z6; 1 3\/8&#8243; Z6; 1 3\/4&#8243; Z6; 1 3\/8&#8243; Z21; 1 3\/4&#8243; Z20; 8-38*32*6 8-42*36*7; 8-48*42*8;<\/td>\n<\/tr>\n<tr>\n<td>Lugar de origen<\/td>\n<td>Hangzhou, China (Continental)<\/td>\n<\/tr>\n<\/table>\n<p><img decoding=\"async\" src=\"https:\/\/images.hzpt.com\/2023\/06\/xe4ye4bO-PTO-Shaft-Common-Applications.webp\" alt=\"Aplicaciones comunes del eje de toma de fuerza\"><\/p>\n<p><strong>Historia y clasificaci\u00f3n:<\/strong> Las piezas de horquilla del eje de la toma de fuerza han sido una parte esencial de los equipos agr\u00edcolas durante muchos a\u00f1os, proporcionando una transmisi\u00f3n de potencia confiable. Se clasifican seg\u00fan diferentes especificaciones y dise\u00f1os para adaptarse a diversas necesidades agr\u00edcolas.<\/p>\n<p><strong>Ventajas:<\/strong><\/p>\n<ul>\n<li>Durable y de larga duraci\u00f3n<\/li>\n<li>Transmisi\u00f3n de potencia eficiente<\/li>\n<li>Certificaci\u00f3n CE, ISO y TS<\/li>\n<li>Compatible con una amplia gama de tractores e implementos agr\u00edcolas.<\/li>\n<li>Tubos de acero estirado en fr\u00edo de alta calidad<\/li>\n<\/ul>\n<p><strong>Materiales de producto disponibles:<\/strong> Acero<\/p>\n<p><strong>Instalaci\u00f3n, mantenimiento y reparaci\u00f3n:<\/strong><\/p>\n<ul>\n<li>Aseg\u00farese de que las piezas del yugo est\u00e9n correctamente alineadas y sujetas de forma segura.<\/li>\n<li>Inspeccione y lubrique peri\u00f3dicamente el eje para evitar el desgaste.<\/li>\n<li>Reemplace r\u00e1pidamente cualquier pieza da\u00f1ada o desgastada para evitar problemas operativos.<\/li>\n<\/ul>\n<p><strong>Reemplazo:<\/strong> Al reemplazar las piezas del yugo del eje de la toma de fuerza, siga estos pasos:<\/p>\n<ol>\n<li>Desconecte el eje del tractor o implemento agr\u00edcola.<\/li>\n<li>Retire las piezas antiguas del yugo aflojando los pernos o pasadores necesarios.<\/li>\n<li>Instale las nuevas piezas del yugo sujet\u00e1ndolas firmemente con los pernos o pasadores adecuados.<\/li>\n<li>Vuelva a conectar el eje al tractor o al implemento agr\u00edcola.<\/li>\n<\/ol>\n<p>Estamos orgullosos de ofrecer diversos engranajes pl\u00e1sticos industriales, cajas de engranajes agr\u00edcolas, ejes de salida de potencia, ruedas dentadas, acoplamientos hidr\u00e1ulicos, reductores de engranajes helicoidales, cremalleras, cadenas desmontables, poleas y poleas, cajas de engranajes planetarios, poleas de distribuci\u00f3n, bujes y m\u00e1s. Nuestros productos de alta calidad tienen precios competitivos y est\u00e1n respaldados por un excelente servicio al cliente. <img decoding=\"async\" src=\"https:\/\/images.ever-power.net\/2019\/07\/ep_ep_pto-shaft-4.webp\" alt=\"Eje de toma de fuerza\"><\/p>\n<h3>Preguntas frecuentes<\/h3>\n<ol>\n<li><strong>P: \u00bfSus productos son forjados o fundidos?<\/strong><br \/>\n    R: Todos nuestros productos son forjados.\n  <\/li>\n<li><strong>P: \u00bfTiene usted un certificado CE?<\/strong><br \/>\n    R: S\u00ed, tenemos certificados CE, TS\/16949, ISO9001.\n  <\/li>\n<li><strong>Q: What&#8217;s the horse power of the PTO shafts available?<\/strong><br \/>\n    R: Ofrecemos una gama completa de ejes TDF, que van desde 16 HP a 200 HP.\n  <\/li>\n<li><strong>P: \u00bfCu\u00e1ntas especificaciones estriadas tienes?<\/strong><br \/>\n    A: We produce 1 1\/8&#8243;-Z6, 1 3\/8&#8243;-Z6, 1 3\/4&#8243;-Z6, 1 3\/8&#8243;-Z21, 1 3\/4&#8243;-Z20, 8X42X48X8, and 8X32X38X6 splines.\n  <\/li>\n<li><strong>P: \u00bfCuales son sus condiciones de pago?<\/strong><br \/>\n    A: Aceptamos T\/T, L\/C, D\/A, D\/P y m\u00e1s.\n  <\/li>\n<\/ol>\n<p>Autor: lmc<\/p>\n<p style=\"color: red;\">Descargo de responsabilidad: Todo el contenido de esta p\u00e1gina proviene de Internet y se utiliza \u00fanicamente como referencia para la selecci\u00f3n de productos. Nuestros productos son accesorios y no repuestos originales; no somos los propietarios de la marca registrada original del contenido. Nuestros accesorios pueden adaptarse perfectamente a los repuestos originales; si necesita comprar repuestos originales, comun\u00edquese con la f\u00e1brica original para comprarlos.<\/p>","protected":false},"excerpt":{"rendered":"<p>PTO Shaft Yoke Parts for Agricultural PTO Shaft with CE Certificated The PTO shaft yoke parts for Agricultural PTO shaft with CE Certificated are essential components used in tractors and farm implements. These parts are designed to provide efficient power transmission and are made from high-quality steel materials. With a length of 900mm, these shaft [&hellip;]<\/p>","protected":false},"featured_media":6173,"template":"","meta":{"_et_pb_use_builder":"","_et_pb_old_content":"","_et_gb_content_width":""},"product_brand":[],"product_cat":[11315],"product_tag":[],"class_list":{"0":"post-6174","1":"product","2":"type-product","3":"status-publish","4":"has-post-thumbnail","6":"product_cat-pto-shaft","8":"first","9":"instock","10":"shipping-taxable","11":"product-type-simple"},"_links":{"self":[{"href":"https:\/\/agricultural-gear-boxes.com\/es\/wp-json\/wp\/v2\/product\/6174","targetHints":{"allow":["GET"]}}],"collection":[{"href":"https:\/\/agricultural-gear-boxes.com\/es\/wp-json\/wp\/v2\/product"}],"about":[{"href":"https:\/\/agricultural-gear-boxes.com\/es\/wp-json\/wp\/v2\/types\/product"}],"wp:featuredmedia":[{"embeddable":true,"href":"https:\/\/agricultural-gear-boxes.com\/es\/wp-json\/wp\/v2\/media\/6173"}],"wp:attachment":[{"href":"https:\/\/agricultural-gear-boxes.com\/es\/wp-json\/wp\/v2\/media?parent=6174"}],"wp:term":[{"taxonomy":"product_brand","embeddable":true,"href":"https:\/\/agricultural-gear-boxes.com\/es\/wp-json\/wp\/v2\/product_brand?post=6174"},{"taxonomy":"product_cat","embeddable":true,"href":"https:\/\/agricultural-gear-boxes.com\/es\/wp-json\/wp\/v2\/product_cat?post=6174"},{"taxonomy":"product_tag","embeddable":true,"href":"https:\/\/agricultural-gear-boxes.com\/es\/wp-json\/wp\/v2\/product_tag?post=6174"}],"curies":[{"name":"wp","href":"https:\/\/api.w.org\/{rel}","templated":true}]}}