{"id":6180,"date":"2024-10-30T06:33:01","date_gmt":"2024-10-30T06:33:01","guid":{"rendered":"https:\/\/agricultural-gear-boxes.com\/product\/customized-universal-joint-shaft-driveline-ce-cardan-pto-shaft-for-kubota-tractor-cultivators\/"},"modified":"2024-10-30T06:33:01","modified_gmt":"2024-10-30T06:33:01","slug":"customized-universal-joint-shaft-driveline-ce-cardan-pto-shaft-for-kubota-tractor-cultivators","status":"publish","type":"product","link":"https:\/\/agricultural-gear-boxes.com\/es\/product\/customized-universal-joint-shaft-driveline-ce-cardan-pto-shaft-for-kubota-tractor-cultivators\/","title":{"rendered":"Transmisi\u00f3n con eje de junta universal personalizada, eje de toma de fuerza card\u00e1n CE para cultivadores de tractores Kubota"},"content":{"rendered":"<h2>Transmisi\u00f3n con eje de junta universal personalizada, eje de toma de fuerza card\u00e1n CE para cultivadores de tractores Kubota<\/h2>\n<p>El eje de toma de fuerza BIIP T6 1510CC es un producto recientemente desarrollado por EVER-POWER GROUP Co., Ltd. Est\u00e1 dise\u00f1ado espec\u00edficamente para tractores e implementos agr\u00edcolas, lo que lo hace ideal para su uso en granjas, obras de construcci\u00f3n e industrias energ\u00e9ticas y mineras.<\/p>\n<h3>Especificaciones del producto<\/h3>\n<ul>\n<li>Condici\u00f3n: Nuevo<\/li>\n<li>Garant\u00eda: 1 a\u00f1o<\/li>\n<li>Peso: 20 KG<\/li>\n<li>Ubicaci\u00f3n de la sala de exposici\u00f3n: Ninguna<\/li>\n<li>V\u00eddeo de inspecci\u00f3n de salida: Provisto<\/li>\n<li>Informe de prueba de maquinaria: no disponible<\/li>\n<li>Tipo de marketing: Nuevo producto 2020<\/li>\n<li>Tipo: Ejes<\/li>\n<li>Uso: Cosechadoras<\/li>\n<li>Nombre del producto: Eje de toma de fuerza BIIP T6 1510CC<\/li>\n<li>Uso: Tractores e implementos agr\u00edcolas<\/li>\n<li>Certificado: CE, ISO y TS<\/li>\n<li>Procesamiento de tubo: estirado en fr\u00edo<\/li>\n<li>Material: acero<\/li>\n<li>Marca: EVER-POWER<\/li>\n<li>Tubos: Tubos triangulares<\/li>\n<li>Color: Pulverizaci\u00f3n negra<\/li>\n<li>Longitud: 1510CC<\/li>\n<li>OEM: Servicio OEM<\/li>\n<\/ul>\n<p>El eje de toma de fuerza BIIP T6 1510CC est\u00e1 fabricado con acero de alta calidad y se somete a un m\u00e9todo de procesamiento de tubos estirados en fr\u00edo. Cuenta con tubos triangulares y un acabado de pulverizaci\u00f3n negra, lo que garantiza durabilidad y resistencia al desgaste. Con una longitud de 1510CC, este eje es adecuado para varios tractores e implementos agr\u00edcolas.<\/p>\n<p><img decoding=\"async\" src=\"https:\/\/images.hzpt.com\/2023\/06\/xe4ye4bO-PTO-Shaft-Common-Applications.webp\" alt=\"Aplicaciones comunes del eje de toma de fuerza\" \/><\/p>\n<p>Escenarios de uso comunes:<\/p>\n<ul>\n<li>Conexi\u00f3n de la toma de fuerza de un tractor a varios implementos agr\u00edcolas<\/li>\n<li>Transferring power from the tractor&#8217;s engine to attached equipment<\/li>\n<li>Permitiendo un funcionamiento eficiente y confiable de las cosechadoras<\/li>\n<\/ul>\n<p>El eje de toma de fuerza BIIP T6 1510CC se utiliza ampliamente en entornos agr\u00edcolas, lo que permite a los agricultores realizar su trabajo de manera eficaz y aumentar la productividad. Proporciona una conexi\u00f3n segura y eficiente entre los tractores y los implementos agr\u00edcolas, lo que garantiza una transmisi\u00f3n de potencia fluida.<\/p>\n<h3>Ventajas del producto<\/h3>\n<ul>\n<li>Construcci\u00f3n de acero de alta calidad para mayor durabilidad.<\/li>\n<li>M\u00e9todo de procesamiento de tubos estirados en fr\u00edo para una mayor resistencia<\/li>\n<li>Dise\u00f1o de tubo triangular para mayor estabilidad.<\/li>\n<li>Acabado en pulverizaci\u00f3n negra para resistencia a la corrosi\u00f3n.<\/li>\n<li>F\u00e1cil instalaci\u00f3n, mantenimiento y reparaci\u00f3n.<\/li>\n<\/ul>\n<h3>Materiales disponibles<\/h3>\n<ul>\n<li>Acero<\/li>\n<li>Otros materiales disponibles bajo pedido<\/li>\n<\/ul>\n<h3>Instalaci\u00f3n, mantenimiento y reparaci\u00f3n<\/h3>\n<p>The T6 1510CC BIIP pto shaft can be easily installed by following the manufacturer&#8217;s instructions. Regular maintenance is crucial to ensure optimal performance and longevity. It is recommended to inspect the shaft periodically for any signs of wear or damage and perform necessary repairs or replacements as needed.<\/p>\n<h3>Clasificaci\u00f3n de productos<\/h3>\n<p>El eje de toma de fuerza BIIP T6 1510CC pertenece a la gama de ejes de la serie T, dise\u00f1ados espec\u00edficamente para su uso con tractores e implementos agr\u00edcolas. Se encuentra dentro del rango de potencia de 16 HP a 200 HP, lo que ofrece una amplia selecci\u00f3n para adaptarse a diversos requisitos agr\u00edcolas.<\/p>\n<h3>Otros productos de EVER-POWER GROUP Co., Ltd.<\/h3>\n<p>Adem\u00e1s del eje de toma de fuerza BIIP T6 1510CC, EVER-POWER GROUP Co., Ltd. tambi\u00e9n se especializa en proporcionar una variedad de engranajes pl\u00e1sticos industriales, que incluyen cajas de engranajes agr\u00edcolas, ejes de salida de potencia, ruedas dentadas, acoplamientos hidr\u00e1ulicos, reductores de engranajes helicoidales, cremalleras, cadenas extra\u00edbles, poleas y poleas, cajas de engranajes planetarios, poleas de distribuci\u00f3n, bujes y m\u00e1s. Nuestros productos son conocidos por su alta calidad, precios competitivos y excelente servicio al cliente. Aceptamos solicitudes de personalizaci\u00f3n y podemos atender pedidos peque\u00f1os y grandes.<\/p>\n<p><img decoding=\"async\" src=\"https:\/\/images.ever-power.net\/2019\/07\/ep_ep_pto-shaft-4.webp\" alt=\"Eje de toma de fuerza\" \/><\/p>\n<h3>Preguntas frecuentes (FAQ)<\/h3>\n<ol>\n<li>\n        <strong>P: \u00bfSus productos son forjados o fundidos?<\/strong><br \/>\n        <br \/>R: Todos nuestros productos son forjados.\n    <\/li>\n<li>\n        <strong>P: \u00bfTiene usted un certificado CE?<\/strong><br \/>\n        <br \/>R: S\u00ed, tenemos certificados CE, TS\/16949, ISO9001.\n    <\/li>\n<li>\n        <strong>Q: What&#8217;s the horse power of the pto shaft available?<\/strong><br \/>\n        <br \/>R: Ofrecemos una gama completa de ejes de toma de fuerza, que van desde 16 HP a 200 HP.\n    <\/li>\n<li>\n        <strong>P: \u00bfCu\u00e1ntas especificaciones estriadas tienes?<\/strong><br \/>\n        <br \/>A: We produce 1 1\/8&#8243;-Z6, 1 3\/8&#8243;-Z6, 1 3\/4&#8243;-Z6, 1 3\/8&#8243;-Z21, 1 3\/4&#8243;-Z20, 8X42X48X8, and 8X32X38X6 splines.\n    <\/li>\n<li>\n        <strong>P: \u00bfCuales son sus condiciones de pago?<\/strong><br \/>\n        <br \/>A: Aceptamos T\/T, L\/C, D\/A, D\/P y otros m\u00e9todos de pago.\n    <\/li>\n<\/ol>\n<p>Autor: lmc<\/p>\n<p><strong>Descargo de responsabilidad:<\/strong> El contenido de esta p\u00e1gina proviene de Internet y se proporciona como referencia para la selecci\u00f3n de productos. Nuestros productos son accesorios y no repuestos originales. No somos los propietarios de la marca registrada original del contenido. Nuestros accesorios se adaptan perfectamente a los repuestos originales. Si necesita comprar repuestos originales, comun\u00edquese con la f\u00e1brica original para realizar la compra.<\/p>","protected":false},"excerpt":{"rendered":"<p>Customized Universal Joint Shaft Driveline CE Cardan PTO Shaft For Kubota Tractor Cultivators The T6 1510CC BIIP pto shaft is a newly developed product by EVER-POWER GROUP Co., Ltd. It is designed specifically for tractors and farm implements, making it ideal for use in farms, construction works, and energy and mining industries. Product Specifications Condition: [&hellip;]<\/p>","protected":false},"featured_media":6179,"template":"","meta":{"_et_pb_use_builder":"","_et_pb_old_content":"","_et_gb_content_width":""},"product_brand":[],"product_cat":[11315],"product_tag":[],"class_list":{"0":"post-6180","1":"product","2":"type-product","3":"status-publish","4":"has-post-thumbnail","6":"product_cat-pto-shaft","8":"first","9":"instock","10":"shipping-taxable","11":"product-type-simple"},"_links":{"self":[{"href":"https:\/\/agricultural-gear-boxes.com\/es\/wp-json\/wp\/v2\/product\/6180","targetHints":{"allow":["GET"]}}],"collection":[{"href":"https:\/\/agricultural-gear-boxes.com\/es\/wp-json\/wp\/v2\/product"}],"about":[{"href":"https:\/\/agricultural-gear-boxes.com\/es\/wp-json\/wp\/v2\/types\/product"}],"wp:featuredmedia":[{"embeddable":true,"href":"https:\/\/agricultural-gear-boxes.com\/es\/wp-json\/wp\/v2\/media\/6179"}],"wp:attachment":[{"href":"https:\/\/agricultural-gear-boxes.com\/es\/wp-json\/wp\/v2\/media?parent=6180"}],"wp:term":[{"taxonomy":"product_brand","embeddable":true,"href":"https:\/\/agricultural-gear-boxes.com\/es\/wp-json\/wp\/v2\/product_brand?post=6180"},{"taxonomy":"product_cat","embeddable":true,"href":"https:\/\/agricultural-gear-boxes.com\/es\/wp-json\/wp\/v2\/product_cat?post=6180"},{"taxonomy":"product_tag","embeddable":true,"href":"https:\/\/agricultural-gear-boxes.com\/es\/wp-json\/wp\/v2\/product_tag?post=6180"}],"curies":[{"name":"wp","href":"https:\/\/api.w.org\/{rel}","templated":true}]}}