{"id":6190,"date":"2024-10-30T06:33:36","date_gmt":"2024-10-30T06:33:36","guid":{"rendered":"https:\/\/agricultural-gear-boxes.com\/product\/drive-shaft-cardan-cross-kit-pto-shaft-for-agricultural-transmission-machine\/"},"modified":"2024-10-30T06:33:36","modified_gmt":"2024-10-30T06:33:36","slug":"drive-shaft-cardan-cross-kit-pto-shaft-for-agricultural-transmission-machine","status":"publish","type":"product","link":"https:\/\/agricultural-gear-boxes.com\/es\/product\/drive-shaft-cardan-cross-kit-pto-shaft-for-agricultural-transmission-machine\/","title":{"rendered":"Kit de eje de transmisi\u00f3n card\u00e1n para transmisi\u00f3n agr\u00edcola"},"content":{"rendered":"<h2>Kit de eje de transmisi\u00f3n card\u00e1n para transmisi\u00f3n de maquinaria agr\u00edcola<\/h2>\n<p>El kit de eje de transmisi\u00f3n card\u00e1n para eje de toma de fuerza es un producto nuevo para 2020 dise\u00f1ado para su uso en tractores e implementos agr\u00edcolas. Est\u00e1 fabricado en acero estirado en fr\u00edo y cuenta con certificaci\u00f3n CE, ISO y TS, con una garant\u00eda de 1 a\u00f1o. El eje tiene un peso de 12 KG y viene en un color de pulverizaci\u00f3n amarillo. Es compatible con una variedad de aplicaciones en las industrias agr\u00edcolas, de obras de construcci\u00f3n, energ\u00e9tica y minera.<\/p>\n<p>El eje de la toma de fuerza es un componente esencial que transmite potencia y par desde un tractor a una pieza de maquinaria agr\u00edcola, como un arado o una cosechadora. Est\u00e1 compuesto por una serie de tubos y horquillas que est\u00e1n conectados mediante tubos estriados y puede presentarse en una variedad de tama\u00f1os y formas para adaptarse a diferentes aplicaciones.<\/p>\n<p><img decoding=\"async\" src=\"https:\/\/images.hzpt.com\/2023\/06\/xe4ye4bO-PTO-Shaft-Common-Applications.webp\" alt=\"Aplicaciones comunes del eje de toma de fuerza\" \/><\/p>\n<h3>Tipos de ejes de toma de fuerza<\/h3>\n<ul>\n<li>T1-T10<\/li>\n<li>L1-L6<\/li>\n<li>S6-S10<\/li>\n<li>10HP-150HP con SA,RA,SB,SFF,WA,CV, etc.<\/li>\n<\/ul>\n<h3>Materiales<\/h3>\n<ul>\n<li>Acero estirado en fr\u00edo<\/li>\n<li>Tubos estriados<\/li>\n<\/ul>\n<h3>Ventajas<\/h3>\n<ul>\n<li>Certificaci\u00f3n CE, ISO y TS<\/li>\n<li>1 a\u00f1o de garant\u00eda<\/li>\n<li>Compatible con una variedad de aplicaciones en la industria agr\u00edcola.<\/li>\n<li>Fabricado con materiales de alta calidad.<\/li>\n<li>F\u00e1cil de instalar y mantener.<\/li>\n<\/ul>\n<h3>C\u00f3mo instalar, mantener y reparar el eje de la toma de fuerza<\/h3>\n<p>El eje de la toma de fuerza est\u00e1 dise\u00f1ado para una f\u00e1cil instalaci\u00f3n y mantenimiento. Debe revisarse peri\u00f3dicamente para detectar desgaste y da\u00f1os, y cualquier problema debe repararse r\u00e1pidamente para evitar m\u00e1s da\u00f1os o riesgos de seguridad. Si es necesario reemplazar el eje, debe hacerse lo antes posible con una pieza de repuesto de alta calidad que sea compatible con la aplicaci\u00f3n.<\/p>\n<h2>Otros engranajes industriales de pl\u00e1stico<\/h2>\n<p>Adem\u00e1s de nuestro kit de eje de transmisi\u00f3n card\u00e1n para ejes de transmisi\u00f3n de m\u00e1quinas agr\u00edcolas, tambi\u00e9n suministramos varios engranajes pl\u00e1sticos industriales, como cajas de cambios agr\u00edcolas, ejes de salida de potencia, ruedas dentadas, acoplamientos hidr\u00e1ulicos, reductores de tornillo sin fin, cremalleras, cadenas desmontables, poleas y poleas, cajas de cambios planetarias, poleas de distribuci\u00f3n, bujes, etc. Ofrecemos productos de alta calidad a precios asequibles y brindamos servicios pensados para nuestros clientes. Invitamos a los clientes a personalizar sus pedidos con im\u00e1genes y muestras.<\/p>\n<p><img decoding=\"async\" src=\"https:\/\/images.ever-power.net\/2019\/07\/ep_ep_pto-shaft-4.webp\" alt=\"Eje de toma de fuerza EP EP 4\" \/><\/p>\n<h2>Preguntas frecuentes<\/h2>\n<ol>\n<li>\n<h3>\u00bfLos productos son forjados o fundidos?<\/h3>\n<p>Todos nuestros productos son forjados.<\/p>\n<\/li>\n<li>\n<h3>\u00bfTiene usted un certificado CE?<\/h3>\n<p>S\u00ed, tenemos certificados CE, TS\/16949, ISO9001.<\/p>\n<\/li>\n<li>\n<h3>What&#8217;s the horse power of the PTO shafts that are available?<\/h3>\n<p>Ofrecemos una gama completa de ejes TDF, que van desde 16 HP a 200 HP.<\/p>\n<\/li>\n<li>\n<h3>\u00bfCu\u00e1ntas especificaciones estriadas tienes?<\/h3>\n<p>We produce 1 1\/8&#8243;-Z6, 1 3\/8&#8243;-Z6, 1 3\/4&#8243;-Z6, 1 3\/8&#8243;- Z21, 1 3\/4&#8243;-Z20, 8X42X48X8 and 8X32X38X6 splines.<\/p>\n<\/li>\n<li>\n<h3>\u00bfCuales son sus condiciones de pago?<\/h3>\n<p>Transferencia bancaria, carta de cr\u00e9dito, transferencia bancaria, dep\u00f3sito a cuenta\u2026.<\/p>\n<\/li>\n<\/ol>\n<p><strong>Autor: lmc<\/strong><\/p>\n<p style=\"color: red;\">Descargo de responsabilidad: Todo el contenido de esta p\u00e1gina es solo para referencia. Nuestros productos son accesorios y no repuestos originales; no somos los propietarios de la marca registrada original del contenido. Nuestros productos solo son adecuados para accesorios de posventa en lugar de repuestos originales. Nuestros accesorios pueden adaptarse perfectamente a los repuestos originales; si necesita comprar repuestos originales, comun\u00edquese con la f\u00e1brica original para comprar.<\/p>","protected":false},"excerpt":{"rendered":"<p>Drive Shaft Cardan Cross Kit PTO Shaft for Agricultural Transmission Machine The drive shaft cardan cross kit PTO shaft is a new product for 2020 designed for use in tractors and farm implements. It is made of cold-drawn steel and features CE, ISO, and TS certification, with a 1-year warranty. The shaft has a weight [&hellip;]<\/p>","protected":false},"featured_media":6189,"template":"","meta":{"_et_pb_use_builder":"","_et_pb_old_content":"","_et_gb_content_width":""},"product_brand":[],"product_cat":[11315],"product_tag":[],"class_list":{"0":"post-6190","1":"product","2":"type-product","3":"status-publish","4":"has-post-thumbnail","6":"product_cat-pto-shaft","8":"first","9":"instock","10":"shipping-taxable","11":"product-type-simple"},"_links":{"self":[{"href":"https:\/\/agricultural-gear-boxes.com\/es\/wp-json\/wp\/v2\/product\/6190","targetHints":{"allow":["GET"]}}],"collection":[{"href":"https:\/\/agricultural-gear-boxes.com\/es\/wp-json\/wp\/v2\/product"}],"about":[{"href":"https:\/\/agricultural-gear-boxes.com\/es\/wp-json\/wp\/v2\/types\/product"}],"wp:featuredmedia":[{"embeddable":true,"href":"https:\/\/agricultural-gear-boxes.com\/es\/wp-json\/wp\/v2\/media\/6189"}],"wp:attachment":[{"href":"https:\/\/agricultural-gear-boxes.com\/es\/wp-json\/wp\/v2\/media?parent=6190"}],"wp:term":[{"taxonomy":"product_brand","embeddable":true,"href":"https:\/\/agricultural-gear-boxes.com\/es\/wp-json\/wp\/v2\/product_brand?post=6190"},{"taxonomy":"product_cat","embeddable":true,"href":"https:\/\/agricultural-gear-boxes.com\/es\/wp-json\/wp\/v2\/product_cat?post=6190"},{"taxonomy":"product_tag","embeddable":true,"href":"https:\/\/agricultural-gear-boxes.com\/es\/wp-json\/wp\/v2\/product_tag?post=6190"}],"curies":[{"name":"wp","href":"https:\/\/api.w.org\/{rel}","templated":true}]}}