{"id":6192,"date":"2024-10-30T06:33:43","date_gmt":"2024-10-30T06:33:43","guid":{"rendered":"https:\/\/agricultural-gear-boxes.com\/product\/customized-cardan-cross-kit-pto-shaft-for-agricultural-transmission-machine\/"},"modified":"2024-10-30T06:33:43","modified_gmt":"2024-10-30T06:33:43","slug":"customized-cardan-cross-kit-pto-shaft-for-agricultural-transmission-machine","status":"publish","type":"product","link":"https:\/\/agricultural-gear-boxes.com\/es\/product\/customized-cardan-cross-kit-pto-shaft-for-agricultural-transmission-machine\/","title":{"rendered":"Kit de eje de toma de fuerza de card\u00e1n personalizado para m\u00e1quina de transmisi\u00f3n agr\u00edcola"},"content":{"rendered":"<h2>Kit de eje de toma de fuerza de card\u00e1n personalizado para transmisi\u00f3n de maquinaria agr\u00edcola<\/h2>\n<p>El kit de eje de transmisi\u00f3n de card\u00e1n personalizado para transmisi\u00f3n agr\u00edcola es un nuevo producto lanzado en 2020 por EVER-POWER. Est\u00e1 hecho de acero de alta calidad con un procesamiento de estirado en fr\u00edo del tubo, lo que garantiza durabilidad y longevidad. El eje de transmisi\u00f3n es adecuado para varias industrias, incluidas granjas, obras de construcci\u00f3n, energ\u00eda y miner\u00eda.<\/p>\n<p><img decoding=\"async\" src=\"https:\/\/images.hzpt.com\/2023\/06\/xe4ye4bO-PTO-Shaft-Common-Applications.webp\" alt=\"Aplicaciones comunes del eje de toma de fuerza\" \/><\/p>\n<h3>Uso del producto<\/h3>\n<p>El eje de la toma de fuerza del kit de cruceta card\u00e1n se utiliza ampliamente en tractores e implementos agr\u00edcolas. Est\u00e1 dise\u00f1ado para transmitir potencia desde los tractores a las m\u00e1quinas conectadas a ellos. El eje de la toma de fuerza se puede utilizar en varios implementos agr\u00edcolas, incluidos cortac\u00e9spedes, cultivadores, esparcidores y cultivadores.<\/p>\n<h3>Materiales y ventajas del producto<\/h3>\n<p>The PTO Shaft is made of high-quality steel with a cold-drawn processing of the tube. The spline tubes used in the shaft are available in different sizes, including 1 1\/8&#8243;-Z6, 1 3\/8&#8243;-Z6, 1 3\/4&#8243;-Z6, 1 3\/8&#8243;-Z21, 1 3\/4&#8243;-Z20, 8X42X48X8, and 8X32X38X6 splines. The product is CE, ISO, and TS certified, ensuring that it meets the highest safety standards. The product&#8217;s surface is coated with yellow spraying, which protects it from rust and corrosion.<\/p>\n<h3>Instalaci\u00f3n, mantenimiento y reemplazo de productos<\/h3>\n<p>El eje de la toma de fuerza es f\u00e1cil de instalar y reemplazar. El producto viene con un servicio OEM que permite a los clientes personalizarlo seg\u00fan sus necesidades. El mantenimiento regular es esencial para garantizar la longevidad del producto. Se recomienda lubricar el producto regularmente y reemplazar las piezas da\u00f1adas para evitar accidentes.<\/p>\n<h3>Otros engranajes industriales de pl\u00e1stico<\/h3>\n<p>Adem\u00e1s del kit de eje card\u00e1n personalizado para transmisi\u00f3n de maquinaria agr\u00edcola, tambi\u00e9n suministramos diversos engranajes pl\u00e1sticos industriales, incluidas cajas de cambios agr\u00edcolas, ejes de salida de potencia, ruedas dentadas, acoplamientos hidr\u00e1ulicos, reductores de engranajes helicoidales, cremalleras, cadenas desmontables, poleas y poleas, cajas de cambios planetarias, poleas de distribuci\u00f3n y bujes. Nuestros productos son de alta calidad y est\u00e1n disponibles a precios preferenciales. Damos la bienvenida a los clientes para que personalicen con im\u00e1genes y muestras.<\/p>\n<p><img decoding=\"async\" src=\"https:\/\/images.ever-power.net\/2019\/07\/ep_ep_pto-shaft-4.webp\" alt=\"Eje de toma de fuerza EP EP\" \/><\/p>\n<h2>Preguntas frecuentes<\/h2>\n<h3>1. \u00bfLos productos son forjados o fundidos?<\/h3>\n<p>Todos nuestros productos son forjados.<\/p>\n<h3>2. \u00bfTiene usted un certificado CE?<\/h3>\n<p>S\u00ed, tenemos certificados CE, TS\/16949, ISO9001.<\/p>\n<h3>3. What&#8217;s the horsepower of the PTO shaft available?<\/h3>\n<p>Ofrecemos una gama completa de ejes TDF, que van desde 16 HP a 200 HP.<\/p>\n<h3>4. \u00bfCu\u00e1ntas especificaciones estriadas tienes?<\/h3>\n<p>We produce 1 1\/8&#8243;-Z6, 1 3\/8&#8243;-Z6, 1 3\/4&#8243;-Z6, 1 3\/8&#8243;-Z21, 1 3\/4&#8243;-Z20, 8X42X48X8, and 8X32X38X6 splines.<\/p>\n<h3>5. \u00bfCu\u00e1les son sus condiciones de pago?<\/h3>\n<p>Aceptamos T\/T, L\/C, D\/A, D\/P y otros m\u00e9todos de pago.<\/p>\n<p><strong>Autor: lmc<\/strong><\/p>\n<p style=\"color:red\">Descargo de responsabilidad: Todo el contenido de esta p\u00e1gina proviene de Internet y el contenido solo se utiliza como referencia para la selecci\u00f3n de productos. Nuestros productos son accesorios y no repuestos originales; no somos los propietarios de la marca registrada original del contenido. Nuestros productos solo son adecuados para accesorios de posventa en lugar de repuestos originales. Nuestros accesorios pueden adaptarse perfectamente a los repuestos originales; si necesita comprar repuestos originales, comun\u00edquese con la f\u00e1brica original para comprarlos.<\/p>","protected":false},"excerpt":{"rendered":"<p>Customized Cardan Cross Kit PTO Shaft for Agricultural Transmission Machine The customized cardan cross kit PTO Shaft for agricultural transmission machine is a new product released in 2020 by EVER-POWER. It is made of high-quality steel with a cold-drawn processing of the tube, which ensures durability and longevity. The PTO shaft is suitable for various [&hellip;]<\/p>","protected":false},"featured_media":6191,"template":"","meta":{"_et_pb_use_builder":"","_et_pb_old_content":"","_et_gb_content_width":""},"product_brand":[],"product_cat":[11315],"product_tag":[],"class_list":{"0":"post-6192","1":"product","2":"type-product","3":"status-publish","4":"has-post-thumbnail","6":"product_cat-pto-shaft","8":"first","9":"instock","10":"shipping-taxable","11":"product-type-simple"},"_links":{"self":[{"href":"https:\/\/agricultural-gear-boxes.com\/es\/wp-json\/wp\/v2\/product\/6192","targetHints":{"allow":["GET"]}}],"collection":[{"href":"https:\/\/agricultural-gear-boxes.com\/es\/wp-json\/wp\/v2\/product"}],"about":[{"href":"https:\/\/agricultural-gear-boxes.com\/es\/wp-json\/wp\/v2\/types\/product"}],"wp:featuredmedia":[{"embeddable":true,"href":"https:\/\/agricultural-gear-boxes.com\/es\/wp-json\/wp\/v2\/media\/6191"}],"wp:attachment":[{"href":"https:\/\/agricultural-gear-boxes.com\/es\/wp-json\/wp\/v2\/media?parent=6192"}],"wp:term":[{"taxonomy":"product_brand","embeddable":true,"href":"https:\/\/agricultural-gear-boxes.com\/es\/wp-json\/wp\/v2\/product_brand?post=6192"},{"taxonomy":"product_cat","embeddable":true,"href":"https:\/\/agricultural-gear-boxes.com\/es\/wp-json\/wp\/v2\/product_cat?post=6192"},{"taxonomy":"product_tag","embeddable":true,"href":"https:\/\/agricultural-gear-boxes.com\/es\/wp-json\/wp\/v2\/product_tag?post=6192"}],"curies":[{"name":"wp","href":"https:\/\/api.w.org\/{rel}","templated":true}]}}