{"id":6198,"date":"2024-10-30T06:34:05","date_gmt":"2024-10-30T06:34:05","guid":{"rendered":"https:\/\/agricultural-gear-boxes.com\/product\/agricultural-tractor-parts-driveline-yoke-tube-cover-steel-cardan-drive-pto-shafts\/"},"modified":"2024-10-30T06:34:06","modified_gmt":"2024-10-30T06:34:06","slug":"agricultural-tractor-parts-driveline-yoke-tube-cover-steel-cardan-drive-pto-shafts","status":"publish","type":"product","link":"https:\/\/agricultural-gear-boxes.com\/es\/product\/agricultural-tractor-parts-driveline-yoke-tube-cover-steel-cardan-drive-pto-shafts\/","title":{"rendered":"Piezas de tractor agr\u00edcola Cubierta del tubo de horquilla de la l\u00ednea de transmisi\u00f3n Ejes de toma de fuerza de transmisi\u00f3n card\u00e1n de acero"},"content":{"rendered":"<h2>Presentaci\u00f3n de piezas para tractores agr\u00edcolas Cubierta del tubo de horquilla de la transmisi\u00f3n Ejes de toma de fuerza de transmisi\u00f3n card\u00e1n de acero<\/h2>\n<p>Los ejes de toma de fuerza de transmisi\u00f3n card\u00e1n de acero con cubierta de tubo de horquilla de transmisi\u00f3n de piezas de tractor agr\u00edcola son productos nuevos de alta calidad dise\u00f1ados para su uso en diversas industrias. Con un peso de 20 kg, estos ejes son adecuados para hoteles, tiendas de ropa, tiendas de materiales de construcci\u00f3n, plantas de fabricaci\u00f3n, talleres de reparaci\u00f3n de maquinaria, f\u00e1bricas de alimentos y bebidas, granjas, restaurantes, uso dom\u00e9stico, tiendas minoristas, tiendas de alimentos, imprentas, obras de construcci\u00f3n, energ\u00eda y miner\u00eda, y otras industrias.<\/p>\n<p>Estos ejes de toma de fuerza est\u00e1n dise\u00f1ados espec\u00edficamente para tractores e implementos agr\u00edcolas. Est\u00e1n hechos de material de acero duradero y vienen en color amarillo. El procesamiento del yugo se realiza mediante forjado, lo que garantiza su resistencia y confiabilidad. El tubo est\u00e1 estirado en fr\u00edo y tiene forma triangular. El producto est\u00e1 certificado por CE, ISO y TS, lo que garantiza su calidad y rendimiento.<\/p>\n<p>Con un tama\u00f1o personalizado, estos ejes de toma de fuerza se adaptan perfectamente a sus necesidades espec\u00edficas. El paquete incluye una bolsa de pl\u00e1stico y un estuche de madera, lo que garantiza un transporte seguro. El producto se puede enviar desde el puerto de Shangh\u00e1i o Ningbo.<\/p>\n<table>\n<tr>\n<td colspan=\"1\" rowspan=\"1\">N\u00famero de modelo<\/td>\n<td colspan=\"1\" rowspan=\"1\">Ejes agr\u00edcolas Embrague Eje de transmisi\u00f3n de la TDF de Kubota Card\u00e1n Eje de la TDF del tractor<\/td>\n<\/tr>\n<tr>\n<td colspan=\"1\" rowspan=\"1\">Funci\u00f3n<\/td>\n<td colspan=\"1\" rowspan=\"1\">Piezas del eje de transmisi\u00f3n y transmisi\u00f3n de potencia<\/td>\n<\/tr>\n<tr>\n<td colspan=\"1\" rowspan=\"1\">Usar<\/td>\n<td colspan=\"1\" rowspan=\"1\">Tipos de tractores e implementos agr\u00edcolas<\/td>\n<\/tr>\n<tr>\n<td colspan=\"1\" rowspan=\"1\">Nombre de marca<\/td>\n<td colspan=\"1\" rowspan=\"1\">PE<\/td>\n<\/tr>\n<tr>\n<td colspan=\"1\" rowspan=\"1\">Tipo de yugo<\/td>\n<td colspan=\"1\" rowspan=\"1\">Double push pin, Bolt pins, Split pins, Push pin, Quick release, Ball attachment, Collar&#8230;<\/td>\n<\/tr>\n<tr>\n<td colspan=\"1\" rowspan=\"1\">Procesamiento de Yugo<\/td>\n<td colspan=\"1\" rowspan=\"1\">Forja<\/td>\n<\/tr>\n<tr>\n<td colspan=\"1\" rowspan=\"1\">Cubierta de pl\u00e1stico<\/td>\n<td colspan=\"1\" rowspan=\"1\">YW, BW, YS, BS, etc.<\/td>\n<\/tr>\n<tr>\n<td colspan=\"1\" rowspan=\"1\">Color<\/td>\n<td colspan=\"1\" rowspan=\"1\">Verde, naranja, amarillo, negro, etc.<\/td>\n<\/tr>\n<tr>\n<td colspan=\"1\" rowspan=\"1\">Serie<\/td>\n<td colspan=\"1\" rowspan=\"1\">T1-T10, L1-L6, S6-S10, 10HP-150HP con SA, RA, SB, SFF, WA, CV, etc.<\/td>\n<\/tr>\n<tr>\n<td colspan=\"1\" rowspan=\"1\">Tipo de tubo<\/td>\n<td colspan=\"1\" rowspan=\"1\">Lim\u00f3n, Triangular, Estrella, Cuadrado, Hexagonal, Spline, Especial, etc.<\/td>\n<\/tr>\n<tr>\n<td colspan=\"1\" rowspan=\"1\">Procesamiento de tubos<\/td>\n<td colspan=\"1\" rowspan=\"1\">Dibujado en fr\u00edo<\/td>\n<\/tr>\n<tr>\n<td colspan=\"1\" rowspan=\"1\">Tipo de spline<\/td>\n<td colspan=\"1\" rowspan=\"1\">1 1\/8&#8243; Z6, 1 3\/8&#8243; Z6, 1 3\/4&#8243; Z6, 1 3\/8&#8243; Z21, 1 3\/4&#8243; Z20, 8-38*32*6, 8-42*36*7, 8-48*42*8<\/td>\n<\/tr>\n<tr>\n<td colspan=\"1\" rowspan=\"1\">Lugar de origen<\/td>\n<td colspan=\"1\" rowspan=\"1\">Hangzhou, China (Continental)<\/td>\n<\/tr>\n<\/table>\n<p><img decoding=\"async\" src=\"https:\/\/images.hzpt.com\/2023\/06\/xe4ye4bO-PTO-Shaft-Common-Applications.webp\" alt=\"Aplicaciones comunes del eje de toma de fuerza\"><\/p>\n<h3>Escenarios de uso del producto<\/h3>\n<p>Las cubiertas de tubo de horquilla de transmisi\u00f3n de la l\u00ednea de transmisi\u00f3n de piezas de tractores agr\u00edcolas Los ejes de toma de fuerza de transmisi\u00f3n card\u00e1n de acero se utilizan en varios escenarios, incluidos:<\/p>\n<ul>\n<li>Tractores<\/li>\n<li>Herramientas agr\u00edcolas<\/li>\n<li>Maquinaria agr\u00edcola<\/li>\n<li>Equipos de construcci\u00f3n<\/li>\n<li>Maquinaria industrial<\/li>\n<\/ul>\n<p><img decoding=\"async\" src=\"https:\/\/images.hzpt.com\/2023\/06\/xe4ye4bO-PTO-Shaft-Common-Applications.webp\" alt=\"Aplicaciones comunes del eje de toma de fuerza\"><\/p>\n<h3>Historial del producto<\/h3>\n<p>Los ejes de toma de fuerza de transmisi\u00f3n card\u00e1n de acero con cubierta de tubo de horquilla de transmisi\u00f3n de piezas para tractores agr\u00edcolas tienen una larga trayectoria en el sector agr\u00edcola e industrial. Se han mejorado y refinado continuamente para satisfacer las necesidades cambiantes del mercado.<\/p>\n<h3>Clasificaci\u00f3n de productos<\/h3>\n<p>Las cubiertas del tubo del yugo de la l\u00ednea de transmisi\u00f3n de las piezas del tractor agr\u00edcola y los ejes de toma de fuerza de transmisi\u00f3n card\u00e1n de acero se pueden clasificar en diferentes categor\u00edas seg\u00fan su tama\u00f1o, capacidad de potencia y compatibilidad con diferentes modelos de tractores e implementos agr\u00edcolas.<\/p>\n<h3>Ventajas del producto<\/h3>\n<ul>\n<li>Alta resistencia y durabilidad.<\/li>\n<li>F\u00e1cil de instalar y mantener.<\/li>\n<li>Transmisi\u00f3n de potencia suave y confiable<\/li>\n<li>Compatible con una amplia gama de tractores e implementos agr\u00edcolas.<\/li>\n<li>Calidad y rendimiento certificados<\/li>\n<\/ul>\n<h3>Materiales de producto disponibles<\/h3>\n<p>Las cubiertas del tubo del yugo de la l\u00ednea de transmisi\u00f3n de las piezas del tractor agr\u00edcola y los ejes de la toma de fuerza de transmisi\u00f3n card\u00e1n de acero est\u00e1n hechos principalmente de material de acero de alta calidad, lo que garantiza su resistencia y longevidad.<\/p>\n<h3>Instalaci\u00f3n, mantenimiento y reparaci\u00f3n<\/h3>\n<p>Installing, maintaining, and repairing the Agricultural Tractor Parts Driveline Yoke Tube Cover Steel Cardan Drive Pto Shafts is a straightforward process. Follow the manufacturer&#8217;s guidelines for installation, regular maintenance, and any necessary repairs. For detailed instructions, refer to the product manual or consult a professional technician.<\/p>\n<h3>Reemplazo de producto<\/h3>\n<p>Si necesita reemplazar la cubierta del tubo del yugo de la l\u00ednea de transmisi\u00f3n de las piezas del tractor agr\u00edcola, los ejes de la toma de fuerza de la transmisi\u00f3n card\u00e1n de acero, siga estos pasos:<\/p>\n<ol>\n<li>Identifique el modelo y tama\u00f1o espec\u00edfico del eje de toma de fuerza que necesita.<\/li>\n<li>Comun\u00edquese con el proveedor o fabricante original para comprar la pieza de repuesto.<\/li>\n<li>Follow the manufacturer&#8217;s guidelines for replacing the Pto Shaft.<\/li>\n<\/ol>\n<p><img decoding=\"async\" src=\"https:\/\/images.ever-power.net\/2019\/07\/ep_ep_pto-shaft-4.webp\" alt=\"Piezas para tractores agr\u00edcolas\"><\/p>\n<h2>Otros negocios de productos de nuestra empresa<\/h2>\n<p>Adem\u00e1s de las cubiertas de tubo de horquilla de transmisi\u00f3n de acero, ejes de toma de fuerza y transmisi\u00f3n card\u00e1n para tractores agr\u00edcolas, nuestra empresa se especializa en el suministro de varios otros engranajes y componentes pl\u00e1sticos industriales. Nuestra gama de productos incluye cajas de cambios agr\u00edcolas, ejes de salida de potencia, ruedas dentadas, acoplamientos hidr\u00e1ulicos, reductores de engranajes helicoidales, cremalleras, cadenas extra\u00edbles, poleas y poleas, cajas de engranajes planetarios, poleas de distribuci\u00f3n, bujes y m\u00e1s. Nos enorgullecemos de ofrecer productos de alta calidad a precios competitivos, junto con un excelente servicio al cliente. Aceptamos solicitudes de personalizaci\u00f3n y estamos listos para satisfacer sus necesidades espec\u00edficas.<\/p>\n<p><img decoding=\"async\" src=\"https:\/\/images.ever-power.net\/2019\/07\/ep_ep_pto-shaft-4.webp\" alt=\"Piezas para tractores agr\u00edcolas\"><\/p>\n<h2>Preguntas frecuentes (FAQ)<\/h2>\n<ol>\n<li>\n<h3>\u00bfSus productos son forjados o fundidos?<\/h3>\n<p>Todos nuestros productos est\u00e1n forjados, lo que garantiza su calidad superior y durabilidad.<\/p>\n<\/li>\n<li>\n<h3>\u00bfTiene usted un certificado CE?<\/h3>\n<p>S\u00ed, hemos obtenido los certificados CE, TS\/16949 e ISO9001.<\/p>","protected":false},"excerpt":{"rendered":"<p>Introducing Agricultural Tractor Parts Driveline Yoke Tube Cover Steel Cardan Drive Pto Shafts The Agricultural Tractor Parts Driveline Yoke Tube Cover Steel Cardan Drive Pto Shafts are high-quality, new condition products designed for use in various industries. With a weight of 20 KG, these shafts are suitable for hotels, garment shops, building material shops, manufacturing [&hellip;]<\/p>","protected":false},"featured_media":6197,"template":"","meta":{"_et_pb_use_builder":"","_et_pb_old_content":"","_et_gb_content_width":""},"product_brand":[],"product_cat":[11315],"product_tag":[],"class_list":{"0":"post-6198","1":"product","2":"type-product","3":"status-publish","4":"has-post-thumbnail","6":"product_cat-pto-shaft","8":"first","9":"instock","10":"shipping-taxable","11":"product-type-simple"},"_links":{"self":[{"href":"https:\/\/agricultural-gear-boxes.com\/es\/wp-json\/wp\/v2\/product\/6198","targetHints":{"allow":["GET"]}}],"collection":[{"href":"https:\/\/agricultural-gear-boxes.com\/es\/wp-json\/wp\/v2\/product"}],"about":[{"href":"https:\/\/agricultural-gear-boxes.com\/es\/wp-json\/wp\/v2\/types\/product"}],"wp:featuredmedia":[{"embeddable":true,"href":"https:\/\/agricultural-gear-boxes.com\/es\/wp-json\/wp\/v2\/media\/6197"}],"wp:attachment":[{"href":"https:\/\/agricultural-gear-boxes.com\/es\/wp-json\/wp\/v2\/media?parent=6198"}],"wp:term":[{"taxonomy":"product_brand","embeddable":true,"href":"https:\/\/agricultural-gear-boxes.com\/es\/wp-json\/wp\/v2\/product_brand?post=6198"},{"taxonomy":"product_cat","embeddable":true,"href":"https:\/\/agricultural-gear-boxes.com\/es\/wp-json\/wp\/v2\/product_cat?post=6198"},{"taxonomy":"product_tag","embeddable":true,"href":"https:\/\/agricultural-gear-boxes.com\/es\/wp-json\/wp\/v2\/product_tag?post=6198"}],"curies":[{"name":"wp","href":"https:\/\/api.w.org\/{rel}","templated":true}]}}