{"id":6214,"date":"2024-10-30T06:35:01","date_gmt":"2024-10-30T06:35:01","guid":{"rendered":"https:\/\/agricultural-gear-boxes.com\/product\/rotary-tillers-pto-shafts-t32-3276-triangular-tube-spline-yoke-quick-release-pto-shaft\/"},"modified":"2024-10-30T06:35:02","modified_gmt":"2024-10-30T06:35:02","slug":"rotary-tillers-pto-shafts-t32-3276-triangular-tube-spline-yoke-quick-release-pto-shaft","status":"publish","type":"product","link":"https:\/\/agricultural-gear-boxes.com\/es\/product\/rotary-tillers-pto-shafts-t32-3276-triangular-tube-spline-yoke-quick-release-pto-shaft\/","title":{"rendered":"Ejes de toma de fuerza para cultivadores rotativos T32 32*76, horquilla estriada de tubo triangular, eje de toma de fuerza de liberaci\u00f3n r\u00e1pida"},"content":{"rendered":"<h2>Ejes de toma de fuerza para motocultores: una gu\u00eda completa<\/h2>\n<p>Si est\u00e1 buscando ejes de toma de fuerza confiables para sus tractores e implementos agr\u00edcolas, ha llegado al lugar correcto. Nuestros ejes de toma de fuerza para cultivadores rotativos T32 32*76 con horquilla de estr\u00edas de tubo triangular son perfectos para una amplia gama de aplicaciones, desde la cosecha hasta el procesamiento de alimentos y bebidas, la fabricaci\u00f3n y la reparaci\u00f3n de maquinaria.<\/p>\n<h3>Escenarios de uso<\/h3>\n<p>Nuestros ejes de toma de fuerza para motocultores son ideales para tractores e implementos agr\u00edcolas, ya que proporcionan una transmisi\u00f3n de potencia eficiente y un rendimiento confiable incluso en las condiciones m\u00e1s dif\u00edciles. Se utilizan com\u00fanmente para:<\/p>\n<ul>\n<li>Labrando la tierra y preparando lechos de semillas<\/li>\n<li>Plantaci\u00f3n y cultivo de cosechas<\/li>\n<li>Cortar el c\u00e9sped y cortar el heno<\/li>\n<li>Cosecha de cultivos y transporte de productos agr\u00edcolas.<\/li>\n<li>Mezcla de piensos y procesamiento de productos alimenticios y bebidas.<\/li>\n<\/ul>\n<p><img decoding=\"async\" src=\"https:\/\/images.hzpt.com\/2023\/06\/xe4ye4bO-PTO-Shaft-Common-Applications.webp\"><\/p>\n<h3>Historial y clasificaci\u00f3n del producto<\/h3>\n<p>Los ejes de toma de fuerza se han utilizado en la agricultura durante m\u00e1s de un siglo, brindando a los agricultores un medio confiable para transmitir potencia desde sus tractores a sus diversos implementos. Hoy en d\u00eda, existen muchos tipos diferentes de ejes de toma de fuerza disponibles, incluidos:<\/p>\n<ul>\n<li>Ejes de toma de fuerza est\u00e1ndar<\/li>\n<li>Ejes de toma de fuerza de velocidad constante (CV)<\/li>\n<li>Ejes de toma de fuerza telesc\u00f3picos<\/li>\n<li>Ejes de toma de fuerza Walterscheid<\/li>\n<li>Ejes de toma de fuerza con cambio de collar<\/li>\n<\/ul>\n<h3>Ventajas y materiales disponibles<\/h3>\n<p>Los ejes de toma de fuerza de nuestros cultivadores rotativos est\u00e1n dise\u00f1ados para brindar un rendimiento confiable y una larga vida \u00fatil, con caracter\u00edsticas como:<\/p>\n<ul>\n<li>Yugos forjados para m\u00e1xima resistencia y durabilidad.<\/li>\n<li>Tubos estirados en fr\u00edo para tolerancias precisas y un funcionamiento suave<\/li>\n<li>Formas y tama\u00f1os de tubos personalizados para satisfacer sus necesidades espec\u00edficas.<\/li>\n<li>Pasadores de presi\u00f3n para una f\u00e1cil colocaci\u00f3n y extracci\u00f3n<\/li>\n<li>Certificaciones CE, ISO y TS para garant\u00eda de calidad<\/li>\n<\/ul>\n<p>Ofrecemos una amplia gama de materiales para nuestros ejes TDF, incluidos:<\/p>\n<ul>\n<li>Acero carbono<\/li>\n<li>Acero aleado<\/li>\n<li>Acero inoxidable<\/li>\n<li>Aluminio<\/li>\n<li>Pl\u00e1stico<\/li>\n<\/ul>\n<h3>Instalaci\u00f3n, mantenimiento y reparaci\u00f3n<\/h3>\n<p>La instalaci\u00f3n, el mantenimiento y la reparaci\u00f3n adecuados son fundamentales para garantizar el rendimiento confiable y la larga vida \u00fatil de los ejes de la TDF de sus cultivadores rotativos. A continuaci\u00f3n, se ofrecen algunos consejos para ayudarlo a aprovechar al m\u00e1ximo sus ejes de la TDF:<\/p>\n<ul>\n<li>Always follow the manufacturer&#8217;s instructions for installation and use<\/li>\n<li>Inspeccione peri\u00f3dicamente el eje de la toma de fuerza para detectar signos de desgaste o da\u00f1os.<\/li>\n<li>Reemplace inmediatamente cualquier componente desgastado o da\u00f1ado para evitar da\u00f1os mayores.<\/li>\n<li>Utilice lubricantes de alta calidad para mantener el eje de la toma de fuerza funcionando sin problemas<\/li>\n<li>Guarde el eje de la toma de fuerza en un \u00e1rea seca, limpia y protegida cuando no est\u00e9 en uso<\/li>\n<\/ul>\n<h3>Reemplazo<\/h3>\n<p>Si necesita reemplazar los ejes de la TDF de sus cultivadores rotativos, es importante elegir las piezas de repuesto adecuadas para garantizar un ajuste y un funcionamiento adecuados. Nuestros ejes de la TDF est\u00e1n dise\u00f1ados para ser compatibles con una amplia gama de tractores e implementos agr\u00edcolas, y ofrecemos una variedad de piezas de repuesto para satisfacer sus necesidades espec\u00edficas.<\/p>\n<p><img decoding=\"async\" src=\"https:\/\/images.ever-power.net\/2019\/07\/ep_ep_pto-shaft-4.webp\"><\/p>\n<h2>Otros productos<\/h2>\n<p>Adem\u00e1s de nuestros ejes de toma de fuerza para motocultores, tambi\u00e9n ofrecemos una amplia gama de otros engranajes pl\u00e1sticos industriales para satisfacer sus necesidades. Nuestros productos incluyen:<\/p>\n<ul>\n<li>Cajas de cambios agr\u00edcolas<\/li>\n<li>Ejes de salida de potencia<\/li>\n<li>Pi\u00f1ones<\/li>\n<li>Acoplamientos hidr\u00e1ulicos<\/li>\n<li>Reductores de engranajes helicoidales<\/li>\n<li>Cremalleras<\/li>\n<li>Cadenas desmontables<\/li>\n<li>Poleas y poleas<\/li>\n<li>Cajas de engranajes planetarios<\/li>\n<li>Poleas de distribuci\u00f3n<\/li>\n<li>Bujes<\/li>\n<\/ul>\n<p>Nos enorgullecemos de ofrecer productos de alta calidad a precios competitivos, respaldados por un servicio al cliente y una asistencia excepcionales. Ya sea que necesite una sola pieza o una soluci\u00f3n completa, estamos aqu\u00ed para ayudarlo.<\/p>\n<h2>Preguntas y respuestas<\/h2>\n<h3>1. \u00bfQu\u00e9 es un eje de toma de fuerza?<\/h3>\n<p>A PTO shaft is a mechanical component that connects a tractor&#8217;s power take-off (PTO) to an implement&#8217;s driveline. It provides a reliable means of transmitting power from the tractor to the implement, allowing farmers to operate a wide range of equipment with their tractors.<\/p>\n<h3>2. \u00bfCu\u00e1les son algunos usos comunes de los ejes de toma de fuerza de las cultivadoras rotativas?<\/h3>\n<p>Los ejes de toma de fuerza de las cultivadoras rotativas se utilizan com\u00fanmente para labrar la tierra y preparar lechos de semillas, plantar y cultivar cosechas, cortar c\u00e9sped y heno, cosechar cosechas y transportar productos agr\u00edcolas, y mezclar alimentos y procesar alimentos y bebidas.<\/p>\n<h3>3. \u00bfDe qu\u00e9 materiales est\u00e1n hechos los ejes de toma de fuerza de las motoazadas?<\/h3>\n<p>Los ejes de toma de fuerza de las motoazadas pueden estar hechos de distintos materiales, como acero al carbono, acero aleado, acero inoxidable, aluminio y pl\u00e1stico. La elecci\u00f3n del material depende de la aplicaci\u00f3n espec\u00edfica y de las condiciones de funcionamiento.<\/p>\n<h3>4. \u00bfC\u00f3mo instalo y mantengo los ejes de toma de fuerza de mis cultivadores rotativos?<\/h3>\n<p>Proper installation, maintenance, and repair are critical to ensuring the reliable performance and long service life of your rotary tillers PTO shafts. Always follow the manufacturer&#8217;s instructions for installation and use, inspect your PTO shaft regularly for signs of wear or damage, replace any worn or damaged components immediately to prevent further damage, use high-quality lubricants to keep your PTO shaft operating smoothly, and store your PTO shaft in a dry, clean, and protected area when not in use.<\/p>\n<h3>5. \u00bfQu\u00e9 otros productos ofrece su empresa?<\/h3>\n<p>Adem\u00e1s de los ejes de toma de fuerza para motocultores, nuestra empresa ofrece una amplia gama de otros engranajes pl\u00e1sticos industriales, incluidas cajas de engranajes agr\u00edcolas, ejes de salida de potencia, ruedas dentadas, acoplamientos hidr\u00e1ulicos, reductores de engranajes helicoidales, cremalleras, cadenas desmontables, poleas y poleas, cajas de engranajes planetarios, poleas de distribuci\u00f3n, bujes y m\u00e1s. Nos enorgullecemos de ofrecer productos de alta calidad a precios competitivos, respaldados por un servicio y soporte al cliente excepcionales.<\/p>","protected":false},"excerpt":{"rendered":"<p>Rotary Tillers PTO Shafts: A Comprehensive Guide If you are looking for reliable PTO shafts for your tractors and farm implements, you have come to the right place. Our rotary tillers PTO shafts T32 32*76 triangular tube spline yoke are perfect for a wide range of applications, from harvesting to food and beverage processing, manufacturing, [&hellip;]<\/p>","protected":false},"featured_media":6213,"template":"","meta":{"_et_pb_use_builder":"","_et_pb_old_content":"","_et_gb_content_width":""},"product_brand":[],"product_cat":[11315],"product_tag":[],"class_list":{"0":"post-6214","1":"product","2":"type-product","3":"status-publish","4":"has-post-thumbnail","6":"product_cat-pto-shaft","8":"first","9":"instock","10":"shipping-taxable","11":"product-type-simple"},"_links":{"self":[{"href":"https:\/\/agricultural-gear-boxes.com\/es\/wp-json\/wp\/v2\/product\/6214","targetHints":{"allow":["GET"]}}],"collection":[{"href":"https:\/\/agricultural-gear-boxes.com\/es\/wp-json\/wp\/v2\/product"}],"about":[{"href":"https:\/\/agricultural-gear-boxes.com\/es\/wp-json\/wp\/v2\/types\/product"}],"wp:featuredmedia":[{"embeddable":true,"href":"https:\/\/agricultural-gear-boxes.com\/es\/wp-json\/wp\/v2\/media\/6213"}],"wp:attachment":[{"href":"https:\/\/agricultural-gear-boxes.com\/es\/wp-json\/wp\/v2\/media?parent=6214"}],"wp:term":[{"taxonomy":"product_brand","embeddable":true,"href":"https:\/\/agricultural-gear-boxes.com\/es\/wp-json\/wp\/v2\/product_brand?post=6214"},{"taxonomy":"product_cat","embeddable":true,"href":"https:\/\/agricultural-gear-boxes.com\/es\/wp-json\/wp\/v2\/product_cat?post=6214"},{"taxonomy":"product_tag","embeddable":true,"href":"https:\/\/agricultural-gear-boxes.com\/es\/wp-json\/wp\/v2\/product_tag?post=6214"}],"curies":[{"name":"wp","href":"https:\/\/api.w.org\/{rel}","templated":true}]}}