{"id":6218,"date":"2024-10-30T06:35:18","date_gmt":"2024-10-30T06:35:18","guid":{"rendered":"https:\/\/agricultural-gear-boxes.com\/product\/pto-shaft-for-agricultural-machinery-t32-620mm-rotary-tillers-pto-shafts\/"},"modified":"2024-10-30T06:35:18","modified_gmt":"2024-10-30T06:35:18","slug":"pto-shaft-for-agricultural-machinery-t32-620mm-rotary-tillers-pto-shafts","status":"publish","type":"product","link":"https:\/\/agricultural-gear-boxes.com\/es\/product\/pto-shaft-for-agricultural-machinery-t32-620mm-rotary-tillers-pto-shafts\/","title":{"rendered":"Eje de toma de fuerza para maquinaria agr\u00edcola T32 620mm motocultores ejes de toma de fuerza"},"content":{"rendered":"<h2>Eje de toma de fuerza para maquinaria agr\u00edcola T32 620 mm Cultivadores rotativos Ejes de toma de fuerza<\/h2>\n<p>El eje de toma de fuerza para maquinaria agr\u00edcola T32 620 mm para motocultores es un producto nuevo que viene con una garant\u00eda de 1 a\u00f1o. Est\u00e1 dise\u00f1ado para su uso en diversas industrias, como hoteles, tiendas de ropa, tiendas de materiales de construcci\u00f3n, plantas de fabricaci\u00f3n, talleres de reparaci\u00f3n de maquinaria, f\u00e1bricas de alimentos y bebidas, granjas, restaurantes, uso dom\u00e9stico, venta minorista, tiendas de alimentos, imprentas, obras de construcci\u00f3n, energ\u00eda y miner\u00eda, tiendas de alimentos y bebidas, y otros. Este producto pesa 10 KG y est\u00e1 disponible en color negro.<\/p>\n<h3>Escenarios de uso<\/h3>\n<p>El eje de toma de fuerza para maquinaria agr\u00edcola T32 620 mm Los ejes de toma de fuerza para motocultores rotativos se utilizan en tractores e implementos agr\u00edcolas para la cosecha. Es una parte esencial de la maquinaria agr\u00edcola, ya que proporciona transmisi\u00f3n de potencia desde el tractor hasta el implemento. Este producto se utiliza com\u00fanmente en diversas aplicaciones agr\u00edcolas, como la labranza del suelo, el arado, la siembra y la cosecha. Tambi\u00e9n se utiliza en cortadoras de c\u00e9sped y otros equipos relacionados. <\/p>\n<p><img decoding=\"async\" src=\"https:\/\/images.hzpt.com\/2023\/06\/xe4ye4bO-PTO-Shaft-Common-Applications.webp\" alt=\"Aplicaciones comunes del eje de toma de fuerza\" \/><\/p>\n<h3>Ventajas<\/h3>\n<ul>\n<li>El eje est\u00e1 fabricado con materiales de alta calidad, lo que lo hace duradero y resistente.<\/li>\n<li>El yugo est\u00e1 forjado y procesado, lo que garantiza resistencia y estabilidad.<\/li>\n<li>Los tubos son personalizados y estirados en fr\u00edo, proporcionando precisi\u00f3n y calidad.<\/li>\n<li>El eje es f\u00e1cil de instalar, mantener y reparar.<\/li>\n<li>El producto est\u00e1 disponible en varios tama\u00f1os y tipos, lo que lo hace vers\u00e1til y adaptable a diferentes necesidades.<\/li>\n<\/ul>\n<h3>Clasificaci\u00f3n de productos<\/h3>\n<p>The PTO Shaft for Agricultural Machinery T32 620mm Rotary Tillers PTO Shafts is classified based on its size, type, and usage. It comes in various sizes such as T1-T10, L1-L6, S6-S10, and 10HP-150HP, with different types such as SA, RA, SB, SFF, WA, and CV. This product has different spline types such as 1 1\/8&#8243; Z6, 1 3\/8&#8243; Z6, 1 3\/8&#8243; Z21, 1 3\/4&#8243; Z20, 1 3\/4&#8243; Z6, and 8-38*32*6 8-42*36*7; 8-48*42*8. The PTO Shaft for Agricultural Machinery T32 620mm Rotary Tillers PTO Shafts is mainly designed for use in tractors and farm implements for harvesting.<\/p>\n<h3>Materiales utilizados<\/h3>\n<p>El eje est\u00e1 fabricado con materiales de alta calidad, como acero, aluminio y fibra de carbono. El yugo est\u00e1 forjado y procesado, lo que le proporciona resistencia y estabilidad. Los tubos est\u00e1n personalizados y estirados en fr\u00edo, lo que garantiza precisi\u00f3n y calidad.<\/p>\n<h3>Instalaci\u00f3n, mantenimiento y reparaci\u00f3n<\/h3>\n<p>El eje de la TDF para motocultores rotativos T32 de 620 mm para maquinaria agr\u00edcola es f\u00e1cil de instalar, mantener y reparar. Viene con un manual completo que proporciona instrucciones paso a paso sobre c\u00f3mo instalar y mantener el producto. El mantenimiento implica la limpieza y lubricaci\u00f3n peri\u00f3dicas del eje y el yugo. La reparaci\u00f3n implica la sustituci\u00f3n de tubos, yugos y otros componentes da\u00f1ados. <\/p>\n<h2>Otros productos<\/h2>\n<p>Tambi\u00e9n suministramos diversos engranajes pl\u00e1sticos industriales, como cajas de engranajes agr\u00edcolas, ejes de salida de potencia, ruedas dentadas, acoplamientos hidr\u00e1ulicos, reductores de tornillo sin fin, cremalleras, cadenas desmontables, poleas y poleas, cajas de engranajes planetarios, poleas de distribuci\u00f3n, bujes, etc. Nuestros productos son de alta calidad, se ofrecen a precios preferenciales y vienen con servicios pensados. Damos la bienvenida a los clientes para que personalicen con im\u00e1genes y muestras.<\/p>\n<p><img decoding=\"async\" src=\"https:\/\/images.ever-power.net\/2019\/07\/ep_ep_pto-shaft-4.webp\" alt=\"Eje de toma de fuerza\" \/><\/p>\n<h2>Preguntas y respuestas<\/h2>\n<h3>1. \u00bfPara qu\u00e9 se utilizan los ejes de toma de fuerza para cultivadores rotativos T32 de 620 mm para maquinaria agr\u00edcola?<\/h3>\n<p>El eje de toma de fuerza para maquinaria agr\u00edcola T32 620 mm Los ejes de toma de fuerza se utilizan en tractores e implementos agr\u00edcolas para la cosecha. Proporcionan transmisi\u00f3n de potencia desde el tractor hasta el implemento.<\/p>\n<h3>2. \u00bfCu\u00e1les son las ventajas del eje de toma de fuerza para maquinaria agr\u00edcola T32 620 mm Cultivadores rotativos Ejes de toma de fuerza?<\/h3>\n<p>Las ventajas del eje de toma de fuerza para maquinaria agr\u00edcola T32 620 mm Cultivadores rotativos Los ejes de toma de fuerza incluyen su durabilidad, resistencia, estabilidad, precisi\u00f3n, versatilidad y adaptabilidad a diferentes necesidades.<\/p>\n<h3>3. \u00bfC\u00f3mo se clasifica el eje de toma de fuerza para maquinaria agr\u00edcola T32 620mm Rotary Tillers TDF Shafts?<\/h3>\n<p>El eje de toma de fuerza para maquinaria agr\u00edcola T32 620 mm Los ejes de toma de fuerza para cultivadores rotativos se clasifican seg\u00fan su tama\u00f1o, tipo y uso.<\/p>\n<h3>4. \u00bfQu\u00e9 materiales se utilizan en la fabricaci\u00f3n del eje de toma de fuerza para maquinaria agr\u00edcola T32 620 mm?<\/h3>\n<p>El eje de toma de fuerza para maquinaria agr\u00edcola T32 620 mm Los ejes de toma de fuerza para cultivadores rotativos est\u00e1n fabricados con materiales de alta calidad como acero, aluminio y fibra de carbono.<\/p>\n<h3>5. \u00bfC\u00f3mo se instala, mantiene y repara el eje de toma de fuerza para ejes de toma de fuerza de cultivadores rotativos T32 de 620 mm para maquinaria agr\u00edcola?<\/h3>\n<p>El eje de la TDF para motocultores rotativos T32 de 620 mm para maquinaria agr\u00edcola es f\u00e1cil de instalar, mantener y reparar. Viene con un manual completo que proporciona instrucciones paso a paso sobre c\u00f3mo instalar y mantener el producto. El mantenimiento implica la limpieza y lubricaci\u00f3n peri\u00f3dicas del eje y el yugo. La reparaci\u00f3n implica la sustituci\u00f3n de tubos, yugos y otros componentes da\u00f1ados.<\/p>\n<p style=\"color:red;\">Todo el contenido de la p\u00e1gina proviene de Internet y el contenido solo se utiliza como referencia para la selecci\u00f3n de productos. Nuestros productos son accesorios y no repuestos originales; no somos los propietarios de la marca registrada original del contenido. Nuestros productos solo son adecuados para accesorios de posventa en lugar de repuestos originales. Nuestros accesorios pueden adaptarse perfectamente a los repuestos originales; si necesita comprar repuestos originales, comun\u00edquese con la f\u00e1brica original para comprarlos.<\/p>\n<p>Autor: lmc<\/p>","protected":false},"excerpt":{"rendered":"<p>PTO Shaft for Agricultural Machinery T32 620mm Rotary Tillers PTO Shafts The PTO Shaft for Agricultural Machinery T32 620mm Rotary Tillers PTO Shafts is a new product that comes with a 1-year warranty. It is designed for use in various industries such as hotels, garment shops, building material shops, manufacturing plants, machinery repair shops, food [&hellip;]<\/p>","protected":false},"featured_media":6217,"template":"","meta":{"_et_pb_use_builder":"","_et_pb_old_content":"","_et_gb_content_width":""},"product_brand":[],"product_cat":[11315],"product_tag":[],"class_list":{"0":"post-6218","1":"product","2":"type-product","3":"status-publish","4":"has-post-thumbnail","6":"product_cat-pto-shaft","8":"first","9":"instock","10":"shipping-taxable","11":"product-type-simple"},"_links":{"self":[{"href":"https:\/\/agricultural-gear-boxes.com\/es\/wp-json\/wp\/v2\/product\/6218","targetHints":{"allow":["GET"]}}],"collection":[{"href":"https:\/\/agricultural-gear-boxes.com\/es\/wp-json\/wp\/v2\/product"}],"about":[{"href":"https:\/\/agricultural-gear-boxes.com\/es\/wp-json\/wp\/v2\/types\/product"}],"wp:featuredmedia":[{"embeddable":true,"href":"https:\/\/agricultural-gear-boxes.com\/es\/wp-json\/wp\/v2\/media\/6217"}],"wp:attachment":[{"href":"https:\/\/agricultural-gear-boxes.com\/es\/wp-json\/wp\/v2\/media?parent=6218"}],"wp:term":[{"taxonomy":"product_brand","embeddable":true,"href":"https:\/\/agricultural-gear-boxes.com\/es\/wp-json\/wp\/v2\/product_brand?post=6218"},{"taxonomy":"product_cat","embeddable":true,"href":"https:\/\/agricultural-gear-boxes.com\/es\/wp-json\/wp\/v2\/product_cat?post=6218"},{"taxonomy":"product_tag","embeddable":true,"href":"https:\/\/agricultural-gear-boxes.com\/es\/wp-json\/wp\/v2\/product_tag?post=6218"}],"curies":[{"name":"wp","href":"https:\/\/api.w.org\/{rel}","templated":true}]}}