{"id":6220,"date":"2024-10-30T06:35:26","date_gmt":"2024-10-30T06:35:26","guid":{"rendered":"https:\/\/agricultural-gear-boxes.com\/product\/hot-sale-pto-shafts-for-agricultural-tractors-cross-universal-joint-drive-shaft\/"},"modified":"2024-10-30T06:35:27","modified_gmt":"2024-10-30T06:35:27","slug":"hot-sale-pto-shafts-for-agricultural-tractors-cross-universal-joint-drive-shaft","status":"publish","type":"product","link":"https:\/\/agricultural-gear-boxes.com\/es\/product\/hot-sale-pto-shafts-for-agricultural-tractors-cross-universal-joint-drive-shaft\/","title":{"rendered":"Venta caliente de ejes de toma de fuerza para tractores agr\u00edcolas, eje de transmisi\u00f3n de junta universal cruzada"},"content":{"rendered":"<h2>Eje de transmisi\u00f3n de junta universal cruzada para tractores agr\u00edcolas<\/h2>\n<p>El eje de transmisi\u00f3n de junta universal cruzada para tractores agr\u00edcolas es un producto nuevo en 2020. Es un tipo de eje que se utiliza en tractores e implementos agr\u00edcolas. El eje est\u00e1 hecho de acero y los tubos son tubos triangulares. Est\u00e1 disponible en negro y el tama\u00f1o es personalizable. El eje de transmisi\u00f3n tiene una garant\u00eda de 1 a\u00f1o y es adecuado para diversas industrias, como hoteles, tiendas de ropa, plantas de fabricaci\u00f3n y m\u00e1s.<\/p>\n<p><img decoding=\"async\" src=\"https:\/\/images.hzpt.com\/2023\/06\/xe4ye4bO-PTO-Shaft-Common-Applications.webp\" alt=\"Aplicaciones comunes del eje de toma de fuerza\"><\/p>\n<h3>Escenarios de uso<\/h3>\n<p>El eje de la toma de fuerza se utiliza com\u00fanmente en tractores e implementos agr\u00edcolas. Se utiliza para transferir potencia del motor a otras partes de la maquinaria. El eje de la toma de fuerza es esencial para operar varios implementos, como segadoras, empacadoras y cultivadores. Tambi\u00e9n se utiliza en otras aplicaciones de maquinaria que requieren una fuente de energ\u00eda rotativa. <\/p>\n<h3>Ventajas del eje de toma de fuerza<\/h3>\n<ul>\n<li>Material de acero de alta calidad para mayor durabilidad y larga vida \u00fatil.<\/li>\n<li>Tama\u00f1o personalizable para diversas aplicaciones.<\/li>\n<li>Tubos triangulares de alta resistencia y estabilidad.<\/li>\n<li>F\u00e1cil de instalar y mantener.<\/li>\n<li>Yugo forjado y tubo estirado en fr\u00edo para una alta precisi\u00f3n y exactitud.<\/li>\n<\/ul>\n<h3>Clasificaci\u00f3n<\/h3>\n<p>El eje de la toma de fuerza se puede clasificar en funci\u00f3n de varios factores, como el tipo de estr\u00edas, el tipo de tubo y el tipo de horquilla. Hay varios tipos de estr\u00edas disponibles, como 1 1\/8&quot;-Z6, 1 3\/8&quot;-Z6, 1 3\/4&quot;-Z6, 1 3\/8&quot;-Z21, 1 3\/4&quot;-Z20, estr\u00edas 8X42X48X8 y 8X32X38X6. El tubo se puede clasificar en lim\u00f3n, triangular, estrella, cuadrado, hexagonal, estriado y especial. El tipo de horquilla se puede clasificar en pasador de empuje doble, pasadores de perno, pasadores partidos, pasador de empuje, liberaci\u00f3n r\u00e1pida, fijaci\u00f3n de bola, collar y m\u00e1s.<\/p>\n<h3>Materiales de producto disponibles<\/h3>\n<p>El eje de la toma de fuerza est\u00e1 fabricado con acero de alta calidad. El yugo est\u00e1 forjado y el tubo est\u00e1 estirado en fr\u00edo para lograr una alta precisi\u00f3n y exactitud. Los tubos triangulares proporcionan una gran estabilidad y resistencia al eje.<\/p>\n<h3>Instalaci\u00f3n, mantenimiento y reparaci\u00f3n<\/h3>\n<p>El eje de la toma de fuerza es f\u00e1cil de instalar y mantener. Es importante revisar y lubricar el eje peri\u00f3dicamente para garantizar un funcionamiento sin problemas. Si se produce alg\u00fan da\u00f1o en el eje, se debe reparar o reemplazar de inmediato para evitar da\u00f1os mayores.<\/p>\n<h3>Preguntas frecuentes<\/h3>\n<ol>\n<li>P: \u00bfLos productos son forjados o fundidos?<br \/>\nA: Todos los productos son forjados.<\/li>\n<li>P: \u00bfTiene certificaci\u00f3n CE?<br \/>\nR: S\u00ed, tenemos certificados CE, TS\/16949 e ISO9001.<\/li>\n<li>P: \u00bfCu\u00e1l es la capacidad de potencia del eje de la toma de fuerza?<br \/>\nR: Ofrecemos una gama completa de ejes TDF, que van desde 16 HP a 200 HP.<\/li>\n<li>P: \u00bfCu\u00e1ntas especificaciones estriadas tienes?<br \/>\nA: Producimos estr\u00edas de 1 1\/8&quot;-Z6, 1 3\/8&quot;-Z6, 1 3\/4&quot;-Z6, 1 3\/8&quot;-Z21, 1 3\/4&quot;-Z20, 8X42X48X8 y 8X32X38X6.<\/li>\n<li>P: \u00bfCuales son sus condiciones de pago?<br \/>\nA: Aceptamos T\/T, L\/C, D\/A y D\/P.<\/li>\n<\/ol>\n<p>Suministramos principalmente diversos engranajes pl\u00e1sticos industriales, como cajas de engranajes agr\u00edcolas, ejes de salida de potencia, ruedas dentadas, acoplamientos hidr\u00e1ulicos, reductores de tornillo sin fin, cremalleras, cadenas desmontables, poleas y poleas, cajas de engranajes planetarios, poleas de distribuci\u00f3n, bujes, etc. Nuestros productos son de alta calidad y tienen un precio preferencial. Tambi\u00e9n ofrecemos servicios pensados y damos la bienvenida a los clientes para que personalicen los productos con im\u00e1genes y muestras.<\/p>\n<p><img decoding=\"async\" src=\"https:\/\/images.ever-power.net\/2019\/07\/ep_ep_pto-shaft-4.webp\" alt=\"Eje de toma de fuerza\"><\/p>\n<p><font color=\"red\">Descargo de responsabilidad: El contenido de esta p\u00e1gina proviene de Internet y solo se utiliza como referencia para la selecci\u00f3n de productos. Nuestros productos son accesorios y no repuestos originales; no somos los propietarios de la marca registrada original del contenido. Nuestros productos solo son adecuados para accesorios de posventa en lugar de repuestos originales. Nuestros accesorios pueden adaptarse perfectamente a los repuestos originales; si necesita comprar repuestos originales, comun\u00edquese con la f\u00e1brica original para comprarlos.<\/font><\/p>\n<p>Autor: lmc<\/p>","protected":false},"excerpt":{"rendered":"<p>PTO Shaft for Agricultural Tractors Cross Universal Joint Drive Shaft The PTO shaft for agricultural tractors cross universal joint drive shaft is a new product in 2020. It is a type of shaft that is used in tractors and farm implements. The shaft is made of steel and the tubes are triangular tubes. It is [&hellip;]<\/p>","protected":false},"featured_media":6219,"template":"","meta":{"_et_pb_use_builder":"","_et_pb_old_content":"","_et_gb_content_width":""},"product_brand":[],"product_cat":[11315],"product_tag":[],"class_list":{"0":"post-6220","1":"product","2":"type-product","3":"status-publish","4":"has-post-thumbnail","6":"product_cat-pto-shaft","8":"first","9":"instock","10":"shipping-taxable","11":"product-type-simple"},"_links":{"self":[{"href":"https:\/\/agricultural-gear-boxes.com\/es\/wp-json\/wp\/v2\/product\/6220","targetHints":{"allow":["GET"]}}],"collection":[{"href":"https:\/\/agricultural-gear-boxes.com\/es\/wp-json\/wp\/v2\/product"}],"about":[{"href":"https:\/\/agricultural-gear-boxes.com\/es\/wp-json\/wp\/v2\/types\/product"}],"wp:featuredmedia":[{"embeddable":true,"href":"https:\/\/agricultural-gear-boxes.com\/es\/wp-json\/wp\/v2\/media\/6219"}],"wp:attachment":[{"href":"https:\/\/agricultural-gear-boxes.com\/es\/wp-json\/wp\/v2\/media?parent=6220"}],"wp:term":[{"taxonomy":"product_brand","embeddable":true,"href":"https:\/\/agricultural-gear-boxes.com\/es\/wp-json\/wp\/v2\/product_brand?post=6220"},{"taxonomy":"product_cat","embeddable":true,"href":"https:\/\/agricultural-gear-boxes.com\/es\/wp-json\/wp\/v2\/product_cat?post=6220"},{"taxonomy":"product_tag","embeddable":true,"href":"https:\/\/agricultural-gear-boxes.com\/es\/wp-json\/wp\/v2\/product_tag?post=6220"}],"curies":[{"name":"wp","href":"https:\/\/api.w.org\/{rel}","templated":true}]}}