{"id":6468,"date":"2024-11-08T06:35:07","date_gmt":"2024-11-08T06:35:07","guid":{"rendered":"https:\/\/agricultural-gear-boxes.com\/product\/motocycle-chain-sprocket-kit-2\/"},"modified":"2024-11-08T06:35:10","modified_gmt":"2024-11-08T06:35:10","slug":"motocycle-chain-sprocket-kit-2","status":"publish","type":"product","link":"https:\/\/agricultural-gear-boxes.com\/es\/product\/motocycle-chain-sprocket-kit-2\/","title":{"rendered":"Kit de pi\u00f1\u00f3n de cadena de motocicleta"},"content":{"rendered":"<h2>Actualice su motocicleta con un kit de pi\u00f1\u00f3n de cadena de alta calidad<\/h2>\n<p>If you&#8217;re looking to keep your motorcycle in top condition, you need a high-quality chain sprocket kit. Our range of motorcycle chain and sprocket kits offers everything you need to keep your wheels turning smoothly and safely. <\/p>\n<p><img loading=\"lazy\" decoding=\"async\" class=\"alignnone size-full wp-image-5256 aligncenter\" src=\"https:\/\/www.ever-power.net\/wp-content\/uploads\/2019\/08\/Motocycle-Chain-Sprocket-Kit-1.jpg\" alt=\"\" width=\"750\" height=\"750\" \/><\/p>\n<h3>\u00bfQu\u00e9 son los kits de pi\u00f1ones de cadena y c\u00f3mo se utilizan?<\/h3>\n<p>Chain sprocket kits are essential components in a motorcycle&#8217;s drivetrain system. The chain sprocket kit usually consists of a front sprocket, rear sprocket, and a drive chain. The front sprocket connects to the motorcycle&#8217;s gearbox and the rear sprocket connects to the rear wheel. The chain transfers power from the gearbox to the rear wheel by rotating the sprockets. <\/p>\n<p>Los kits de pi\u00f1ones de cadena son vitales porque controlan la velocidad y la aceleraci\u00f3n de una motocicleta. El tama\u00f1o del pi\u00f1\u00f3n determina la relaci\u00f3n de transmisi\u00f3n, que afecta el par motor y la aceleraci\u00f3n. Cuanto m\u00e1s grande sea el pi\u00f1\u00f3n delantero o m\u00e1s peque\u00f1o el pi\u00f1\u00f3n trasero, mayor ser\u00e1 la relaci\u00f3n de transmisi\u00f3n y m\u00e1s r\u00e1pido ir\u00e1 su motocicleta. Por el contrario, cuanto m\u00e1s peque\u00f1o sea el pi\u00f1\u00f3n delantero o m\u00e1s grande el pi\u00f1\u00f3n trasero, menor ser\u00e1 la relaci\u00f3n de transmisi\u00f3n y m\u00e1s lento ir\u00e1 su motocicleta. <\/p>\n<p>Los kits de pi\u00f1ones de cadena tambi\u00e9n son importantes para la alineaci\u00f3n y tensi\u00f3n adecuadas de la cadena, lo que puede afectar la vida \u00fatil de la cadena y los pi\u00f1ones. La instalaci\u00f3n, el mantenimiento y la reparaci\u00f3n adecuados de los kits de pi\u00f1ones de cadena son esenciales para garantizar que su motocicleta funcione de manera suave y segura.<\/p>\n<h3>Historia y ventajas de los kits de pi\u00f1ones de cadena<\/h3>\n<p>Las ruedas dentadas de cadena se han utilizado en motocicletas desde finales del siglo XIX. Inicialmente estaban hechas de hierro forjado y luego se fabricaron de acero, aluminio y otros materiales. Hoy en d\u00eda, los kits de ruedas dentadas de cadena est\u00e1n hechos de acero de alta calidad, aleaciones de aluminio o incluso aleaciones de titanio, que ofrecen resistencia, durabilidad y ligereza. <\/p>\n<p>Chain sprocket kits have several advantages, including improved acceleration, better fuel efficiency, reduced chain noise, and smoother shifting. The right chain sprocket kit can also increase the lifespan of your motorcycle&#8217;s drivetrain system and reduce maintenance costs. <\/p>\n<h3>C\u00f3mo elegir el kit de pi\u00f1\u00f3n de cadena adecuado<\/h3>\n<p>When selecting a chain sprocket kit, you should consider the make and model of your motorcycle, the number of teeth on the sprockets, the type of chain, and the kit&#8217;s brand and quality. There are several reputable brands on the market, including D.I.D, RK Racing, and Triple S motorcycle chain kits, all of which we stock. <\/p>\n<p>To install, maintain, or repair your chain sprocket kit, you should follow the manufacturer&#8217;s instructions carefully and use the right tools. Proper lubrication of the chain is also essential to prevent damage and wear. <\/p>\n<h3>Otros productos nuestros de engranajes pl\u00e1sticos industriales<\/h3>\n<p>Adem\u00e1s de nuestros kits de cadenas y pi\u00f1ones para motocicletas, tambi\u00e9n suministramos varios engranajes pl\u00e1sticos industriales, incluidas cajas de cambios agr\u00edcolas, ejes de salida de potencia, pi\u00f1ones, acoplamientos hidr\u00e1ulicos, reductores de tornillo sin fin, cremalleras, cadenas extra\u00edbles, poleas y poleas, cajas de engranajes planetarios, poleas de distribuci\u00f3n, bujes, etc. Nos enorgullecemos de ofrecer productos de alta calidad, precios competitivos y un excelente servicio al cliente. <\/p>\n<p><img loading=\"lazy\" decoding=\"async\" class=\"alignnone size-full wp-image-5256 aligncenter\" src=\"https:\/\/images.hzpt.com\/2022\/12\/sprocket-suppliers.webp\" alt=\"\" width=\"750\" height=\"750\" \/><\/p>\n<h2>Preguntas frecuentes (FAQ)<\/h2>\n<h3>1. \u00bfCon qu\u00e9 frecuencia debo reemplazar mi kit de pi\u00f1\u00f3n de cadena?<\/h3>\n<p>Debes reemplazar el kit de pi\u00f1\u00f3n de la cadena si notas signos de desgaste, como \u00f3xido, corrosi\u00f3n o dientes astillados. Tambi\u00e9n debes reemplazar el kit si la cadena est\u00e1 demasiado floja o demasiado apretada o si los pi\u00f1ones est\u00e1n desalineados. En promedio, debes reemplazar el kit de pi\u00f1\u00f3n de la cadena cada 20,000 a 30,000 millas. <\/p>\n<h3>2. \u00bfPuedo instalar mi kit de pi\u00f1\u00f3n de cadena yo mismo?<\/h3>\n<p>You can install your chain sprocket kit yourself if you have the right tools and knowledge. However, if you&#8217;re not experienced in motorcycle mechanics, it&#8217;s best to have a professional mechanic do the job for you. Improper installation can lead to serious accidents or damage to your motorcycle. <\/p>\n<h3>3. \u00bfC\u00f3mo mantengo mi kit de pi\u00f1\u00f3n de cadena?<\/h3>\n<p>Para mantener el kit de pi\u00f1ones de la cadena, debe limpiar y lubricar la cadena con regularidad, verificar la tensi\u00f3n y la alineaci\u00f3n de la cadena e inspeccionar los pi\u00f1ones para detectar desgaste. Tambi\u00e9n debe evitar andar en condiciones h\u00famedas o embarradas, ya que pueden da\u00f1ar la cadena y los pi\u00f1ones. <\/p>\n<h3>4. \u00bfPuedo utilizar una marca diferente de cadena con mis pi\u00f1ones?<\/h3>\n<p>You can use a different brand of chain with your sprockets, but it&#8217;s best to use a chain recommended by the sprocket kit&#8217;s manufacturer. Using an improper chain can lead to premature wear and tear of the chain and sprockets and affect your motorcycle&#8217;s performance. <\/p>\n<h3>5. \u00bfCu\u00e1les son los beneficios de utilizar kits de pi\u00f1ones de cadena de alta calidad?<\/h3>\n<p>Using high-quality chain sprocket kits can improve your motorcycle&#8217;s acceleration, fuel efficiency, and overall performance. High-quality kits also last longer, reduce chain noise, and require less maintenance, saving you time and money in the long run. <\/p>\n<p>Autor: lmc<\/p>\n<p style=\"color:red\">Descargo de responsabilidad: Todo el contenido de esta p\u00e1gina proviene de Internet y solo se utiliza como referencia para la selecci\u00f3n de productos. Nuestros productos no son repuestos originales y no somos los propietarios de la marca registrada original. Nuestros accesorios son aptos \u00fanicamente para uso posventa. Si necesita repuestos originales, comun\u00edquese con la f\u00e1brica original.<\/p>","protected":false},"excerpt":{"rendered":"<p>Upgrade Your Motorcycle with a High-Quality Chain Sprocket Kit If you&#8217;re looking to keep your motorcycle in top condition, you need a high-quality chain sprocket kit. Our range of motorcycle chain and sprocket kits offers everything you need to keep your wheels turning smoothly and safely. What are Chain Sprocket Kits and How Are They [&hellip;]<\/p>","protected":false},"featured_media":3579,"template":"","meta":{"_et_pb_use_builder":"","_et_pb_old_content":"","_et_gb_content_width":""},"product_brand":[],"product_cat":[11346],"product_tag":[],"class_list":{"0":"post-6468","1":"product","2":"type-product","3":"status-publish","4":"has-post-thumbnail","6":"product_cat-chain-sprocket","8":"first","9":"instock","10":"shipping-taxable","11":"product-type-simple"},"_links":{"self":[{"href":"https:\/\/agricultural-gear-boxes.com\/es\/wp-json\/wp\/v2\/product\/6468","targetHints":{"allow":["GET"]}}],"collection":[{"href":"https:\/\/agricultural-gear-boxes.com\/es\/wp-json\/wp\/v2\/product"}],"about":[{"href":"https:\/\/agricultural-gear-boxes.com\/es\/wp-json\/wp\/v2\/types\/product"}],"wp:featuredmedia":[{"embeddable":true,"href":"https:\/\/agricultural-gear-boxes.com\/es\/wp-json\/wp\/v2\/media\/3579"}],"wp:attachment":[{"href":"https:\/\/agricultural-gear-boxes.com\/es\/wp-json\/wp\/v2\/media?parent=6468"}],"wp:term":[{"taxonomy":"product_brand","embeddable":true,"href":"https:\/\/agricultural-gear-boxes.com\/es\/wp-json\/wp\/v2\/product_brand?post=6468"},{"taxonomy":"product_cat","embeddable":true,"href":"https:\/\/agricultural-gear-boxes.com\/es\/wp-json\/wp\/v2\/product_cat?post=6468"},{"taxonomy":"product_tag","embeddable":true,"href":"https:\/\/agricultural-gear-boxes.com\/es\/wp-json\/wp\/v2\/product_tag?post=6468"}],"curies":[{"name":"wp","href":"https:\/\/api.w.org\/{rel}","templated":true}]}}