{"id":6469,"date":"2024-11-08T06:35:10","date_gmt":"2024-11-08T06:35:10","guid":{"rendered":"https:\/\/agricultural-gear-boxes.com\/product\/finished-bore-roller-chain-sprocket-2\/"},"modified":"2024-11-08T06:35:11","modified_gmt":"2024-11-08T06:35:11","slug":"finished-bore-roller-chain-sprocket-2","status":"publish","type":"product","link":"https:\/\/agricultural-gear-boxes.com\/es\/product\/finished-bore-roller-chain-sprocket-2\/","title":{"rendered":"Pi\u00f1\u00f3n de cadena de rodillos con orificio terminado"},"content":{"rendered":"<h2>Presentaci\u00f3n de la rueda dentada de cadena de rodillos con orificio terminado<\/h2>\n<p>La rueda dentada de cadena de rodillos con orificio terminado es una pieza industrial muy utilizada que se utiliza para transmitir movimiento rotatorio entre dos ejes donde los engranajes no son adecuados. Viene con un orificio terminado y una ranura para encajar directamente en un eje sin necesidad de ning\u00fan mecanizado adicional. La rueda dentada tiene una serie de dientes que se acoplan al paso de una cadena de rodillos, lo que proporciona un accionamiento positivo. El producto se utiliza com\u00fanmente en varias industrias, incluidas la miner\u00eda, la agricultura, la construcci\u00f3n y la fabricaci\u00f3n, donde se requieren cargas pesadas y transmisi\u00f3n de alta velocidad. <\/p>\n<p><img decoding=\"async\" src=\"https:\/\/images.hzpt.com\/2023\/01\/Applications-for-Roller-Chain-Sprockets-1.webp\" alt=\"Escenarios de uso de la rueda dentada de cadena de rodillos con orificio terminado\" \/><\/p>\n<h3>Historia y clasificaci\u00f3n<\/h3>\n<p>La rueda dentada de cadena de rodillos se invent\u00f3 a principios del siglo XX y desde entonces se ha convertido en uno de los componentes de transmisi\u00f3n de potencia m\u00e1s vers\u00e1tiles y utilizados. La rueda dentada de cadena de rodillos con orificio terminado se clasifica en funci\u00f3n de la cantidad de dientes, el paso, el tama\u00f1o del orificio y el material utilizado para fabricarla. <\/p>\n<h3>Ventajas<\/h3>\n<ul>\n<li>F\u00e1cil de instalar y mantener.<\/li>\n<li>Puede transmitir altas cargas y altas velocidades.<\/li>\n<li>Se puede utilizar en entornos hostiles.<\/li>\n<li>Durable y de larga duraci\u00f3n<\/li>\n<\/ul>\n<h3>Materiales disponibles<\/h3>\n<p>La rueda dentada de la cadena de rodillos perforados terminada se puede fabricar con diversos materiales, incluidos acero, acero inoxidable y pl\u00e1stico. La elecci\u00f3n del material depende de los requisitos de la aplicaci\u00f3n, como la resistencia a la corrosi\u00f3n, la fuerza y la durabilidad.<\/p>\n<h3>Instalaci\u00f3n, mantenimiento y reparaci\u00f3n<\/h3>\n<p>La instalaci\u00f3n de la rueda dentada de la cadena de rodillos perforados terminada es sencilla y no requiere herramientas especiales ni capacitaci\u00f3n. La rueda dentada debe revisarse peri\u00f3dicamente para detectar desgaste y cualquier rueda dentada da\u00f1ada o desgastada debe reemplazarse de inmediato para evitar fallas y tiempos de inactividad. Para reparar una rueda dentada, los dientes da\u00f1ados se pueden soldar o reemplazar con piezas nuevas.<\/p>\n<h2>Otros productos que ofrecemos<\/h2>\n<p>Somos un proveedor l\u00edder de diversos engranajes pl\u00e1sticos industriales, incluidas cajas de engranajes agr\u00edcolas, ejes de salida de potencia, acoplamientos hidr\u00e1ulicos, reductores de engranajes helicoidales, cremalleras, cadenas desmontables, poleas y poleas, cajas de engranajes planetarios, poleas de distribuci\u00f3n, bujes, etc. Nuestros productos son de alta calidad, tienen precios competitivos y vienen con servicios bien pensados. Damos la bienvenida a los clientes para que personalicen sus productos con im\u00e1genes y muestras.<\/p>\n<p><img decoding=\"async\" src=\"https:\/\/images.hzpt.com\/2022\/12\/sprocket-suppliers.webp\" alt=\"Proveedores de pi\u00f1ones\" \/><\/p>\n<h2>Preguntas frecuentes (FAQ)<\/h2>\n<h3>P1. \u00bfQu\u00e9 es una rueda dentada de cadena con rodillos de di\u00e1metro interior terminado?<\/h3>\n<p>A1. Una rueda dentada de cadena de rodillos con orificio terminado es una pieza industrial que se utiliza para transmitir movimiento rotatorio entre dos ejes donde los engranajes no son adecuados. Viene con un orificio terminado y una ranura para encajar directamente en un eje sin necesidad de ning\u00fan mecanizado adicional.<\/p>\n<h3>P2. \u00bfCu\u00e1les son las ventajas de utilizar una rueda dentada de cadena con rodillos de di\u00e1metro interior terminado?<\/h3>\n<p>A2. Las ventajas de utilizar una rueda dentada de cadena de rodillos con orificio terminado incluyen una f\u00e1cil instalaci\u00f3n y mantenimiento, la capacidad de transmitir cargas elevadas y altas velocidades, se puede utilizar en entornos hostiles y es duradera y resistente.<\/p>\n<h3>P3. \u00bfDe qu\u00e9 materiales est\u00e1n hechas las ruedas dentadas de cadena con rodillos perforados terminados?<\/h3>\n<p>A3. Las ruedas dentadas de cadena de rodillos con orificio terminado se pueden fabricar de varios materiales, incluidos acero, acero inoxidable y pl\u00e1stico.<\/p>\n<h3>P4. \u00bfC\u00f3mo instalo una rueda dentada de cadena con rodillos de di\u00e1metro interior terminado?<\/h3>\n<p>A4. La instalaci\u00f3n de la rueda dentada de la cadena de rodillos perforados terminada es sencilla y no requiere herramientas especiales ni capacitaci\u00f3n. La rueda dentada debe revisarse peri\u00f3dicamente para detectar desgaste y cualquier rueda dentada da\u00f1ada o desgastada debe reemplazarse de inmediato para evitar fallas y tiempos de inactividad.<\/p>\n<h3>P5. \u00bfC\u00f3mo reparo una rueda dentada de cadena con rodillos perforados y da\u00f1ada?<\/h3>\n<p>A5. Para reparar una rueda dentada de cadena de rodillos con orificio terminado, los dientes da\u00f1ados se pueden soldar o reemplazar con piezas nuevas.<\/p>\n<p><em>Autor: lmc<\/em><\/p>\n<p style=\"color:red;\">Nota: Todo el contenido de esta p\u00e1gina proviene de Internet y solo se utiliza como referencia para la selecci\u00f3n de productos. Nuestros productos son accesorios y no repuestos originales. No somos los propietarios de la marca registrada original del contenido. Nuestros accesorios pueden adaptarse perfectamente a los repuestos originales. Si necesita comprar repuestos originales, comun\u00edquese con la f\u00e1brica original para comprarlos.<\/p>","protected":false},"excerpt":{"rendered":"<p>Introducing Finished Bore Roller Chain Sprocket Finished Bore Roller Chain Sprocket is a widely used industrial part that is used to transmit rotary motion between two shafts where gears are not suitable. It comes with a finished bore and a keyway to fit directly onto a shaft without the need for any additional machining. The [&hellip;]<\/p>","protected":false},"featured_media":3583,"template":"","meta":{"_et_pb_use_builder":"","_et_pb_old_content":"","_et_gb_content_width":""},"product_brand":[],"product_cat":[11346],"product_tag":[],"class_list":{"0":"post-6469","1":"product","2":"type-product","3":"status-publish","4":"has-post-thumbnail","6":"product_cat-chain-sprocket","8":"first","9":"instock","10":"shipping-taxable","11":"product-type-simple"},"_links":{"self":[{"href":"https:\/\/agricultural-gear-boxes.com\/es\/wp-json\/wp\/v2\/product\/6469","targetHints":{"allow":["GET"]}}],"collection":[{"href":"https:\/\/agricultural-gear-boxes.com\/es\/wp-json\/wp\/v2\/product"}],"about":[{"href":"https:\/\/agricultural-gear-boxes.com\/es\/wp-json\/wp\/v2\/types\/product"}],"wp:featuredmedia":[{"embeddable":true,"href":"https:\/\/agricultural-gear-boxes.com\/es\/wp-json\/wp\/v2\/media\/3583"}],"wp:attachment":[{"href":"https:\/\/agricultural-gear-boxes.com\/es\/wp-json\/wp\/v2\/media?parent=6469"}],"wp:term":[{"taxonomy":"product_brand","embeddable":true,"href":"https:\/\/agricultural-gear-boxes.com\/es\/wp-json\/wp\/v2\/product_brand?post=6469"},{"taxonomy":"product_cat","embeddable":true,"href":"https:\/\/agricultural-gear-boxes.com\/es\/wp-json\/wp\/v2\/product_cat?post=6469"},{"taxonomy":"product_tag","embeddable":true,"href":"https:\/\/agricultural-gear-boxes.com\/es\/wp-json\/wp\/v2\/product_tag?post=6469"}],"curies":[{"name":"wp","href":"https:\/\/api.w.org\/{rel}","templated":true}]}}