{"id":6477,"date":"2024-11-08T07:36:52","date_gmt":"2024-11-08T07:36:52","guid":{"rendered":"https:\/\/agricultural-gear-boxes.com\/product\/weld-conveyor-sprocket-2\/"},"modified":"2024-11-08T07:36:53","modified_gmt":"2024-11-08T07:36:53","slug":"weld-conveyor-sprocket-2","status":"publish","type":"product","link":"https:\/\/agricultural-gear-boxes.com\/es\/product\/weld-conveyor-sprocket-2\/","title":{"rendered":"Pi\u00f1\u00f3n transportador de soldadura"},"content":{"rendered":"<h2>Pi\u00f1\u00f3n transportador soldado de alta calidad para sus necesidades industriales<\/h2>\n<p>Las ruedas dentadas para transportadores soldadas son ruedas dentadas de acero de placa plana que est\u00e1n soldadas a un cubo. Se utilizan en diversas aplicaciones industriales que requieren un sistema de transmisi\u00f3n de potencia confiable y duradero. Estas ruedas dentadas tienen un di\u00e1metro de paso de 2,609 pulgadas y est\u00e1n dise\u00f1adas para adaptarse a las cadenas de molino H78, WR78, 81X, 88K, 88C, C118.<\/p>\n<h3>Escenarios de uso<\/h3>\n<p>Las ruedas dentadas para transportadores soldados se utilizan habitualmente en aplicaciones industriales de servicio pesado, como la miner\u00eda, la madera y las industrias de pulpa y papel. Tambi\u00e9n se utilizan en sistemas de transporte para el manejo de materiales en plantas de fabricaci\u00f3n y almacenes. Estas ruedas dentadas proporcionan un sistema de transmisi\u00f3n de potencia fiable y eficiente que puede soportar altas cargas y velocidades. <\/p>\n<p><img decoding=\"async\" src=\"https:\/\/images.hzpt.com\/2023\/01\/Applications-for-Roller-Chain-Sprockets-1.webp\" alt=\"Escenarios de uso de ruedas dentadas para transportadores de soldadura\" \/><\/p>\n<h3>Historial y clasificaci\u00f3n del producto<\/h3>\n<p>Las ruedas dentadas para transportadores soldadas existen desde hace d\u00e9cadas y han evolucionado con el tiempo para satisfacer las demandas cambiantes de diversas industrias. Se clasifican en funci\u00f3n del di\u00e1metro del paso de la cadena, la cantidad de dientes y el di\u00e1metro del cubo. Estas ruedas dentadas est\u00e1n disponibles en una amplia gama de tama\u00f1os y configuraciones para adaptarse a diferentes tama\u00f1os de cadena y aplicaciones.<\/p>\n<h3>Ventajas de las ruedas dentadas para transportadores soldados<\/h3>\n<p>&#8211; High Strength: Weld conveyor sprockets are made from high-quality steel that provides exceptional strength and durability.<br \/>\n&#8211; Easy Installation: These sprockets are easy to install and can be welded to a hub to fit different shaft sizes.<br \/>\n&#8211; Low Maintenance: Weld conveyor sprockets require minimal maintenance and can provide reliable performance for years.<br \/>\n&#8211; Cost-Effective: These sprockets are cost-effective and can help reduce downtime and maintenance costs.<\/p>\n<h3>Materiales disponibles<\/h3>\n<p>Las ruedas dentadas de los transportadores soldados suelen estar hechas de acero al carbono o acero inoxidable. Las ruedas dentadas de acero al carbono son adecuadas para la mayor\u00eda de las aplicaciones industriales, mientras que las ruedas dentadas de acero inoxidable se utilizan en entornos corrosivos.<\/p>\n<h3>Instalaci\u00f3n, mantenimiento y reparaci\u00f3n<\/h3>\n<p>Las ruedas dentadas para transportadores soldadas son f\u00e1ciles de instalar y se pueden soldar a un cubo para adaptarse a diferentes tama\u00f1os de eje. El mantenimiento regular es esencial para garantizar que las ruedas dentadas funcionen de manera suave y eficiente. Esto incluye la lubricaci\u00f3n regular, la verificaci\u00f3n del desgaste y los da\u00f1os y el reemplazo de las ruedas dentadas desgastadas o da\u00f1adas. Si es necesario reemplazar una rueda dentada, se puede cortar del cubo y se puede soldar una nueva en su lugar.<\/p>\n<h2>Otros productos de engranajes pl\u00e1sticos industriales<\/h2>\n<p>Adem\u00e1s de las ruedas dentadas para transportadores soldadas, ofrecemos una amplia gama de productos de engranajes pl\u00e1sticos industriales, como cajas de engranajes agr\u00edcolas, ejes de salida de potencia, acoplamientos hidr\u00e1ulicos, reductores de engranajes helicoidales, cremalleras, cadenas desmontables, poleas, poleas, cajas de engranajes planetarios, poleas de distribuci\u00f3n y bujes. Nuestros productos son de alta calidad y los ofrecemos a precios competitivos. Tambi\u00e9n brindamos un excelente servicio al cliente y damos la bienvenida a los clientes para que personalicen sus productos con im\u00e1genes y muestras.<\/p>\n<p><img decoding=\"async\" src=\"https:\/\/images.hzpt.com\/2022\/12\/sprocket-suppliers.webp\" alt=\"Otros productos de engranajes pl\u00e1sticos industriales\" \/><\/p>\n<h2>Preguntas y respuestas<\/h2>\n<h3>P: \u00bfQu\u00e9 son las ruedas dentadas del transportador de soldadura?<\/h3>\n<p>A: Las ruedas dentadas de cinta transportadora soldadas son ruedas dentadas de acero de placa plana que est\u00e1n soldadas a un cubo. Se utilizan en diversas aplicaciones industriales que requieren un sistema de transmisi\u00f3n de potencia confiable y duradero.<\/p>\n<h3>P: \u00bfCu\u00e1les son las ventajas de las ruedas dentadas transportadoras soldadas?<\/h3>\n<p>A: Las ruedas dentadas transportadoras soldadas son conocidas por su alta resistencia, facilidad de instalaci\u00f3n, bajo mantenimiento y rentabilidad.<\/p>\n<h3>P: \u00bfDe qu\u00e9 materiales est\u00e1n hechas las ruedas dentadas del transportador soldado?<\/h3>\n<p>R: Las ruedas dentadas de los transportadores soldados suelen estar hechas de acero al carbono o acero inoxidable.<\/p>\n<h3>P: \u00bfC\u00f3mo instalo y mantengo las ruedas dentadas del transportador de soldadura?<\/h3>\n<p>R: Las ruedas dentadas de los transportadores soldados son f\u00e1ciles de instalar y se pueden soldar a un cubo para adaptarse a diferentes tama\u00f1os de eje. El mantenimiento regular es esencial para garantizar que las ruedas dentadas funcionen de manera suave y eficiente. Esto incluye la lubricaci\u00f3n regular, la verificaci\u00f3n del desgaste y los da\u00f1os y el reemplazo de las ruedas dentadas desgastadas o da\u00f1adas.<\/p>\n<h3>P: \u00bfQu\u00e9 otros productos de engranajes pl\u00e1sticos industriales ofrecen?<\/h3>\n<p>R: Adem\u00e1s de las ruedas dentadas para transportadores soldados, ofrecemos una amplia gama de productos de engranajes pl\u00e1sticos industriales, como cajas de engranajes agr\u00edcolas, ejes de salida de potencia, acoplamientos hidr\u00e1ulicos, reductores de tornillo sin fin, cremalleras, cadenas extra\u00edbles, poleas, poleas, cajas de engranajes planetarios, poleas de distribuci\u00f3n y bujes.<\/p>\n<h2>Autor: lmc<\/h2>\n<p style=\"color:red;\">Todo el contenido de esta p\u00e1gina proviene de Internet y se utiliza \u00fanicamente como referencia para la selecci\u00f3n de productos. Nuestros productos son accesorios y no repuestos originales; no somos los propietarios de la marca registrada original del contenido. Nuestros accesorios pueden adaptarse perfectamente a los repuestos originales; si necesita comprar repuestos originales, comun\u00edquese con la f\u00e1brica original para comprarlos.<\/p>","protected":false},"excerpt":{"rendered":"<p>High-Quality Weld Conveyor Sprocket for Your Industrial Needs Weld conveyor sprockets are flat plate steel sprockets that are welded to a hub. They are used in various industrial applications that require a reliable and durable power transmission system. These sprockets have a pitch diameter of 2.609 inches and are designed to fit mill chains H78, [&hellip;]<\/p>","protected":false},"featured_media":3617,"template":"","meta":{"_et_pb_use_builder":"","_et_pb_old_content":"","_et_gb_content_width":""},"product_brand":[],"product_cat":[11347],"product_tag":[],"class_list":{"0":"post-6477","1":"product","2":"type-product","3":"status-publish","4":"has-post-thumbnail","6":"product_cat-conveyor-sprocket","8":"first","9":"instock","10":"shipping-taxable","11":"product-type-simple"},"_links":{"self":[{"href":"https:\/\/agricultural-gear-boxes.com\/es\/wp-json\/wp\/v2\/product\/6477","targetHints":{"allow":["GET"]}}],"collection":[{"href":"https:\/\/agricultural-gear-boxes.com\/es\/wp-json\/wp\/v2\/product"}],"about":[{"href":"https:\/\/agricultural-gear-boxes.com\/es\/wp-json\/wp\/v2\/types\/product"}],"wp:featuredmedia":[{"embeddable":true,"href":"https:\/\/agricultural-gear-boxes.com\/es\/wp-json\/wp\/v2\/media\/3617"}],"wp:attachment":[{"href":"https:\/\/agricultural-gear-boxes.com\/es\/wp-json\/wp\/v2\/media?parent=6477"}],"wp:term":[{"taxonomy":"product_brand","embeddable":true,"href":"https:\/\/agricultural-gear-boxes.com\/es\/wp-json\/wp\/v2\/product_brand?post=6477"},{"taxonomy":"product_cat","embeddable":true,"href":"https:\/\/agricultural-gear-boxes.com\/es\/wp-json\/wp\/v2\/product_cat?post=6477"},{"taxonomy":"product_tag","embeddable":true,"href":"https:\/\/agricultural-gear-boxes.com\/es\/wp-json\/wp\/v2\/product_tag?post=6477"}],"curies":[{"name":"wp","href":"https:\/\/api.w.org\/{rel}","templated":true}]}}